{"id":2119,"date":"2025-10-27T16:00:54","date_gmt":"2025-10-27T08:00:54","guid":{"rendered":"https:\/\/minghanggroup.com\/?post_type=product&#038;p=2119"},"modified":"2025-10-27T16:01:11","modified_gmt":"2025-10-27T08:01:11","slug":"custom-glass-milk-bottles-for-pudding","status":"publish","type":"product","link":"https:\/\/minghanggroup.com\/fr\/produit\/custom-glass-milk-bottles-for-pudding\/","title":{"rendered":"Bouteilles de lait carr\u00e9es en verre personnalis\u00e9es pour puddings et boissons"},"content":{"rendered":"<p>Votre marque laiti\u00e8re m\u00e9rite un emballage qui capte l&#039;attention de vos clients. Nous cr\u00e9ons des bouteilles de lait en verre personnalis\u00e9es qui transforment chaque gorg\u00e9e en un pur moment de plaisir. Ces bouteilles carr\u00e9es avec couvercle allient design moderne et charme intemporel\u00a0: id\u00e9ales pour le lait, les yaourts ou les jus de fruits. Fabricant de confiance d&#039;emballages en verre, nous s\u00e9lectionnons les mat\u00e9riaux les plus frais pour pr\u00e9server la fra\u00eecheur de votre produit plus longtemps.<\/p>\n<h2>Caract\u00e9ristiques du produit<\/h2>\n<ol>\n<li><strong>Design carr\u00e9 \u00e9l\u00e9gant :<\/strong>La forme carr\u00e9e et anguleuse du bo\u00eetier lui conf\u00e8re une apparence contemporaine et haut de gamme, tout en optimisant l&#039;agencement des \u00e9tag\u00e8res et en facilitant l&#039;\u00e9tiquetage.<\/li>\n<li><strong>Utilisation polyvalente<\/strong>Ce produit est principalement destin\u00e9 au conditionnement du lait, du pudding, du yaourt, du caf\u00e9 infus\u00e9 \u00e0 froid ou des jus de fruits, et convient \u00e9galement parfaitement \u00e0 la pr\u00e9sentation en magasin et dans les caf\u00e9s.<\/li>\n<li><strong>Options personnalisables\u00a0:<\/strong>Le produit peut avoir un couvercle en m\u00e9tal, en plastique ou en bois et peut \u00e9galement prendre en charge l&#039;impression du logo personnalis\u00e9, le gaufrage ou une finition givr\u00e9e.<\/li>\n<\/ol>\n<h2>Caract\u00e9ristiques principales<\/h2>\n<table style=\"border-collapse: collapse; width: 80%; margin-left: auto; margin-right: auto;\" border=\"0\" width=\"288\" cellspacing=\"0\" cellpadding=\"0\">\n<tbody>\n<tr style=\"height: 13.50pt;\">\n<td style=\"height: 13.5pt; width: 54pt; text-align: center;\" width=\"72\" height=\"18\">Mod\u00e8le<\/td>\n<td style=\"width: 54pt; text-align: center;\" width=\"72\">Capacit\u00e9 (ml)<\/td>\n<td style=\"width: 54pt; text-align: center;\" width=\"72\">Dimensions (cm)<\/td>\n<td style=\"width: 54pt; text-align: center;\" width=\"72\">Forme<\/td>\n<\/tr>\n<tr style=\"height: 13.50pt;\">\n<td style=\"height: 13.5pt; text-align: center;\" align=\"right\" height=\"18\">64010040<\/td>\n<td style=\"text-align: center;\" align=\"right\">100<\/td>\n<td style=\"text-align: center;\">5,0 \u00d7 5,0 \u00d7 9,6<\/td>\n<td class=\"et2\" style=\"text-align: center;\" rowspan=\"2\">Carr\u00e9<\/td>\n<\/tr>\n<tr style=\"height: 13.50pt;\">\n<td style=\"height: 13.5pt; text-align: center;\" align=\"right\" height=\"18\">64035041<\/td>\n<td style=\"text-align: center;\" align=\"right\">350<\/td>\n<td style=\"text-align: center;\">6,0\u00d76,0x16,1<\/td>\n<\/tr>\n<\/tbody>\n<\/table>\n<h2>Cas de r\u00e9ussite<\/h2>\n<p>Une marque laiti\u00e8re artisanale s&#039;est associ\u00e9e \u00e0 nous pour concevoir une bouteille carr\u00e9e en verre unique pour sa nouvelle gamme de laits infus\u00e9s \u00e0 froid et de desserts desserts bio. Chaque bouteille de 100 ml est soigneusement con\u00e7ue avec des lignes g\u00e9om\u00e9triques simples et un fond en verre profond. Un bouchon en bois d\u00e9licat assure une fermeture herm\u00e9tique, et le logo en relief de la marque orne le devant, refl\u00e9tant son savoir-faire et son caract\u00e8re distinctif. De plus, la bouteille arbore une \u00e9l\u00e9gante finition mate d\u00e9grad\u00e9e, rehaussant son attrait en rayon et la distinguant des autres produits.<\/p>\n<p>Apr\u00e8s le relancement du produit, les ventes ont augment\u00e9 de 40 % et les clients donnent d&#039;excellents avis sur la bouteille en termes de r\u00e9sistance et de r\u00e9utilisabilit\u00e9.<\/p>\n<h2>Vos conseils de personnalisation<\/h2>\n<p>Ne vous contentez pas d&#039;un emballage m\u00e9diocre\u00a0: une bouteille de lait carr\u00e9e en verre peut \u00eatre l&#039;embl\u00e8me de votre marque. Racontez-nous votre histoire, qu&#039;elle soit \u00ab\u00a0Fra\u00eecheur de la ferme bio\u00a0\u00bb ou \u00ab\u00a0Style du caf\u00e9 branch\u00e9\u00a0\u00bb, et nous la concr\u00e9tiserons gr\u00e2ce \u00e0 une finition d\u00e9polie, un logo en relief ou un rev\u00eatement d\u00e9grad\u00e9. Vous recherchez un volume personnalis\u00e9, comme 100\u00a0ml ou 350\u00a0ml\u00a0? Nous concevrons un moule sp\u00e9cialement pour votre gamme de produits. Choisissez parmi des bouchons en aluminium, en li\u00e8ge ou en bambou\u00a0; la gravure de votre logo est \u00e9galement possible pour toutes ces options. Laissez-nous transformer votre bouteille carr\u00e9e en verre en un objet design exceptionnel et r\u00e9utilisable.<\/p>","protected":false},"excerpt":{"rendered":"<p>\u00c9l\u00e9gantes bouteilles carr\u00e9es en verre personnalis\u00e9es pour yaourts et jus de fruits. Disponibles en gros, elles sont compatibles avec des couvercles, des couleurs et un logo personnalis\u00e9s pour valoriser votre marque.<\/p>","protected":false},"featured_media":2120,"template":"","meta":{"postBodyCss":"","postBodyMargin":[],"postBodyPadding":[],"postBodyBackground":{"backgroundType":"classic","gradient":""}},"product_brand":[],"product_cat":[15,16,46],"product_tag":[],"class_list":{"0":"post-2119","1":"product","2":"type-product","3":"status-publish","4":"has-post-thumbnail","6":"product_cat-glass-containers","7":"product_cat-glass-bottles","8":"product_cat-glass-milk-bottles","10":"first","11":"instock","12":"shipping-taxable","13":"product-type-simple"},"jetpack_sharing_enabled":true,"_links":{"self":[{"href":"https:\/\/minghanggroup.com\/fr\/wp-json\/wp\/v2\/product\/2119","targetHints":{"allow":["GET"]}}],"collection":[{"href":"https:\/\/minghanggroup.com\/fr\/wp-json\/wp\/v2\/product"}],"about":[{"href":"https:\/\/minghanggroup.com\/fr\/wp-json\/wp\/v2\/types\/product"}],"wp:featuredmedia":[{"embeddable":true,"href":"https:\/\/minghanggroup.com\/fr\/wp-json\/wp\/v2\/media\/2120"}],"wp:attachment":[{"href":"https:\/\/minghanggroup.com\/fr\/wp-json\/wp\/v2\/media?parent=2119"}],"wp:term":[{"taxonomy":"product_brand","embeddable":true,"href":"https:\/\/minghanggroup.com\/fr\/wp-json\/wp\/v2\/product_brand?post=2119"},{"taxonomy":"product_cat","embeddable":true,"href":"https:\/\/minghanggroup.com\/fr\/wp-json\/wp\/v2\/product_cat?post=2119"},{"taxonomy":"product_tag","embeddable":true,"href":"https:\/\/minghanggroup.com\/fr\/wp-json\/wp\/v2\/product_tag?post=2119"}],"curies":[{"name":"wp","href":"https:\/\/api.w.org\/{rel}","templated":true}]}}