{"id":2112,"date":"2025-10-27T14:08:34","date_gmt":"2025-10-27T06:08:34","guid":{"rendered":"https:\/\/minghanggroup.com\/?post_type=product&#038;p=2112"},"modified":"2025-10-27T14:08:34","modified_gmt":"2025-10-27T06:08:34","slug":"glass-milk-bottles-with-lids-wholesale-for-dairy-and-dessert","status":"publish","type":"product","link":"https:\/\/minghanggroup.com\/fr\/produit\/glass-milk-bottles-with-lids-wholesale-for-dairy-and-dessert\/","title":{"rendered":"Bouteilles de lait en verre fines et hautes de 100 \u00e0 200 ml avec couvercles, vente en gros pour produits laitiers et desserts"},"content":{"rendered":"<p>Bouteilles de lait en verre avec couvercles en gros, bouteille de lait chocolat\u00e9 en verre<\/p>\n<p>L&#039;emballage de votre marque laiti\u00e8re doit capter l&#039;attention de vos clients d\u00e8s qu&#039;ils parcourent les pages. Nous produisons en gros des bouteilles de lait en verre avec couvercles, pour un plaisir d&#039;utilisation optimal \u00e0 chaque gorg\u00e9e. Ces bouteilles en verre d&#039;inspiration r\u00e9tro allient charme intemporel et praticit\u00e9 moderne, id\u00e9ales pour le lait chocolat\u00e9, les produits laitiers ou les jus de fruits. En tant que fournisseur fiable d&#039;emballages en verre, nous utilisons des mati\u00e8res premi\u00e8res de qualit\u00e9 sup\u00e9rieure pour garantir la fra\u00eecheur de votre produit plus longtemps.<\/p>\n<h2>Caract\u00e9ristiques du produit<\/h2>\n<ol>\n<li><strong>Design fin et \u00e9l\u00e9gant :<\/strong>Avec leur design visuellement l\u00e9ger et \u00e9l\u00e9gant, ces lignes hautes et fines de la bouteille en verre de lait chocolat\u00e9 s&#039;accorderaient parfaitement avec le style d&#039;une marque de lait, de jus ou de pudding haut de gamme.<\/li>\n<li><strong>Verre transparent \u00e9paissi :<\/strong>Fabriqu\u00e9 en verre brillant et robuste, il laisse ainsi appara\u00eetre la couleur naturelle du produit ; le r\u00e9cipient est \u00e0 la fois esth\u00e9tique et fonctionnel.<\/li>\n<li><strong>Capacit\u00e9 polyvalente :<\/strong>Cette capacit\u00e9 est parfaitement adapt\u00e9e \u00e0 diff\u00e9rentes utilisations telles que le lait frais, le yaourt, le pudding et le caf\u00e9 infus\u00e9 \u00e0 froid.<\/li>\n<li><strong>Conception \u00e0 bouche \u00e9tanche :<\/strong>Les bouchons en m\u00e9tal, en plastique ou en feuille d&#039;aluminium avec lesquels il est compatible assurent une \u00e9tanch\u00e9it\u00e9 parfaite et permettent ainsi de conserver la fra\u00eecheur plus longtemps.<\/li>\n<\/ol>\n<h2>Caract\u00e9ristiques principales<\/h2>\n<table style=\"border-collapse: collapse; width: 80%; margin-left: auto; margin-right: auto;\" border=\"0\" width=\"288\" cellspacing=\"0\" cellpadding=\"0\">\n<tbody>\n<tr style=\"height: 13.50pt;\">\n<td style=\"height: 13.5pt; width: 54pt; text-align: center;\" width=\"72\" height=\"18\">Mod\u00e8le<\/td>\n<td style=\"width: 54pt; text-align: center;\" width=\"72\">Capacit\u00e9 (ml)<\/td>\n<td style=\"width: 54pt; text-align: center;\" width=\"72\">Dimensions (cm)<\/td>\n<td style=\"width: 54pt; text-align: center;\" width=\"72\">Type de bouteille<\/td>\n<\/tr>\n<tr style=\"height: 13.50pt;\">\n<td style=\"height: 13.5pt; text-align: center;\" align=\"right\" height=\"18\">64010038<\/td>\n<td style=\"text-align: center;\" align=\"right\">100<\/td>\n<td style=\"text-align: center;\">4.5&#215;9.5<\/td>\n<td class=\"et2\" style=\"text-align: center;\" rowspan=\"2\">Mince et grande<\/td>\n<\/tr>\n<tr style=\"height: 13.50pt;\">\n<td style=\"height: 13.5pt; text-align: center;\" align=\"right\" height=\"18\">64020039<\/td>\n<td style=\"text-align: center;\" align=\"right\">200<\/td>\n<td style=\"text-align: center;\">6.0&#215;12.8<\/td>\n<\/tr>\n<\/tbody>\n<\/table>\n<h2>Cas de r\u00e9ussite<\/h2>\n<p>Nous avons \u00e9t\u00e9 mandat\u00e9s par une marque laiti\u00e8re artisanale pour cr\u00e9er des bouteilles de lait en verre personnalis\u00e9es avec bouchons, destin\u00e9es \u00e0 la vente en gros. La bouteille de 200 ml, avec sa silhouette \u00e9lanc\u00e9e, est non seulement id\u00e9ale pour pr\u00e9senter le produit tout en optimisant l&#039;espace d&#039;exposition et d&#039;exp\u00e9dition, mais elle allie ainsi parfaitement \u00e9l\u00e9gance et fonctionnalit\u00e9.<\/p>\n<p>Le client a opt\u00e9 pour un bouchon \u00e0 vis blanc mat avec un opercule transparent r\u00e9tractable, fid\u00e8le au style minimaliste de la marque, offrant ainsi un emballage chic et \u00e9pur\u00e9. Le logo d\u00e9licatement imprim\u00e9 en relief sur la bouteille lui conf\u00e8re une allure luxueuse et artisanale, id\u00e9ale pour les caf\u00e9s et les supermarch\u00e9s haut de gamme.<\/p>\n<p>Le nouvel emballage a \u00e9t\u00e9 accueilli avec enthousiasme par les consommateurs depuis son lancement. L&#039;entreprise fournissant le lait a constat\u00e9 une augmentation de 28 % de ses ventes au cours des six premi\u00e8res semaines.<\/p>\n<h2>Vos conseils de personnalisation<\/h2>\n<p>La bouteille allong\u00e9e en verre de votre lait chocolat\u00e9 doit refl\u00e9ter le charme unique de votre marque. Indiquez-nous simplement le nom de votre saveur (comme \u00ab\u00a0cr\u00e8me au miel\u00a0\u00bb ou \u00ab\u00a0ar\u00f4me mangue\u00a0\u00bb) et nous cr\u00e9erons un d\u00e9grad\u00e9 subtil, un logo en relief ou une finition givr\u00e9e qui mettra en valeur l&#039;essence de votre marque. Vous collaborez avec un caf\u00e9 et avez besoin d&#039;un format de 100\u00a0ml ou 200\u00a0ml\u00a0? Cette bouteille de lait haute et \u00e9lanc\u00e9e est la solution id\u00e9ale\u00a0!<\/p>\n<p>Votre bouteille en verre n&#039;est pas un simple emballage, mais le reflet de la qualit\u00e9 et du style de votre marque. Cr\u00e9ons ensemble des boissons inoubliables, une bouteille \u00e0 la fois.<\/p>","protected":false},"excerpt":{"rendered":"<p>Bouteilles de lait en verre avec couvercles, disponibles en gros, id\u00e9ales pour les yaourts et les smoothies. La bouteille de lait chocolat\u00e9 est personnalisable avec votre logo et un rev\u00eatement color\u00e9 aux couleurs de votre marque.<\/p>","protected":false},"featured_media":2114,"template":"","meta":{"postBodyCss":"","postBodyMargin":[],"postBodyPadding":[],"postBodyBackground":{"backgroundType":"classic","gradient":""}},"product_brand":[],"product_cat":[15,16,46],"product_tag":[],"class_list":{"0":"post-2112","1":"product","2":"type-product","3":"status-publish","4":"has-post-thumbnail","6":"product_cat-glass-containers","7":"product_cat-glass-bottles","8":"product_cat-glass-milk-bottles","10":"first","11":"instock","12":"shipping-taxable","13":"product-type-simple"},"jetpack_sharing_enabled":true,"_links":{"self":[{"href":"https:\/\/minghanggroup.com\/fr\/wp-json\/wp\/v2\/product\/2112","targetHints":{"allow":["GET"]}}],"collection":[{"href":"https:\/\/minghanggroup.com\/fr\/wp-json\/wp\/v2\/product"}],"about":[{"href":"https:\/\/minghanggroup.com\/fr\/wp-json\/wp\/v2\/types\/product"}],"wp:featuredmedia":[{"embeddable":true,"href":"https:\/\/minghanggroup.com\/fr\/wp-json\/wp\/v2\/media\/2114"}],"wp:attachment":[{"href":"https:\/\/minghanggroup.com\/fr\/wp-json\/wp\/v2\/media?parent=2112"}],"wp:term":[{"taxonomy":"product_brand","embeddable":true,"href":"https:\/\/minghanggroup.com\/fr\/wp-json\/wp\/v2\/product_brand?post=2112"},{"taxonomy":"product_cat","embeddable":true,"href":"https:\/\/minghanggroup.com\/fr\/wp-json\/wp\/v2\/product_cat?post=2112"},{"taxonomy":"product_tag","embeddable":true,"href":"https:\/\/minghanggroup.com\/fr\/wp-json\/wp\/v2\/product_tag?post=2112"}],"curies":[{"name":"wp","href":"https:\/\/api.w.org\/{rel}","templated":true}]}}