{"id":2075,"date":"2025-10-24T17:06:14","date_gmt":"2025-10-24T09:06:14","guid":{"rendered":"https:\/\/minghanggroup.com\/?post_type=product&#038;p=2075"},"modified":"2026-01-20T13:44:11","modified_gmt":"2026-01-20T05:44:11","slug":"wholesale-glass-yogurt-bottles-for-packaging","status":"publish","type":"product","link":"https:\/\/minghanggroup.com\/fr\/produit\/wholesale-glass-yogurt-bottles-for-packaging\/","title":{"rendered":"Bouteilles de yaourt en verre \u00e0 double c\u0153ur de 100 ml, 150 ml et 250 ml pour le lait et les desserts"},"content":{"rendered":"<p>Pour que votre marque de lait se d\u00e9marque, un emballage visuellement attrayant est indispensable. Nous cr\u00e9ons d&#039;adorables pots \u00e0 yaourt en verre en forme de c\u0153ur qui suscitent l&#039;admiration. Fabricant reconnu d&#039;emballages en verre, nous sommes fiers de fournir les meilleures mati\u00e8res premi\u00e8res pour vos produits laitiers. Ces \u00e9l\u00e9gantes bouteilles de lait en verre recyclables allient charme d&#039;antan et fonctionnalit\u00e9 moderne. Pourquoi ne pas y mettre du yaourt, du jus ou m\u00eame un petit dessert ?<\/p>\n<h2>Caract\u00e9ristiques du produit<\/h2>\n<ol>\n<li><strong>Motif de c\u0153ur romantique :<\/strong>Le double c\u0153ur en relief est le d\u00e9tail qui conf\u00e8re aux bouteilles de yaourt en verre un c\u00f4t\u00e9 romantique et qui attirera assur\u00e9ment le regard sur toutes les \u00e9tag\u00e8res.<\/li>\n<li><strong>Vue sur la fra\u00eecheur du verre transparent :<\/strong>Le verre transparent met en valeur la couleur vive du yaourt et permet ainsi au client de constater sa fra\u00eecheur avant m\u00eame de l&#039;acheter.<\/li>\n<li><strong>Ajustement parfait du couvercle :<\/strong>Son ouverture l\u00e9g\u00e8rement \u00e9vas\u00e9e s&#039;adapte \u00e0 tous les bouchons de bouteille\u00a0; il n&#039;y a donc ni fuites ni d\u00e9versements, juste du pur plaisir laitier.<\/li>\n<li><strong>Dimension optimis\u00e9e pour chaque ligne de production laiti\u00e8re\u00a0:<\/strong>Nous sommes l\u00e0 pour vous accompagner dans la mise en bouteille de vos produits laitiers, des \u00e9chantillons de 100 ml aux conditionnements en vrac de 250 ml.<\/li>\n<\/ol>\n<h2>Caract\u00e9ristiques principales<\/h2>\n<table style=\"border-collapse: collapse; width: 80%; margin-left: auto; margin-right: auto;\" border=\"0\" width=\"288\" cellspacing=\"0\" cellpadding=\"0\">\n<tbody>\n<tr style=\"height: 13.50pt;\">\n<td style=\"height: 13.5pt; width: 54pt; text-align: center;\" width=\"72\" height=\"18\">Mod\u00e8le<\/td>\n<td style=\"width: 54pt; text-align: center;\" width=\"72\">Capacit\u00e9 (ml)<\/td>\n<td style=\"width: 54pt; text-align: center;\" width=\"72\">Dimensions (cm)<\/td>\n<td style=\"width: 54pt; text-align: center;\" width=\"72\">Mod\u00e8le<\/td>\n<\/tr>\n<tr style=\"height: 13.50pt;\">\n<td style=\"height: 13.5pt; text-align: center;\" align=\"right\" height=\"18\">64010035<\/td>\n<td style=\"text-align: center;\" align=\"right\">100<\/td>\n<td style=\"text-align: center;\">6.2&#215;6.7<\/td>\n<td class=\"et2\" style=\"text-align: center;\" rowspan=\"3\">Double c\u0153ur<\/td>\n<\/tr>\n<tr style=\"height: 13.50pt;\">\n<td style=\"height: 13.5pt; text-align: center;\" align=\"right\" height=\"18\">64015036<\/td>\n<td style=\"text-align: center;\" align=\"right\">150<\/td>\n<td style=\"text-align: center;\">6.3&#215;7.9<\/td>\n<\/tr>\n<tr style=\"height: 13.50pt;\">\n<td style=\"height: 13.5pt; text-align: center;\" align=\"right\" height=\"18\">64025037<\/td>\n<td style=\"text-align: center;\" align=\"right\">250<\/td>\n<td style=\"text-align: center;\">7.0&#215;9.6<\/td>\n<\/tr>\n<\/tbody>\n<\/table>\n<h2>Cas de r\u00e9ussite<\/h2>\n<p>Apr\u00e8s avoir d\u00e9cid\u00e9 de lancer un nouvel emballage pour son yaourt, une marque laiti\u00e8re locale s&#039;est adress\u00e9e \u00e0 nous pour la cr\u00e9ation de bouteilles en verre personnalis\u00e9es en forme de c\u0153ur. Un d\u00e9licat double c\u0153ur en relief, r\u00e9alis\u00e9 avec soin et d\u00e9licatesse, orne chaque bouteille de 150 ml, en parfaite ad\u00e9quation avec le concept \u00ab\u00a0Fait avec amour\u00a0\u00bb de la marque.<\/p>\n<p>Pour s&#039;harmoniser avec l&#039;emballage sur le th\u00e8me de l&#039;amour, la laiterie a opt\u00e9 pour un bouchon en aluminium aux tons pastel, muni d&#039;un joint en silicone herm\u00e9tique, afin de garantir la fra\u00eecheur du produit pendant longtemps. Ce design soign\u00e9 et \u00e9tanche r\u00e9pond parfaitement aux exigences de la cha\u00eene du froid.<\/p>\n<p>D\u00e8s le lancement du nouveau produit, les clients ont \u00e9t\u00e9 conquis par son aspect adorable et haut de gamme, ce qui a permis d&#039;augmenter les ventes de 35 % en deux mois.<\/p>\n<h2>Vos conseils de personnalisation<\/h2>\n<p>Dites adieu aux bouteilles standardis\u00e9es\u00a0! Votre bouteille de pudding en verre Double Heart doit refl\u00e9ter l\u2019originalit\u00e9 de votre marque. Indiquez-nous votre parfum (par exemple \u00ab\u00a0Pudding au lait de rose\u00a0\u00bb), personnalisez le bouchon et cr\u00e9ez un rev\u00eatement aux couleurs pastel. Envie d\u2019un nouveau dessert de 250\u00a0ml\u00a0? Cr\u00e9ons ensemble une exp\u00e9rience m\u00e9morable.<\/p>","protected":false},"excerpt":{"rendered":"<p>Sublimez votre marque avec nos bouteilles de yaourt en verre \u00e0 double c\u0153ur\u00a0: id\u00e9ales pour le lait, les desserts ou les yaourts. Couvercles, logos et couleurs personnalisables pour une touche d\u2019\u00e9l\u00e9gance.<\/p>","protected":false},"featured_media":2076,"template":"","meta":{"postBodyCss":"","postBodyMargin":[],"postBodyPadding":[],"postBodyBackground":{"backgroundType":"classic","gradient":""}},"product_brand":[],"product_cat":[15,16,46],"product_tag":[65,64],"class_list":{"0":"post-2075","1":"product","2":"type-product","3":"status-publish","4":"has-post-thumbnail","6":"product_cat-glass-containers","7":"product_cat-glass-bottles","8":"product_cat-glass-milk-bottles","9":"product_tag-glass-jam-jars","10":"product_tag-glass-yogurt-jars","12":"first","13":"instock","14":"shipping-taxable","15":"product-type-simple"},"jetpack_sharing_enabled":true,"_links":{"self":[{"href":"https:\/\/minghanggroup.com\/fr\/wp-json\/wp\/v2\/product\/2075","targetHints":{"allow":["GET"]}}],"collection":[{"href":"https:\/\/minghanggroup.com\/fr\/wp-json\/wp\/v2\/product"}],"about":[{"href":"https:\/\/minghanggroup.com\/fr\/wp-json\/wp\/v2\/types\/product"}],"wp:featuredmedia":[{"embeddable":true,"href":"https:\/\/minghanggroup.com\/fr\/wp-json\/wp\/v2\/media\/2076"}],"wp:attachment":[{"href":"https:\/\/minghanggroup.com\/fr\/wp-json\/wp\/v2\/media?parent=2075"}],"wp:term":[{"taxonomy":"product_brand","embeddable":true,"href":"https:\/\/minghanggroup.com\/fr\/wp-json\/wp\/v2\/product_brand?post=2075"},{"taxonomy":"product_cat","embeddable":true,"href":"https:\/\/minghanggroup.com\/fr\/wp-json\/wp\/v2\/product_cat?post=2075"},{"taxonomy":"product_tag","embeddable":true,"href":"https:\/\/minghanggroup.com\/fr\/wp-json\/wp\/v2\/product_tag?post=2075"}],"curies":[{"name":"wp","href":"https:\/\/api.w.org\/{rel}","templated":true}]}}