{"id":2064,"date":"2025-10-24T14:07:42","date_gmt":"2025-10-24T06:07:42","guid":{"rendered":"https:\/\/minghanggroup.com\/?post_type=product&#038;p=2064"},"modified":"2026-01-20T13:44:22","modified_gmt":"2026-01-20T05:44:22","slug":"glass-milk-bottle-with-lid-clear-dessert-jars-wholesale","status":"publish","type":"product","link":"https:\/\/minghanggroup.com\/fr\/produit\/glass-milk-bottle-with-lid-clear-dessert-jars-wholesale\/","title":{"rendered":"Bouteille de lait en verre avec couvercle \u2013 Pots \u00e0 dessert transparents de 100 \u00e0 200 ml"},"content":{"rendered":"<p>L&#039;emballage de vos marques de miel doit inciter les consommateurs \u00e0 les choisir en rayon. Nous fabriquons des bouteilles de lait en verre avec couvercle et des bouteilles \u00e0 pudding en verre au design soign\u00e9 qui mettent en valeur les desserts. Ces bouteilles de lait en verre r\u00e9utilisables allient tradition et modernit\u00e9 de fa\u00e7on tr\u00e8s pratique\u00a0: une solution id\u00e9ale pour le lait, les yaourts ou m\u00eame les confitures maison.<\/p>\n<h2>Caract\u00e9ristiques du produit<\/h2>\n<ol>\n<li><strong>Merveilles \u00e0 grande bouche :<\/strong>Sortez, mettez et conservez : votre yaourt ou votre confiture ne seront pas tach\u00e9s par un d\u00e9versement accidentel.<\/li>\n<li><strong>Vitrine d&#039;une clart\u00e9 cristalline :<\/strong>Le verre transparent met en valeur la couleur \u00e9clatante de votre pudding\u00a0; on en per\u00e7oit la qualit\u00e9 rien qu\u2019en le regardant, sans m\u00eame y go\u00fbter.<\/li>\n<li><strong>Verrouillage du couvercle parfaitement \u00e9tanche :<\/strong>Les vis d&#039;extension de la bouche sont parfaitement align\u00e9es \u2014 pas de d\u00e9bordements, pas de devinettes, seulement le bonheur du plus pur dessert.<\/li>\n<\/ol>\n<h2>Caract\u00e9ristiques principales<\/h2>\n<table style=\"border-collapse: collapse; width: 80%; margin-left: auto; margin-right: auto;\" border=\"0\" width=\"360\" cellspacing=\"0\" cellpadding=\"0\">\n<tbody>\n<tr style=\"height: 13.50pt;\">\n<td style=\"height: 13.5pt; width: 54pt; text-align: center;\" width=\"72\" height=\"18\">Mod\u00e8le<\/td>\n<td style=\"width: 54pt; text-align: center;\" width=\"72\">Capacit\u00e9 (ml)<\/td>\n<td style=\"width: 54pt; text-align: center;\" width=\"72\">Dimensions (cm)<\/td>\n<td style=\"width: 54pt; text-align: center;\" width=\"72\">Type de cou<\/td>\n<td style=\"width: 54pt; text-align: center;\" width=\"72\">Forme<\/td>\n<\/tr>\n<tr style=\"height: 13.50pt;\">\n<td style=\"height: 13.5pt; text-align: center;\" align=\"right\" height=\"18\">64015026<\/td>\n<td style=\"text-align: center;\" align=\"right\">150<\/td>\n<td style=\"text-align: center;\">6.5&#215;7.0<\/td>\n<td class=\"et2\" style=\"text-align: center;\" rowspan=\"2\">Bouche large<\/td>\n<td class=\"et2\" style=\"text-align: center;\" rowspan=\"5\">Rond<\/td>\n<\/tr>\n<tr style=\"height: 13.50pt;\">\n<td style=\"height: 13.5pt; text-align: center;\" align=\"right\" height=\"18\">64020027<\/td>\n<td style=\"text-align: center;\" align=\"right\">200<\/td>\n<td style=\"text-align: center;\">7.1&#215;7.7<\/td>\n<\/tr>\n<tr style=\"height: 13.50pt;\">\n<td style=\"height: 13.5pt; text-align: center;\" align=\"right\" height=\"18\">64010028<\/td>\n<td style=\"text-align: center;\" align=\"right\">100<\/td>\n<td style=\"text-align: center;\">5.5&#215;7.5<\/td>\n<td class=\"et2\" style=\"text-align: center;\" rowspan=\"3\">Col de cygne<\/td>\n<\/tr>\n<tr style=\"height: 13.50pt;\">\n<td style=\"height: 13.5pt; text-align: center;\" align=\"right\" height=\"18\">64015029<\/td>\n<td style=\"text-align: center;\" align=\"right\">150<\/td>\n<td style=\"text-align: center;\">6.5&#215;8.3<\/td>\n<\/tr>\n<tr style=\"height: 13.50pt;\">\n<td style=\"height: 13.5pt; text-align: center;\" align=\"right\" height=\"18\">64020030<\/td>\n<td style=\"text-align: center;\" align=\"right\">200<\/td>\n<td style=\"text-align: center;\">6.8&#215;8.5<\/td>\n<\/tr>\n<\/tbody>\n<\/table>\n<h2>Cas de r\u00e9ussite<\/h2>\n<p>Un fabricant de confitures artisanales a choisi de collaborer avec nous pour la fabrication de pots de yaourt en verre de 150 ml sur mesure pour sa nouvelle gamme de confitures. Ces pots \u00e0 large ouverture permettent de pr\u00e9lever la confiture \u00e0 la cuill\u00e8re ou de l&#039;\u00e9taler directement sur du pain grill\u00e9. Afin de garantir la fra\u00eecheur du produit et de le rendre plus attractif pour les consommateurs, le fabricant a opt\u00e9 pour des couvercles en aluminium herm\u00e9tiques avec joints en silicone pour \u00e9viter les fuites et pr\u00e9server la fra\u00eecheur du produit, m\u00eame lors d&#039;un transport de longue dur\u00e9e.<\/p>\n<p>Pour la mise en valeur de la marque, le fabricant a orn\u00e9 les pots de confiture de logos en relief et de couvercles color\u00e9s, assortis \u00e0 chaque parfum (du rouge fraise au bleu myrtille), cr\u00e9ant ainsi une pr\u00e9sentation harmonieuse et esth\u00e9tique en rayon. La transparence parfaite du verre met parfaitement en valeur les couleurs \u00e9clatantes des confitures et attire ainsi l&#039;attention des clients, aussi bien en magasin qu&#039;en ligne.<\/p>\n<p>Le nouvel emballage a rencontr\u00e9 un franc succ\u00e8s depuis son lancement\u00a0: les commandes en ligne ont augment\u00e9 de 50\u00a0% et les clients fid\u00e8les ont vant\u00e9 les m\u00e9rites des bocaux pour leur r\u00e9utilisabilit\u00e9, leur aspect haut de gamme et leur potentiel pour la confection de cadeaux.<\/p>\n<h2>Vos conseils de personnalisation<\/h2>\n<p>Il vous suffit de nous indiquer le nom de votre parfum, comme \u00ab\u00a0Pudding au lait classique\u00a0\u00bb ou \u00ab\u00a0Dessert \u00e0 la cr\u00e8me de mangue\u00a0\u00bb, et nous le pr\u00e9parerons sp\u00e9cialement pour vous. Choisissez des couleurs de bouchon personnalis\u00e9es, des logos en relief ou des motifs imprim\u00e9s assortis \u00e0 votre image de marque. Besoin d&#039;un format de 100\u00a0ml, 200\u00a0ml ou d&#039;un verre sur mesure\u00a0? Nous disposons de moules flexibles et d&#039;un service de prototypage rapide.<\/p>\n<p>Qu&#039;il s&#039;agisse de simples bocaux de style caf\u00e9 ou de bouteilles de marques de pudding c\u00e9l\u00e8bres, nous cr\u00e9erons un voyage en mati\u00e8re d&#039;emballage de desserts aussi inoubliable que ce qu&#039;il contient.<\/p>","protected":false},"excerpt":{"rendered":"<p>Bouteilles \u00e0 lait en verre, vendues en gros, avec couvercle et de forme ronde et lisse, id\u00e9ales pour les yaourts ou les confitures. R\u00e9sistantes, transparentes et parfaites pour les desserts, elles conviennent aussi bien \u00e0 la maison qu&#039;aux caf\u00e9s.<\/p>","protected":false},"featured_media":2065,"template":"","meta":{"postBodyCss":"","postBodyMargin":[],"postBodyPadding":[],"postBodyBackground":{"backgroundType":"classic","gradient":""}},"product_brand":[],"product_cat":[15,16,46],"product_tag":[65,64],"class_list":{"0":"post-2064","1":"product","2":"type-product","3":"status-publish","4":"has-post-thumbnail","6":"product_cat-glass-containers","7":"product_cat-glass-bottles","8":"product_cat-glass-milk-bottles","9":"product_tag-glass-jam-jars","10":"product_tag-glass-yogurt-jars","12":"first","13":"instock","14":"shipping-taxable","15":"product-type-simple"},"jetpack_sharing_enabled":true,"_links":{"self":[{"href":"https:\/\/minghanggroup.com\/fr\/wp-json\/wp\/v2\/product\/2064","targetHints":{"allow":["GET"]}}],"collection":[{"href":"https:\/\/minghanggroup.com\/fr\/wp-json\/wp\/v2\/product"}],"about":[{"href":"https:\/\/minghanggroup.com\/fr\/wp-json\/wp\/v2\/types\/product"}],"wp:featuredmedia":[{"embeddable":true,"href":"https:\/\/minghanggroup.com\/fr\/wp-json\/wp\/v2\/media\/2065"}],"wp:attachment":[{"href":"https:\/\/minghanggroup.com\/fr\/wp-json\/wp\/v2\/media?parent=2064"}],"wp:term":[{"taxonomy":"product_brand","embeddable":true,"href":"https:\/\/minghanggroup.com\/fr\/wp-json\/wp\/v2\/product_brand?post=2064"},{"taxonomy":"product_cat","embeddable":true,"href":"https:\/\/minghanggroup.com\/fr\/wp-json\/wp\/v2\/product_cat?post=2064"},{"taxonomy":"product_tag","embeddable":true,"href":"https:\/\/minghanggroup.com\/fr\/wp-json\/wp\/v2\/product_tag?post=2064"}],"curies":[{"name":"wp","href":"https:\/\/api.w.org\/{rel}","templated":true}]}}