{"id":2041,"date":"2025-10-23T16:24:47","date_gmt":"2025-10-23T08:24:47","guid":{"rendered":"https:\/\/minghanggroup.com\/?post_type=product&#038;p=2041"},"modified":"2025-10-23T16:32:04","modified_gmt":"2025-10-23T08:32:04","slug":"wholesale-glass-honey-jars-with-lids-and-wavy-bottom","status":"publish","type":"product","link":"https:\/\/minghanggroup.com\/fr\/produit\/wholesale-glass-honey-jars-with-lids-and-wavy-bottom\/","title":{"rendered":"Pots \u00e0 miel en verre de 180 ml et 360 ml avec couvercles et fond ondul\u00e9, en gros"},"content":{"rendered":"<p>Ces pots \u00e0 miel en verre sont fabriqu\u00e9s \u00e0 partir d&#039;une bouteille ronde en verre transparent avec une base textur\u00e9e et un bouchon en or rose qui non seulement mettent magnifiquement en valeur le miel dor\u00e9 \u00e0 l&#039;int\u00e9rieur, mais d\u00e9gagent \u00e9galement une ambiance \u00e9l\u00e9gante et luxueuse.<\/p>\n<h2>Caract\u00e9ristiques du produit<\/h2>\n<ul>\n<li><strong>Verre transparent :<\/strong> Gr\u00e2ce \u00e0 la bouteille en verre transparent, on peut facilement voir le niveau et l&#039;\u00e9tat du miel, ce qui rend le remplissage simple et pratique.<\/li>\n<li><strong>Design \u00e9l\u00e9gant de la bouteille\u00a0:<\/strong> L&#039;attrait du produit est renforc\u00e9 par la forme \u00e9lanc\u00e9e du flacon et sa base ondul\u00e9e qui lui conf\u00e8rent une allure \u00e9l\u00e9gante et charmante.<\/li>\n<li><strong>D\u00e9tail textur\u00e9 :<\/strong> L&#039;utilisation du verre transparent associ\u00e9e \u00e0 la base ondul\u00e9e conf\u00e8re au produit une allure \u00e0 la fois \u00e9l\u00e9gante, luxueuse et sophistiqu\u00e9e, le hissant ainsi au rang de produit haut de gamme.<\/li>\n<\/ul>\n<h2>Caract\u00e9ristiques principales<\/h2>\n<table style=\"border-collapse: collapse; margin-left: auto; margin-right: auto; width: 345.02pt;\" border=\"0\" width=\"460\" cellspacing=\"0\" cellpadding=\"0\">\n<tbody>\n<tr style=\"height: 13.50pt;\">\n<td style=\"height: 13.50pt; width: 93.75pt;\" width=\"125\" height=\"18\">Fonctionnalit\u00e9<\/td>\n<td style=\"width: 251.25pt;\" width=\"335\">Sp\u00e9cification<\/td>\n<\/tr>\n<tr style=\"height: 13.50pt;\">\n<td style=\"height: 13.50pt;\" height=\"18\">Capacit\u00e9<\/td>\n<td>180 ml, 360 ml<\/td>\n<\/tr>\n<tr style=\"height: 13.50pt;\">\n<td style=\"height: 13.50pt;\" height=\"18\">Dimensions<\/td>\n<td>8,5 \u00d7 9,4 cm, 10,0 \u00d7 10,7 cm<\/td>\n<\/tr>\n<tr style=\"height: 13.50pt;\">\n<td style=\"height: 13.50pt;\" height=\"18\">Mat\u00e9riel<\/td>\n<td>Verre transparent, couvercle \u00e0 vis en PP or rose<\/td>\n<\/tr>\n<tr style=\"height: 13.50pt;\">\n<td style=\"height: 13.50pt;\" height=\"18\">Options de couvercle<\/td>\n<td>Or rose (couleurs personnalis\u00e9es disponibles)<\/td>\n<\/tr>\n<tr style=\"height: 13.50pt;\">\n<td style=\"height: 13.50pt;\" height=\"18\">Id\u00e9al pour<\/td>\n<td>Miel brut, m\u00e9langes infus\u00e9s, coffrets cadeaux<\/td>\n<\/tr>\n<\/tbody>\n<\/table>\n<h2>R\u00e9ussite : Transformation d&#039;une marque gastronomique<\/h2>\n<p>Une entreprise de produits gastronomiques, sp\u00e9cialis\u00e9e dans les miels d&#039;origine unique et \u00e0 la recherche d&#039;un pot \u00e0 miel en verre avec couvercle parfaitement adapt\u00e9 \u00e0 son image de marque haut de gamme, a opt\u00e9 pour notre pot \u00e0 miel Athena de 360 \u200b\u200bml avec couvercle or rose. Leurs ventes en ligne ont bondi de 40 % d\u00e8s le premier mois, et les retours clients ont \u00e9galement soulign\u00e9 l&#039;attrait principal de l&#039;aspect luxueux du pot. Ces contenants en verre sont tr\u00e8s r\u00e9sistants, ce qui a permis de r\u00e9duire de 30 % les r\u00e9clamations pour dommages li\u00e9s \u00e0 la livraison par rapport \u00e0 leurs anciens flacons fragiles. C&#039;est ainsi qu&#039;a d\u00e9but\u00e9 leur collaboration. Ils commandent d\u00e9sormais 50\u00a0000 pots par mois et ont ajout\u00e9 des pots \u00e0 miel de 180 ml \u00e0 leur gamme de produits.<\/p>\n<h2>Personnalisez vos pots \u00e0 miel en verre<\/h2>\n<ul>\n<li><strong>Finition verre d\u00e9poli :<\/strong> On peut cr\u00e9er un aspect mat \u00e9l\u00e9gant, soit pour l&#039;ensemble du pot, soit pour seulement une partie de celui-ci, ce qui lui donne un aspect soign\u00e9, doux et de haute qualit\u00e9.<\/li>\n<li><strong>Fond en relief :<\/strong> Apposez votre logo ou toute image de votre marque en relief sur la face inf\u00e9rieure du verre pour une image de marque sophistiqu\u00e9e.<\/li>\n<li><strong>Couleur personnalis\u00e9e de la casquette\u00a0:<\/strong> Faites en sorte que la couleur du bouchon corresponde exactement \u00e0 la couleur de votre marque (par exemple, la palette de couleurs Pantone).<\/li>\n<li><strong>Doublure d&#039;\u00e9tanch\u00e9it\u00e9 int\u00e9rieure :<\/strong> Choisissez le mat\u00e9riau de doublure qui permettra de sceller au mieux le miel que vous fournissez, en raison de sa viscosit\u00e9.<\/li>\n<\/ul>\n<p>Vous souhaitez optimiser vos emballages en proposant des pots \u00e0 miel en verre haut de gamme avec couvercles\u00a0? Nous serions ravis de vous fournir un devis pour les achats en gros. Contactez-nous et d\u00e9couvrez comment notre s\u00e9lection peut contribuer \u00e0 la croissance de votre entreprise.<\/p>","protected":false},"excerpt":{"rendered":"<p>Bocaux \u00e0 miel en verre de qualit\u00e9 sup\u00e9rieure avec couvercles \u00e0 vis en or rose. Id\u00e9aux pour les producteurs de miel et de confitures, ces bocaux haut de gamme sont disponibles en gros avec des \u00e9chantillons gratuits.<\/p>","protected":false},"featured_media":2042,"template":"","meta":{"postBodyCss":"","postBodyMargin":[],"postBodyPadding":[],"postBodyBackground":{"backgroundType":"classic","gradient":""}},"product_brand":[],"product_cat":[15,17,52],"product_tag":[],"class_list":{"0":"post-2041","1":"product","2":"type-product","3":"status-publish","4":"has-post-thumbnail","6":"product_cat-glass-containers","7":"product_cat-glass-jars","8":"product_cat-glass-honey-jars","10":"first","11":"instock","12":"shipping-taxable","13":"product-type-simple"},"jetpack_sharing_enabled":true,"_links":{"self":[{"href":"https:\/\/minghanggroup.com\/fr\/wp-json\/wp\/v2\/product\/2041","targetHints":{"allow":["GET"]}}],"collection":[{"href":"https:\/\/minghanggroup.com\/fr\/wp-json\/wp\/v2\/product"}],"about":[{"href":"https:\/\/minghanggroup.com\/fr\/wp-json\/wp\/v2\/types\/product"}],"wp:featuredmedia":[{"embeddable":true,"href":"https:\/\/minghanggroup.com\/fr\/wp-json\/wp\/v2\/media\/2042"}],"wp:attachment":[{"href":"https:\/\/minghanggroup.com\/fr\/wp-json\/wp\/v2\/media?parent=2041"}],"wp:term":[{"taxonomy":"product_brand","embeddable":true,"href":"https:\/\/minghanggroup.com\/fr\/wp-json\/wp\/v2\/product_brand?post=2041"},{"taxonomy":"product_cat","embeddable":true,"href":"https:\/\/minghanggroup.com\/fr\/wp-json\/wp\/v2\/product_cat?post=2041"},{"taxonomy":"product_tag","embeddable":true,"href":"https:\/\/minghanggroup.com\/fr\/wp-json\/wp\/v2\/product_tag?post=2041"}],"curies":[{"name":"wp","href":"https:\/\/api.w.org\/{rel}","templated":true}]}}