{"id":2037,"date":"2025-10-23T17:07:40","date_gmt":"2025-10-23T09:07:40","guid":{"rendered":"https:\/\/minghanggroup.com\/?post_type=product&#038;p=2037"},"modified":"2026-01-20T13:44:34","modified_gmt":"2026-01-20T05:44:34","slug":"glass-milk-bottles-with-lids-glass-pudding-cups-wholesale","status":"publish","type":"product","link":"https:\/\/minghanggroup.com\/fr\/produit\/glass-milk-bottles-with-lids-glass-pudding-cups-wholesale\/","title":{"rendered":"Bouteilles de lait en verre de 50 \u00e0 200 ml avec couvercles pour desserts, yaourts et puddings"},"content":{"rendered":"<p>Vos douceurs m\u00e9ritent un emballage qui se vend tout seul, et pas seulement qui les contient. Nous cr\u00e9ons des verrines en verre qui mettent en valeur vos desserts, tandis que nos bouteilles \u00e0 lait en verre avec couvercle permettent de conserver les produits laitiers avec \u00e9l\u00e9gance et simplicit\u00e9. Ces bouteilles \u00e0 lait r\u00e9utilisables transforment chaque pot en un objet qui attire tous les regards.<\/p>\n<h2>Caract\u00e9ristiques du produit<\/h2>\n<ol>\n<li><strong>Vitrine de produits dynamiques :<\/strong>L&#039;utilisation de verre transparent permet de mettre en valeur la couleur riche du pudding et, par cons\u00e9quent, ce sont les consommateurs qui en constatent la qualit\u00e9 avant m\u00eame de le go\u00fbter.<\/li>\n<li><strong>Ajustement parfait du couvercle :<\/strong>Les bouchons des bouteilles sont herm\u00e9tiquement ferm\u00e9s gr\u00e2ce \u00e0 des goulots filet\u00e9s ; il n&#039;y a donc ni fuites, ni d\u00e9g\u00e2ts, et il ne reste que le pur plaisir du dessert.<\/li>\n<li><strong>Formats compacts et peu encombrants\u00a0:<\/strong>Qu\u2019il s\u2019agisse d\u2019\u00e9chantillons de 50 ml ou de bouteilles de 200 ml, ces bouteilles de lait en verre avec couvercle peuvent \u00eatre empil\u00e9es de la m\u00eame mani\u00e8re qu\u2019une pile de livres.<\/li>\n<li><strong>R\u00e9utilisation douce et s\u00fbre\u00a0:<\/strong>Gr\u00e2ce \u00e0 son verre \u00e9pais, qui peut r\u00e9sister \u00e0 la chaleur, il est possible de le r\u00e9utiliser pour conserver du yaourt, de la confiture ou m\u00eame du lait.<\/li>\n<\/ol>\n<h2>Caract\u00e9ristiques principales<\/h2>\n<table style=\"border-collapse: collapse; width: 80%; margin-left: auto; margin-right: auto;\" border=\"0\" width=\"363\" cellspacing=\"0\" cellpadding=\"0\">\n<tbody>\n<tr style=\"height: 13.50pt;\">\n<td style=\"height: 13.5pt; width: 56.25pt; text-align: center;\" width=\"75\" height=\"18\">Mod\u00e8le<\/td>\n<td style=\"width: 54pt; text-align: center;\" width=\"72\">Capacit\u00e9 (ml)<\/td>\n<td style=\"width: 54pt; text-align: center;\" width=\"72\">Dimensions (cm)<\/td>\n<td style=\"width: 54pt; text-align: center;\" width=\"72\">Type de cou<\/td>\n<td style=\"width: 54pt; text-align: center;\" width=\"72\">Forme<\/td>\n<\/tr>\n<tr style=\"height: 13.50pt;\">\n<td style=\"height: 13.5pt; text-align: center;\" align=\"right\" height=\"18\">64005021<\/td>\n<td style=\"text-align: center;\" align=\"right\">50<\/td>\n<td style=\"text-align: center;\">4.8&#215;5.8<\/td>\n<td class=\"et2\" style=\"text-align: center;\" rowspan=\"5\">Filet\u00e9<\/td>\n<td class=\"et2\" style=\"text-align: center;\" rowspan=\"5\">Rond<\/td>\n<\/tr>\n<tr style=\"height: 13.50pt;\">\n<td style=\"height: 13.5pt; text-align: center;\" align=\"right\" height=\"18\">64007522<\/td>\n<td style=\"text-align: center;\" align=\"right\">75<\/td>\n<td style=\"text-align: center;\">5.1&#215;7.1<\/td>\n<\/tr>\n<tr style=\"height: 13.50pt;\">\n<td style=\"height: 13.5pt; text-align: center;\" align=\"right\" height=\"18\">64010023<\/td>\n<td style=\"text-align: center;\" align=\"right\">100<\/td>\n<td style=\"text-align: center;\">5.5&#215;7.3<\/td>\n<\/tr>\n<tr style=\"height: 13.50pt;\">\n<td style=\"height: 13.5pt; text-align: center;\" align=\"right\" height=\"18\">64015024<\/td>\n<td style=\"text-align: center;\" align=\"right\">150<\/td>\n<td style=\"text-align: center;\">6.5&#215;7.8<\/td>\n<\/tr>\n<tr style=\"height: 13.50pt;\">\n<td style=\"height: 13.5pt; text-align: center;\" align=\"right\" height=\"18\">64020025<\/td>\n<td style=\"text-align: center;\" align=\"right\">200<\/td>\n<td style=\"text-align: center;\">7.0&#215;9.0<\/td>\n<\/tr>\n<\/tbody>\n<\/table>\n<h2>Cas de r\u00e9ussite<\/h2>\n<p>Une p\u00e2tisserie sp\u00e9cialis\u00e9e dans les desserts nous a contact\u00e9s pour la cr\u00e9ation de verrines en verre de 100 ml sur mesure pour sa gamme de puddings aux fruits rouges. Chaque verrine poss\u00e8de une large ouverture arrondie, permettant ainsi aux clients de superposer fruits rouges et cr\u00e8me tout en admirant les couleurs \u00e9clatantes du dessert \u00e0 travers le verre transparent.<\/p>\n<p>Pour sublimer le produit et pr\u00e9server sa fra\u00eecheur, la boutique a opt\u00e9 pour un bouchon \u00e0 vis dor\u00e9 et un manchon en papier en forme de cuill\u00e8re, cr\u00e9ant ainsi un format pratique et \u00e9l\u00e9gant. La marque a \u00e9galement grav\u00e9 son logo au fond du pot, conf\u00e9rant \u00e0 chaque pudding une subtile touche artisanale, fid\u00e8le \u00e0 sa philosophie de desserts de qualit\u00e9.<\/p>\n<p>Suite \u00e0 l&#039;introduction du nouvel emballage, les ventes de desserts en ligne de la boutique ont grimp\u00e9 en fl\u00e8che de 40 %.<\/p>\n<h2>Vos conseils de personnalisation<\/h2>\n<p>Oubliez les pots classiques. Partagez avec nous votre id\u00e9e de pudding \u2013 pensez \u00e0 \u00ab R\u00eave de Vanille \u00bb ou \u00ab Parfum Mangue \u00bb \u2013 et vous pourrez personnaliser non seulement la forme et la couleur, mais aussi y apposer votre logo. Un pot de 150 ml pour un nouveau produit saisonnier, c&#039;est exactement ce qu&#039;il vous faut, n&#039;est-ce pas ? Votre pot de pudding au lait en verre n&#039;est pas qu&#039;un simple emballage ; c&#039;est un d\u00e9licieux moyen de raconter l&#039;histoire de votre marque.<\/p>","protected":false},"excerpt":{"rendered":"<p>Bouteilles de lait en verre transparent avec couvercles et verrines en verre, id\u00e9ales pour les yaourts, les desserts ou les cr\u00e8mes dessert. Personnalisables avec couvercles, logos et couleurs pour les caf\u00e9s, les laiteries ou un usage domestique.<\/p>","protected":false},"featured_media":2046,"template":"","meta":{"postBodyCss":"","postBodyMargin":[],"postBodyPadding":[],"postBodyBackground":{"backgroundType":"classic","gradient":""}},"product_brand":[],"product_cat":[15,46],"product_tag":[65,64],"class_list":{"0":"post-2037","1":"product","2":"type-product","3":"status-publish","4":"has-post-thumbnail","6":"product_cat-glass-containers","7":"product_cat-glass-milk-bottles","8":"product_tag-glass-jam-jars","9":"product_tag-glass-yogurt-jars","11":"first","12":"instock","13":"shipping-taxable","14":"product-type-simple"},"jetpack_sharing_enabled":true,"_links":{"self":[{"href":"https:\/\/minghanggroup.com\/fr\/wp-json\/wp\/v2\/product\/2037","targetHints":{"allow":["GET"]}}],"collection":[{"href":"https:\/\/minghanggroup.com\/fr\/wp-json\/wp\/v2\/product"}],"about":[{"href":"https:\/\/minghanggroup.com\/fr\/wp-json\/wp\/v2\/types\/product"}],"wp:featuredmedia":[{"embeddable":true,"href":"https:\/\/minghanggroup.com\/fr\/wp-json\/wp\/v2\/media\/2046"}],"wp:attachment":[{"href":"https:\/\/minghanggroup.com\/fr\/wp-json\/wp\/v2\/media?parent=2037"}],"wp:term":[{"taxonomy":"product_brand","embeddable":true,"href":"https:\/\/minghanggroup.com\/fr\/wp-json\/wp\/v2\/product_brand?post=2037"},{"taxonomy":"product_cat","embeddable":true,"href":"https:\/\/minghanggroup.com\/fr\/wp-json\/wp\/v2\/product_cat?post=2037"},{"taxonomy":"product_tag","embeddable":true,"href":"https:\/\/minghanggroup.com\/fr\/wp-json\/wp\/v2\/product_tag?post=2037"}],"curies":[{"name":"wp","href":"https:\/\/api.w.org\/{rel}","templated":true}]}}