{"id":2032,"date":"2025-10-23T15:54:11","date_gmt":"2025-10-23T07:54:11","guid":{"rendered":"https:\/\/minghanggroup.com\/?post_type=product&#038;p=2032"},"modified":"2026-01-20T13:45:59","modified_gmt":"2026-01-20T05:45:59","slug":"square-glass-milk-bottles-for-dairy-storage-and-packaging","status":"publish","type":"product","link":"https:\/\/minghanggroup.com\/fr\/produit\/square-glass-milk-bottles-for-dairy-storage-and-packaging\/","title":{"rendered":"Bouteilles de lait carr\u00e9es en verre de 300 ml et 500 ml pour le stockage et le conditionnement des produits laitiers"},"content":{"rendered":"<p>Votre marque laiti\u00e8re a besoin de bouteilles qui optimisent l&#039;espace et dynamisent vos ventes\u00a0: fini les bouteilles rondes encombrantes\u00a0! Nous fabriquons des bouteilles de lait carr\u00e9es en verre qui s&#039;empilent \u00e0 merveille et offrent une exp\u00e9rience haut de gamme \u00e0 chaque utilisation. Ces bouteilles en verre transforment votre lait en un atout visuel, id\u00e9ales pour les produits laitiers, les jus de fruits ou le caf\u00e9 infus\u00e9 \u00e0 froid.<\/p>\n<h2>Caract\u00e9ristiques du produit<\/h2>\n<ol>\n<li><strong>Design carr\u00e9 et moderne :<\/strong>La disposition carr\u00e9e de la bouteille est tr\u00e8s r\u00e9ussie visuellement et constitue une excellente solution pour la marque, car elle lui permet de b\u00e9n\u00e9ficier d&#039;un design stable qui emp\u00eache la bouteille de se renverser, offrant ainsi un aspect moderne et \u00e9l\u00e9gant qui contribue \u00e0 renforcer l&#039;image de marque.<\/li>\n<li><strong>Verre \u00e9pais et r\u00e9sistant :<\/strong>Fabriqu\u00e9 en verre \u00e9pais \u00e0 haute transparence, il est donc r\u00e9sistant et peut \u00eatre utilis\u00e9 plusieurs fois sans s&#039;ab\u00eemer.<\/li>\n<li><strong>Large ouverture pour un remplissage facile\u00a0:<\/strong>Le large goulot est con\u00e7u de telle sorte qu&#039;il est tr\u00e8s facile de verser le lait, le jus ou le caf\u00e9, et m\u00eame le nettoyage est tr\u00e8s simple.<\/li>\n<li><strong>Options personnalisables\u00a0:<\/strong>Il peut avoir un couvercle en m\u00e9tal, en plastique ou en bambou et prend en charge des fonctionnalit\u00e9s personnalisables telles que l&#039;impression, la peinture en a\u00e9rosol et le gaufrage.<\/li>\n<\/ol>\n<h2>Caract\u00e9ristiques principales<\/h2>\n<table style=\"border-collapse: collapse; width: 80%; margin-left: auto; margin-right: auto;\" border=\"0\" width=\"288\" cellspacing=\"0\" cellpadding=\"0\">\n<tbody>\n<tr style=\"height: 13.50pt;\">\n<td style=\"height: 13.5pt; width: 54pt; text-align: center;\" width=\"72\" height=\"18\">Mod\u00e8le<\/td>\n<td style=\"width: 54pt; text-align: center;\" width=\"72\">Capacit\u00e9<\/td>\n<td style=\"width: 54pt; text-align: center;\" width=\"72\">Dimensions (cm)<\/td>\n<td style=\"width: 54pt; text-align: center;\" width=\"72\">Forme<\/td>\n<\/tr>\n<tr style=\"height: 13.50pt;\">\n<td style=\"height: 13.5pt; text-align: center;\" align=\"right\" height=\"18\">64030019<\/td>\n<td style=\"text-align: center;\" align=\"right\">300 ml \/ 10 oz<\/td>\n<td style=\"text-align: center;\">7.6&#215;12.3<\/td>\n<td class=\"et2\" style=\"text-align: center;\" rowspan=\"2\">Carr\u00e9<\/td>\n<\/tr>\n<tr style=\"height: 13.50pt;\">\n<td style=\"height: 13.5pt; text-align: center;\" align=\"right\" height=\"18\">64050020<\/td>\n<td style=\"text-align: center;\" align=\"right\">500 ml \/ 16 oz<\/td>\n<td style=\"text-align: center;\">8.6&#215;13.6<\/td>\n<\/tr>\n<\/tbody>\n<\/table>\n<h2>Cas de r\u00e9ussite<\/h2>\n<p>Une laiterie est venue nous voir avec une demande pour 150 000 bouteilles carr\u00e9es en verre de 300 ml personnalis\u00e9es.<\/p>\n<p>Le remplissage et le nettoyage de la bouteille sont tr\u00e8s pratiques gr\u00e2ce \u00e0 sa large ouverture, et les bouchons \u00e0 vis m\u00e9talliques et les couvercles en bambou peuvent \u00eatre appliqu\u00e9s sur le goulot enti\u00e8rement filet\u00e9, offrant ainsi aux d\u00e9taillants et aux partenaires du secteur du caf\u00e9 des options flexibles.<\/p>\n<p>Par ailleurs, sa forme carr\u00e9e conf\u00e8re au produit un style minimaliste et tendance, tout en optimisant l&#039;espace de stockage et d&#039;exposition, que ce soit pour le transport ou la pr\u00e9sentation. Afin de valoriser la marque, l&#039;usine a opt\u00e9 pour une finition d\u00e9polie et un logo s\u00e9rigraphi\u00e9 sur la bouteille.<\/p>\n<p>La gamme de lait d&#039;avoine a rapidement conquis les consommateurs, particuli\u00e8rement s\u00e9duits par son design \u00e9tanche et sa bouteille r\u00e9utilisable. En seulement deux mois, cette nouvelle bouteille a g\u00e9n\u00e9r\u00e9 65 % du chiffre d&#039;affaires total.<\/p>\n<h2>Vos conseils de personnalisation<\/h2>\n<p>Vous souhaitez que votre bouteille de lait carr\u00e9e en verre se d\u00e9marque\u00a0? Optez pour une finition d\u00e9polie, un logo en relief ou un d\u00e9grad\u00e9 de couleurs subtil, assorti \u00e0 votre saveur. De plus, un simple bouchon en bambou ou en aluminium suffit \u00e0 la mettre en valeur et \u00e0 l&#039;harmoniser parfaitement avec votre marque saisonni\u00e8re\u00a0: lait aux fruits rouges, boissons \u00e0 l&#039;avoine ou caf\u00e9 infus\u00e9 \u00e0 froid. Votre produit se vendra comme des petits pains et deviendra un v\u00e9ritable atout style gr\u00e2ce \u00e0 des contenances allant de 300\u00a0ml \u00e0 500\u00a0ml.<\/p>","protected":false},"excerpt":{"rendered":"<p>Bouteilles \u00e0 lait carr\u00e9es \u00e9l\u00e9gantes en verre, disponibles en gros, pour le lait, le caf\u00e9 ou les jus de fruits. Personnalisables avec bouchons, couleurs et logo en relief pour une image de marque haut de gamme.<\/p>","protected":false},"featured_media":2033,"template":"","meta":{"postBodyCss":"","postBodyMargin":[],"postBodyPadding":[],"postBodyBackground":{"backgroundType":"classic","gradient":""}},"product_brand":[],"product_cat":[15,16,46],"product_tag":[64,72],"class_list":{"0":"post-2032","1":"product","2":"type-product","3":"status-publish","4":"has-post-thumbnail","6":"product_cat-glass-containers","7":"product_cat-glass-bottles","8":"product_cat-glass-milk-bottles","9":"product_tag-glass-yogurt-jars","10":"product_tag-juice-bottles","12":"first","13":"instock","14":"shipping-taxable","15":"product-type-simple"},"jetpack_sharing_enabled":true,"_links":{"self":[{"href":"https:\/\/minghanggroup.com\/fr\/wp-json\/wp\/v2\/product\/2032","targetHints":{"allow":["GET"]}}],"collection":[{"href":"https:\/\/minghanggroup.com\/fr\/wp-json\/wp\/v2\/product"}],"about":[{"href":"https:\/\/minghanggroup.com\/fr\/wp-json\/wp\/v2\/types\/product"}],"wp:featuredmedia":[{"embeddable":true,"href":"https:\/\/minghanggroup.com\/fr\/wp-json\/wp\/v2\/media\/2033"}],"wp:attachment":[{"href":"https:\/\/minghanggroup.com\/fr\/wp-json\/wp\/v2\/media?parent=2032"}],"wp:term":[{"taxonomy":"product_brand","embeddable":true,"href":"https:\/\/minghanggroup.com\/fr\/wp-json\/wp\/v2\/product_brand?post=2032"},{"taxonomy":"product_cat","embeddable":true,"href":"https:\/\/minghanggroup.com\/fr\/wp-json\/wp\/v2\/product_cat?post=2032"},{"taxonomy":"product_tag","embeddable":true,"href":"https:\/\/minghanggroup.com\/fr\/wp-json\/wp\/v2\/product_tag?post=2032"}],"curies":[{"name":"wp","href":"https:\/\/api.w.org\/{rel}","templated":true}]}}