{"id":2025,"date":"2025-10-23T14:12:42","date_gmt":"2025-10-23T06:12:42","guid":{"rendered":"https:\/\/minghanggroup.com\/?post_type=product&#038;p=2025"},"modified":"2026-01-20T15:35:46","modified_gmt":"2026-01-20T07:35:46","slug":"bulk-cylindrical-clear-glass-honey-vials-for-food-packaging","status":"publish","type":"product","link":"https:\/\/minghanggroup.com\/fr\/produit\/bulk-cylindrical-clear-glass-honey-vials-for-food-packaging\/","title":{"rendered":"Flacons cylindriques en verre transparent de 50 \u00e0 260 ml pour le miel, destin\u00e9s \u00e0 l&#039;emballage alimentaire"},"content":{"rendered":"<p>These glass\u200b\u200d\u200b\u200c\u200d\u200b\u200d\u200c\u200b\u200d\u200b\u200c\u200d\u200b\u200d\u200c honey vials have a clear cylindrical body along with gold and silver lids of different sizes. Their minimal and at the same time functional design makes them ideal for storing honey with a touch of sophistication.<\/p>\n<h2>Caract\u00e9ristiques du produit<\/h2>\n<ul>\n<li><strong>Verre transparent :<\/strong> L&#039;utilisation de verre transparent permet d&#039;enregistrer le contenu et de visualiser son \u00e9tat, ce qui est tr\u00e8s utile pour une identification et une inspection rapides.<\/li>\n<li><strong>Cylindrique:<\/strong> Gr\u00e2ce \u00e0 leur forme cylindrique, on peut affirmer sans risque que ces bocaux peuvent \u00eatre empil\u00e9s les uns sur les autres dans la cuisine ou dans n&#039;importe quelle autre pi\u00e8ce de la maison, permettant ainsi un gain de place.<\/li>\n<li><strong>Diff\u00e9rentes tailles disponibles :<\/strong> En proposant des conteneurs de diff\u00e9rentes tailles, chacun peut choisir celui qui convient le mieux \u00e0 ses besoins de stockage.<\/li>\n<\/ul>\n<h2>Caract\u00e9ristiques principales<\/h2>\n<table style=\"border-collapse: collapse; margin-left: auto; margin-right: auto; width: 348.02pt;\" border=\"0\" width=\"464\" cellspacing=\"0\" cellpadding=\"0\">\n<tbody>\n<tr style=\"height: 13.50pt;\">\n<td style=\"height: 13.50pt; width: 90.00pt;\" width=\"120\" height=\"18\">Fonctionnalit\u00e9<\/td>\n<td style=\"width: 258.00pt;\" width=\"344\">Sp\u00e9cification<\/td>\n<\/tr>\n<tr style=\"height: 13.50pt;\">\n<td style=\"height: 13.50pt;\" height=\"18\">Capacit\u00e9<\/td>\n<td>De 50 ml \u00e0 260 ml (9 tailles)<\/td>\n<\/tr>\n<tr style=\"height: 13.50pt;\">\n<td style=\"height: 13.50pt;\" height=\"18\">Diam\u00e8tre<\/td>\n<td>4,7 cm (toutes tailles)<\/td>\n<\/tr>\n<tr style=\"height: 13.50pt;\">\n<td style=\"height: 13.50pt;\" height=\"18\">Hauteur<\/td>\n<td>5,3 cm \u00e0 20,3 cm<\/td>\n<\/tr>\n<tr style=\"height: 13.50pt;\">\n<td style=\"height: 13.50pt;\" height=\"18\">Mat\u00e9riel<\/td>\n<td>Verre transparent, couvercle en PP dor\u00e9\/argent\u00e9<\/td>\n<\/tr>\n<tr style=\"height: 13.50pt;\">\n<td style=\"height: 13.50pt;\" height=\"18\">Options de couvercle<\/td>\n<td>Or, argent (couleurs personnalis\u00e9es disponibles)<\/td>\n<\/tr>\n<tr style=\"height: 13.50pt;\">\n<td style=\"height: 13.50pt;\" height=\"18\">Id\u00e9al pour<\/td>\n<td>\u00c9chantillons, coffrets cadeaux<\/td>\n<\/tr>\n<tr style=\"height: 13.50pt;\">\n<td style=\"height: 13.50pt;\" height=\"18\">Utilisation id\u00e9ale<\/td>\n<td>flacons de miel, pots \u00e0 miel en verre<\/td>\n<\/tr>\n<\/tbody>\n<\/table>\n<h2>T\u00e9moignage de r\u00e9ussite\u00a0: Comment une strat\u00e9gie d\u2019\u00e9chantillonnage a stimul\u00e9 les ventes<\/h2>\n<p>Cette entreprise apicole de taille moyenne peinait \u00e0 attirer de nouveaux clients, hormis ceux qui achetaient ses pots de miel classiques de 250 grammes. Elle a alors imagin\u00e9 de proposer un coffret d&#039;\u00e9chantillons baptis\u00e9 \u00ab\u00a0Vol de Miel\u00a0\u00bb, contenant quatre vari\u00e9t\u00e9s de miel diff\u00e9rentes. Par la suite, elle a d\u00e9cid\u00e9 d&#039;ajouter un couvercle dor\u00e9 \u00e0 ses pots de miel en verre de 50, 60, 80 et 100 ml, pour une pr\u00e9sentation plus luxueuse. Le lancement du coffret a \u00e9t\u00e9 un succ\u00e8s retentissant. En seulement trois mois, il est devenu son produit phare en ligne, augmentant le trafic de son site web de 35\u00a0% et attirant de nombreux nouveaux clients. Les retomb\u00e9es positives ne se sont pas arr\u00eat\u00e9es l\u00e0. Les statistiques r\u00e9v\u00e8lent qu&#039;une personne sur cinq ayant re\u00e7u un coffret d&#039;\u00e9chantillons ach\u00e8te un pot de miel standard dans les deux mois suivants. Cette strat\u00e9gie a transform\u00e9 les curieux en clients fid\u00e8les, et les 200\u00a0000 petits pots en verre command\u00e9s chaque trimestre leur sont d\u00e9sormais destin\u00e9s.<\/p>\n<h2>Personnalisez vos flacons de miel avec votre marque<\/h2>\n<ul>\n<li><strong>Touches de couleur :<\/strong> Appliquez une l\u00e9g\u00e8re teinte ambr\u00e9e sur le verre transparent afin de rehausser la couleur dor\u00e9e du miel. Ainsi, les pots para\u00eetront plus luxueux, quelle que soit leur taille.<\/li>\n<li><strong>S\u00e9rigraphie :<\/strong> Votre logo ou toute autre illustration peut \u00eatre imprim\u00e9 sur le verre de mani\u00e8re permanente et distinctive afin de repr\u00e9senter l&#039;identit\u00e9 de votre marque.<\/li>\n<li><strong>Marquages \u200b\u200bde volume en relief\u00a0:<\/strong> Voici une fa\u00e7on novatrice et plus \u00e9l\u00e9gante d&#039;indiquer le volume. Les graduations en millilitres\/onces en relief sur le pot lui conf\u00e8rent un aspect \u00e0 la fois pratique et professionnel.<\/li>\n<li><strong>Couleurs de casquette personnalis\u00e9es\u00a0:<\/strong> Pourquoi se limiter \u00e0 l&#039;argent et \u00e0 l&#039;or\u00a0? Outre ces deux couleurs, la couleur des bouchons peut \u00eatre personnalis\u00e9e aux couleurs de votre marque.<\/li>\n<\/ul>\n<p>Vous souhaitez simplifier vos emballages gr\u00e2ce \u00e0 notre large gamme de pots et bouteilles \u00e0 miel en verre\u00a0? N&#039;h\u00e9sitez pas \u00e0 nous contacter pour obtenir un devis de vente en gros. Nous pouvons \u00e9galement vous accompagner dans la r\u00e9ussite de votre exploitation apicole.<\/p>","protected":false},"excerpt":{"rendered":"<p>Flacons \u00e0 miel en verre transparent avec couvercles dor\u00e9s et argent\u00e9s, parfaits pour le conditionnement et la vente en vrac. Durables, \u00e9l\u00e9gants et personnalisables pour les grossistes.<\/p>","protected":false},"featured_media":2040,"template":"","meta":{"postBodyCss":"","postBodyMargin":[],"postBodyPadding":[],"postBodyBackground":{"backgroundType":"classic","gradient":""}},"product_brand":[],"product_cat":[15,17,52],"product_tag":[],"class_list":{"0":"post-2025","1":"product","2":"type-product","3":"status-publish","4":"has-post-thumbnail","6":"product_cat-glass-containers","7":"product_cat-glass-jars","8":"product_cat-glass-honey-jars","10":"first","11":"instock","12":"shipping-taxable","13":"product-type-simple"},"jetpack_sharing_enabled":true,"_links":{"self":[{"href":"https:\/\/minghanggroup.com\/fr\/wp-json\/wp\/v2\/product\/2025","targetHints":{"allow":["GET"]}}],"collection":[{"href":"https:\/\/minghanggroup.com\/fr\/wp-json\/wp\/v2\/product"}],"about":[{"href":"https:\/\/minghanggroup.com\/fr\/wp-json\/wp\/v2\/types\/product"}],"wp:featuredmedia":[{"embeddable":true,"href":"https:\/\/minghanggroup.com\/fr\/wp-json\/wp\/v2\/media\/2040"}],"wp:attachment":[{"href":"https:\/\/minghanggroup.com\/fr\/wp-json\/wp\/v2\/media?parent=2025"}],"wp:term":[{"taxonomy":"product_brand","embeddable":true,"href":"https:\/\/minghanggroup.com\/fr\/wp-json\/wp\/v2\/product_brand?post=2025"},{"taxonomy":"product_cat","embeddable":true,"href":"https:\/\/minghanggroup.com\/fr\/wp-json\/wp\/v2\/product_cat?post=2025"},{"taxonomy":"product_tag","embeddable":true,"href":"https:\/\/minghanggroup.com\/fr\/wp-json\/wp\/v2\/product_tag?post=2025"}],"curies":[{"name":"wp","href":"https:\/\/api.w.org\/{rel}","templated":true}]}}