{"id":2020,"date":"2025-10-23T11:55:20","date_gmt":"2025-10-23T03:55:20","guid":{"rendered":"https:\/\/minghanggroup.com\/?post_type=product&#038;p=2020"},"modified":"2025-10-23T17:37:53","modified_gmt":"2025-10-23T09:37:53","slug":"wholesale-small-honey-jars-with-metal-screw-lids","status":"publish","type":"product","link":"https:\/\/minghanggroup.com\/fr\/produit\/wholesale-small-honey-jars-with-metal-screw-lids\/","title":{"rendered":"Pots de miel en gros, petits, avec couvercles \u00e0 vis m\u00e9talliques, 50 ml, 75 ml, 100 ml, 150 ml"},"content":{"rendered":"<p>Ces petits pots \u00e0 miel sont en verre cylindrique transparent et disponibles en diff\u00e9rentes tailles et avec diff\u00e9rents couvercles pour r\u00e9pondre \u00e0 tous vos besoins. Ils allient avec brio un style minimaliste tendance, des couleurs vives et un souci du d\u00e9tail remarquable, mettant ainsi en valeur la couleur dor\u00e9e du miel.<\/p>\n<h2>Caract\u00e9ristiques du produit<\/h2>\n<ul>\n<li><strong>Verre transparent :<\/strong> Gr\u00e2ce au verre transparent, on peut rapidement v\u00e9rifier la quantit\u00e9 de miel et son \u00e9tat, ce qui rend le remplissage tr\u00e8s facile.<\/li>\n<li><strong>Cylindrique:<\/strong> Sa forme cylindrique permet un gain de place consid\u00e9rable et, par cons\u00e9quent, son rangement est ais\u00e9 dans les placards de cuisine, etc.<\/li>\n<li><strong>Large ouverture pour un acc\u00e8s facile\u00a0:<\/strong> Gr\u00e2ce \u00e0 sa large ouverture pratique, sortir le miel du pot et l&#039;\u00e9taler sur du pain devient un jeu d&#039;enfant.<\/li>\n<\/ul>\n<h2>Caract\u00e9ristiques principales<\/h2>\n<table style=\"border-collapse: collapse; margin-left: auto; margin-right: auto; width: 641.27pt;\" border=\"0\" width=\"855\" cellspacing=\"0\" cellpadding=\"0\">\n<tbody>\n<tr style=\"height: 13.50pt;\">\n<td style=\"height: 13.50pt; width: 145.50pt;\" width=\"194\" height=\"18\">Cat\u00e9gorie de sp\u00e9cification<\/td>\n<td style=\"width: 495.75pt;\" width=\"661\">D\u00e9tails<\/td>\n<\/tr>\n<tr style=\"height: 13.50pt;\">\n<td style=\"height: 13.50pt;\" height=\"18\">Capacit\u00e9<\/td>\n<td>50 ml, 75 ml, 100 ml, 150 ml<\/td>\n<\/tr>\n<tr style=\"height: 13.50pt;\">\n<td style=\"height: 13.50pt;\" height=\"18\">Taille<\/td>\n<td>4,7 x 6,7 cm \u00e0 5,5 x 10 cm<\/td>\n<\/tr>\n<tr style=\"height: 13.50pt;\">\n<td style=\"height: 13.50pt;\" height=\"18\">Mat\u00e9riel<\/td>\n<td>Verre transparent, couvercle en PP violet\/cuivre\/rouge<\/td>\n<\/tr>\n<tr style=\"height: 13.50pt;\">\n<td style=\"height: 13.50pt;\" height=\"18\">Options de couvercle<\/td>\n<td>Violet, cuivre, rouge (couleurs personnalis\u00e9es disponibles)<\/td>\n<\/tr>\n<tr style=\"height: 13.50pt;\">\n<td style=\"height: 13.50pt;\" height=\"18\">Utilisations id\u00e9ales<\/td>\n<td>Petits pots \u00e0 miel, contenants \u00e0 miel, pots d&#039;\u00e9chantillon de miel<\/td>\n<\/tr>\n<\/tbody>\n<\/table>\n<h2>Succ\u00e8s\u00a0: Valoriser une marque de miel r\u00e9gionale<\/h2>\n<p>Un apiculteur local, \u00e0 la recherche de pots \u00e0 miel en verre attrayants pour le march\u00e9 des producteurs, s&#039;est adress\u00e9 \u00e0 nous. Son choix s&#039;est port\u00e9 sur notre pot de 150 ml avec couvercle dor\u00e9. Au d\u00e9part, la robustesse du verre a permis de r\u00e9duire de pr\u00e8s de moiti\u00e9 la casse li\u00e9e au transport, ce qui a permis \u00e0 la coop\u00e9rative apicole d&#039;\u00e9conomiser 180 $ par mois sur le remplacement des pots cass\u00e9s. Par la suite, le couvercle color\u00e9 a \u00e9t\u00e9 le moteur de la croissance des ventes\u00a0: une marque de miel artisanal a constat\u00e9 une augmentation de 42\u00a0% du nombre d&#039;acheteurs souhaitant go\u00fbter nos pots de 150 ml. Impressionn\u00e9e par la qualit\u00e9 du produit et les retours clients, elle a pass\u00e9 trois commandes suppl\u00e9mentaires de 100\u00a0000 unit\u00e9s et propose d\u00e9sormais nos petits pots de 150 ml en coffret d\u00e9couverte.<\/p>\n<h2>Personnalisez votre pot \u00e0 miel en verre !<\/h2>\n<ul>\n<li><strong>Impression s\u00e9rigraphique :<\/strong> Cette m\u00e9thode permet d&#039;imprimer une marque ou une \u0153uvre d&#039;art de la mani\u00e8re la plus directe sur verre, ce qui se traduit g\u00e9n\u00e9ralement par une pr\u00e9sence visuelle attrayante et durable.<\/li>\n<li><strong>D\u00e9calcomanies en c\u00e9ramique :<\/strong> Des autocollants extr\u00eamement fins, brillants et color\u00e9s qui se collent \u00e0 chaud \u00e0 la surface du verre pour un produit plus durable.<\/li>\n<li><strong>Couleurs de casquette personnalis\u00e9es\u00a0:<\/strong> Pourquoi se limiter \u00e0 nos couleurs pr\u00e9d\u00e9finies\u00a0? Choisissez une couleur de casquette identique \u00e0 la couleur Pantone de votre marque.<\/li>\n<li><strong>Doublure int\u00e9rieure du bouchon :<\/strong> Diff\u00e9rents mat\u00e9riaux de rev\u00eatement (par exemple, PVC, p\u00e2te \u00e0 papier) vous sont propos\u00e9s afin que vous puissiez choisir celui qui assurera la meilleure \u00e9tanch\u00e9it\u00e9 du miel.<\/li>\n<\/ul>\n<p>Vous cherchez le contenant id\u00e9al pour votre miel\u00a0? D\u00e9couvrez notre gamme compl\u00e8te de produits et contactez-nous pour obtenir un devis de prix de gros.<\/p>","protected":false},"excerpt":{"rendered":"<p>Petits pots \u00e0 miel r\u00e9sistants avec couvercles \u00e0 vis, parfaits pour le miel, la confiture ou le sirop. Fabriqu\u00e9s en verre de qualit\u00e9 alimentaire, ils sont disponibles en gros avec des tarifs pr\u00e9f\u00e9rentiels et une livraison rapide.<\/p>","protected":false},"featured_media":2022,"template":"","meta":{"postBodyCss":"","postBodyMargin":[],"postBodyPadding":[],"postBodyBackground":{"backgroundType":"classic","gradient":""}},"product_brand":[],"product_cat":[15,17,52],"product_tag":[],"class_list":{"0":"post-2020","1":"product","2":"type-product","3":"status-publish","4":"has-post-thumbnail","6":"product_cat-glass-containers","7":"product_cat-glass-jars","8":"product_cat-glass-honey-jars","10":"first","11":"instock","12":"shipping-taxable","13":"product-type-simple"},"jetpack_sharing_enabled":true,"_links":{"self":[{"href":"https:\/\/minghanggroup.com\/fr\/wp-json\/wp\/v2\/product\/2020","targetHints":{"allow":["GET"]}}],"collection":[{"href":"https:\/\/minghanggroup.com\/fr\/wp-json\/wp\/v2\/product"}],"about":[{"href":"https:\/\/minghanggroup.com\/fr\/wp-json\/wp\/v2\/types\/product"}],"wp:featuredmedia":[{"embeddable":true,"href":"https:\/\/minghanggroup.com\/fr\/wp-json\/wp\/v2\/media\/2022"}],"wp:attachment":[{"href":"https:\/\/minghanggroup.com\/fr\/wp-json\/wp\/v2\/media?parent=2020"}],"wp:term":[{"taxonomy":"product_brand","embeddable":true,"href":"https:\/\/minghanggroup.com\/fr\/wp-json\/wp\/v2\/product_brand?post=2020"},{"taxonomy":"product_cat","embeddable":true,"href":"https:\/\/minghanggroup.com\/fr\/wp-json\/wp\/v2\/product_cat?post=2020"},{"taxonomy":"product_tag","embeddable":true,"href":"https:\/\/minghanggroup.com\/fr\/wp-json\/wp\/v2\/product_tag?post=2020"}],"curies":[{"name":"wp","href":"https:\/\/api.w.org\/{rel}","templated":true}]}}