{"id":1896,"date":"2025-10-22T14:52:44","date_gmt":"2025-10-22T06:52:44","guid":{"rendered":"https:\/\/minghanggroup.com\/?post_type=product&#038;p=1896"},"modified":"2025-10-22T17:14:44","modified_gmt":"2025-10-22T09:14:44","slug":"wholesale-clear-round-honey-jars-with-screw-lids","status":"publish","type":"product","link":"https:\/\/minghanggroup.com\/fr\/produit\/wholesale-clear-round-honey-jars-with-screw-lids\/","title":{"rendered":"Pots \u00e0 miel ronds transparents en gros avec couvercles \u00e0 vis, 150 ml, 200 ml, 280 ml, 360 ml"},"content":{"rendered":"<p>Ces pots \u00e0 miel circulaires arborent un design unique, discret et robuste. Fabriqu\u00e9s en verre transparent de haute qualit\u00e9, ils b\u00e9n\u00e9ficient d&#039;un centre de gravit\u00e9 bas et d&#039;une excellente stabilit\u00e9, ce qui en fait le choix id\u00e9al pour les apiculteurs et les producteurs locaux.<\/p>\n<h2>Caract\u00e9ristiques du produit<\/h2>\n<ul>\n<li><strong>Verre transparent :<\/strong> Le verre transparent permet de voir le niveau et la qualit\u00e9 du miel sans aucune obstruction, ce qui facilite grandement le remplissage.<\/li>\n<li><strong>Design tendance et peu encombrant\u00a0:<\/strong> Le design tendance et compact des bouteilles de miel les rend tr\u00e8s pratiques \u00e0 la fois pour le transport et le rangement dans la cuisine.<\/li>\n<li><strong>R\u00e9utilisable :<\/strong> Il ne fait aucun doute que la version rechargeable est la pr\u00e9f\u00e9r\u00e9e des marques artisanales et des consommateurs soucieux de l&#039;environnement.<\/li>\n<\/ul>\n<h2>Caract\u00e9ristiques principales<\/h2>\n<table style=\"border-collapse: collapse; margin-left: auto; margin-right: auto; width: 425.27pt;\" border=\"0\" width=\"567\" cellspacing=\"0\" cellpadding=\"0\">\n<tbody>\n<tr style=\"height: 13.50pt;\">\n<td style=\"height: 13.50pt; width: 90.00pt;\" width=\"120\" height=\"18\">Fonctionnalit\u00e9<\/td>\n<td style=\"width: 335.25pt;\" width=\"447\">Sp\u00e9cification<\/td>\n<\/tr>\n<tr style=\"height: 13.50pt;\">\n<td style=\"height: 13.50pt;\" height=\"18\">Capacit\u00e9<\/td>\n<td>150 ml, 200 ml, 280 ml, 360 ml<\/td>\n<\/tr>\n<tr style=\"height: 13.50pt;\">\n<td style=\"height: 13.50pt;\" height=\"18\">Dimensions<\/td>\n<td>7,7 \u00d7 7,0 cm \u00e0 10,2 \u00d7 9,5 cm<\/td>\n<\/tr>\n<tr style=\"height: 13.50pt;\">\n<td style=\"height: 13.50pt;\" height=\"18\">Mat\u00e9riel<\/td>\n<td>Couvercle en verre transparent, en PP argent\u00e9 ou or rose<\/td>\n<\/tr>\n<tr style=\"height: 13.50pt;\">\n<td style=\"height: 13.50pt;\" height=\"18\">Options de couvercle<\/td>\n<td>Argent, or rose (couleurs personnalis\u00e9es disponibles)<\/td>\n<\/tr>\n<tr style=\"height: 13.50pt;\">\n<td style=\"height: 13.50pt;\" height=\"18\">Utilisation id\u00e9ale<\/td>\n<td>Pots \u00e0 miel, contenants \u00e0 miel en verre, bouteilles de miel en vrac<\/td>\n<\/tr>\n<\/tbody>\n<\/table>\n<h2>T\u00e9moignage de r\u00e9ussite\u00a0: Comment des pots de miel stables favorisent une croissance r\u00e9guli\u00e8re<\/h2>\n<p>Une nouvelle marque de miel artisanal en ligne \u00e9tait confront\u00e9e \u00e0 un probl\u00e8me courant\u00a0: ses anciens pots de miel, hauts et \u00e9troits, avaient tendance \u00e0 se renverser lors des s\u00e9ances photo et dans les placards des clients, ce qui entra\u00eenait quelques plaintes. S\u00e9duits par la conception robuste et discr\u00e8te de nos pots de miel ronds de 280\u00a0ml et l\u2019aspect haut de gamme du couvercle en or rose, ils ont opt\u00e9 pour notre produit. Ce nouvel emballage a r\u00e9volutionn\u00e9 le secteur. Tout d\u2019abord, son design \u00e9l\u00e9gant a dynamis\u00e9 les ventes\u00a0: une marque de miel artisanal a constat\u00e9 une augmentation de 42\u00a0% de son chiffre d\u2019affaires mensuel, les clients affirmant que le couvercle en or rose \u00ab\u00a0donnait au miel l\u2019allure d\u2019un cadeau luxueux\u00a0\u00bb. Ensuite, sa forme courte et arrondie r\u00e9duit les frais d\u2019exp\u00e9dition\u00a0: les apiculteurs indiquent pouvoir contenir 30\u00a0% de miel en plus par carton, ce qui r\u00e9duit leurs frais de port de 18\u00a0%. La marque a pass\u00e9 cinq nouvelles commandes au cours des 18\u00a0derniers mois et a \u00e9tendu nos contenants \u00e0 l\u2019ensemble de sa gamme de produits.<\/p>\n<h2>Recommandations de personnalisation du verre<\/h2>\n<ul>\n<li><strong>Couleur personnalis\u00e9e de la casquette\u00a0:<\/strong> Ne vous contentez pas de l&#039;or rose ou de l&#039;argent. Pour une reconnaissance imm\u00e9diate, choisissez une couleur de capuchon qui corresponde exactement \u00e0 la charte graphique de votre marque.<\/li>\n<li><strong>Logo de la marque en relief\u00a0:<\/strong> Faites int\u00e9grer subtilement votre logo ou votre nom de marque dans le verre pour un \u00e9l\u00e9ment de branding tactile et discret.<\/li>\n<li><strong>Format d&#039;image personnalis\u00e9 du pot\u00a0:<\/strong> Modifiez l\u00e9g\u00e8rement les proportions d&#039;un mod\u00e8le massif pour obtenir une forme de pot totalement in\u00e9dite et unique.<\/li>\n<li><strong>Finition mate :<\/strong> Appliquez une finition mate sur l&#039;ensemble du verre, lui conf\u00e9rant un toucher doux et diffus pour une sensation haut de gamme incomparable.<\/li>\n<\/ul>","protected":false},"excerpt":{"rendered":"<p>Bocaux \u00e0 miel ronds en verre transparent, d&#039;une grande clart\u00e9 et d&#039;une apparence haut de gamme. Disponibles en diff\u00e9rentes tailles, personnalisables, avec \u00e9chantillons gratuits et remises sur quantit\u00e9.<\/p>","protected":false},"featured_media":1899,"template":"","meta":{"postBodyCss":"","postBodyMargin":[],"postBodyPadding":[],"postBodyBackground":{"backgroundType":"classic","gradient":""}},"product_brand":[],"product_cat":[15,17,52],"product_tag":[],"class_list":{"0":"post-1896","1":"product","2":"type-product","3":"status-publish","4":"has-post-thumbnail","6":"product_cat-glass-containers","7":"product_cat-glass-jars","8":"product_cat-glass-honey-jars","10":"first","11":"instock","12":"shipping-taxable","13":"product-type-simple"},"jetpack_sharing_enabled":true,"_links":{"self":[{"href":"https:\/\/minghanggroup.com\/fr\/wp-json\/wp\/v2\/product\/1896","targetHints":{"allow":["GET"]}}],"collection":[{"href":"https:\/\/minghanggroup.com\/fr\/wp-json\/wp\/v2\/product"}],"about":[{"href":"https:\/\/minghanggroup.com\/fr\/wp-json\/wp\/v2\/types\/product"}],"wp:featuredmedia":[{"embeddable":true,"href":"https:\/\/minghanggroup.com\/fr\/wp-json\/wp\/v2\/media\/1899"}],"wp:attachment":[{"href":"https:\/\/minghanggroup.com\/fr\/wp-json\/wp\/v2\/media?parent=1896"}],"wp:term":[{"taxonomy":"product_brand","embeddable":true,"href":"https:\/\/minghanggroup.com\/fr\/wp-json\/wp\/v2\/product_brand?post=1896"},{"taxonomy":"product_cat","embeddable":true,"href":"https:\/\/minghanggroup.com\/fr\/wp-json\/wp\/v2\/product_cat?post=1896"},{"taxonomy":"product_tag","embeddable":true,"href":"https:\/\/minghanggroup.com\/fr\/wp-json\/wp\/v2\/product_tag?post=1896"}],"curies":[{"name":"wp","href":"https:\/\/api.w.org\/{rel}","templated":true}]}}