{"id":1891,"date":"2025-10-22T13:02:51","date_gmt":"2025-10-22T05:02:51","guid":{"rendered":"https:\/\/minghanggroup.com\/?post_type=product&#038;p=1891"},"modified":"2025-10-22T17:11:23","modified_gmt":"2025-10-22T09:11:23","slug":"wholesale-round-glass-honey-bottles-and-jam-jars","status":"publish","type":"product","link":"https:\/\/minghanggroup.com\/fr\/produit\/wholesale-round-glass-honey-bottles-and-jam-jars\/","title":{"rendered":"Bouteilles de miel et pots de confiture ronds en verre de 100 ml \u00e0 500 ml en gros"},"content":{"rendered":"<p>Les bouteilles de miel sont con\u00e7ues avec un corps en verre transparent, de forme cylindrique et esth\u00e9tique, et un couvercle noir. Leur design minimaliste et pratique est disponible en diff\u00e9rents contenances.<\/p>\n<h2>Caract\u00e9ristiques du produit<\/h2>\n<ul>\n<li><strong>Forme cylindrique :<\/strong> L&#039;utilisation de ce r\u00e9cipient cylindrique tendance pour le miel en fait non seulement une solution id\u00e9ale pour le stockage dans la cuisine, mais aussi dans d&#039;autres pi\u00e8ces, permettant ainsi un gain de place.<\/li>\n<li><strong>Bouche large :<\/strong> Gr\u00e2ce \u00e0 l&#039;ouverture facile permise par cette conception, le remplissage est rapide et le nettoyage sans effort, permettant ainsi aux clients de se servir du miel sans se salir les mains.<\/li>\n<li><strong>Plusieurs tailles disponibles :<\/strong> Nous proposons des pots de miel adapt\u00e9s \u00e0 tout le cycle de vente, depuis les petits pots de 100 ml pour les \u00e9chantillons jusqu&#039;aux pots de miel en vrac de 500 ml.<\/li>\n<\/ul>\n<h2>Caract\u00e9ristiques principales<\/h2>\n<table style=\"border-collapse: collapse; margin-left: auto; margin-right: auto; width: 455.27pt;\" border=\"0\" width=\"607\" cellspacing=\"0\" cellpadding=\"0\">\n<tbody>\n<tr style=\"height: 13.50pt;\">\n<td style=\"height: 13.50pt; width: 90.00pt;\" width=\"120\" height=\"18\">Fonctionnalit\u00e9<\/td>\n<td style=\"width: 365.25pt;\" width=\"487\">Sp\u00e9cification<\/td>\n<\/tr>\n<tr style=\"height: 13.50pt;\">\n<td style=\"height: 13.50pt;\" height=\"18\">Capacit\u00e9<\/td>\n<td>100 ml, 150 ml, 180 ml, 220 ml, 280 ml, 380 ml, 500 ml<\/td>\n<\/tr>\n<tr style=\"height: 13.50pt;\">\n<td style=\"height: 13.50pt;\" height=\"18\">Taille<\/td>\n<td>6,1 \u00d7 6,8 cm \u00e0 8,5 \u00d7 12,8 cm<\/td>\n<\/tr>\n<tr style=\"height: 13.50pt;\">\n<td style=\"height: 13.50pt;\" height=\"18\">Mat\u00e9riel<\/td>\n<td>Verre transparent, couvercle \u00e0 vis en PP noir<\/td>\n<\/tr>\n<tr style=\"height: 13.50pt;\">\n<td style=\"height: 13.50pt;\" height=\"18\">Couleur du couvercle<\/td>\n<td>Noir (couleurs personnalis\u00e9es disponibles)<\/td>\n<\/tr>\n<tr style=\"height: 13.50pt;\">\n<td style=\"height: 13.50pt;\" height=\"18\">Id\u00e9al pour<\/td>\n<td>Miel brut, confitures, conserves<\/td>\n<\/tr>\n<tr style=\"height: 13.50pt;\">\n<td style=\"height: 13.50pt;\" height=\"18\">Utilisation id\u00e9ale<\/td>\n<td>Bouteille de miel, pots de confiture ronds, r\u00e9cipients \u00e0 miel en verre<\/td>\n<\/tr>\n<\/tbody>\n<\/table>\n<h2>Succ\u00e8s\u00a0: Un design classique stimule la croissance des ventes<\/h2>\n<p>Une coop\u00e9rative apicole de taille moyenne rencontrait des probl\u00e8mes d&#039;emballage. Pour y rem\u00e9dier, elle a test\u00e9 1\u00a0400 pots de miel ronds en verre avec couvercles noirs (200 de chaque format). Ce design pratique et facilement identifiable correspond parfaitement \u00e0 son image de marque de miel pur et naturel. Cette initiative a transform\u00e9 son activit\u00e9 de mani\u00e8re significative. Tout d&#039;abord, les sept formats de pots de miel affichent un taux de satisfaction client de 92\u00a0%, \u00e9liminant ainsi toute confusion entre les pots de diff\u00e9rents fournisseurs. Un producteur artisanal de confitures a constat\u00e9 une augmentation de 38\u00a0% de ses ventes de coffrets cadeaux gr\u00e2ce au format id\u00e9al des pots de 100\u00a0ml et 150\u00a0ml pour la d\u00e9gustation. De plus, les couvercles herm\u00e9tiques ont r\u00e9duit le gaspillage de miel et de confiture de 40\u00a0%, l&#039;incitant \u00e0 passer quatre commandes suppl\u00e9mentaires pour un total de 200\u00a0000 pots de miel afin de d\u00e9velopper son activit\u00e9.<\/p>\n<h2>Recommandations de personnalisation pour les pots \u00e0 miel en verre<\/h2>\n<ul>\n<li><strong>Personnalisation de la couleur du couvercle\u00a0:<\/strong> Pas seulement du noir\u00a0? En personnalisant la couleur des couvercles pour qu\u2019elle refl\u00e8te les couleurs de votre marque, vos clients peuvent vous identifier instantan\u00e9ment.<\/li>\n<li><strong>Choix des mat\u00e9riaux du couvercle\u00a0:<\/strong> Qu&#039;il s&#039;agisse de plastique ou de m\u00e9tal, choisissez la finition et la texture qui vous conviennent, pour un look glamour ou quotidien.<\/li>\n<li><strong>Gravure givr\u00e9e :<\/strong> Pour obtenir un aspect visuel \u00e9l\u00e9gant, raffin\u00e9, luxueux et artisanal, la gravure sur verre peut \u00eatre utilis\u00e9e pour cr\u00e9er des logos, des bandes ou des motifs d\u00e9polis sur le produit.<\/li>\n<li><strong>Teintes color\u00e9es :<\/strong> Les pots de miel peuvent \u00eatre un peu plus attrayants et capables d&#039;attirer davantage d&#039;acheteurs si de subtiles teintes ambr\u00e9es (pour le miel) ou rouges (pour la confiture) sont ajout\u00e9es \u00e0 la partie transparente du verre pour compl\u00e9ter le produit \u00e0 l&#039;int\u00e9rieur et permettre au pot d&#039;\u00eatre vu parmi les autres.<\/li>\n<li><strong>Capacit\u00e9 personnalis\u00e9e\u00a0:<\/strong> Notre gamme est vaste et si, pour toute autre raison, vous avez besoin d&#039;une capacit\u00e9 l\u00e9g\u00e8rement diff\u00e9rente, nous pouvons le faire en collaboration avec vous.<\/li>\n<\/ul>","protected":false},"excerpt":{"rendered":"<p>Bouteilles \u00e0 miel rondes en verre de diff\u00e9rentes tailles. Id\u00e9ales pour le conditionnement du miel et des confitures. Personnalisation du logo possible, prix de gros et livraison rapide.<\/p>","protected":false},"featured_media":1893,"template":"","meta":{"postBodyCss":"","postBodyMargin":[],"postBodyPadding":[],"postBodyBackground":{"backgroundType":"classic","gradient":""}},"product_brand":[],"product_cat":[15,17,52],"product_tag":[],"class_list":{"0":"post-1891","1":"product","2":"type-product","3":"status-publish","4":"has-post-thumbnail","6":"product_cat-glass-containers","7":"product_cat-glass-jars","8":"product_cat-glass-honey-jars","10":"first","11":"instock","12":"shipping-taxable","13":"product-type-simple"},"jetpack_sharing_enabled":true,"_links":{"self":[{"href":"https:\/\/minghanggroup.com\/fr\/wp-json\/wp\/v2\/product\/1891","targetHints":{"allow":["GET"]}}],"collection":[{"href":"https:\/\/minghanggroup.com\/fr\/wp-json\/wp\/v2\/product"}],"about":[{"href":"https:\/\/minghanggroup.com\/fr\/wp-json\/wp\/v2\/types\/product"}],"wp:featuredmedia":[{"embeddable":true,"href":"https:\/\/minghanggroup.com\/fr\/wp-json\/wp\/v2\/media\/1893"}],"wp:attachment":[{"href":"https:\/\/minghanggroup.com\/fr\/wp-json\/wp\/v2\/media?parent=1891"}],"wp:term":[{"taxonomy":"product_brand","embeddable":true,"href":"https:\/\/minghanggroup.com\/fr\/wp-json\/wp\/v2\/product_brand?post=1891"},{"taxonomy":"product_cat","embeddable":true,"href":"https:\/\/minghanggroup.com\/fr\/wp-json\/wp\/v2\/product_cat?post=1891"},{"taxonomy":"product_tag","embeddable":true,"href":"https:\/\/minghanggroup.com\/fr\/wp-json\/wp\/v2\/product_tag?post=1891"}],"curies":[{"name":"wp","href":"https:\/\/api.w.org\/{rel}","templated":true}]}}