{"id":1877,"date":"2025-10-22T08:47:53","date_gmt":"2025-10-22T00:47:53","guid":{"rendered":"https:\/\/minghanggroup.com\/?post_type=product&#038;p=1877"},"modified":"2025-10-22T17:43:30","modified_gmt":"2025-10-22T09:43:30","slug":"bulk-crystal-honey-bottles-square-jam-jars","status":"publish","type":"product","link":"https:\/\/minghanggroup.com\/fr\/produit\/bulk-crystal-honey-bottles-square-jam-jars\/","title":{"rendered":"Bouteilles de miel en cristal en vrac \u2013 Pots \u00e0 confiture carr\u00e9s 100 ml, 180 ml, 280 ml, 360 ml"},"content":{"rendered":"<p>De formes et de tailles vari\u00e9es, ces ravissantes bouteilles de miel sont fabriqu\u00e9es en verre carr\u00e9 transparent pour mettre en valeur un miel d\u00e9j\u00e0 dor\u00e9.<\/p>\n<h2>Caract\u00e9ristiques du produit<\/h2>\n<ul>\n<li><strong>Motif carr\u00e9 accrocheur\u00a0:<\/strong> Nos pots \u00e0 confiture carr\u00e9s sont fabriqu\u00e9s dans un mat\u00e9riau r\u00e9sistant, ils permettent \u00e9galement un gain de place et leur aspect fera sensation sur n&#039;importe quelle \u00e9tag\u00e8re.<\/li>\n<li><strong>Couvercles ferm\u00e9s :<\/strong> Pour pr\u00e9server la fra\u00eecheur du miel pendant le stockage, chaque couvercle est muni d&#039;une bande d&#039;\u00e9tanch\u00e9it\u00e9.<\/li>\n<li><strong>Flexible<\/strong>Ces r\u00e9cipients vous serviront non seulement pour le miel, mais aussi pour les confitures, les objets artisanaux et les produits secs.<\/li>\n<\/ul>\n<h2>Caract\u00e9ristiques principales<\/h2>\n<table style=\"border-collapse: collapse; margin-left: auto; margin-right: auto; width: 455.27pt;\" border=\"0\" width=\"607\" cellspacing=\"0\" cellpadding=\"0\">\n<tbody>\n<tr style=\"height: 13.50pt;\">\n<td style=\"height: 13.50pt; width: 90.00pt;\" width=\"120\" height=\"18\">Fonctionnalit\u00e9<\/td>\n<td style=\"width: 365.25pt;\" width=\"487\">Sp\u00e9cification<\/td>\n<\/tr>\n<tr style=\"height: 13.50pt;\">\n<td style=\"height: 13.50pt;\" height=\"18\">Capacit\u00e9<\/td>\n<td>100 ml, 180 ml, 280 ml, 360 ml<\/td>\n<\/tr>\n<tr style=\"height: 13.50pt;\">\n<td style=\"height: 13.50pt;\" height=\"18\">Dimensions<\/td>\n<td>5,8 \u00d7 7,9 cm \u00e0 8,0 \u00d7 12,0 cm<\/td>\n<\/tr>\n<tr style=\"height: 13.50pt;\">\n<td style=\"height: 13.50pt;\" height=\"18\">Mat\u00e9riel<\/td>\n<td>Couvercle \u00e0 vis en verre transparent, en PP ou en bois<\/td>\n<\/tr>\n<tr style=\"height: 13.50pt;\">\n<td style=\"height: 13.50pt;\" height=\"18\">Options de couvercle<\/td>\n<td>Or, rouge, argent, bois (personnalisation possible)<\/td>\n<\/tr>\n<tr style=\"height: 13.50pt;\">\n<td style=\"height: 13.50pt;\" height=\"18\">Id\u00e9al pour<\/td>\n<td>Miel, confiture, conserves<\/td>\n<\/tr>\n<tr style=\"height: 13.50pt;\">\n<td style=\"height: 13.50pt;\" height=\"18\">Utilisation id\u00e9ale<\/td>\n<td>Bouteilles de miel, contenants \u00e0 miel en verre, pots de miel en vrac<\/td>\n<\/tr>\n<\/tbody>\n<\/table>\n<h2>Succ\u00e8s\u00a0: Valoriser une marque artisanale<\/h2>\n<p>L&#039;entreprise apicole locale, productrice de miel artisanal et soucieuse de proposer un emballage haut de gamme, a choisi nos pots \u00e0 confiture carr\u00e9s de 180 ml avec couvercles en bois. L&#039;alliance du bois et des couvercles dor\u00e9s am\u00e9liore l&#039;exp\u00e9rience utilisateur et a permis d&#039;augmenter les ventes de 42 %. La transparence du verre r\u00e9v\u00e8le la couleur dor\u00e9e du miel, tandis que la forme carr\u00e9e assure une pr\u00e9sentation harmonieuse en rayon et conf\u00e8re une allure premium. Les clients ont majoritairement pl\u00e9biscit\u00e9 le design des pots, et l&#039;entreprise a d\u00e9j\u00e0 pass\u00e9 trois nouvelles commandes de 100\u00a0000 pots chacune.<\/p>\n<h2>Suggestions de personnalisation pour pots \u00e0 miel en verre<\/h2>\n<ul>\n<li><strong>Couleur du couvercle :<\/strong> Il peut s&#039;agir d&#039;une de nos couleurs m\u00e9talliques (or, argent ou rouge) ou d&#039;un effet bois. Vous pouvez \u00e9galement choisir une r\u00e9f\u00e9rence Pantone pour obtenir la couleur exacte de la marque.<\/li>\n<li><strong>Gaufrage du verre\u00a0:<\/strong> D&#039;une mani\u00e8re ou d&#039;une autre, votre logo, voire un motif complexe, peut \u00eatre appos\u00e9 directement sur le verre pour apporter une touche de style haut de gamme \u00e0 l&#039;ensemble.<\/li>\n<li><strong>S\u00e9rigraphie :<\/strong> Imprimez votre logo et votre design en couleur directement sur le verre pour obtenir un article \u00e9clatant et durable.<\/li>\n<li><strong>R\u00e9glage du volume\u00a0:<\/strong> Si nos mesures par d\u00e9faut ne vous conviennent pas, nous pouvons vous aider \u00e0 r\u00e9aliser des bocaux d&#039;un volume l\u00e9g\u00e8rement diff\u00e9rent.<\/li>\n<\/ul>\n<p>Et si vous choisissiez ensemble les pots et bouteilles de miel les plus adapt\u00e9s \u00e0 votre activit\u00e9\u00a0? Notre collection de contenants en verre mettra parfaitement en valeur vos produits. Contactez-nous pour discuter de vos commandes de pots de miel en gros et de vos projets de personnalisation.<\/p>","protected":false},"excerpt":{"rendered":"<p>Bouteilles \u00e0 miel carr\u00e9es en verre de qualit\u00e9 sup\u00e9rieure, avec diff\u00e9rents choix de couvercles. Id\u00e9ales pour le conditionnement du miel et des confitures. Vente directe d&#039;usine, \u00e9chantillons gratuits et tarifs d\u00e9gressifs.<\/p>","protected":false},"featured_media":1880,"template":"","meta":{"postBodyCss":"","postBodyMargin":[],"postBodyPadding":[],"postBodyBackground":{"backgroundType":"classic","gradient":""}},"product_brand":[],"product_cat":[15,17,52],"product_tag":[],"class_list":{"0":"post-1877","1":"product","2":"type-product","3":"status-publish","4":"has-post-thumbnail","6":"product_cat-glass-containers","7":"product_cat-glass-jars","8":"product_cat-glass-honey-jars","10":"first","11":"instock","12":"shipping-taxable","13":"product-type-simple"},"jetpack_sharing_enabled":true,"_links":{"self":[{"href":"https:\/\/minghanggroup.com\/fr\/wp-json\/wp\/v2\/product\/1877","targetHints":{"allow":["GET"]}}],"collection":[{"href":"https:\/\/minghanggroup.com\/fr\/wp-json\/wp\/v2\/product"}],"about":[{"href":"https:\/\/minghanggroup.com\/fr\/wp-json\/wp\/v2\/types\/product"}],"wp:featuredmedia":[{"embeddable":true,"href":"https:\/\/minghanggroup.com\/fr\/wp-json\/wp\/v2\/media\/1880"}],"wp:attachment":[{"href":"https:\/\/minghanggroup.com\/fr\/wp-json\/wp\/v2\/media?parent=1877"}],"wp:term":[{"taxonomy":"product_brand","embeddable":true,"href":"https:\/\/minghanggroup.com\/fr\/wp-json\/wp\/v2\/product_brand?post=1877"},{"taxonomy":"product_cat","embeddable":true,"href":"https:\/\/minghanggroup.com\/fr\/wp-json\/wp\/v2\/product_cat?post=1877"},{"taxonomy":"product_tag","embeddable":true,"href":"https:\/\/minghanggroup.com\/fr\/wp-json\/wp\/v2\/product_tag?post=1877"}],"curies":[{"name":"wp","href":"https:\/\/api.w.org\/{rel}","templated":true}]}}