{"id":1869,"date":"2025-10-21T16:10:26","date_gmt":"2025-10-21T08:10:26","guid":{"rendered":"https:\/\/minghanggroup.com\/?post_type=product&#038;p=1869"},"modified":"2025-10-21T17:54:07","modified_gmt":"2025-10-21T09:54:07","slug":"wholesale-unique-honeycomb-glass-jars-with-screw-metal-lids","status":"publish","type":"product","link":"https:\/\/minghanggroup.com\/fr\/produit\/wholesale-unique-honeycomb-glass-jars-with-screw-metal-lids\/","title":{"rendered":"Bocaux en verre alv\u00e9ol\u00e9 uniques en gros, avec couvercles m\u00e9talliques \u00e0 vis, 3 oz \u00e0 16oz"},"content":{"rendered":"<p>Ces pots en verre alv\u00e9ol\u00e9 au design unique sont fabriqu\u00e9s en verre transparent et sont munis d&#039;un couvercle noir. Ils sont disponibles en diff\u00e9rentes tailles pour une conservation optimale du miel.<\/p>\n<h2>Caract\u00e9ristiques du produit<\/h2>\n<ul>\n<li><strong>Texture alv\u00e9ol\u00e9e v\u00e9ritable :<\/strong> Moul\u00e9e d&#039;une seule pi\u00e8ce avec le verre, sans autocollants ni \u00e9tiquettes, pour une pr\u00e9sentation authentique et permanente.<\/li>\n<li><strong>Verre transparent : qualit\u00e9 sup\u00e9rieure<\/strong> On peut apercevoir le miel dor\u00e9 \u00e0 l&#039;int\u00e9rieur. Sa texture sublime la lumi\u00e8re et le fait scintiller.<\/li>\n<li><strong>Conception \u00e0 large ouverture pour un remplissage rapide\u00a0:<\/strong> Gain de temps lors de la mise en bouteille. Peut \u00eatre utilis\u00e9 avec une cuill\u00e8re ou une pompe pour une utilisation propre et hygi\u00e9nique.<\/li>\n<\/ul>\n<h2>Caract\u00e9ristiques principales<\/h2>\n<table style=\"border-collapse: collapse; margin-left: auto; margin-right: auto; width: 518.27pt;\" border=\"0\" width=\"691\" cellspacing=\"0\" cellpadding=\"0\">\n<tbody>\n<tr style=\"height: 13.50pt;\">\n<td style=\"height: 13.50pt; width: 99.75pt;\" width=\"133\" height=\"18\">Fonctionnalit\u00e9<\/td>\n<td style=\"width: 418.50pt;\" width=\"558\">Sp\u00e9cification<\/td>\n<\/tr>\n<tr style=\"height: 13.50pt;\">\n<td style=\"height: 13.50pt;\" height=\"18\">Capacit\u00e9<\/td>\n<td>100 ml \/ 3 oz, 250 ml \/ 8 oz, 500 ml \/ 16 oz, 1000 ml \/ 32 oz<\/td>\n<\/tr>\n<tr style=\"height: 13.50pt;\">\n<td style=\"height: 13.50pt;\" height=\"18\">Dimensions<\/td>\n<td>5,3 \u00d7 8,0 cm \u00e0 10,1 \u00d7 14,7 cm<\/td>\n<\/tr>\n<tr style=\"height: 13.50pt;\">\n<td style=\"height: 13.50pt;\" height=\"18\">Mat\u00e9riel<\/td>\n<td>Verre transparent, couvercle \u00e0 vis en PP noir<\/td>\n<\/tr>\n<tr style=\"height: 13.50pt;\">\n<td style=\"height: 13.50pt;\" height=\"18\">Texture<\/td>\n<td>Motif en nid d&#039;abeille 3D (corps entier)<\/td>\n<\/tr>\n<tr style=\"height: 13.50pt;\">\n<td style=\"height: 13.50pt;\" height=\"18\">Couleur du couvercle<\/td>\n<td>Noir (couleurs personnalis\u00e9es disponibles)<\/td>\n<\/tr>\n<tr style=\"height: 13.50pt;\">\n<td style=\"height: 13.50pt;\" height=\"18\">Id\u00e9al pour<\/td>\n<td>Miel brut, coffrets cadeaux, m\u00e9langes artisanaux<\/td>\n<\/tr>\n<tr style=\"height: 13.50pt;\">\n<td style=\"height: 13.50pt;\" height=\"18\">Utilisation id\u00e9ale<\/td>\n<td>Bocaux en verre alv\u00e9ol\u00e9s, pots \u00e0 miel originaux, contenants \u00e0 miel en verre<\/td>\n<\/tr>\n<\/tbody>\n<\/table>\n<h2>T\u00e9moignage de r\u00e9ussite\u00a0: Des pots de miel \u00e0 th\u00e8me pour dynamiser une entreprise<\/h2>\n<p>Une entreprise apicole familiale locale \u00e9tait au bord de la faillite face \u00e0 une concurrence f\u00e9roce. Elle a finalement opt\u00e9 pour un repositionnement de ses produits en utilisant nos pots en verre alv\u00e9ol\u00e9s de 500 ml. Le succ\u00e8s fut ph\u00e9nom\u00e9nal. Tout d&#039;abord, le motif alv\u00e9ol\u00e9 original a tellement s\u00e9duit la client\u00e8le que le nombre de clients fid\u00e8les a augment\u00e9 de 45 %. Ensuite, ce nouvel emballage a permis de r\u00e9duire de 40 % les dommages caus\u00e9s aux produits pendant le transport, compar\u00e9 aux pots en verre lisse ou non textur\u00e9. Le distributeur \u00e9conomise ainsi 280 $ par mois sur les co\u00fbts de remplacement. Fort de ce succ\u00e8s, l&#039;entreprise a sign\u00e9 un contrat avec une soci\u00e9t\u00e9 d&#039;abonnement de produits gastronomiques r\u00e9gionaux, qui a besoin d&#039;un approvisionnement r\u00e9gulier et important en pots de miel chaque trimestre. Client fid\u00e8le depuis plus de deux ans, cette soci\u00e9t\u00e9 a pass\u00e9 sept commandes cons\u00e9cutives de 100\u00a0000 unit\u00e9s et a r\u00e9cemment ajout\u00e9 des pots de miel de 100 ml \u00e0 sa gamme de coffrets cadeaux.<\/p>\n<h2>Personnaliser vos pots en nid d&#039;abeille<\/h2>\n<ul>\n<li><strong>Couvercle m\u00e9tallique :<\/strong> Remplacez le couvercle en plastique par un couvercle en m\u00e9tal mat afin de donner \u00e0 l&#039;objet une allure plus luxueuse.<\/li>\n<li><strong>Monogrammez votre nom\u00a0:<\/strong> Mettez davantage en valeur le logo ou les initiales de la marque en les embossant subtilement sur le couvercle pour un aspect raffin\u00e9.<\/li>\n<li><strong>Teintes de verre :<\/strong> Utilisez du verre ambr\u00e9 ou vert pour emballer votre miel\u00a0: cela lui donnera un aspect diff\u00e9rent et prot\u00e9gera \u00e9galement son contenu des rayons nocifs du soleil.<\/li>\n<li><strong>Formes personnalis\u00e9es :<\/strong> Si vous pr\u00e9voyez d&#039;acheter en gros de grandes quantit\u00e9s, nous pouvons fabriquer vos bocaux dans la forme de votre choix.<\/li>\n<\/ul>\n<p>Envie de marquer les esprits avec les pots \u00e0 th\u00e8me les plus originaux du march\u00e9\u00a0? Contactez-nous pour un devis de vente en gros et d\u00e9couvrez notre gamme compl\u00e8te de pots de miel en vrac. Ensemble, construisons votre marque.<\/p>","protected":false},"excerpt":{"rendered":"<p>Bocaux en verre alv\u00e9ol\u00e9 au design textur\u00e9, uniques en leur genre. Id\u00e9aux pour les marques de miel haut de gamme. Vente en gros, livraison rapide et options de personnalisation.<\/p>","protected":false},"featured_media":1873,"template":"","meta":{"postBodyCss":"","postBodyMargin":[],"postBodyPadding":[],"postBodyBackground":{"backgroundType":"classic","gradient":""}},"product_brand":[],"product_cat":[15,17,52],"product_tag":[],"class_list":{"0":"post-1869","1":"product","2":"type-product","3":"status-publish","4":"has-post-thumbnail","6":"product_cat-glass-containers","7":"product_cat-glass-jars","8":"product_cat-glass-honey-jars","10":"first","11":"instock","12":"shipping-taxable","13":"product-type-simple"},"jetpack_sharing_enabled":true,"_links":{"self":[{"href":"https:\/\/minghanggroup.com\/fr\/wp-json\/wp\/v2\/product\/1869","targetHints":{"allow":["GET"]}}],"collection":[{"href":"https:\/\/minghanggroup.com\/fr\/wp-json\/wp\/v2\/product"}],"about":[{"href":"https:\/\/minghanggroup.com\/fr\/wp-json\/wp\/v2\/types\/product"}],"wp:featuredmedia":[{"embeddable":true,"href":"https:\/\/minghanggroup.com\/fr\/wp-json\/wp\/v2\/media\/1873"}],"wp:attachment":[{"href":"https:\/\/minghanggroup.com\/fr\/wp-json\/wp\/v2\/media?parent=1869"}],"wp:term":[{"taxonomy":"product_brand","embeddable":true,"href":"https:\/\/minghanggroup.com\/fr\/wp-json\/wp\/v2\/product_brand?post=1869"},{"taxonomy":"product_cat","embeddable":true,"href":"https:\/\/minghanggroup.com\/fr\/wp-json\/wp\/v2\/product_cat?post=1869"},{"taxonomy":"product_tag","embeddable":true,"href":"https:\/\/minghanggroup.com\/fr\/wp-json\/wp\/v2\/product_tag?post=1869"}],"curies":[{"name":"wp","href":"https:\/\/api.w.org\/{rel}","templated":true}]}}