{"id":1853,"date":"2025-10-21T12:59:50","date_gmt":"2025-10-21T04:59:50","guid":{"rendered":"https:\/\/minghanggroup.com\/?post_type=product&#038;p=1853"},"modified":"2025-10-21T17:49:48","modified_gmt":"2025-10-21T09:49:48","slug":"wholesale-hexagon-glass-honey-jars-with-dipper-wood-lid","status":"publish","type":"product","link":"https:\/\/minghanggroup.com\/fr\/produit\/wholesale-hexagon-glass-honey-jars-with-dipper-wood-lid\/","title":{"rendered":"Pots \u00e0 miel hexagonaux en verre de 220 ml et 380 ml avec couvercle en bois et cuill\u00e8re doseuse"},"content":{"rendered":"<p>Ces pots \u00e0 miel en verre expriment visuellement la seule et unique caract\u00e9ristique naturelle et la plus charmante du miel dor\u00e9 gr\u00e2ce \u00e0 leurs \u00e9l\u00e9ments : un corps en verre transparent \u00e0 six faces, un couvercle en bois et une encoche \u00e0 miel en bois int\u00e9gr\u00e9e, le tout combin\u00e9 de mani\u00e8re tr\u00e8s pratique.<\/p>\n<h2>Caract\u00e9ristiques du produit<\/h2>\n<ul>\n<li><strong>Cuill\u00e8re \u00e0 miel en bois int\u00e9gr\u00e9e :<\/strong> La cuill\u00e8re \u00e0 miel en bois est fix\u00e9e \u00e0 la bouteille \u00e0 l&#039;aide d&#039;une petite vis en bois, ce qui facilite grandement le pr\u00e9l\u00e8vement du miel dans la bouteille.<\/li>\n<li><strong>Conception \u00e0 large ouverture\u00a0:<\/strong> Cette fonctionnalit\u00e9 offre un moyen rapide et sans probl\u00e8me de remplir le pot de miel \u00e0 pleine capacit\u00e9, incitant ainsi le client \u00e0 continuer d&#039;en acheter en rayon.<\/li>\n<li><strong>Clart\u00e9 optimale :<\/strong> Les r\u00e9cipients en verre que nous fournissons sont fabriqu\u00e9s en verre transparent de premi\u00e8re qualit\u00e9 ; ainsi, la couleur naturelle \u00e9clatante et la puret\u00e9 du miel sont toujours exemplaires et constituent un r\u00e9gal pour les yeux.<\/li>\n<li><strong>Forme hexagonale :<\/strong> Sa forme hexagonale distinctive offre une solution de rangement et d&#039;exposition pratique dans la cuisine et lib\u00e8re l&#039;espace du plan de travail et des placards pour d&#039;autres t\u00e2ches m\u00e9nag\u00e8res.<\/li>\n<\/ul>\n<h2>Caract\u00e9ristiques principales<\/h2>\n<table style=\"border-collapse: collapse; margin-left: auto; margin-right: auto; width: 389.27pt;\" border=\"0\" width=\"519\" cellspacing=\"0\" cellpadding=\"0\">\n<tbody>\n<tr style=\"height: 13.50pt;\">\n<td style=\"height: 13.50pt; width: 85.50pt;\" width=\"114\" height=\"18\">Fonctionnalit\u00e9<\/td>\n<td style=\"width: 303.75pt;\" width=\"405\">Sp\u00e9cification<\/td>\n<\/tr>\n<tr style=\"height: 13.50pt;\">\n<td style=\"height: 13.50pt;\" height=\"18\">Dimensions<\/td>\n<td>11,7 \u00d7 11,8 cm (220 ml), 5,4 \u00d7 10,3 cm (380 ml)<\/td>\n<\/tr>\n<tr style=\"height: 13.50pt;\">\n<td style=\"height: 13.50pt;\" height=\"18\">Mat\u00e9riel<\/td>\n<td>Verre transparent, couvercle et cuill\u00e8re en bois naturel<\/td>\n<\/tr>\n<tr style=\"height: 13.50pt;\">\n<td style=\"height: 13.50pt;\" height=\"18\">Couvercle<\/td>\n<td>Bouchon en bois massif \u00e0 visser<\/td>\n<\/tr>\n<tr style=\"height: 13.50pt;\">\n<td style=\"height: 13.50pt;\" height=\"18\">Louche<\/td>\n<td>B\u00e2ton en bois rainur\u00e9 en spirale<\/td>\n<\/tr>\n<tr style=\"height: 13.50pt;\">\n<td style=\"height: 13.50pt;\" height=\"18\">Utilisation id\u00e9ale<\/td>\n<td>Pots \u00e0 miel, contenants \u00e0 miel en verre, coffrets cadeaux<\/td>\n<\/tr>\n<\/tbody>\n<\/table>\n<h2>Succ\u00e8s\u00a0: Valoriser une marque artisanale<\/h2>\n<p>Un apiculteur de taille moyenne, sp\u00e9cialis\u00e9 dans le miel d&#039;origine unique, recherchait une solution d&#039;emballage refl\u00e9tant la qualit\u00e9 exceptionnelle de ses produits. Il a opt\u00e9 pour notre produit phare\u00a0: les pots \u00e0 miel hexagonaux de 380\u00a0ml. Imm\u00e9diatement, ce concept unique a rencontr\u00e9 un vif succ\u00e8s, avec des r\u00e9sultats impressionnants. Tout d&#039;abord, l&#039;apiculteur a constat\u00e9 une augmentation de 40\u00a0% du taux de rotation des stocks en magasin\u00a0: les pots hexagonaux orn\u00e9s de d\u00e9tails en bois ont fait sensation et attir\u00e9 davantage de clients. Ensuite, le couvercle en bois herm\u00e9tique a permis de r\u00e9duire de 35\u00a0% les pertes de miel, limitant ainsi les retours et le gaspillage. Ce succ\u00e8s a g\u00e9n\u00e9r\u00e9 un v\u00e9ritable engouement sur le march\u00e9 et a conduit \u00e0 trois commandes de r\u00e9approvisionnement totalisant 300\u00a0000\u00a0pots. L&#039;apiculteur pr\u00e9voit d\u00e9sormais de lancer une nouvelle gamme de pots et de bouteilles \u00e0 miel en verre personnalis\u00e9s.<\/p>\n<h2>Suggestions de personnalisation pour pots \u00e0 miel en verre<\/h2>\n<ul>\n<li><strong>Mat\u00e9riau du couvercle :<\/strong> Au lieu de couvercles en bois classiques, optez pour des couvercles en bambou ou en m\u00e9tal recycl\u00e9.<\/li>\n<li><strong>Cuill\u00e8re \u00e0 miel :<\/strong> La cuill\u00e8re \u00e0 miel int\u00e9gr\u00e9e au pot en verre peut \u00eatre personnalis\u00e9e en longueur ou en essence de bois.<\/li>\n<li><strong>Couleur du verre :<\/strong> Bien que la majorit\u00e9 des consommateurs pr\u00e9f\u00e8rent un r\u00e9cipient en verre transparent, ils optent parfois pour des r\u00e9cipients en verre color\u00e9, comme l&#039;ambre ou le vert, pour un aspect diff\u00e9rent et pour se prot\u00e9ger du soleil.<\/li>\n<li><strong>Gravure sur verre :<\/strong> Imprimez le logo de votre entreprise ou tout autre motif de votre choix sur votre contenant avec une surface d\u00e9polie pour un aspect luxueux.<\/li>\n<\/ul>\n<p>Vous souhaitez un emballage de miel en gros de qualit\u00e9 sup\u00e9rieure\u00a0? Contactez-nous d\u00e8s aujourd\u2019hui pour nous faire part de vos besoins et obtenir un devis pour vos pots de miel en vrac.<\/p>","protected":false},"excerpt":{"rendered":"<p>\u00c9l\u00e9gants pots \u00e0 miel hexagonaux en verre avec couvercles et cuill\u00e8res en bois. Parfaits pour les marques de miel. Logo personnalis\u00e9, \u00e9chantillons gratuits et remises sur les commandes en gros offerts.<\/p>","protected":false},"featured_media":1857,"template":"","meta":{"postBodyCss":"","postBodyMargin":[],"postBodyPadding":[],"postBodyBackground":{"backgroundType":"classic","gradient":""}},"product_brand":[],"product_cat":[15,17,52],"product_tag":[],"class_list":{"0":"post-1853","1":"product","2":"type-product","3":"status-publish","4":"has-post-thumbnail","6":"product_cat-glass-containers","7":"product_cat-glass-jars","8":"product_cat-glass-honey-jars","10":"first","11":"instock","12":"shipping-taxable","13":"product-type-simple"},"jetpack_sharing_enabled":true,"_links":{"self":[{"href":"https:\/\/minghanggroup.com\/fr\/wp-json\/wp\/v2\/product\/1853","targetHints":{"allow":["GET"]}}],"collection":[{"href":"https:\/\/minghanggroup.com\/fr\/wp-json\/wp\/v2\/product"}],"about":[{"href":"https:\/\/minghanggroup.com\/fr\/wp-json\/wp\/v2\/types\/product"}],"wp:featuredmedia":[{"embeddable":true,"href":"https:\/\/minghanggroup.com\/fr\/wp-json\/wp\/v2\/media\/1857"}],"wp:attachment":[{"href":"https:\/\/minghanggroup.com\/fr\/wp-json\/wp\/v2\/media?parent=1853"}],"wp:term":[{"taxonomy":"product_brand","embeddable":true,"href":"https:\/\/minghanggroup.com\/fr\/wp-json\/wp\/v2\/product_brand?post=1853"},{"taxonomy":"product_cat","embeddable":true,"href":"https:\/\/minghanggroup.com\/fr\/wp-json\/wp\/v2\/product_cat?post=1853"},{"taxonomy":"product_tag","embeddable":true,"href":"https:\/\/minghanggroup.com\/fr\/wp-json\/wp\/v2\/product_tag?post=1853"}],"curies":[{"name":"wp","href":"https:\/\/api.w.org\/{rel}","templated":true}]}}