{"id":1848,"date":"2025-10-20T16:01:18","date_gmt":"2025-10-20T08:01:18","guid":{"rendered":"https:\/\/minghanggroup.com\/?post_type=product&#038;p=1848"},"modified":"2025-10-20T17:18:10","modified_gmt":"2025-10-20T09:18:10","slug":"bulk-dual-function-glass-2-in-1-oil-dispensers-with-handle","status":"publish","type":"product","link":"https:\/\/minghanggroup.com\/fr\/produit\/bulk-dual-function-glass-2-in-1-oil-dispensers-with-handle\/","title":{"rendered":"Distributeurs d&#039;huile en verre double fonction 2 en 1 de 450 ml avec poign\u00e9e"},"content":{"rendered":"<p>Cette bouteille d&#039;huile en verre transparent est dot\u00e9e d&#039;un bouchon vert clair rafra\u00eechissant, d&#039;une poign\u00e9e pratique et d&#039;une paille int\u00e9gr\u00e9e pour un service facile. Elle allie style et fonctionnalit\u00e9 pour une exp\u00e9rience culinaire optimale.<\/p>\n<h2>Caract\u00e9ristiques du produit<\/h2>\n<ul>\n<li><strong>Conception \u00e0 double fonction :<\/strong> Alternez facilement les fonctions de l&#039;appareil pour un versement pr\u00e9cis ou m\u00eame une pulv\u00e9risation.<\/li>\n<li><strong>Conception de la poign\u00e9e\u00a0:<\/strong> La poign\u00e9e int\u00e9gr\u00e9e offre une prise en main ferme et confortable ainsi qu&#039;un acc\u00e8s facile.<\/li>\n<li><strong>Verre transparent :<\/strong> Gr\u00e2ce au verre transparent, on peut facilement contr\u00f4ler le niveau d&#039;huile dans la bouteille, ce qui simplifie le remplissage.<\/li>\n<\/ul>\n<h2>Caract\u00e9ristiques principales<\/h2>\n<table style=\"border-collapse: collapse; margin-left: auto; margin-right: auto; width: 575.27pt;\" border=\"0\" width=\"767\" cellspacing=\"0\" cellpadding=\"0\">\n<tbody>\n<tr style=\"height: 13.50pt;\">\n<td style=\"height: 13.50pt; width: 103.50pt;\" width=\"138\" height=\"18\">Fonctionnalit\u00e9<\/td>\n<td style=\"width: 471.75pt;\" width=\"629\">Sp\u00e9cification<\/td>\n<\/tr>\n<tr style=\"height: 13.50pt;\">\n<td style=\"height: 13.50pt;\" height=\"18\">Capacit\u00e9<\/td>\n<td>450 ml<\/td>\n<\/tr>\n<tr style=\"height: 13.50pt;\">\n<td style=\"height: 13.50pt;\" height=\"18\">Dimensions<\/td>\n<td>8,0 \u00d7 18,5 cm<\/td>\n<\/tr>\n<tr style=\"height: 13.50pt;\">\n<td style=\"height: 13.50pt;\" height=\"18\">Mat\u00e9riel<\/td>\n<td>Verre transparent, pompe et couvercle en PP<\/td>\n<\/tr>\n<tr style=\"height: 13.50pt;\">\n<td style=\"height: 13.50pt;\" height=\"18\">Type de distributeur<\/td>\n<td>Double fonction : vaporiser + verser<\/td>\n<\/tr>\n<tr style=\"height: 13.50pt;\">\n<td style=\"height: 13.50pt;\" height=\"18\">Couleur du couvercle<\/td>\n<td>Vert clair avec poign\u00e9e ergonomique<\/td>\n<\/tr>\n<tr style=\"height: 13.50pt;\">\n<td style=\"height: 13.50pt;\" height=\"18\">Id\u00e9al pour<\/td>\n<td>Huiles d&#039;olive, vinaigres, vinaigrettes, marinades<\/td>\n<\/tr>\n<tr style=\"height: 13.50pt;\">\n<td style=\"height: 13.50pt;\" height=\"18\">Utilisation id\u00e9ale<\/td>\n<td>Distributeur d&#039;huile 2 en 1, flacon pulv\u00e9risateur d&#039;huile en verre, flacons d&#039;huile, rangement pour la cuisine<\/td>\n<\/tr>\n<\/tbody>\n<\/table>\n<h2>Succ\u00e8s\u00a0: Conqu\u00e9rir le march\u00e9 gastronomique<\/h2>\n<p>Une marque d&#039;abonnements de produits gastronomiques recherchait un produit phare pour ses coffrets premium. Elle a d\u00e9couvert notre distributeur d&#039;huile 2 en 1 et a donc pass\u00e9 une premi\u00e8re commande de 5\u00a0000 unit\u00e9s. L&#039;accueil fut positif\u00a0: la double fonctionnalit\u00e9 a permis de r\u00e9duire le gaspillage d&#039;huile de 28\u00a0%. Le taux de fid\u00e9lisation des abonn\u00e9s a bondi de 25\u00a0% ce trimestre-l\u00e0, et les r\u00e9sultats d&#039;une enqu\u00eate ont r\u00e9v\u00e9l\u00e9 que le distributeur d&#039;huile \u00e9tait le produit le plus populaire. Forte de ce succ\u00e8s, l&#039;entreprise a lanc\u00e9 avec succ\u00e8s une gamme d&#039;ustensiles de cuisine, faisant de notre bouteille d&#039;huile son produit phare. Celle-ci est ainsi devenue la pierre angulaire de sa strat\u00e9gie d&#039;approvisionnement, ce qui, en huit mois seulement, lui a permis de passer trois commandes cons\u00e9cutives totalisant 350\u00a0000 unit\u00e9s.<\/p>\n<h2>Recommandations en mati\u00e8re de personnalisation de marque<\/h2>\n<ul>\n<li><strong>Couleurs du bouchon et de la poign\u00e9e\u00a0:<\/strong> La plupart des options de couleur pour le capuchon et la poign\u00e9e d&#039;un produit personnalis\u00e9 incluent le noir, le blanc et le brun imitation bois.<\/li>\n<li><strong>Teintes de verre\u00a0:<\/strong> Les corps en verre ambr\u00e9 ou vert servent \u00e0 prot\u00e9ger l&#039;\u00e9mulsion des rayons UV.<\/li>\n<li><strong>Graduations givr\u00e9es\u00a0:<\/strong> Les graduations grav\u00e9es (par exemple, 100 ml, 250 ml, 400 ml) sur le verre servent de guide aux utilisateurs pour mesurer l&#039;huile avec pr\u00e9cision pour la cuisson ou le contr\u00f4le des portions.<\/li>\n<li><strong>Mat\u00e9riau du tube plongeur\u00a0:<\/strong> Le mat\u00e9riau du tube plongeur interne que vous avez choisi peut \u00eatre personnalis\u00e9 pour remplir une fonction particuli\u00e8re ou pour des raisons esth\u00e9tiques.<\/li>\n<\/ul>","protected":false},"excerpt":{"rendered":"<p>Distributeur d&#039;huile 2 en 1 \u00e0 double fonction avec couvercle et poign\u00e9e. Son design simple et moderne le rend facile \u00e0 utiliser, personnalisable et disponible pour les commandes en gros.<\/p>","protected":false},"featured_media":1850,"template":"","meta":{"postBodyCss":"","postBodyMargin":[],"postBodyPadding":[],"postBodyBackground":{"backgroundType":"classic","gradient":""}},"product_brand":[],"product_cat":[15,16,18],"product_tag":[],"class_list":{"0":"post-1848","1":"product","2":"type-product","3":"status-publish","4":"has-post-thumbnail","6":"product_cat-glass-containers","7":"product_cat-glass-bottles","8":"product_cat-glass-oil-bottles","10":"first","11":"instock","12":"shipping-taxable","13":"product-type-simple"},"jetpack_sharing_enabled":true,"_links":{"self":[{"href":"https:\/\/minghanggroup.com\/fr\/wp-json\/wp\/v2\/product\/1848","targetHints":{"allow":["GET"]}}],"collection":[{"href":"https:\/\/minghanggroup.com\/fr\/wp-json\/wp\/v2\/product"}],"about":[{"href":"https:\/\/minghanggroup.com\/fr\/wp-json\/wp\/v2\/types\/product"}],"wp:featuredmedia":[{"embeddable":true,"href":"https:\/\/minghanggroup.com\/fr\/wp-json\/wp\/v2\/media\/1850"}],"wp:attachment":[{"href":"https:\/\/minghanggroup.com\/fr\/wp-json\/wp\/v2\/media?parent=1848"}],"wp:term":[{"taxonomy":"product_brand","embeddable":true,"href":"https:\/\/minghanggroup.com\/fr\/wp-json\/wp\/v2\/product_brand?post=1848"},{"taxonomy":"product_cat","embeddable":true,"href":"https:\/\/minghanggroup.com\/fr\/wp-json\/wp\/v2\/product_cat?post=1848"},{"taxonomy":"product_tag","embeddable":true,"href":"https:\/\/minghanggroup.com\/fr\/wp-json\/wp\/v2\/product_tag?post=1848"}],"curies":[{"name":"wp","href":"https:\/\/api.w.org\/{rel}","templated":true}]}}