{"id":1842,"date":"2025-10-20T15:25:57","date_gmt":"2025-10-20T07:25:57","guid":{"rendered":"https:\/\/minghanggroup.com\/?post_type=product&#038;p=1842"},"modified":"2025-10-20T17:23:29","modified_gmt":"2025-10-20T09:23:29","slug":"wholesale-clear-glass-kitchen-olive-oil-spray-bottles","status":"publish","type":"product","link":"https:\/\/minghanggroup.com\/fr\/produit\/wholesale-clear-glass-kitchen-olive-oil-spray-bottles\/","title":{"rendered":"Flacons pulv\u00e9risateurs d&#039;huile d&#039;olive de cuisine en verre transparent de 200 ml et 300 ml, en gros"},"content":{"rendered":"<p>Ces flacons pulv\u00e9risateurs d&#039;huile d&#039;olive sont fabriqu\u00e9s en verre transparent et sont dot\u00e9s d&#039;un embout tendance qui allie style moderne et praticit\u00e9, permettant ainsi \u00e0 l&#039;utilisateur d&#039;utiliser l&#039;huile en cuisine en toute simplicit\u00e9.<\/p>\n<h2>Caract\u00e9ristiques du produit<\/h2>\n<ul>\n<li><strong>Pulv\u00e9risation fine :<\/strong> Il suffit de vaporiser, pas de verser. Utilisez jusqu&#039;\u00e0 60 % d&#039;huile en moins\u00a0: ces embouts sont donc parfaits pour une cuisine saine.<\/li>\n<li><strong>Verre durable :<\/strong> L&#039;utilisation de verre transparent permet au produit d&#039;\u00eatre inodore, pr\u00e9servant ainsi la fra\u00eecheur de l&#039;huile.<\/li>\n<li><strong>Ergonomique et facile \u00e0 utiliser :<\/strong> Le design \u00e9l\u00e9gant de l&#039;appareil permet une pulv\u00e9risation d&#039;huile sans effort d&#039;une seule main.<\/li>\n<\/ul>\n<h2>Caract\u00e9ristiques principales<\/h2>\n<table style=\"border-collapse: collapse; margin-left: auto; margin-right: auto; width: 426.02pt;\" border=\"0\" width=\"568\" cellspacing=\"0\" cellpadding=\"0\">\n<tbody>\n<tr style=\"height: 13.50pt;\">\n<td style=\"height: 13.50pt; width: 103.50pt;\" width=\"138\" height=\"18\">Fonctionnalit\u00e9<\/td>\n<td style=\"width: 322.50pt;\" width=\"430\">Sp\u00e9cification<\/td>\n<\/tr>\n<tr style=\"height: 13.50pt;\">\n<td style=\"height: 13.50pt;\" height=\"18\">Dimensions<\/td>\n<td>6,0\u00d720,5cm (200ml), 6,0\u00d722,5cm (300ml)<\/td>\n<\/tr>\n<tr style=\"height: 13.50pt;\">\n<td style=\"height: 13.50pt;\" height=\"18\">Mat\u00e9riel<\/td>\n<td>Corps en verre transparent, pompe en PP et m\u00e9tal<\/td>\n<\/tr>\n<tr style=\"height: 13.50pt;\">\n<td style=\"height: 13.50pt;\" height=\"18\">Couleur de la pompe<\/td>\n<td>D\u00e9clencheur noir ou blanc<\/td>\n<\/tr>\n<tr style=\"height: 13.50pt;\">\n<td style=\"height: 13.50pt;\" height=\"18\">Type de pompe<\/td>\n<td>Brume fine, sans a\u00e9rosol, r\u00e9glable<\/td>\n<\/tr>\n<tr style=\"height: 13.50pt;\">\n<td style=\"height: 13.50pt;\" height=\"18\">Id\u00e9al pour<\/td>\n<td>Huiles d&#039;olive, vinaigre, huile<\/td>\n<\/tr>\n<tr style=\"height: 13.50pt;\">\n<td style=\"height: 13.50pt;\" height=\"18\">Utilisation id\u00e9ale<\/td>\n<td>Flacon pulv\u00e9risateur d&#039;huile d&#039;olive, flacon pulv\u00e9risateur d&#039;huile<\/td>\n<\/tr>\n<\/tbody>\n<\/table>\n<h2>Succ\u00e8s garanti : De la start-up aux rayons des supermarch\u00e9s<\/h2>\n<p>La jeune entreprise sp\u00e9cialis\u00e9e dans la production de coffrets cadeaux d&#039;huile d&#039;olive artisanale recherchait un flacon pulv\u00e9risateur d&#039;huile de cuisine qui s\u00e9duirait ses clients. Elle a d&#039;abord pass\u00e9 une commande test de 2\u00a0000 flacons de 300 ml. Le produit s&#039;est vendu comme des petits pains. Un revendeur a affirm\u00e9 que l&#039;entreprise avait constat\u00e9 une augmentation de 35\u00a0% de la rotation des stocks et de 74\u00a0% des commandes r\u00e9p\u00e9t\u00e9es. Forte de ce succ\u00e8s, la soci\u00e9t\u00e9 a pass\u00e9 trois commandes suppl\u00e9mentaires, soit plus de 300\u00a0000 unit\u00e9s en un an. Le flacon pulv\u00e9risateur d&#039;huile s&#039;est av\u00e9r\u00e9 \u00eatre non seulement un emballage attrayant, mais aussi un outil d\u00e9terminant de la croissance annuelle de 300\u00a0% de la start-up.<\/p>\n<h2>Recommandations en mati\u00e8re de personnalisation de marque<\/h2>\n<ul>\n<li><strong>Teintage du verre\u00a0:<\/strong> Utilisez le verre ambr\u00e9 ou vert pour offrir une protection suppl\u00e9mentaire contre les rayons UV aux huiles sensibles \u00e0 la lumi\u00e8re.<\/li>\n<li><strong>\u00c9tiquetage ACL\u00a0:<\/strong> Ce proc\u00e9d\u00e9 d&#039;\u00e9tiquetage rend l&#039;\u00e9tiquette plus brillante et plus r\u00e9sistante aux rayures puisqu&#039;il consiste \u00e0 cuire l&#039;\u00e9tiquette directement sur le verre.<\/li>\n<li><strong>Pulv\u00e9risateur personnalis\u00e9\u00a0:<\/strong> Nous pouvons fournir des pulv\u00e9risateurs avec diff\u00e9rents types de jets (jet continu ou brume) en fonction des besoins de votre produit.<\/li>\n<li><strong>Volume personnalis\u00e9\u00a0:<\/strong> Vous avez besoin de 250 ml ? Nous pouvons adapter le volume \u00e0 vos besoins sp\u00e9cifiques d&#039;embouteillage.<\/li>\n<\/ul>\n<p>Vous souhaitez acheter nos flacons pulv\u00e9risateurs d&#039;huile de cuisine, un de nos produits phares\u00a0? Contactez-nous pour conna\u00eetre nos tarifs de gros et b\u00e9n\u00e9ficier de la vente directe d&#039;usine. Nous pouvons cr\u00e9er l&#039;emballage en verre id\u00e9al pour votre marque.<\/p>","protected":false},"excerpt":{"rendered":"<p>Flacon vaporisateur d&#039;huile d&#039;olive \u00e9l\u00e9gant et r\u00e9sistant en verre transparent avec embout \u00e0 pression. Id\u00e9al pour la cuisine et un usage quotidien. \u00c9chantillons gratuits.<\/p>","protected":false},"featured_media":1847,"template":"","meta":{"postBodyCss":"","postBodyMargin":[],"postBodyPadding":[],"postBodyBackground":{"backgroundType":"classic","gradient":""}},"product_brand":[],"product_cat":[15,16,18],"product_tag":[],"class_list":{"0":"post-1842","1":"product","2":"type-product","3":"status-publish","4":"has-post-thumbnail","6":"product_cat-glass-containers","7":"product_cat-glass-bottles","8":"product_cat-glass-oil-bottles","10":"first","11":"instock","12":"shipping-taxable","13":"product-type-simple"},"jetpack_sharing_enabled":true,"_links":{"self":[{"href":"https:\/\/minghanggroup.com\/fr\/wp-json\/wp\/v2\/product\/1842","targetHints":{"allow":["GET"]}}],"collection":[{"href":"https:\/\/minghanggroup.com\/fr\/wp-json\/wp\/v2\/product"}],"about":[{"href":"https:\/\/minghanggroup.com\/fr\/wp-json\/wp\/v2\/types\/product"}],"wp:featuredmedia":[{"embeddable":true,"href":"https:\/\/minghanggroup.com\/fr\/wp-json\/wp\/v2\/media\/1847"}],"wp:attachment":[{"href":"https:\/\/minghanggroup.com\/fr\/wp-json\/wp\/v2\/media?parent=1842"}],"wp:term":[{"taxonomy":"product_brand","embeddable":true,"href":"https:\/\/minghanggroup.com\/fr\/wp-json\/wp\/v2\/product_brand?post=1842"},{"taxonomy":"product_cat","embeddable":true,"href":"https:\/\/minghanggroup.com\/fr\/wp-json\/wp\/v2\/product_cat?post=1842"},{"taxonomy":"product_tag","embeddable":true,"href":"https:\/\/minghanggroup.com\/fr\/wp-json\/wp\/v2\/product_tag?post=1842"}],"curies":[{"name":"wp","href":"https:\/\/api.w.org\/{rel}","templated":true}]}}