{"id":1837,"date":"2025-10-20T14:07:09","date_gmt":"2025-10-20T06:07:09","guid":{"rendered":"https:\/\/minghanggroup.com\/?post_type=product&#038;p=1837"},"modified":"2025-10-20T17:28:54","modified_gmt":"2025-10-20T09:28:54","slug":"wholesale-cooking-oil-spray-bottles-with-silver-metal-lid","status":"publish","type":"product","link":"https:\/\/minghanggroup.com\/fr\/produit\/wholesale-cooking-oil-spray-bottles-with-silver-metal-lid\/","title":{"rendered":"Flacons pulv\u00e9risateurs d&#039;huile de cuisson de 100 ml en gros avec couvercle en m\u00e9tal argent\u00e9"},"content":{"rendered":"<p>C&#039;est sans doute le meilleur flacon pulv\u00e9risateur d&#039;huile de cuisson qu&#039;on puisse imaginer. Un parfait m\u00e9lange de style moderne et de praticit\u00e9 en cuisine\u00a0: une jolie forme cylindrique, un corps en verre transparent et un bouchon en m\u00e9tal argent\u00e9 brillant.<\/p>\n<h2>Caract\u00e9ristiques du produit<\/h2>\n<ul>\n<li><strong>Verre transparent :<\/strong> Un r\u00e9cipient en verre transparent est un moyen extr\u00eamement pratique de conna\u00eetre la quantit\u00e9 d&#039;huile restante dans la bouteille et, par cons\u00e9quent, de pr\u00e9voir les recharges.<\/li>\n<li><strong>Cylindrique mince :<\/strong> La forme cylindrique et fine de la bouteille est un outil extr\u00eamement pratique pour ranger et gagner de la place dans la cuisine.<\/li>\n<li><strong>Bouchon m\u00e9tallique :<\/strong> Le capuchon en m\u00e9tal argent\u00e9 s&#039;accorde parfaitement avec le verre transparent, formant ainsi un duo chic qui embellit votre cuisine.<\/li>\n<\/ul>\n<h2>Caract\u00e9ristiques principales<\/h2>\n<table style=\"border-collapse: collapse; margin-left: auto; margin-right: auto; width: 363.02pt;\" border=\"0\" width=\"484\" cellspacing=\"0\" cellpadding=\"0\">\n<tbody>\n<tr style=\"height: 13.50pt;\">\n<td style=\"height: 13.50pt; width: 103.50pt;\" width=\"138\" height=\"18\">Fonctionnalit\u00e9<\/td>\n<td style=\"width: 259.50pt;\" width=\"346\">Sp\u00e9cification<\/td>\n<\/tr>\n<tr style=\"height: 13.50pt;\">\n<td style=\"height: 13.50pt;\" height=\"18\">Capacit\u00e9<\/td>\n<td>100 ml<\/td>\n<\/tr>\n<tr style=\"height: 13.50pt;\">\n<td style=\"height: 13.50pt;\" height=\"18\">Dimensions<\/td>\n<td>4,0\u00d718,5cm (cylindrique mince)<\/td>\n<\/tr>\n<tr style=\"height: 13.50pt;\">\n<td style=\"height: 13.50pt;\" height=\"18\">Mat\u00e9riel<\/td>\n<td>Corps en verre transparent, pompe en m\u00e9tal<\/td>\n<\/tr>\n<tr style=\"height: 13.50pt;\">\n<td style=\"height: 13.50pt;\" height=\"18\">Type de pompe<\/td>\n<td>Pulv\u00e9risateur \u00e0 brume fine, buse r\u00e9glable<\/td>\n<\/tr>\n<tr style=\"height: 13.50pt;\">\n<td style=\"height: 13.50pt;\" height=\"18\">Id\u00e9al pour<\/td>\n<td>Huile d&#039;olive, vinaigre, huile, vinaigrettes<\/td>\n<\/tr>\n<\/tbody>\n<\/table>\n<h2>Succ\u00e8s commercial : Un best-seller pour une marque de sant\u00e9<\/h2>\n<p>Une start-up sp\u00e9cialis\u00e9e dans les ustensiles de cuisine sains recherchait un vaporisateur d&#039;huile haut de gamme et a donc command\u00e9 2\u00a0000 flacons cylindriques de 100 ml, dot\u00e9s d&#039;un bouton-poussoir en m\u00e9tal, pour tester le march\u00e9. Le succ\u00e8s fut au rendez-vous. Le flacon en verre et le vaporisateur en m\u00e9tal se sont r\u00e9v\u00e9l\u00e9s extr\u00eamement r\u00e9sistants, avec un taux de casse inf\u00e9rieur de 70 % \u00e0 celui des flacons en plastique, permettant ainsi au distributeur d&#039;\u00e9conomiser 600 $ par mois sur les co\u00fbts de remplacement. De plus, la finesse de la pulv\u00e9risation a permis \u00e0 la boulangerie de r\u00e9duire sa consommation d&#039;huile de 25 %, entra\u00eenant une hausse de 40 % de son chiffre d&#039;affaires. Six mois plus tard, la start-up a pass\u00e9 une nouvelle commande de 100\u00a0000 unit\u00e9s. Le vaporisateur d&#039;huile est d\u00e9sormais un produit incontournable pour l&#039;entreprise, command\u00e9 chaque trimestre.<\/p>\n<h2>Recommandations de personnalisation<\/h2>\n<ul>\n<li><strong>Finition au pistolet :<\/strong> Changez le pulv\u00e9risateur m\u00e9tallique pour l&#039;une des nombreuses finitions disponibles, telles que l&#039;or, le noir ou l&#039;or rose.<\/li>\n<li><strong>Couleur du verre :<\/strong> En plus du verre clair standard le plus couramment choisi, nous proposons \u00e9galement du verre ambr\u00e9 ou bleu cobalt pour une protection UV adapt\u00e9e \u00e0 la marque.<\/li>\n<li><strong>S\u00e9rigraphie :<\/strong> Utilisez votre logo et votre marque pour l&#039;impression directe sur la bouteille en verre, r\u00e9alis\u00e9e avec une encre r\u00e9sistante et lavable au lave-vaisselle.<\/li>\n<li><strong>Conception de casquette personnalis\u00e9e\u00a0:<\/strong> Bien que le m\u00e9canisme de pulv\u00e9risation soit standard, nous pouvons tout \u00e0 fait personnaliser la couleur de base ou les d\u00e9corations pour r\u00e9pondre \u00e0 vos exigences de montage.<\/li>\n<li><strong>Capacit\u00e9 personnalis\u00e9e\u00a0:<\/strong> Besoin d&#039;une contenance l\u00e9g\u00e8rement diff\u00e9rente\u00a0? Nous pouvons adapter la contenance de 100\u00a0ml \u00e0 vos besoins sp\u00e9cifiques d&#039;embouteillage.<\/li>\n<\/ul>\n<p>Vous souhaitez proposer \u00e0 vos clients un flacon pulv\u00e9risateur d&#039;huile de cuisson parmi les plus vendus\u00a0? Contactez-nous pour conna\u00eetre nos tarifs de gros et b\u00e9n\u00e9ficier d&#039;une livraison rapide.<\/p>","protected":false},"excerpt":{"rendered":"<p>Flacon pulv\u00e9risateur d&#039;huile de cuisson en verre transparent avec bouchon en m\u00e9tal argent\u00e9. Durable, id\u00e9al pour les huiles de cuisson, vente directe d&#039;usine avec livraison rapide.<\/p>","protected":false},"featured_media":1839,"template":"","meta":{"postBodyCss":"","postBodyMargin":[],"postBodyPadding":[],"postBodyBackground":{"backgroundType":"classic","gradient":""}},"product_brand":[],"product_cat":[15,16,18],"product_tag":[],"class_list":{"0":"post-1837","1":"product","2":"type-product","3":"status-publish","4":"has-post-thumbnail","6":"product_cat-glass-containers","7":"product_cat-glass-bottles","8":"product_cat-glass-oil-bottles","10":"first","11":"instock","12":"shipping-taxable","13":"product-type-simple"},"jetpack_sharing_enabled":true,"_links":{"self":[{"href":"https:\/\/minghanggroup.com\/fr\/wp-json\/wp\/v2\/product\/1837","targetHints":{"allow":["GET"]}}],"collection":[{"href":"https:\/\/minghanggroup.com\/fr\/wp-json\/wp\/v2\/product"}],"about":[{"href":"https:\/\/minghanggroup.com\/fr\/wp-json\/wp\/v2\/types\/product"}],"wp:featuredmedia":[{"embeddable":true,"href":"https:\/\/minghanggroup.com\/fr\/wp-json\/wp\/v2\/media\/1839"}],"wp:attachment":[{"href":"https:\/\/minghanggroup.com\/fr\/wp-json\/wp\/v2\/media?parent=1837"}],"wp:term":[{"taxonomy":"product_brand","embeddable":true,"href":"https:\/\/minghanggroup.com\/fr\/wp-json\/wp\/v2\/product_brand?post=1837"},{"taxonomy":"product_cat","embeddable":true,"href":"https:\/\/minghanggroup.com\/fr\/wp-json\/wp\/v2\/product_cat?post=1837"},{"taxonomy":"product_tag","embeddable":true,"href":"https:\/\/minghanggroup.com\/fr\/wp-json\/wp\/v2\/product_tag?post=1837"}],"curies":[{"name":"wp","href":"https:\/\/api.w.org\/{rel}","templated":true}]}}