{"id":1832,"date":"2025-10-20T11:29:00","date_gmt":"2025-10-20T03:29:00","guid":{"rendered":"https:\/\/minghanggroup.com\/?post_type=product&#038;p=1832"},"modified":"2025-10-20T17:26:18","modified_gmt":"2025-10-20T09:26:18","slug":"wholesale-brown-rectangular-olive-oil-glass-bottles","status":"publish","type":"product","link":"https:\/\/minghanggroup.com\/fr\/produit\/wholesale-brown-rectangular-olive-oil-glass-bottles\/","title":{"rendered":"Bouteilles en verre rectangulaires brunes pour huile d&#039;olive, en gros, 250 ml, 500 ml et 750 ml"},"content":{"rendered":"<p>Fabriqu\u00e9es en verre brun, ces bouteilles carr\u00e9es en verre permettent de conserver votre huile d&#039;olive plus longtemps. Disponibles en trois formats, elles sont id\u00e9ales pour stocker et pr\u00e9senter votre huile d&#039;olive.<\/p>\n<h2>Caract\u00e9ristiques du produit<\/h2>\n<ul>\n<li><strong>Contr\u00f4le anti-goutte :<\/strong> Le bec verseur, pr\u00e9vu \u00e0 cet effet, contribue \u00e0 pr\u00e9venir les \u00e9coulements et donc \u00e0 maintenir la propret\u00e9 de la zone de travail.<\/li>\n<li><strong>Verre brun :<\/strong> Le verre brun est tr\u00e8s efficace pour bloquer la lumi\u00e8re, ce qui contribue \u00e0 r\u00e9duire l&#039;oxydation et la d\u00e9t\u00e9rioration \u00e9ventuelle de l&#039;huile ; ainsi, l&#039;huile est mieux pr\u00e9serv\u00e9e.<\/li>\n<li><strong>Bouteille rectangulaire :<\/strong> La bouteille de forme rectangulaire est tr\u00e8s pratique et se range facilement dans la cuisine, permettant ainsi de gagner de la place.<\/li>\n<\/ul>\n<h2>Caract\u00e9ristiques principales<\/h2>\n<table style=\"border-collapse: collapse; margin-left: auto; margin-right: auto; width: 556.52pt;\" border=\"0\" width=\"742\" cellspacing=\"0\" cellpadding=\"0\">\n<tbody>\n<tr style=\"height: 13.50pt;\">\n<td style=\"height: 13.50pt; width: 103.50pt;\" width=\"138\" height=\"18\">Fonctionnalit\u00e9<\/td>\n<td style=\"width: 453.00pt;\" width=\"604\">Sp\u00e9cification<\/td>\n<\/tr>\n<tr style=\"height: 13.50pt;\">\n<td style=\"height: 13.50pt;\" height=\"18\">Capacit\u00e9<\/td>\n<td>250 ml, 500 ml, 750 ml<\/td>\n<\/tr>\n<tr style=\"height: 13.50pt;\">\n<td style=\"height: 13.50pt;\" height=\"18\">Dimensions<\/td>\n<td>4,7 \u00d7 4,7 \u00d7 21,0 cm, 5,8 \u00d7 5,8 \u00d7 26,4 cm, 6,5 \u00d7 6,5 \u00d7 30,2 cm<\/td>\n<\/tr>\n<tr style=\"height: 13.50pt;\">\n<td style=\"height: 13.50pt;\" height=\"18\">Tour de cou<\/td>\n<td>Filetage 19\u00d730 mm (standard)<\/td>\n<\/tr>\n<tr style=\"height: 13.50pt;\">\n<td style=\"height: 13.50pt;\" height=\"18\">Mat\u00e9riel<\/td>\n<td>Couvercle en verre ambr\u00e9, en PP ou en m\u00e9tal<\/td>\n<\/tr>\n<tr style=\"height: 13.50pt;\">\n<td style=\"height: 13.50pt;\" height=\"18\">Forme<\/td>\n<td>Bouteille carr\u00e9e en verre<\/td>\n<\/tr>\n<tr style=\"height: 13.50pt;\">\n<td style=\"height: 13.50pt;\" height=\"18\">Options de couvercle<\/td>\n<td>Couvercle \u00e0 vis (personnalisable)<\/td>\n<\/tr>\n<tr style=\"height: 13.50pt;\">\n<td style=\"height: 13.50pt;\" height=\"18\">Utilisation id\u00e9ale<\/td>\n<td>bouteille d&#039;huile d&#039;olive, bouteilles en verre d&#039;huile d&#039;olive, burettes, bouteille d&#039;huile de cuisine<\/td>\n<\/tr>\n<\/tbody>\n<\/table>\n<p>&nbsp;<\/p>\n<h2>Succ\u00e8s\u00a0: propulser une marque gastronomique locale vers de nouveaux sommets.<\/h2>\n<p>Le distributeur de produits alimentaires de sp\u00e9cialit\u00e9 de la r\u00e9gion m\u00e9diterran\u00e9enne recherchait une bouteille en verre distinctive pour sa nouvelle gamme d&#039;huiles d&#039;olive mono-origine. Il a d&#039;abord pass\u00e9 une petite commande de 5\u00a0000 bouteilles en verre transparent de 500 ml. L&#039;accueil a \u00e9t\u00e9 tr\u00e8s positif, notamment parce que la bouteille en verre brun permettait \u00e0 l&#039;huile d&#039;olive de conserver 30\u00a0% de sa fra\u00eecheur. Le taux de fid\u00e9lisation de la client\u00e8le est pass\u00e9 de 32\u00a0% \u00e0 70\u00a0%. En moins de six mois, le distributeur a pass\u00e9 une importante commande de 250\u00a0000 bouteilles suppl\u00e9mentaires, d\u00e9clin\u00e9es en trois formats. Aujourd&#039;hui, la bouteille en verre est le seul type d&#039;emballage utilis\u00e9 pour toutes ses gammes de produits haut de gamme.<\/p>\n<h2>Suggestions de personnalisation<\/h2>\n<ul>\n<li><strong>Couleur du couvercle :<\/strong> Choisissez une couleur parmi une vari\u00e9t\u00e9 comme l&#039;or, le noir, l&#039;argent ou le vert pour fixer vos couvercles \u00e0 vis.<\/li>\n<li><strong>Logo en relief :<\/strong> Faites sur\u00e9lever votre logo au-dessus du verre pour une sensation \u00e9l\u00e9gante et tactile.<\/li>\n<li><strong>Finition verre d\u00e9poli :<\/strong> Utilisez un traitement de d\u00e9capage \u00e0 l&#039;acide sur une partie ou la totalit\u00e9 de la bouteille pour obtenir un aspect mat haut de gamme.<\/li>\n<li><strong>\u00c9tiquetage ACL (lettrage couleur appliqu\u00e9)\u00a0:<\/strong> Cette m\u00e9thode permet de fixer l&#039;\u00e9tiquette directement sur le verre, ce qui donne un design \u00e9clatant et durable.<\/li>\n<\/ul>","protected":false},"excerpt":{"rendered":"<p>\u00c9l\u00e9gantes bouteilles en verre pour huile d&#039;olive, avec bouchon \u00e0 vis, disponibles en trois formats. Id\u00e9ales pour les cuisines, les restaurants et les grossistes. \u00c9chantillons gratuits disponibles.<\/p>","protected":false},"featured_media":1836,"template":"","meta":{"postBodyCss":"","postBodyMargin":[],"postBodyPadding":[],"postBodyBackground":{"backgroundType":"classic","gradient":""}},"product_brand":[],"product_cat":[15,16,18],"product_tag":[],"class_list":{"0":"post-1832","1":"product","2":"type-product","3":"status-publish","4":"has-post-thumbnail","6":"product_cat-glass-containers","7":"product_cat-glass-bottles","8":"product_cat-glass-oil-bottles","10":"first","11":"instock","12":"shipping-taxable","13":"product-type-simple"},"jetpack_sharing_enabled":true,"_links":{"self":[{"href":"https:\/\/minghanggroup.com\/fr\/wp-json\/wp\/v2\/product\/1832","targetHints":{"allow":["GET"]}}],"collection":[{"href":"https:\/\/minghanggroup.com\/fr\/wp-json\/wp\/v2\/product"}],"about":[{"href":"https:\/\/minghanggroup.com\/fr\/wp-json\/wp\/v2\/types\/product"}],"wp:featuredmedia":[{"embeddable":true,"href":"https:\/\/minghanggroup.com\/fr\/wp-json\/wp\/v2\/media\/1836"}],"wp:attachment":[{"href":"https:\/\/minghanggroup.com\/fr\/wp-json\/wp\/v2\/media?parent=1832"}],"wp:term":[{"taxonomy":"product_brand","embeddable":true,"href":"https:\/\/minghanggroup.com\/fr\/wp-json\/wp\/v2\/product_brand?post=1832"},{"taxonomy":"product_cat","embeddable":true,"href":"https:\/\/minghanggroup.com\/fr\/wp-json\/wp\/v2\/product_cat?post=1832"},{"taxonomy":"product_tag","embeddable":true,"href":"https:\/\/minghanggroup.com\/fr\/wp-json\/wp\/v2\/product_tag?post=1832"}],"curies":[{"name":"wp","href":"https:\/\/api.w.org\/{rel}","templated":true}]}}