{"id":1789,"date":"2025-10-17T16:06:32","date_gmt":"2025-10-17T08:06:32","guid":{"rendered":"https:\/\/minghanggroup.com\/?post_type=product&#038;p=1789"},"modified":"2025-10-17T17:44:32","modified_gmt":"2025-10-17T09:44:32","slug":"bulk-stainless-steel-oil-dispensers-with-glass-liner","status":"publish","type":"product","link":"https:\/\/minghanggroup.com\/fr\/produit\/bulk-stainless-steel-oil-dispensers-with-glass-liner\/","title":{"rendered":"Distributeurs d&#039;huile en acier inoxydable en vrac avec rev\u00eatement en verre 200 ml 300 ml 500 ml"},"content":{"rendered":"<p>Ces bouteilles \u00e0 huile et \u00e0 vinaigre sont compos\u00e9es de parties en verre transparent pour l&#039;\u00e9l\u00e9gance et de parties en m\u00e9tal pour la robustesse. De plus, elles sont dot\u00e9es de diff\u00e9rents becs verseurs, ce qui en fait un parfait m\u00e9lange d&#039;\u00e9l\u00e9gance moderne et de praticit\u00e9 en cuisine.<\/p>\n<h2>Caract\u00e9ristiques du produit<\/h2>\n<ul>\n<li><strong>Becs verseurs multiples\u00a0:<\/strong> Nous proposons diff\u00e9rents becs verseurs en m\u00e9tal pour s&#039;adapter \u00e0 diverses habitudes de versement, afin que le versement soit fluide et que l&#039;utilisateur puisse facilement contr\u00f4ler la quantit\u00e9 utilis\u00e9e.<\/li>\n<li><strong>Construction hybride verre + acier inoxydable :<\/strong> Le niveau d&#039;huile est visible \u00e0 travers le verre. Son bo\u00eetier m\u00e9tallique lui conf\u00e8re une grande durabilit\u00e9 et un style moderne.<\/li>\n<li><strong>Plusieurs tailles disponibles :<\/strong> Il existe trois bouteilles de tailles diff\u00e9rentes, vous avez donc la possibilit\u00e9 de choisir la taille qui convient le mieux \u00e0 votre utilisation.<\/li>\n<\/ul>\n<h2>Caract\u00e9ristiques principales<\/h2>\n<table style=\"border-collapse: collapse; margin-left: auto; margin-right: auto; width: 536.27pt;\" border=\"0\" width=\"715\" cellspacing=\"0\" cellpadding=\"0\">\n<tbody>\n<tr style=\"height: 13.50pt;\">\n<td style=\"height: 13.50pt; width: 125.25pt;\" width=\"167\" height=\"18\">Fonctionnalit\u00e9<\/td>\n<td style=\"width: 411.00pt;\" width=\"548\">Sp\u00e9cification<\/td>\n<\/tr>\n<tr style=\"height: 13.50pt;\">\n<td style=\"height: 13.50pt;\" height=\"18\">Capacit\u00e9<\/td>\n<td>200 ml, 300 ml, 500 ml<\/td>\n<\/tr>\n<tr style=\"height: 13.50pt;\">\n<td style=\"height: 13.50pt;\" height=\"18\">Dimensions<\/td>\n<td>6,0 \u00d7 15,6 cm, 6,7 \u00d7 14,5 cm, 6,5 \u00d7 19,8 cm<\/td>\n<\/tr>\n<tr style=\"height: 13.50pt;\">\n<td style=\"height: 13.50pt;\" height=\"18\">Mati\u00e8re corporelle<\/td>\n<td>Verre transparent + collier en acier inoxydable<\/td>\n<\/tr>\n<tr style=\"height: 13.50pt;\">\n<td style=\"height: 13.50pt;\" height=\"18\">Type de couvercle<\/td>\n<td>Bec verseur en m\u00e9tal avec syst\u00e8me anti-goutte<\/td>\n<\/tr>\n<tr style=\"height: 13.50pt;\">\n<td style=\"height: 13.50pt;\" height=\"18\">Forme<\/td>\n<td>Bouteille cylindrique en verre avec ornement m\u00e9tallique<\/td>\n<\/tr>\n<tr style=\"height: 13.50pt;\">\n<td style=\"height: 13.50pt;\" height=\"18\">Utilisation id\u00e9ale<\/td>\n<td>Bouteilles d&#039;huile et de vinaigre, bouteilles d&#039;huile, bouteilles d&#039;huile d&#039;olive de cuisine<\/td>\n<\/tr>\n<\/tbody>\n<\/table>\n<h2>Cas r\u00e9el<\/h2>\n<p>Un d\u00e9taillant am\u00e9ricain de produits alimentaires sp\u00e9cialis\u00e9s s&#039;appr\u00eatait \u00e0 lancer une gamme de produits artisanaux et recherchait un emballage refl\u00e9tant leur qualit\u00e9 haut de gamme. Pour sa premi\u00e8re commande de 12\u00a0000 unit\u00e9s, il a opt\u00e9 pour nos flacons d&#039;huile personnalis\u00e9s de 300 ml en acier inoxydable, dot\u00e9s d&#039;un bouchon m\u00e9tallique sp\u00e9cial. Les retours clients ont \u00e9t\u00e9 excellents, soulignant l&#039;\u00e9l\u00e9gance et la praticit\u00e9 du produit. Le taux de r\u00e9achat a augment\u00e9 de 60\u00a0% et l&#039;utilisation du bec verseur m\u00e9tallique a permis de r\u00e9duire la consommation d&#039;huile et de vinaigre de 38\u00a0%. Enthousiasm\u00e9 par le succ\u00e8s rapide des ventes et les excellents retours clients, le d\u00e9taillant a pass\u00e9 une nouvelle commande de 35\u00a0000 unit\u00e9s seulement trois mois plus tard afin d&#039;enrichir sa gamme.<\/p>\n<h2>Suggestions de personnalisation<\/h2>\n<ul>\n<li><strong>Finition du col m\u00e9tallique :<\/strong> Modifiez la couleur de la partie sup\u00e9rieure en m\u00e9tal\u00a0: choisissez entre nickel bross\u00e9, or, cuivre ou noir mat.<\/li>\n<li><strong>Finition du distributeur :<\/strong>Associez le distributeur d&#039;huile en acier inoxydable \u00e0 un collier de finition similaire ou contrast\u00e9e (par exemple, collier dor\u00e9 avec bec noir).<\/li>\n<li><strong>Logo s\u00e9rigraphi\u00e9 :<\/strong>Votre logo peut \u00eatre imprim\u00e9 sur le verre transparent dans une couleur qui s&#039;harmonise avec les accents m\u00e9talliques.<\/li>\n<\/ul>\n<p>Vous souhaitez acheter en grande quantit\u00e9 de jolies bouteilles d&#039;huile en acier inoxydable qui s\u00e9duiront vos clients\u00a0? Alors, pourquoi ne pas organiser une rencontre pour discuter de votre commande en gros ou de vos id\u00e9es personnalis\u00e9es\u00a0? Nous sommes toujours \u00e0 votre disposition.<\/p>","protected":false},"excerpt":{"rendered":"<p>Distributeurs d&#039;huile \u00e9l\u00e9gants en acier inoxydable avec doublure en verre transparent. Bouteilles d&#039;huile et de vinaigre r\u00e9sistantes, disponibles en gros, personnalisables et pour les commandes en grande quantit\u00e9.<\/p>","protected":false},"featured_media":1797,"template":"","meta":{"postBodyCss":"","postBodyMargin":[],"postBodyPadding":[],"postBodyBackground":{"backgroundType":"classic","gradient":""}},"product_brand":[],"product_cat":[15,16,18],"product_tag":[],"class_list":{"0":"post-1789","1":"product","2":"type-product","3":"status-publish","4":"has-post-thumbnail","6":"product_cat-glass-containers","7":"product_cat-glass-bottles","8":"product_cat-glass-oil-bottles","10":"first","11":"instock","12":"shipping-taxable","13":"product-type-simple"},"jetpack_sharing_enabled":true,"_links":{"self":[{"href":"https:\/\/minghanggroup.com\/fr\/wp-json\/wp\/v2\/product\/1789","targetHints":{"allow":["GET"]}}],"collection":[{"href":"https:\/\/minghanggroup.com\/fr\/wp-json\/wp\/v2\/product"}],"about":[{"href":"https:\/\/minghanggroup.com\/fr\/wp-json\/wp\/v2\/types\/product"}],"wp:featuredmedia":[{"embeddable":true,"href":"https:\/\/minghanggroup.com\/fr\/wp-json\/wp\/v2\/media\/1797"}],"wp:attachment":[{"href":"https:\/\/minghanggroup.com\/fr\/wp-json\/wp\/v2\/media?parent=1789"}],"wp:term":[{"taxonomy":"product_brand","embeddable":true,"href":"https:\/\/minghanggroup.com\/fr\/wp-json\/wp\/v2\/product_brand?post=1789"},{"taxonomy":"product_cat","embeddable":true,"href":"https:\/\/minghanggroup.com\/fr\/wp-json\/wp\/v2\/product_cat?post=1789"},{"taxonomy":"product_tag","embeddable":true,"href":"https:\/\/minghanggroup.com\/fr\/wp-json\/wp\/v2\/product_tag?post=1789"}],"curies":[{"name":"wp","href":"https:\/\/api.w.org\/{rel}","templated":true}]}}