{"id":1777,"date":"2025-10-17T16:58:23","date_gmt":"2025-10-17T08:58:23","guid":{"rendered":"https:\/\/minghanggroup.com\/?post_type=product&#038;p=1777"},"modified":"2026-01-20T13:47:11","modified_gmt":"2026-01-20T05:47:11","slug":"custom-glass-milk-storage-bottles-with-scew-lids-bulk","status":"publish","type":"product","link":"https:\/\/minghanggroup.com\/fr\/produit\/custom-glass-milk-storage-bottles-with-scew-lids-bulk\/","title":{"rendered":"Bouteilles de conservation du lait en verre de 310 ml avec bouchon \u00e0 vis pour la consommation"},"content":{"rendered":"<p>Votre ligne de production laiti\u00e8re a besoin de bouteilles aussi performantes que vous. Nous fabriquons en gros des bouteilles de lait en verre \u00e0 double col, id\u00e9ales pour tous les processus d&#039;embouteillage. Ces bouteilles de conservation en verre allient le charme rustique \u00e0 l&#039;efficacit\u00e9 industrielle, transformant votre lait en un produit phare.<\/p>\n<h2>Caract\u00e9ristiques du produit<\/h2>\n<ol>\n<li><strong>G\u00e9nie \u00e0 double cou :<\/strong>Filetage int\u00e9gral pour une \u00e9tanch\u00e9it\u00e9 parfaite, filetage interrompu pour une ouverture facile\u00a0: vos bouteilles de lait en verre en gros r\u00e9solvent tous vos probl\u00e8mes d\u2019embouteillage.<\/li>\n<li><strong>Visibilit\u00e9 des produits frais de la ferme\u00a0:<\/strong>Le verre transparent met en valeur l&#039;\u00e9clat naturel du lait\u00a0; les clients peuvent ainsi constater sa fra\u00eecheur avant m\u00eame de le verser.<\/li>\n<li><strong>Ajustement parfait du bouchon de bouteille\u00a0:<\/strong>Les bouchons de bouteille standard ferment herm\u00e9tiquement \u2014 aucune fuite, aucun d\u00e9versement, juste la perfection laiti\u00e8re \u00e0 l&#039;\u00e9tat pur.<\/li>\n<\/ol>\n<h2>Caract\u00e9ristiques principales<\/h2>\n<table style=\"border-collapse: collapse; width: 80%; margin-left: auto; margin-right: auto;\" border=\"0\" width=\"288\" cellspacing=\"0\" cellpadding=\"0\">\n<tbody>\n<tr style=\"height: 13.50pt;\">\n<td style=\"height: 13.5pt; width: 54pt; text-align: center;\" width=\"72\" height=\"18\">Mod\u00e8le<\/td>\n<td style=\"width: 54pt; text-align: center;\" width=\"72\">Capacit\u00e9<\/td>\n<td style=\"width: 54pt; text-align: center;\" width=\"72\">Dimensions (cm)<\/td>\n<td style=\"width: 54pt; text-align: center;\" width=\"72\">Type de cou<\/td>\n<\/tr>\n<tr style=\"height: 13.50pt;\">\n<td style=\"height: 13.5pt; text-align: center;\" align=\"right\" height=\"18\">64031010<\/td>\n<td class=\"et2\" style=\"text-align: center;\" rowspan=\"2\">310 ml<\/td>\n<td style=\"text-align: center;\">6.1*6.1*15.2<\/td>\n<td style=\"text-align: center;\">Fil cass\u00e9<\/td>\n<\/tr>\n<tr style=\"height: 13.50pt;\">\n<td style=\"height: 13.5pt; text-align: center;\" align=\"right\" height=\"18\">64031011<\/td>\n<td style=\"text-align: center;\">6.1*6.1*15.4<\/td>\n<td style=\"text-align: center;\">Fil de discussion complet<\/td>\n<\/tr>\n<\/tbody>\n<\/table>\n<p>Un producteur de lait biologique am\u00e9ricain nous a contact\u00e9s pour la fabrication sur mesure d&#039;une bouteille \u00e0 lait en verre sodocalcique extra-\u00e9pais et d&#039;une grande transparence, enti\u00e8rement filet\u00e9e. Le goulot filet\u00e9 permet un serrage uniforme du bouchon, garantissant une \u00e9tanch\u00e9it\u00e9 parfaite. Le bouchon \u00e0 vis en m\u00e9tal blanc souligne la puret\u00e9 et la qualit\u00e9 de leur lait biologique.<br \/>\nAu cours du premier trimestre suivant le lancement du produit, les plaintes concernant les fuites ont diminu\u00e9 de 90 % et les ventes ont augment\u00e9 de 40 %.<\/p>\n<h2>Vos conseils de personnalisation<\/h2>\n<p>Nous fabriquons des bouteilles de lait en verre sur mesure pour la vente en gros, en fonction du type de goulot que vous utilisez. Besoin d&#039;un \u00e9chantillon de 310 ml pour votre nouvelle gamme de jus\u00a0? Livraison rapide et garantie. Votre bouteille de lait en verre doit non seulement contenir votre lait, mais aussi booster vos ventes.<\/p>","protected":false},"excerpt":{"rendered":"<p>Bouteille de lait en verre de 310 ml, vendue en gros, avec bouchon \u00e0 vis pour une fermeture herm\u00e9tique et un versement facile. Id\u00e9ale pour les marques laiti\u00e8res, les caf\u00e9s et les emballages personnalis\u00e9s.<\/p>","protected":false},"featured_media":1795,"template":"","meta":{"postBodyCss":"","postBodyMargin":[],"postBodyPadding":[],"postBodyBackground":{"backgroundType":"classic","gradient":""}},"product_brand":[],"product_cat":[15,16,46],"product_tag":[72,73],"class_list":{"0":"post-1777","1":"product","2":"type-product","3":"status-publish","4":"has-post-thumbnail","6":"product_cat-glass-containers","7":"product_cat-glass-bottles","8":"product_cat-glass-milk-bottles","9":"product_tag-juice-bottles","10":"product_tag-milk-bottles","12":"first","13":"instock","14":"shipping-taxable","15":"product-type-simple"},"jetpack_sharing_enabled":true,"_links":{"self":[{"href":"https:\/\/minghanggroup.com\/fr\/wp-json\/wp\/v2\/product\/1777","targetHints":{"allow":["GET"]}}],"collection":[{"href":"https:\/\/minghanggroup.com\/fr\/wp-json\/wp\/v2\/product"}],"about":[{"href":"https:\/\/minghanggroup.com\/fr\/wp-json\/wp\/v2\/types\/product"}],"wp:featuredmedia":[{"embeddable":true,"href":"https:\/\/minghanggroup.com\/fr\/wp-json\/wp\/v2\/media\/1795"}],"wp:attachment":[{"href":"https:\/\/minghanggroup.com\/fr\/wp-json\/wp\/v2\/media?parent=1777"}],"wp:term":[{"taxonomy":"product_brand","embeddable":true,"href":"https:\/\/minghanggroup.com\/fr\/wp-json\/wp\/v2\/product_brand?post=1777"},{"taxonomy":"product_cat","embeddable":true,"href":"https:\/\/minghanggroup.com\/fr\/wp-json\/wp\/v2\/product_cat?post=1777"},{"taxonomy":"product_tag","embeddable":true,"href":"https:\/\/minghanggroup.com\/fr\/wp-json\/wp\/v2\/product_tag?post=1777"}],"curies":[{"name":"wp","href":"https:\/\/api.w.org\/{rel}","templated":true}]}}