{"id":1759,"date":"2025-10-17T14:47:34","date_gmt":"2025-10-17T06:47:34","guid":{"rendered":"https:\/\/minghanggroup.com\/?post_type=product&#038;p=1759"},"modified":"2025-10-17T17:11:25","modified_gmt":"2025-10-17T09:11:25","slug":"bulk-glass-oil-olive-dispenser-bottles-with-marked-marks","status":"publish","type":"product","link":"https:\/\/minghanggroup.com\/fr\/produit\/bulk-glass-oil-olive-dispenser-bottles-with-marked-marks\/","title":{"rendered":"Bouteilles distributrices d'huile d'olive en verre en vrac avec graduations 270 ml, 300 ml et 450 ml"},"content":{"rendered":"<p>Ces flacons distributeurs d&#039;huile d&#039;olive sont tr\u00e8s \u00e9l\u00e9gants : ils sont en verre transparent avec des graduations pr\u00e9cises, poss\u00e8dent des becs verseurs joliment d\u00e9cor\u00e9s en m\u00e9tal et sont disponibles en plusieurs tailles.<\/p>\n<h2>Caract\u00e9ristiques du produit<\/h2>\n<ul>\n<li><strong>Verre transparent :<\/strong> L&#039;utilisation de verre transparent permet de voir l&#039;huile de l&#039;ext\u00e9rieur du r\u00e9cipient, ce qui facilite grandement son remplissage.<\/li>\n<li><strong>Dipl\u00f4m\u00e9(e) :<\/strong> Sur la bouteille, une \u00e9chelle gradu\u00e9e permet de mesurer l&#039;huile avec pr\u00e9cision, ce qui permet de r\u00e9pondre \u00e0 diff\u00e9rents besoins culinaires.<\/li>\n<li><strong>Diff\u00e9rentes m\u00e9thodes de versement\u00a0:<\/strong> La bouteille est \u00e9quip\u00e9e de diff\u00e9rents m\u00e9canismes de versement pratiques pour s&#039;adapter aux diff\u00e9rentes habitudes culinaires.<\/li>\n<li><strong>Plusieurs tailles disponibles :<\/strong> Disponible en plusieurs tailles, vous pouvez choisir le distributeur d&#039;huile adapt\u00e9 \u00e0 vos besoins en cuisine et \u00e0 votre consommation.<\/li>\n<\/ul>\n<h2>Caract\u00e9ristiques principales<\/h2>\n<table style=\"border-collapse: collapse; margin-left: auto; margin-right: auto; width: 516.02pt;\" border=\"0\" width=\"688\" cellspacing=\"0\" cellpadding=\"0\">\n<tbody>\n<tr style=\"height: 13.50pt;\">\n<td style=\"height: 13.50pt; width: 136.50pt;\" width=\"182\" height=\"18\">Article de sp\u00e9cification<\/td>\n<td style=\"width: 379.50pt;\" width=\"506\">Param\u00e8tres sp\u00e9cifiques<\/td>\n<\/tr>\n<tr style=\"height: 13.50pt;\">\n<td style=\"height: 13.50pt;\" height=\"18\">Capacit\u00e9<\/td>\n<td>270 ml, 300 ml, 450 ml<\/td>\n<\/tr>\n<tr style=\"height: 13.50pt;\">\n<td style=\"height: 13.50pt;\" height=\"18\">Dimensions<\/td>\n<td>6 x 15,6 cm, 6,7 x 14,5 cm, 6,5 x 19,8 cm<\/td>\n<\/tr>\n<tr style=\"height: 13.50pt;\">\n<td style=\"height: 13.50pt;\" height=\"18\">Mat\u00e9riel<\/td>\n<td>Verre transparent, bec en m\u00e9tal<\/td>\n<\/tr>\n<tr style=\"height: 13.50pt;\">\n<td style=\"height: 13.50pt;\" height=\"18\">Forme<\/td>\n<td>Bouteille cylindrique en verre<\/td>\n<\/tr>\n<tr style=\"height: 13.50pt;\">\n<td style=\"height: 13.50pt;\" height=\"18\">Options de couvercle<\/td>\n<td>Bec verseur en m\u00e9tal argent\u00e9, bouchon en plastique noir<\/td>\n<\/tr>\n<tr style=\"height: 13.50pt;\">\n<td style=\"height: 13.50pt;\" height=\"18\">Utilisations id\u00e9ales<\/td>\n<td>Distributeur d&#039;huile d&#039;olive, bouteille d&#039;huile en verre, bouteille d&#039;huile de cuisson<\/td>\n<\/tr>\n<\/tbody>\n<\/table>\n<h2>Succ\u00e8s : La victoire d&#039;une cha\u00eene d&#039;approvisionnement de restaurant<\/h2>\n<p>Nous avons \u00e9t\u00e9 contact\u00e9s par une start-up de produits gastronomiques en pleine expansion, \u00e0 la recherche d&#039;une solution d&#039;emballage en verre unique. D\u00e9but 2024, ils ont opt\u00e9 pour nos distributeurs d&#039;huile d&#039;olive de 300 ml, gradu\u00e9s et dot\u00e9s d&#039;un bec verseur en m\u00e9tal argent\u00e9, avec une premi\u00e8re commande de 1\u00a0200 unit\u00e9s. Les r\u00e9sultats sont probants. Tout d&#039;abord, l&#039;absence de gouttes a permis de r\u00e9duire de 40 % le temps de nettoyage en cuisine. Ensuite, les graduations ont entra\u00een\u00e9 une diminution de 25 % du gaspillage d&#039;huile. Ce succ\u00e8s a g\u00e9n\u00e9r\u00e9 une nouvelle commande de 280\u00a0000 unit\u00e9s six mois plus tard.<\/p>\n<h2>Id\u00e9es de personnalisation<\/h2>\n<ul>\n<li><strong>Finition du bec :<\/strong> Personnalisez le distributeur d&#039;huile d&#039;olive en m\u00e9tal en changeant la finition (argent, or ou noir) pour l&#039;harmoniser avec l&#039;image de votre marque.<\/li>\n<li><strong>Couleur du couvercle :<\/strong> La couleur du bouchon \u00e0 vis en plastique peut \u00eatre modifi\u00e9e aux couleurs de votre marque pour une apparence coordonn\u00e9e.<\/li>\n<li><strong>Marquages \u200b\u200bd&#039;\u00e9chelle personnalis\u00e9s\u00a0:<\/strong> Ne vous contentez pas des graduations standard. Utilisez vos propres unit\u00e9s de volume ou m\u00eame un logo personnalis\u00e9 int\u00e9gr\u00e9 au design de la ligne de graduation.<\/li>\n<li><strong>Forme de bouteille personnalis\u00e9e\u00a0:<\/strong> En tant que fabricant d&#039;origine, nous sommes en mesure de cr\u00e9er un moule sur mesure pour une bouteille en verre de forme unique si une commande en gros tr\u00e8s importante est pass\u00e9e.<\/li>\n<\/ul>\n<p>Et si vous passiez \u00e0 la vitesse sup\u00e9rieure en mati\u00e8re d&#039;emballage\u00a0? N&#039;h\u00e9sitez pas \u00e0 nous contacter d\u00e8s aujourd&#039;hui pour discuter de vos besoins en mati\u00e8re d&#039;embouteillage.<\/p>","protected":false},"excerpt":{"rendered":"<p>Distributeur d&#039;huile d&#039;olive en verre transparent gradu\u00e9 avec bec verseur en m\u00e9tal. \u00c9l\u00e9gant et r\u00e9sistant, disponible en diff\u00e9rentes tailles pour les commandes en gros, avec livraison rapide.<\/p>","protected":false},"featured_media":1771,"template":"","meta":{"postBodyCss":"","postBodyMargin":[],"postBodyPadding":[],"postBodyBackground":{"backgroundType":"classic","gradient":""}},"product_brand":[],"product_cat":[15,16,18],"product_tag":[],"class_list":{"0":"post-1759","1":"product","2":"type-product","3":"status-publish","4":"has-post-thumbnail","6":"product_cat-glass-containers","7":"product_cat-glass-bottles","8":"product_cat-glass-oil-bottles","10":"first","11":"instock","12":"shipping-taxable","13":"product-type-simple"},"jetpack_sharing_enabled":true,"_links":{"self":[{"href":"https:\/\/minghanggroup.com\/fr\/wp-json\/wp\/v2\/product\/1759","targetHints":{"allow":["GET"]}}],"collection":[{"href":"https:\/\/minghanggroup.com\/fr\/wp-json\/wp\/v2\/product"}],"about":[{"href":"https:\/\/minghanggroup.com\/fr\/wp-json\/wp\/v2\/types\/product"}],"wp:featuredmedia":[{"embeddable":true,"href":"https:\/\/minghanggroup.com\/fr\/wp-json\/wp\/v2\/media\/1771"}],"wp:attachment":[{"href":"https:\/\/minghanggroup.com\/fr\/wp-json\/wp\/v2\/media?parent=1759"}],"wp:term":[{"taxonomy":"product_brand","embeddable":true,"href":"https:\/\/minghanggroup.com\/fr\/wp-json\/wp\/v2\/product_brand?post=1759"},{"taxonomy":"product_cat","embeddable":true,"href":"https:\/\/minghanggroup.com\/fr\/wp-json\/wp\/v2\/product_cat?post=1759"},{"taxonomy":"product_tag","embeddable":true,"href":"https:\/\/minghanggroup.com\/fr\/wp-json\/wp\/v2\/product_tag?post=1759"}],"curies":[{"name":"wp","href":"https:\/\/api.w.org\/{rel}","templated":true}]}}