{"id":1745,"date":"2025-10-17T15:45:04","date_gmt":"2025-10-17T07:45:04","guid":{"rendered":"https:\/\/minghanggroup.com\/?post_type=product&#038;p=1745"},"modified":"2026-01-20T13:47:26","modified_gmt":"2026-01-20T05:47:26","slug":"custom-clear-glass-milk-bottle-with-plastic-lids-wholesale","status":"publish","type":"product","link":"https:\/\/minghanggroup.com\/fr\/produit\/custom-clear-glass-milk-bottle-with-plastic-lids-wholesale\/","title":{"rendered":"Bouteille en verre transparent de 200 \u00e0 1000 ml avec bouchon en plastique pour jus et autres boissons"},"content":{"rendered":"<p>Vos produits laitiers m\u00e9ritent des bouteilles que vos clients conservent, et non qu&#039;ils jettent. Nous fabriquons des bouteilles de lait en verre qui mettent en valeur la fra\u00eecheur du lait et lui conf\u00e8rent une sensation de qualit\u00e9 sup\u00e9rieure\u00a0: id\u00e9ales pour le lait, les jus ou les smoothies. Ces bouteilles en verre opale allient le charme d&#039;antan \u00e0 la modernit\u00e9 de la r\u00e9utilisation, pour un plaisir gustatif authentique \u00e0 chaque gorg\u00e9e.<\/p>\n<h2>Caract\u00e9ristiques du produit<\/h2>\n<ol>\n<li><strong>Scellage serti s\u00e9curis\u00e9\u00a0:<\/strong>Le col serti s&#039;adapte parfaitement aux bouchons. Vissez, versez, et dormez sur vos deux oreilles.<\/li>\n<li><strong>Visibilit\u00e9 des produits frais de la ferme\u00a0:<\/strong>Le verre transparent met en valeur la teinte dor\u00e9e de votre lait \u2014 les clients constatent sa qualit\u00e9.<\/li>\n<li><strong>Polyvalence multi-usage :<\/strong>Du lait aux smoothies en passant par les projets de bricolage, votre bouteille de lait en verre devient un incontournable de la maison.<\/li>\n<\/ol>\n<h2>Caract\u00e9ristiques principales<\/h2>\n<table style=\"border-collapse: collapse; width: 80%; margin-left: auto; margin-right: auto;\" border=\"0\" width=\"288\" cellspacing=\"0\" cellpadding=\"0\">\n<tbody>\n<tr style=\"height: 13.50pt;\">\n<td style=\"height: 13.5pt; width: 54pt; text-align: center;\" width=\"72\" height=\"18\">Mod\u00e8le<\/td>\n<td style=\"width: 54pt; text-align: center;\" width=\"72\">Capacit\u00e9 (ml)<\/td>\n<td style=\"width: 54pt; text-align: center;\" width=\"72\">Dimensions (cm)<\/td>\n<td style=\"width: 54pt; text-align: center;\" width=\"72\">Type de cou<\/td>\n<\/tr>\n<tr style=\"height: 13.50pt;\">\n<td style=\"height: 13.5pt; text-align: center;\" align=\"right\" height=\"18\">64020006<\/td>\n<td style=\"text-align: center;\" align=\"right\">200<\/td>\n<td style=\"text-align: center;\">6 x 12<\/td>\n<td class=\"et2\" style=\"text-align: center;\" rowspan=\"4\">Col serti<\/td>\n<\/tr>\n<tr style=\"height: 13.50pt;\">\n<td style=\"height: 13.5pt; text-align: center;\" align=\"right\" height=\"18\">62025007<\/td>\n<td style=\"text-align: center;\" align=\"right\">250<\/td>\n<td style=\"text-align: center;\">5,9 x 14,05<\/td>\n<\/tr>\n<tr style=\"height: 13.50pt;\">\n<td style=\"height: 13.5pt; text-align: center;\" align=\"right\" height=\"18\">62050008<\/td>\n<td style=\"text-align: center;\" align=\"right\">500<\/td>\n<td style=\"text-align: center;\">7,2 x 20,8<\/td>\n<\/tr>\n<tr style=\"height: 13.50pt;\">\n<td style=\"height: 13.5pt; text-align: center;\" align=\"right\" height=\"18\">64100009<\/td>\n<td style=\"text-align: center;\" align=\"right\">1000<\/td>\n<td style=\"text-align: center;\">8,5 x 25,7<\/td>\n<\/tr>\n<\/tbody>\n<\/table>\n<h2>Cas de r\u00e9ussite<\/h2>\n<p>Nous avons \u00e9t\u00e9 contact\u00e9s par une laiterie australienne pour la fabrication de bouteilles de lait en verre sur mesure. Le design \u00e9l\u00e9gant et minimaliste de ces bouteilles en verre tr\u00e8s transparent est id\u00e9al pour l&#039;\u00e9tiquetage et la mise en valeur de la marque. L&#039;\u00e9paisseur du verre conf\u00e8re au produit une impression de qualit\u00e9 et de solidit\u00e9, tandis que sa transparence permet aux consommateurs de constater imm\u00e9diatement la fra\u00eecheur du lait. Un bouchon \u00e0 vis en m\u00e9tal argent\u00e9 et un joint en silicone garantissent une \u00e9tanch\u00e9it\u00e9 parfaite pendant le transport et une conservation optimale de la fra\u00eecheur du lait.<\/p>\n<p>Les ventes ont augment\u00e9 de 45 % en un trimestre, et l&#039;entreprise continue de collaborer avec nous.<\/p>\n<h2>Vos conseils de personnalisation<\/h2>\n<p>Nous personnalisons vos bouteilles de lait en verre avec votre logo, l&#039;histoire de votre marque ou vos couleurs. Quelle que soit la contenance, nous r\u00e9pondons \u00e0 vos besoins. Vous pouvez \u00e9galement acheter des accessoires comme des bouchons. Votre bouteille de lait en verre n&#039;est pas qu&#039;un simple emballage\u00a0: c&#039;est la cl\u00e9 de votre succ\u00e8s.<\/p>","protected":false},"excerpt":{"rendered":"<p>Bouteilles \u00e0 lait en verre de haute qualit\u00e9 en gros. Nos bouteilles personnalis\u00e9es en verre opalin garantissent clart\u00e9 et fra\u00eecheur. Id\u00e9ales pour le lait, les jus de fruits et les boissons de caf\u00e9. Contactez-nous d\u00e8s aujourd&#039;hui pour commander des \u00e9chantillons gratuits.<\/p>","protected":false},"featured_media":1775,"template":"","meta":{"postBodyCss":"","postBodyMargin":[],"postBodyPadding":[],"postBodyBackground":{"backgroundType":"classic","gradient":""}},"product_brand":[],"product_cat":[15,16,46],"product_tag":[72,73],"class_list":{"0":"post-1745","1":"product","2":"type-product","3":"status-publish","4":"has-post-thumbnail","6":"product_cat-glass-containers","7":"product_cat-glass-bottles","8":"product_cat-glass-milk-bottles","9":"product_tag-juice-bottles","10":"product_tag-milk-bottles","12":"first","13":"instock","14":"shipping-taxable","15":"product-type-simple"},"jetpack_sharing_enabled":true,"_links":{"self":[{"href":"https:\/\/minghanggroup.com\/fr\/wp-json\/wp\/v2\/product\/1745","targetHints":{"allow":["GET"]}}],"collection":[{"href":"https:\/\/minghanggroup.com\/fr\/wp-json\/wp\/v2\/product"}],"about":[{"href":"https:\/\/minghanggroup.com\/fr\/wp-json\/wp\/v2\/types\/product"}],"wp:featuredmedia":[{"embeddable":true,"href":"https:\/\/minghanggroup.com\/fr\/wp-json\/wp\/v2\/media\/1775"}],"wp:attachment":[{"href":"https:\/\/minghanggroup.com\/fr\/wp-json\/wp\/v2\/media?parent=1745"}],"wp:term":[{"taxonomy":"product_brand","embeddable":true,"href":"https:\/\/minghanggroup.com\/fr\/wp-json\/wp\/v2\/product_brand?post=1745"},{"taxonomy":"product_cat","embeddable":true,"href":"https:\/\/minghanggroup.com\/fr\/wp-json\/wp\/v2\/product_cat?post=1745"},{"taxonomy":"product_tag","embeddable":true,"href":"https:\/\/minghanggroup.com\/fr\/wp-json\/wp\/v2\/product_tag?post=1745"}],"curies":[{"name":"wp","href":"https:\/\/api.w.org\/{rel}","templated":true}]}}