{"id":1715,"date":"2025-10-17T14:08:39","date_gmt":"2025-10-17T06:08:39","guid":{"rendered":"https:\/\/minghanggroup.com\/?post_type=product&#038;p=1715"},"modified":"2026-01-20T13:47:35","modified_gmt":"2026-01-20T05:47:35","slug":"custom-glass-milk-bottles-with-metal-lids-for-packaging","status":"publish","type":"product","link":"https:\/\/minghanggroup.com\/fr\/produit\/custom-glass-milk-bottles-with-metal-lids-for-packaging\/","title":{"rendered":"Bouteilles de lait en verre personnalis\u00e9es de 200 \u00e0 1000 ml avec bouchons m\u00e9talliques pour l&#039;emballage"},"content":{"rendered":"<p>Votre marque laiti\u00e8re m\u00e9rite des bouteilles qui racontent une histoire, et pas seulement du lait. Nous cr\u00e9ons des bouteilles de lait en verre qui donnent \u00e0 chaque gorg\u00e9e une sensation de fra\u00eecheur, directement de la ferme \u00e0 votre table. Alliant charme classique et robustesse moderne, nos bouteilles en verre sont id\u00e9ales pour le lait, les jus de fruits ou les smoothies. Offrez-vous des bouteilles r\u00e9utilisables que vos clients auront envie de conserver.<\/p>\n<h2>Caract\u00e9ristiques du produit<\/h2>\n<ol>\n<li><strong>Verre \u00e9pais, z\u00e9ro casse :<\/strong>Des parois robustes r\u00e9sistent \u00e0 un usage quotidien\u00a0: fini les bouteilles cass\u00e9es qui ternissent votre image de marque.<\/li>\n<li><strong>Sceller le sceau de s\u00e9curit\u00e9 :<\/strong>Son col \u00e9troit s&#039;adapte parfaitement aux bouchons de bouteille standard. Vissez, versez, et finies les fuites.<\/li>\n<li><strong>Visibilit\u00e9 des produits frais de la ferme\u00a0:<\/strong>Le verre transparent met en valeur la couleur dor\u00e9e de votre lait \u2014 les clients constatent sa qualit\u00e9.<\/li>\n<li><strong>La taille qui se vend :<\/strong>Des \u00e9chantillons de 200 ml aux commandes en gros de 1000 ml, nous prenons en charge tous vos projets laitiers.<\/li>\n<\/ol>\n<h2>Caract\u00e9ristiques principales<\/h2>\n<table style=\"border-collapse: collapse; width: 80%; margin-left: auto; margin-right: auto;\" border=\"0\" width=\"288\" cellspacing=\"0\" cellpadding=\"0\">\n<tbody>\n<tr style=\"height: 13.50pt;\">\n<td style=\"height: 13.5pt; width: 54pt; text-align: center;\" width=\"72\" height=\"18\">Mod\u00e8le<\/td>\n<td style=\"width: 54pt; text-align: center;\" width=\"72\">Capacit\u00e9 (ml)<\/td>\n<td style=\"width: 54pt; text-align: center;\" width=\"72\">Dimensions (cm)<\/td>\n<td style=\"width: 54pt; text-align: center;\" width=\"72\">Type de cou<\/td>\n<\/tr>\n<tr style=\"height: 13.50pt;\">\n<td style=\"height: 13.5pt; text-align: center;\" align=\"right\" height=\"18\">64020001<\/td>\n<td style=\"text-align: center;\" align=\"right\">200<\/td>\n<td style=\"text-align: center;\">5.8&#215;12.0<\/td>\n<td class=\"et2\" style=\"text-align: center;\" rowspan=\"5\">Col filet\u00e9<\/td>\n<\/tr>\n<tr style=\"height: 13.50pt;\">\n<td style=\"height: 13.5pt; text-align: center;\" align=\"right\" height=\"18\">64025002<\/td>\n<td style=\"text-align: center;\" align=\"right\">250<\/td>\n<td style=\"text-align: center;\">5.9&#215;13.7<\/td>\n<\/tr>\n<tr style=\"height: 13.50pt;\">\n<td style=\"height: 13.5pt; text-align: center;\" align=\"right\" height=\"18\">64031003<\/td>\n<td style=\"text-align: center;\" align=\"right\">310<\/td>\n<td style=\"text-align: center;\">6.4&#215;15.3<\/td>\n<\/tr>\n<tr style=\"height: 13.50pt;\">\n<td style=\"height: 13.5pt; text-align: center;\" align=\"right\" height=\"18\">64050004<\/td>\n<td style=\"text-align: center;\" align=\"right\">500<\/td>\n<td style=\"text-align: center;\">7.5&#215;20.85<\/td>\n<\/tr>\n<tr style=\"height: 13.50pt;\">\n<td style=\"height: 13.5pt; text-align: center;\" align=\"right\" height=\"18\">64100005<\/td>\n<td style=\"text-align: center;\" align=\"right\">1000<\/td>\n<td style=\"text-align: center;\">8.5&#215;26.0<\/td>\n<\/tr>\n<\/tbody>\n<\/table>\n<h2>Cas de r\u00e9ussite<\/h2>\n<p>Une marque laiti\u00e8re canadienne locale, soucieuse de la qualit\u00e9 et du d\u00e9veloppement durable de son produit, a opt\u00e9 pour un emballage en verre plut\u00f4t qu&#039;en plastique. Elle nous a donc command\u00e9 des bouteilles de lait en verre sur mesure, fabriqu\u00e9es en verre sodocalcique haute d\u00e9finition extra-\u00e9pais, afin de mettre en valeur l&#039;onctuosit\u00e9 naturelle de son lait frais. Leur forme cylindrique \u00e9lanc\u00e9e se pr\u00eate parfaitement \u00e0 des \u00e9tiquettes \u00e9l\u00e9gantes, et le logo en relief sur l&#039;\u00e9paulement apporte une touche artisanale et personnalis\u00e9e.<\/p>\n<p>Depuis son lancement, le design r\u00e9utilisable et \u00e9cologique de la bouteille en verre ne cesse de susciter l&#039;enthousiasme des consommateurs, d&#039;autant plus que le nouvel emballage est pr\u00e9sent\u00e9 dans une vitrine r\u00e9frig\u00e9r\u00e9e. Les ventes ont bondi de 45 % en seulement trois mois, faisant de cette gamme de bouteilles en verre le produit le plus vendu de l&#039;entreprise.<\/p>\n<h2>Vos conseils de personnalisation<\/h2>\n<p>Votre lait m\u00e9rite un emballage facile \u00e0 vendre. Nous personnalisons vos bouteilles de lait en verre avec votre logo, votre couleur et bien plus encore. Nous proposons \u00e9galement une large gamme d&#039;accessoires, comme des bouchons et des goulots de diff\u00e9rentes formes. Plus qu&#039;un simple emballage, la bouteille de lait en verre est votre atout majeur pour vous d\u00e9marquer. Travaillons ensemble pour concr\u00e9tiser nos projets.<\/p>","protected":false},"excerpt":{"rendered":"<p>Bouteilles \u00e0 lait en verre transparent r\u00e9sistant avec bouchons m\u00e9talliques \u00e0 visser pour une fermeture herm\u00e9tique. Id\u00e9ales pour les produits laitiers, les jus de fruits ou le conditionnement de boissons. Logo et couleurs de bouchon personnalisables.<\/p>","protected":false},"featured_media":1739,"template":"","meta":{"postBodyCss":"","postBodyMargin":[],"postBodyPadding":[],"postBodyBackground":{"backgroundType":"classic","gradient":""}},"product_brand":[],"product_cat":[15,16,46],"product_tag":[72,73],"class_list":{"0":"post-1715","1":"product","2":"type-product","3":"status-publish","4":"has-post-thumbnail","6":"product_cat-glass-containers","7":"product_cat-glass-bottles","8":"product_cat-glass-milk-bottles","9":"product_tag-juice-bottles","10":"product_tag-milk-bottles","12":"first","13":"instock","14":"shipping-taxable","15":"product-type-simple"},"jetpack_sharing_enabled":true,"_links":{"self":[{"href":"https:\/\/minghanggroup.com\/fr\/wp-json\/wp\/v2\/product\/1715","targetHints":{"allow":["GET"]}}],"collection":[{"href":"https:\/\/minghanggroup.com\/fr\/wp-json\/wp\/v2\/product"}],"about":[{"href":"https:\/\/minghanggroup.com\/fr\/wp-json\/wp\/v2\/types\/product"}],"wp:featuredmedia":[{"embeddable":true,"href":"https:\/\/minghanggroup.com\/fr\/wp-json\/wp\/v2\/media\/1739"}],"wp:attachment":[{"href":"https:\/\/minghanggroup.com\/fr\/wp-json\/wp\/v2\/media?parent=1715"}],"wp:term":[{"taxonomy":"product_brand","embeddable":true,"href":"https:\/\/minghanggroup.com\/fr\/wp-json\/wp\/v2\/product_brand?post=1715"},{"taxonomy":"product_cat","embeddable":true,"href":"https:\/\/minghanggroup.com\/fr\/wp-json\/wp\/v2\/product_cat?post=1715"},{"taxonomy":"product_tag","embeddable":true,"href":"https:\/\/minghanggroup.com\/fr\/wp-json\/wp\/v2\/product_tag?post=1715"}],"curies":[{"name":"wp","href":"https:\/\/api.w.org\/{rel}","templated":true}]}}