{"id":1642,"date":"2025-10-16T16:24:25","date_gmt":"2025-10-16T08:24:25","guid":{"rendered":"https:\/\/minghanggroup.com\/?post_type=product&#038;p=1642"},"modified":"2025-10-16T17:50:57","modified_gmt":"2025-10-16T09:50:57","slug":"wholesale-cylindrical-amber-glass-olive-oil-bottles","status":"publish","type":"product","link":"https:\/\/minghanggroup.com\/fr\/produit\/wholesale-cylindrical-amber-glass-olive-oil-bottles\/","title":{"rendered":"Bouteilles d&#039;huile d&#039;olive cylindriques en verre ambr\u00e9, en gros, de 250 ml, 500 ml et 750 ml."},"content":{"rendered":"<p>Ces bouteilles d&#039;huile d&#039;olive en verre ambr\u00e9 sont le support id\u00e9al pour conserver et d\u00e9corer l&#039;huile d&#039;olive, car l&#039;\u00e9l\u00e9gant verre ambr\u00e9 a \u00e9t\u00e9 fa\u00e7onn\u00e9 en de jolies formes cylindriques fines et \u00e9pur\u00e9es, disponibles en plusieurs tailles et qui sont non seulement raffin\u00e9es par leur charme, mais aussi efficaces \u00e0 utiliser.<\/p>\n<h2>Caract\u00e9ristiques du produit<\/h2>\n<ul>\n<li><strong>Conception r\u00e9sistante aux UV\u00a0:<\/strong> Le verre ambr\u00e9 pr\u00e9serve la fra\u00eecheur du produit en bloquant les rayons nocifs de la lumi\u00e8re.<\/li>\n<li><strong>Versement sans gouttes \u00e0 chaque fois :<\/strong> Le couvercle sp\u00e9cialement con\u00e7u du verseur est anti-goutte. Il ne laissera aucune trace collante sur les parois de la bouteille ni sur votre plan de travail.<\/li>\n<li><strong>Forme cylindrique mince :<\/strong> Gr\u00e2ce \u00e0 sa conception mince, vous pouvez ranger le produit sur votre plan de travail ou sur les \u00e9tag\u00e8res de votre garde-manger sans avoir besoin d&#039;espace suppl\u00e9mentaire.<\/li>\n<\/ul>\n<h2>Caract\u00e9ristiques principales<\/h2>\n<table style=\"border-collapse: collapse; margin-left: auto; margin-right: auto; width: 457.52pt;\" border=\"0\" width=\"610\" cellspacing=\"0\" cellpadding=\"0\">\n<tbody>\n<tr style=\"height: 13.50pt;\">\n<td style=\"height: 13.50pt; width: 103.50pt;\" width=\"138\" height=\"18\">Fonctionnalit\u00e9<\/td>\n<td style=\"width: 354.00pt;\" width=\"472\">Sp\u00e9cification<\/td>\n<\/tr>\n<tr style=\"height: 13.50pt;\">\n<td style=\"height: 13.50pt;\" height=\"18\">Capacit\u00e9<\/td>\n<td>250 ml, 500 ml, 750 ml<\/td>\n<\/tr>\n<tr style=\"height: 13.50pt;\">\n<td style=\"height: 13.50pt;\" height=\"18\">Dimensions<\/td>\n<td>5,0 \u00d7 23,2 cm, 6,1 \u00d7 28,0 cm, 6,9 \u00d7 30,9 cm<\/td>\n<\/tr>\n<tr style=\"height: 13.50pt;\">\n<td style=\"height: 13.50pt;\" height=\"18\">Tour de cou<\/td>\n<td>Filetage de 19\u00d730 mm<\/td>\n<\/tr>\n<tr style=\"height: 13.50pt;\">\n<td style=\"height: 13.50pt;\" height=\"18\">Mat\u00e9riel<\/td>\n<td>Verre ambr\u00e9, couvercle en m\u00e9tal<\/td>\n<\/tr>\n<tr style=\"height: 13.50pt;\">\n<td style=\"height: 13.50pt;\" height=\"18\">Forme<\/td>\n<td>Bouteille cylindrique en verre<\/td>\n<\/tr>\n<tr style=\"height: 13.50pt;\">\n<td style=\"height: 13.50pt;\" height=\"18\">Options de couvercle<\/td>\n<td>Couvercle noir\/or (personnalisable)<\/td>\n<\/tr>\n<tr style=\"height: 13.50pt;\">\n<td style=\"height: 13.50pt;\" height=\"18\">Utilisation id\u00e9ale<\/td>\n<td>distributeur d&#039;huile d&#039;olive en verre, burettes \u00e0 huile d&#039;olive, bouteille d&#039;huile<\/td>\n<\/tr>\n<\/tbody>\n<\/table>\n<h2>Succ\u00e8s\u00a0: B\u00e2tir une marque gr\u00e2ce \u00e0 un emballage coh\u00e9rent<\/h2>\n<p>Le fabricant de produits alimentaires californiens de sp\u00e9cialit\u00e9, distribu\u00e9s dans le monde entier, recherchait des bocaux en verre haut de gamme pour son huile d&#039;olive. Il a donc pass\u00e9 sa premi\u00e8re commande chez nous\u00a0: 5\u00a0000 bouteilles d&#039;huile d&#039;olive en verre ambr\u00e9 de 250\u00a0ml et 500\u00a0ml. Les d\u00e9taillants appr\u00e9cient l&#039;aspect professionnel des produits et soulignent les nombreux avantages du verre opaque, un argument de vente souvent mis en avant par les repr\u00e9sentants. R\u00e9sultat\u00a0: les clients fid\u00e8les ach\u00e8tent davantage, le taux de r\u00e9achat ayant atteint 72\u00a0% dans les 90\u00a0jours. Fort de ce succ\u00e8s initial, pr\u00e8s de 200\u00a0000\u00a0unit\u00e9s ont \u00e9t\u00e9 command\u00e9es en seulement huit mois.<\/p>\n<h2>Personnalisez vos bouteilles d&#039;huile d&#039;olive en verre ambr\u00e9<\/h2>\n<ul>\n<li><strong>Logo givr\u00e9 :<\/strong> La gravure \u00e0 l&#039;acide est la m\u00e9thode \u00e0 employer lorsqu&#039;un logo raffin\u00e9, monochrome, \u00e0 la finition mate et \u00e0 l&#039;aspect luxueux est requis.<\/li>\n<li><strong>S\u00e9rigraphie :<\/strong> La couleur vive contrastant avec le fond sombre du verre ambr\u00e9 de l&#039;encre rendra votre logo lisible m\u00eame de loin.<\/li>\n<li><strong>Couleur personnalis\u00e9e de la casquette\u00a0:<\/strong> Si vous souhaitez un bouchon \u00e0 vis aux couleurs de votre marque, vous pouvez choisir parmi l&#039;or, l&#039;argent, le noir, etc.<\/li>\n<li><strong>Teinte ambr\u00e9e plus fonc\u00e9e :<\/strong> Offre une protection maximale contre les rayons UV gr\u00e2ce \u00e0 une pigmentation plus intense. Id\u00e9al pour les huiles d&#039;olive extr\u00eamement sensibles.<\/li>\n<\/ul>","protected":false},"excerpt":{"rendered":"<p>Bouteilles d&#039;huile d&#039;olive en verre ambr\u00e9 avec bouchon \u00e0 vis. Fines, r\u00e9sistantes et id\u00e9ales pour la cuisine. Commandes en gros, livraison rapide et \u00e9chantillons gratuits disponibles.<\/p>","protected":false},"featured_media":1649,"template":"","meta":{"postBodyCss":"","postBodyMargin":[],"postBodyPadding":[],"postBodyBackground":{"backgroundType":"classic","gradient":""}},"product_brand":[],"product_cat":[15,16,18],"product_tag":[],"class_list":{"0":"post-1642","1":"product","2":"type-product","3":"status-publish","4":"has-post-thumbnail","6":"product_cat-glass-containers","7":"product_cat-glass-bottles","8":"product_cat-glass-oil-bottles","10":"first","11":"instock","12":"shipping-taxable","13":"product-type-simple"},"jetpack_sharing_enabled":true,"_links":{"self":[{"href":"https:\/\/minghanggroup.com\/fr\/wp-json\/wp\/v2\/product\/1642","targetHints":{"allow":["GET"]}}],"collection":[{"href":"https:\/\/minghanggroup.com\/fr\/wp-json\/wp\/v2\/product"}],"about":[{"href":"https:\/\/minghanggroup.com\/fr\/wp-json\/wp\/v2\/types\/product"}],"wp:featuredmedia":[{"embeddable":true,"href":"https:\/\/minghanggroup.com\/fr\/wp-json\/wp\/v2\/media\/1649"}],"wp:attachment":[{"href":"https:\/\/minghanggroup.com\/fr\/wp-json\/wp\/v2\/media?parent=1642"}],"wp:term":[{"taxonomy":"product_brand","embeddable":true,"href":"https:\/\/minghanggroup.com\/fr\/wp-json\/wp\/v2\/product_brand?post=1642"},{"taxonomy":"product_cat","embeddable":true,"href":"https:\/\/minghanggroup.com\/fr\/wp-json\/wp\/v2\/product_cat?post=1642"},{"taxonomy":"product_tag","embeddable":true,"href":"https:\/\/minghanggroup.com\/fr\/wp-json\/wp\/v2\/product_tag?post=1642"}],"curies":[{"name":"wp","href":"https:\/\/api.w.org\/{rel}","templated":true}]}}