{"id":1471,"date":"2025-10-15T15:31:39","date_gmt":"2025-10-15T07:31:39","guid":{"rendered":"https:\/\/minghanggroup.com\/?post_type=product&#038;p=1471"},"modified":"2025-10-16T15:23:41","modified_gmt":"2025-10-16T07:23:41","slug":"wholesale-green-glass-olive-oil-dispensers-with-metal-lids","status":"publish","type":"product","link":"https:\/\/minghanggroup.com\/fr\/produit\/wholesale-green-glass-olive-oil-dispensers-with-metal-lids\/","title":{"rendered":"Distributeurs d&#039;huile d&#039;olive en verre vert avec couvercles m\u00e9talliques, en gros\u00a0: 250\u00a0ml, 500\u00a0ml et 750\u00a0ml."},"content":{"rendered":"<p>Ces bouteilles d&#039;huile d&#039;olive sont fabriqu\u00e9es en verre vert \u00e9l\u00e9gant et pr\u00e9sentent une forme cylindrique lisse, fine et allong\u00e9e. Elles sont disponibles avec des bouchons noirs et dor\u00e9s, et se d\u00e9clinent en diff\u00e9rentes tailles.<\/p>\n<h2>Caract\u00e9ristiques du produit<\/h2>\n<ul>\n<li><strong>Protection UV int\u00e9gr\u00e9e\u00a0:<\/strong> Le verre vert prot\u00e8ge votre huile d&#039;olive de la lumi\u00e8re, la conservant ainsi fra\u00eeche et permettant une utilisation plus longue.<\/li>\n<li><strong>Forme cylindrique mince :<\/strong> La bouteille, avec sa forme cylindrique allong\u00e9e, est non seulement \u00e9l\u00e9gante mais aussi compacte ; elle peut donc \u00eatre facilement expos\u00e9e et rang\u00e9e dans la cuisine tout en optimisant l&#039;espace.<\/li>\n<li><strong>Diff\u00e9rentes options de bouchon :<\/strong> Les bouchons, disponibles en noir, en or et dans d&#039;autres couleurs, r\u00e9pondent non seulement aux diff\u00e9rents go\u00fbts esth\u00e9tiques des utilisateurs, mais garantissent \u00e9galement une fermeture herm\u00e9tique du r\u00e9cipient.<\/li>\n<\/ul>\n<h2>Caract\u00e9ristiques principales<\/h2>\n<table style=\"border-collapse: collapse; margin-left: auto; margin-right: auto; width: 520.52pt;\" border=\"0\" width=\"694\" cellspacing=\"0\" cellpadding=\"0\">\n<tbody>\n<tr style=\"height: 13.50pt;\">\n<td style=\"height: 13.50pt; width: 103.50pt;\" width=\"138\" height=\"18\">Fonctionnalit\u00e9<\/td>\n<td style=\"width: 417.00pt;\" width=\"556\">Sp\u00e9cification<\/td>\n<\/tr>\n<tr style=\"height: 13.50pt;\">\n<td style=\"height: 13.50pt;\" height=\"18\">Capacit\u00e9<\/td>\n<td>250 ml 500 ml 750 ml<\/td>\n<\/tr>\n<tr style=\"height: 13.50pt;\">\n<td style=\"height: 13.50pt;\" height=\"18\">Dimensions<\/td>\n<td>5,0 \u00d7 23,2 cm, 6,1 \u00d7 28,0 cm, 6,9 \u00d7 30,9 cm<\/td>\n<\/tr>\n<tr style=\"height: 13.50pt;\">\n<td style=\"height: 13.50pt;\" height=\"18\">Tour de cou<\/td>\n<td>Col de vis 19\u00d730 mm<\/td>\n<\/tr>\n<tr style=\"height: 13.50pt;\">\n<td style=\"height: 13.50pt;\" height=\"18\">Mat\u00e9riel<\/td>\n<td>Corps en verre vert, couvercle en m\u00e9tal<\/td>\n<\/tr>\n<tr style=\"height: 13.50pt;\">\n<td style=\"height: 13.50pt;\" height=\"18\">Forme<\/td>\n<td>Bouteille cylindrique en verre<\/td>\n<\/tr>\n<tr style=\"height: 13.50pt;\">\n<td style=\"height: 13.50pt;\" height=\"18\">Options de couvercle<\/td>\n<td>Bec verseur noir, bec verseur dor\u00e9, bouchon plein<\/td>\n<\/tr>\n<tr style=\"height: 13.50pt;\">\n<td style=\"height: 13.50pt;\" height=\"18\">Id\u00e9al pour<\/td>\n<td>Huiles d&#039;olive, vinaigre, huiles de cuisson<\/td>\n<\/tr>\n<tr style=\"height: 13.50pt;\">\n<td style=\"height: 13.50pt;\" height=\"18\">Utilisation id\u00e9ale<\/td>\n<td>bouteille d&#039;huile d&#039;olive, bouteilles d&#039;huile et de vinaigre, bouteille d&#039;huile d&#039;olive de cuisson<\/td>\n<\/tr>\n<\/tbody>\n<\/table>\n<h2>Histoire \u00e0 succ\u00e8s<\/h2>\n<p>Un importateur d&#039;huile d&#039;olive artisanale am\u00e9ricaine a choisi nos bouteilles carr\u00e9es en verre vert de 250 ml avec bouchons verts et a pass\u00e9 une premi\u00e8re commande de 5\u00a0000 unit\u00e9s. Trois mois plus tard, il nous a inform\u00e9s que les ventes du produit dans les \u00e9piceries fines avaient augment\u00e9 de 40\u00a0% par rapport au lancement pr\u00e9c\u00e9dent. En 90 jours, 65\u00a0% des clients ont renouvel\u00e9 leur commande. Fort de ce succ\u00e8s, une commande en gros a \u00e9t\u00e9 pass\u00e9e, ce qui a permis d&#039;\u00e9largir notre gamme aux bouteilles de 500 ml, avec un volume de commandes annuel moyen de 200\u00a0000 unit\u00e9s.<\/p>\n<h2>Suggestions de personnalisation<\/h2>\n<ul>\n<li>Intensit\u00e9 de la couleur du verre\u00a0: Vous pouvez modifier la couleur du verre pour obtenir un vert saphir fonc\u00e9 avec des nuances de vert clair.<\/li>\n<li>Finition givr\u00e9e : Une surface enti\u00e8rement givr\u00e9e (acide-H) peut \u00eatre appliqu\u00e9e pour obtenir une texture douce et mate et un aspect opaque sophistiqu\u00e9.<\/li>\n<li>Logo Ambsced\u00a0: Votre logo peut \u00eatre moul\u00e9 directement dans le verre lors de la production pour une sensation tactile, luxueuse et haut de gamme.<\/li>\n<li>Options de couleur pour l&#039;identifiant\u00a0: Choisissez la couleur de votre identifiant parmi une gamme de couleurs (comme le noir, l&#039;argent ou l&#039;or) qui correspond ou compl\u00e8te la palette de votre marque.<\/li>\n<li>Forme de couvercle personnalis\u00e9e\u00a0: Laissez-nous vous aider \u00e0 cr\u00e9er une forme de couvercle personnalis\u00e9e qui se d\u00e9marque et devient l\u2019\u00e9l\u00e9ment le plus reconnaissable de votre emballage.<\/li>\n<\/ul>\n<p>Si vous souhaitez fabriquer de jolies bouteilles d&#039;huile d&#039;olive, veuillez nous contacter pour obtenir un devis de prix de gros et un tarif d&#039;exp\u00e9dition en grande quantit\u00e9.<\/p>","protected":false},"excerpt":{"rendered":"<p>Ces distributeurs d&#039;huile d&#039;olive verte avec couvercles m\u00e9talliques sont fabriqu\u00e9s en verre de haute qualit\u00e9, disponibles en diff\u00e9rentes tailles et id\u00e9aux pour la vente en gros. \u00c9chantillons gratuits disponibles.<\/p>","protected":false},"featured_media":1501,"template":"","meta":{"postBodyCss":"","postBodyMargin":[],"postBodyPadding":[],"postBodyBackground":{"backgroundType":"classic","gradient":""}},"product_brand":[],"product_cat":[15,16,18],"product_tag":[],"class_list":{"0":"post-1471","1":"product","2":"type-product","3":"status-publish","4":"has-post-thumbnail","6":"product_cat-glass-containers","7":"product_cat-glass-bottles","8":"product_cat-glass-oil-bottles","10":"first","11":"instock","12":"shipping-taxable","13":"product-type-simple"},"jetpack_sharing_enabled":true,"_links":{"self":[{"href":"https:\/\/minghanggroup.com\/fr\/wp-json\/wp\/v2\/product\/1471","targetHints":{"allow":["GET"]}}],"collection":[{"href":"https:\/\/minghanggroup.com\/fr\/wp-json\/wp\/v2\/product"}],"about":[{"href":"https:\/\/minghanggroup.com\/fr\/wp-json\/wp\/v2\/types\/product"}],"wp:featuredmedia":[{"embeddable":true,"href":"https:\/\/minghanggroup.com\/fr\/wp-json\/wp\/v2\/media\/1501"}],"wp:attachment":[{"href":"https:\/\/minghanggroup.com\/fr\/wp-json\/wp\/v2\/media?parent=1471"}],"wp:term":[{"taxonomy":"product_brand","embeddable":true,"href":"https:\/\/minghanggroup.com\/fr\/wp-json\/wp\/v2\/product_brand?post=1471"},{"taxonomy":"product_cat","embeddable":true,"href":"https:\/\/minghanggroup.com\/fr\/wp-json\/wp\/v2\/product_cat?post=1471"},{"taxonomy":"product_tag","embeddable":true,"href":"https:\/\/minghanggroup.com\/fr\/wp-json\/wp\/v2\/product_tag?post=1471"}],"curies":[{"name":"wp","href":"https:\/\/api.w.org\/{rel}","templated":true}]}}