{"id":1449,"date":"2025-10-15T05:48:05","date_gmt":"2025-10-15T05:48:05","guid":{"rendered":"https:\/\/minghanggroup.com\/?post_type=product&#038;p=1449"},"modified":"2025-10-16T15:23:33","modified_gmt":"2025-10-16T07:23:33","slug":"wholesale-cylinder-kitchen-oil-dispensers-with-screw-lids","status":"publish","type":"product","link":"https:\/\/minghanggroup.com\/fr\/produit\/wholesale-cylinder-kitchen-oil-dispensers-with-screw-lids\/","title":{"rendered":"Distributeurs d&#039;huile de cuisine cylindriques en gros avec couvercles \u00e0 vis 100 ml 250 ml 500 ml 750 ml"},"content":{"rendered":"<p>Fabriqu\u00e9s en verre transparent, ces distributeurs d&#039;huile de cuisine pr\u00e9sentent un corps cylindrique long et \u00e9troit, id\u00e9al pour la fluidit\u00e9 des fluides. Disponibles en diff\u00e9rentes dimensions, ils sont munis d&#039;un bouchon \u00e0 vis. Ils allient ainsi parfaitement style minimaliste et fonctionnalit\u00e9 en cuisine.<\/p>\n<h2>Caract\u00e9ristiques du produit<\/h2>\n<ul>\n<li><strong>Corps cylindrique mince :<\/strong> Leur forme cylindrique allong\u00e9e rend les bouteilles faciles \u00e0 tenir et \u00e0 ranger dans la cuisine, permettant ainsi un gain de place.<\/li>\n<li><strong>Conception \u00e0 couvercle viss\u00e9\u00a0:<\/strong> Le bouchon \u00e0 vis remplit une double fonction : outre le fait de permettre une utilisation correcte avec le bon bouchon, il assure une \u00e9tanch\u00e9it\u00e9 parfaite et emp\u00eache l&#039;oxydation de l&#039;huile.<\/li>\n<li><strong>Plusieurs tailles disponibles :<\/strong> Il existe quatre tailles de bouteilles diff\u00e9rentes qui vous aideront \u00e0 d\u00e9terminer la taille la plus appropri\u00e9e pour votre usage quotidien \u00e0 domicile ou pour de petites quantit\u00e9s.<\/li>\n<\/ul>\n<h2>Caract\u00e9ristiques principales<\/h2>\n<table style=\"border-collapse: collapse; margin-left: auto; margin-right: auto; width: 473.27pt;\" border=\"0\" width=\"631\" cellspacing=\"0\" cellpadding=\"0\">\n<tbody>\n<tr style=\"height: 13.50pt;\">\n<td style=\"height: 13.50pt; width: 103.50pt;\" width=\"138\" height=\"18\">Fonctionnalit\u00e9<\/td>\n<td style=\"width: 369.75pt;\" width=\"493\">Sp\u00e9cification<\/td>\n<\/tr>\n<tr style=\"height: 13.50pt;\">\n<td style=\"height: 13.50pt;\" height=\"18\">Capacit\u00e9<\/td>\n<td>100 ml, 250 ml, 500 ml, 750 ml<\/td>\n<\/tr>\n<tr style=\"height: 13.50pt;\">\n<td style=\"height: 13.50pt;\" height=\"18\">Dimensions<\/td>\n<td>4,5 \u00d7 15,0 cm, 5,0 \u00d7 23,2 cm, 6,1 \u00d7 28,0 cm, 6,9 \u00d7 31,2 cm<\/td>\n<\/tr>\n<tr style=\"height: 13.50pt;\">\n<td style=\"height: 13.50pt;\" height=\"18\">Tour de cou<\/td>\n<td>Col de vis 17\u00d729 mm<\/td>\n<\/tr>\n<tr style=\"height: 13.50pt;\">\n<td style=\"height: 13.50pt;\" height=\"18\">Mat\u00e9riel<\/td>\n<td>Corps en verre transparent, couvercle en m\u00e9tal<\/td>\n<\/tr>\n<tr style=\"height: 13.50pt;\">\n<td style=\"height: 13.50pt;\" height=\"18\">Forme<\/td>\n<td>Bouteille cylindrique en verre<\/td>\n<\/tr>\n<tr style=\"height: 13.50pt;\">\n<td style=\"height: 13.50pt;\" height=\"18\">Options de couvercle<\/td>\n<td>Becs verseurs noirs, dor\u00e9s ou verts ou bouchons pleins<\/td>\n<\/tr>\n<tr style=\"height: 13.50pt;\">\n<td style=\"height: 13.50pt;\" height=\"18\">Id\u00e9al pour<\/td>\n<td>Huile d&#039;olive, vinaigre, huiles de cuisson<\/td>\n<\/tr>\n<tr style=\"height: 13.50pt;\">\n<td style=\"height: 13.50pt;\" height=\"18\">Utilisation id\u00e9ale<\/td>\n<td>Distributeur d&#039;huile de cuisine, huilier, bouteille d&#039;huile de cuisson<\/td>\n<\/tr>\n<\/tbody>\n<\/table>\n<h2>Histoire \u00e0 succ\u00e8s<\/h2>\n<p>Le distributeur europ\u00e9en de produits alimentaires de sp\u00e9cialit\u00e9 recherchait une bouteille en verre unique pour sa nouvelle gamme d&#039;huiles d&#039;olive artisanales. Il a opt\u00e9 pour notre flacon distributeur carr\u00e9 de 500 ml, avec bouchon \u00e0 vis noir et logo dor\u00e9. Apr\u00e8s une production limit\u00e9e \u00e0 10\u00a0000 bouteilles, le produit a rencontr\u00e9 un franc succ\u00e8s. Le distributeur a constat\u00e9 une augmentation de 25\u00a0% du taux de r\u00e9achat chez ses clients d\u00e9taillants et une diminution de 95\u00a0% des r\u00e9clamations pour fuites. Cette r\u00e9ussite a permis de g\u00e9n\u00e9rer des commandes trimestrielles r\u00e9guli\u00e8res de 10\u00a0000 bouteilles, confirmant ainsi la place de la bouteille en verre parmi les produits phares de sa gamme d&#039;emballages haut de gamme.<\/p>\n<h2>Suggestions de personnalisation pour les bouteilles d&#039;huile en verre<\/h2>\n<ul>\n<li>Teinte\u00a0: Vous pouvez donner une l\u00e9g\u00e8re teinte verte ou ambr\u00e9e au verre transparent, non seulement pour la protection UV, mais aussi pour l\u2019esth\u00e9tique du produit.<\/li>\n<li>S\u00e9rigraphie : La m\u00e9thode la plus tendance et la plus durable pour apposer votre logo ou votre motif sur du verre consiste \u00e0 l&#039;imprimer directement sur le verre.<\/li>\n<li>Format personnalis\u00e9\u00a0: Que vous souhaitiez une bouteille de 100\u00a0ml pour une petite cuisine ou une grande bouteille de 1\u00a0000\u00a0ml pour le stockage en vrac \u00e0 des fins commerciales, nous pouvons fabriquer la bouteille qu\u2019il vous faut.<\/li>\n<li>Rev\u00eatement int\u00e9rieur\u00a0: L\u2019ajout d\u2019un rev\u00eatement int\u00e9rieur \u00e0 certaines huiles peut constituer une m\u00e9thode de protection suppl\u00e9mentaire pour pr\u00e9server la saveur et l\u2019int\u00e9grit\u00e9 du contenu.<\/li>\n<\/ul>\n<p>Vous souhaitez utiliser ce distributeur pratique pour valoriser votre image de marque\u00a0? N&#039;h\u00e9sitez pas \u00e0 nous contacter\u00a0; nous serons ravis de vous fournir un devis pour la vente en gros et les exp\u00e9ditions en grande quantit\u00e9 \u00e0 un prix comp\u00e9titif.<\/p>","protected":false},"excerpt":{"rendered":"<p>Distributeur d&#039;huile de cuisine en verre transparent, au design fin, durable et simple d&#039;utilisation au quotidien. Livraison rapide et \u00e9chantillons gratuits disponibles pour les commandes en gros.<\/p>","protected":false},"featured_media":1465,"template":"","meta":{"postBodyCss":"","postBodyMargin":[],"postBodyPadding":[],"postBodyBackground":{"backgroundType":"classic","gradient":""}},"product_brand":[],"product_cat":[15,16,18],"product_tag":[],"class_list":{"0":"post-1449","1":"product","2":"type-product","3":"status-publish","4":"has-post-thumbnail","6":"product_cat-glass-containers","7":"product_cat-glass-bottles","8":"product_cat-glass-oil-bottles","10":"first","11":"instock","12":"shipping-taxable","13":"product-type-simple"},"jetpack_sharing_enabled":true,"_links":{"self":[{"href":"https:\/\/minghanggroup.com\/fr\/wp-json\/wp\/v2\/product\/1449","targetHints":{"allow":["GET"]}}],"collection":[{"href":"https:\/\/minghanggroup.com\/fr\/wp-json\/wp\/v2\/product"}],"about":[{"href":"https:\/\/minghanggroup.com\/fr\/wp-json\/wp\/v2\/types\/product"}],"wp:featuredmedia":[{"embeddable":true,"href":"https:\/\/minghanggroup.com\/fr\/wp-json\/wp\/v2\/media\/1465"}],"wp:attachment":[{"href":"https:\/\/minghanggroup.com\/fr\/wp-json\/wp\/v2\/media?parent=1449"}],"wp:term":[{"taxonomy":"product_brand","embeddable":true,"href":"https:\/\/minghanggroup.com\/fr\/wp-json\/wp\/v2\/product_brand?post=1449"},{"taxonomy":"product_cat","embeddable":true,"href":"https:\/\/minghanggroup.com\/fr\/wp-json\/wp\/v2\/product_cat?post=1449"},{"taxonomy":"product_tag","embeddable":true,"href":"https:\/\/minghanggroup.com\/fr\/wp-json\/wp\/v2\/product_tag?post=1449"}],"curies":[{"name":"wp","href":"https:\/\/api.w.org\/{rel}","templated":true}]}}