{"id":1417,"date":"2025-10-15T03:24:25","date_gmt":"2025-10-15T03:24:25","guid":{"rendered":"https:\/\/minghanggroup.com\/?post_type=product&#038;p=1417"},"modified":"2025-10-16T15:23:25","modified_gmt":"2025-10-16T07:23:25","slug":"bulk-unique-curved-glass-cooking-oil-bottles-with-handle","status":"publish","type":"product","link":"https:\/\/minghanggroup.com\/fr\/produit\/bulk-unique-curved-glass-cooking-oil-bottles-with-handle\/","title":{"rendered":"Bouteilles d'huile de cuisson en verre courb\u00e9 uniques, en gros, avec poign\u00e9e, 100 ml, 250 ml, 500 ml"},"content":{"rendered":"<p>Ces flacons \u00e0 huile en verre transparent mettent en valeur un design en relief unique, \u00e0 la fois esth\u00e9tique et pratique. Leur poign\u00e9e en verre robuste permet un versement facile et sans effort. Disponibles en diff\u00e9rentes tailles et avec divers styles de bouchons, ils conservent l&#039;huile avec \u00e9l\u00e9gance et apportent une touche de modernit\u00e9 \u00e0 votre cuisine.<\/p>\n<h2>Caract\u00e9ristiques du produit<\/h2>\n<ul>\n<li class=\" translation-block\"><strong>Distinctive Curved Body:<\/strong> The curved raised design not only gives a beautiful shape, but it also provides a certain degree of slip resistance.<\/li>\n<li class=\" translation-block\"><strong>Handle Made of Glass:<\/strong> The stylish glass handle offers a comfortable hold and easy pouring.<\/li>\n<li class=\" translation-block\"><strong>Various Styles of\u00a0 Bottle Openings:<\/strong> A cap seals the lid for convenient storage, whereas an open top allows for quick pouring thus catering to diverse kitchen needs.<\/li>\n<\/ul>\n<h2>Caract\u00e9ristiques principales<\/h2>\n<table style=\"border-collapse: collapse; margin-left: auto; margin-right: auto; width: 473.27pt;\" border=\"0\" width=\"631\" cellspacing=\"0\" cellpadding=\"0\">\n<tbody>\n<tr style=\"height: 13.50pt;\">\n<td style=\"height: 13.50pt; width: 103.50pt;\" width=\"138\" height=\"18\">Fonctionnalit\u00e9<\/td>\n<td style=\"width: 369.75pt;\" width=\"493\">Sp\u00e9cification<\/td>\n<\/tr>\n<tr style=\"height: 13.50pt;\">\n<td style=\"height: 13.50pt;\" height=\"18\">Capacit\u00e9<\/td>\n<td>100 ml, 250 ml, 500 ml<\/td>\n<\/tr>\n<tr style=\"height: 13.50pt;\">\n<td style=\"height: 13.50pt;\" height=\"18\">Dimensions<\/td>\n<td>5,4 \u00d7 13,9 cm, 7,1 \u00d7 17,3 cm, 8,8 \u00d7 21,9 cm<\/td>\n<\/tr>\n<tr style=\"height: 13.50pt;\">\n<td style=\"height: 13.50pt;\" height=\"18\">Mat\u00e9riel<\/td>\n<td>Corps et poign\u00e9e en verre transparent, couvercle en m\u00e9tal<\/td>\n<\/tr>\n<tr style=\"height: 13.50pt;\">\n<td style=\"height: 13.50pt;\" height=\"18\">Forme<\/td>\n<td>Corps courb\u00e9<\/td>\n<\/tr>\n<tr style=\"height: 13.50pt;\">\n<td style=\"height: 13.50pt;\" height=\"18\">Options de couvercle<\/td>\n<td>Bec verseur vert, bouchon \u00e0 vis noir, ouverture sup\u00e9rieure<\/td>\n<\/tr>\n<tr style=\"height: 13.50pt;\">\n<td style=\"height: 13.50pt;\" height=\"18\">Id\u00e9al pour<\/td>\n<td>Huile d&#039;olive, vinaigre, huiles de cuisson, huile de cuisine<\/td>\n<\/tr>\n<tr style=\"height: 13.50pt;\">\n<td style=\"height: 13.50pt;\" height=\"18\">Utilisation id\u00e9ale<\/td>\n<td>Distributeur d&#039;huile de cuisson, huiliers, bouteilles d&#039;huile de cuisine<\/td>\n<\/tr>\n<\/tbody>\n<\/table>\n<h2>Succ\u00e8s\u00a0: L\u2019essor d\u2019une marque gastronomique<\/h2>\n<p>Notre partenaire, un distributeur de produits alimentaires sp\u00e9cialis\u00e9s bas\u00e9 \u00e0 Seattle, recherchait une bouteille d&#039;huile en verre originale et a finalement opt\u00e9 pour notre bouteille carr\u00e9e de 250 ml avec un bouchon \u00e0 vis noir personnalis\u00e9. L&#039;\u00e9l\u00e9gance du design carr\u00e9 et la transparence du bouchon ont imm\u00e9diatement renforc\u00e9 la notori\u00e9t\u00e9 de sa marque. Apr\u00e8s le lancement de ce nouvel emballage, les ventes ont bondi de 35 % en six mois. Les consommateurs ont particuli\u00e8rement appr\u00e9ci\u00e9 l&#039;\u00e9quilibre parfait de la bouteille et l&#039;absence de gouttes lors du service. La consommation d&#039;huile a diminu\u00e9 de 20 %, ce qui a incit\u00e9 notre partenaire \u00e0 passer trois nouvelles commandes de 10\u00a0000 bouteilles chacune et \u00e0 \u00e9tendre notre gamme \u00e0 sa ligne de vinaigres artisanaux, cr\u00e9ant ainsi des coffrets complets d&#039;huiles et de vinaigres assortis.<\/p>\n<h2>Id\u00e9es de personnalisation sp\u00e9cifiques aux produits<\/h2>\n<ul>\n<li>Couleur du couvercle : La couleur de votre couvercle \u00e0 vis peut \u00eatre choisie parmi une vari\u00e9t\u00e9 de couleurs (telles que le noir, l&#039;or, l&#039;argent ou le vert) qui s&#039;harmonisent parfaitement avec votre identit\u00e9 de marque.<\/li>\n<li>S\u00e9rigraphie : Imprimez votre logo ou votre motif directement sur le verre \u00e0 l&#039;aide d&#039;encre pour une impression permanente et durable.<\/li>\n<li>Initiales de la marque \u00e0 venir \u2013 Cr\u00e9ez le logo ou les initiales de la marque en moulant le verre pr\u00e8s du bas.<\/li>\n<li>Logo en relief : Pourquoi ne pas envisager de faire subtilement embosser votre logo sur la poign\u00e9e ou la base en verre pour une touche de luxe suppl\u00e9mentaire ?<\/li>\n<li>Mat\u00e9riau du bouchon \u00e0 bec verseur\u00a0: Vous pouvez personnaliser la partie int\u00e9rieure du couvercle \u00e0 vis, par exemple en utilisant un mat\u00e9riau sp\u00e9cifique pour une \u00e9tanch\u00e9it\u00e9 optimale des diff\u00e9rents types d\u2019huile d\u2019olive.<\/li>\n<\/ul>\n<p>En tant que fournisseur direct et fabricant d&#039;origine, nous sommes en mesure de concr\u00e9tiser ces id\u00e9es. N&#039;h\u00e9sitez pas \u00e0 nous contacter pour discuter de vos besoins en gros pour cette \u00e9l\u00e9gante et pratique bouteille d&#039;huile en verre.<\/p>","protected":false},"excerpt":{"rendered":"<p>Bouteilles \u00e0 huile en verre uniques, avec poign\u00e9e et design incurv\u00e9. Id\u00e9ales pour l&#039;huile de cuisson et personnalisables pour les commandes en gros. \u00c9chantillon gratuit disponible.<\/p>","protected":false},"featured_media":1441,"template":"","meta":{"postBodyCss":"","postBodyMargin":[],"postBodyPadding":[],"postBodyBackground":{"backgroundType":"classic","gradient":""}},"product_brand":[],"product_cat":[15,16,18],"product_tag":[],"class_list":{"0":"post-1417","1":"product","2":"type-product","3":"status-publish","4":"has-post-thumbnail","6":"product_cat-glass-containers","7":"product_cat-glass-bottles","8":"product_cat-glass-oil-bottles","10":"first","11":"instock","12":"shipping-taxable","13":"product-type-simple"},"jetpack_sharing_enabled":true,"_links":{"self":[{"href":"https:\/\/minghanggroup.com\/fr\/wp-json\/wp\/v2\/product\/1417","targetHints":{"allow":["GET"]}}],"collection":[{"href":"https:\/\/minghanggroup.com\/fr\/wp-json\/wp\/v2\/product"}],"about":[{"href":"https:\/\/minghanggroup.com\/fr\/wp-json\/wp\/v2\/types\/product"}],"wp:featuredmedia":[{"embeddable":true,"href":"https:\/\/minghanggroup.com\/fr\/wp-json\/wp\/v2\/media\/1441"}],"wp:attachment":[{"href":"https:\/\/minghanggroup.com\/fr\/wp-json\/wp\/v2\/media?parent=1417"}],"wp:term":[{"taxonomy":"product_brand","embeddable":true,"href":"https:\/\/minghanggroup.com\/fr\/wp-json\/wp\/v2\/product_brand?post=1417"},{"taxonomy":"product_cat","embeddable":true,"href":"https:\/\/minghanggroup.com\/fr\/wp-json\/wp\/v2\/product_cat?post=1417"},{"taxonomy":"product_tag","embeddable":true,"href":"https:\/\/minghanggroup.com\/fr\/wp-json\/wp\/v2\/product_tag?post=1417"}],"curies":[{"name":"wp","href":"https:\/\/api.w.org\/{rel}","templated":true}]}}