{"id":1396,"date":"2025-10-15T02:10:22","date_gmt":"2025-10-15T02:10:22","guid":{"rendered":"https:\/\/minghanggroup.com\/?post_type=product&#038;p=1396"},"modified":"2026-03-02T13:51:24","modified_gmt":"2026-03-02T05:51:24","slug":"40-600ml-custom-glass-mason-jar-with-handle-for-drinking","status":"publish","type":"product","link":"https:\/\/minghanggroup.com\/fr\/produit\/40-600ml-custom-glass-mason-jar-with-handle-for-drinking\/","title":{"rendered":"Bocal Mason en verre personnalis\u00e9 de 40 \u00e0 600 ml avec poign\u00e9e pour boire"},"content":{"rendered":"<p>Votre boisson infus\u00e9e \u00e0 froid m\u00e9rite mieux qu&#039;une simple tasse ! Nous cr\u00e9ons des bocaux Mason avec poign\u00e9e qui mettent en valeur votre boisson et la rendent aussi facile \u00e0 servir qu&#039;\u00e9l\u00e9gante. Ces bocaux en verre allient charme classique et praticit\u00e9 moderne\u00a0: parfaits pour les caf\u00e9s, les bars \u00e0 smoothies ou votre prochain projet \u00e0 succ\u00e8s.<\/p>\n<h2>Caract\u00e9ristiques du produit<\/h2>\n<ol>\n<li><strong>Conception ergonomique de la poign\u00e9e\u00a0:<\/strong>La poign\u00e9e en verre \u00e9pais facilite le versement et \u00e9vite les glissements et les \u00e9claboussures.<\/li>\n<li><strong>Sceller le sceau de s\u00e9curit\u00e9 :<\/strong>Le format standard des bocaux Mason s&#039;adapte parfaitement aux couvercles de bocaux Mason \u00e0 ouverture standard. Fermez herm\u00e9tiquement, rangez et dormez sur vos deux oreilles.<\/li>\n<li><strong>Qualit\u00e9 visible :<\/strong>Le verre transparent met en valeur la couleur \u00e9clatante de votre boisson\u00a0; les clients peuvent ainsi en constater la qualit\u00e9 avant m\u00eame d\u2019y go\u00fbter.<\/li>\n<li><strong>Diff\u00e9rentes tailles disponibles\u00a0:<\/strong>Des \u00e9chantillons de 40 ml aux contenants en vrac de 600 ml, ces bocaux Mason en verre avec poign\u00e9es s&#039;adaptent \u00e0 tous vos besoins.<\/li>\n<\/ol>\n<h2>Caract\u00e9ristiques principales<\/h2>\n<table style=\"border-collapse: collapse; width: 80%; margin-left: auto; margin-right: auto;\" border=\"0\" width=\"291\" cellspacing=\"0\" cellpadding=\"0\">\n<tbody>\n<tr style=\"height: 13.50pt;\">\n<td class=\"et2\" style=\"height: 13.5pt; width: 56.25pt; text-align: center;\" width=\"75\" height=\"18\">Mod\u00e8le<\/td>\n<td class=\"et2\" style=\"width: 54pt; text-align: center;\" width=\"72\">Capacit\u00e9 (ml)<\/td>\n<td class=\"et2\" style=\"width: 54pt; text-align: center;\" width=\"72\">Dimensions (cm)<\/td>\n<td class=\"et2\" style=\"width: 54pt; text-align: center;\" width=\"72\">Forme<\/td>\n<\/tr>\n<tr style=\"height: 13.50pt;\">\n<td class=\"et2\" style=\"height: 13.5pt; text-align: center;\" height=\"18\">63004054<\/td>\n<td class=\"et2\" style=\"text-align: center;\">40<\/td>\n<td class=\"et2\" style=\"text-align: center;\">4.9&#215;3.6&#215;6.1<\/td>\n<td class=\"et2\" style=\"text-align: center;\" rowspan=\"7\">avec poign\u00e9e<\/td>\n<\/tr>\n<tr style=\"height: 13.50pt;\">\n<td class=\"et2\" style=\"height: 13.5pt; text-align: center;\" height=\"18\">63013055<\/td>\n<td class=\"et2\" style=\"text-align: center;\">130<\/td>\n<td class=\"et2\" style=\"text-align: center;\">7.4&#215;5.4&#215;8.4<\/td>\n<\/tr>\n<tr style=\"height: 13.50pt;\">\n<td class=\"et2\" style=\"height: 13.5pt; text-align: center;\" height=\"18\">63020056<\/td>\n<td class=\"et2\" style=\"text-align: center;\">200<\/td>\n<td class=\"et2\" style=\"text-align: center;\">8,4 \u00d7 6,0 \u00d7 10,3<\/td>\n<\/tr>\n<tr style=\"height: 13.50pt;\">\n<td class=\"et2\" style=\"height: 13.5pt; text-align: center;\" height=\"18\">63030057<\/td>\n<td class=\"et2\" style=\"text-align: center;\">300<\/td>\n<td class=\"et2\" style=\"text-align: center;\">&#8211;<\/td>\n<\/tr>\n<tr style=\"height: 13.50pt;\">\n<td class=\"et2\" style=\"height: 13.5pt; text-align: center;\" height=\"18\">63040058<\/td>\n<td class=\"et2\" style=\"text-align: center;\">400<\/td>\n<td class=\"et2\" style=\"text-align: center;\">&#8211;<\/td>\n<\/tr>\n<tr style=\"height: 13.50pt;\">\n<td class=\"et2\" style=\"height: 13.5pt; text-align: center;\" height=\"18\">63048059<\/td>\n<td class=\"et2\" style=\"text-align: center;\">480<\/td>\n<td class=\"et2\" style=\"text-align: center;\">10.7&#215;7.8&#215;13.2<\/td>\n<\/tr>\n<tr style=\"height: 13.50pt;\">\n<td class=\"et2\" style=\"height: 13.5pt; text-align: center;\" height=\"18\">63060060<\/td>\n<td class=\"et2\" style=\"text-align: center;\">600<\/td>\n<td class=\"et2\" style=\"text-align: center;\">12.4&#215;8.8&#215;14.5<\/td>\n<\/tr>\n<\/tbody>\n<\/table>\n<h2>Cas de r\u00e9ussite<\/h2>\n<p>Un caf\u00e9 californien tr\u00e8s appr\u00e9ci\u00e9 a collabor\u00e9 avec nous pour repenser l&#039;emballage de son caf\u00e9 infus\u00e9 \u00e0 froid. Nous avons cr\u00e9\u00e9 des bocaux Mason de 200 ml avec poign\u00e9es, fabriqu\u00e9s en verre sodocalcique \u00e0 haute teneur en sodium et \u00e0 grain fin, pour une meilleure visibilit\u00e9 du produit. Ils ont \u00e9galement opt\u00e9 pour des \u00e9tiquettes m\u00e9talliques argent\u00e9es et des joints en silicone afin de garantir une \u00e9tanch\u00e9it\u00e9 parfaite et de pr\u00e9server la fra\u00eecheur et les ar\u00f4mes de leur caf\u00e9. Pour renforcer l&#039;image de marque, nous avons grav\u00e9 leur logo minimaliste au fond des bocaux et propos\u00e9 des finitions givr\u00e9es et ambr\u00e9es pour leurs \u00e9ditions limit\u00e9es. Suite au lancement de ce nouveau produit, le caf\u00e9 a constat\u00e9 une augmentation significative de 50 % de ses ventes de caf\u00e9 infus\u00e9 \u00e0 froid en seulement un mois.<\/p>\n<h2>Vos conseils de personnalisation<\/h2>\n<p>Votre boisson m\u00e9rite d&#039;\u00eatre mise en valeur, pas d&#039;\u00eatre un simple contenant. Nous personnalisons les bocaux Mason avec votre logo, vos couleurs, des designs de col uniques et m\u00eame des poign\u00e9es. Besoin d&#039;\u00e9chantillons de 40 ml pour votre entreprise\u00a0? Livraison rapide. Votre bocal en verre avec poign\u00e9e est bien plus qu&#039;un simple emballage\u00a0: c&#039;est votre prochain produit phare, celui qui fera sensation. Cr\u00e9ons ensemble ce succ\u00e8s.<\/p>\n<p>&nbsp;<\/p>","protected":false},"excerpt":{"rendered":"<p>Ces bocaux Mason en verre transparent et r\u00e9sistant, munis d&#039;une poign\u00e9e, sont parfaits pour les boissons fra\u00eeches, les smoothies ou le caf\u00e9. Ils conviennent \u00e9galement aux caf\u00e9s et aux \u00e9v\u00e9nements. Des couvercles personnalis\u00e9s et l&#039;impression de logos sont disponibles.<\/p>","protected":false},"featured_media":1398,"template":"","meta":{"postBodyCss":"","postBodyMargin":[],"postBodyPadding":[],"postBodyBackground":{"backgroundType":"classic","gradient":""}},"product_brand":[],"product_cat":[15,17,19],"product_tag":[95,72],"class_list":{"0":"post-1396","1":"product","2":"type-product","3":"status-publish","4":"has-post-thumbnail","6":"product_cat-glass-containers","7":"product_cat-glass-jars","8":"product_cat-glass-mason-jars","9":"product_tag-coffee-tumblers","10":"product_tag-juice-bottles","12":"first","13":"instock","14":"shipping-taxable","15":"product-type-simple"},"jetpack_sharing_enabled":true,"_links":{"self":[{"href":"https:\/\/minghanggroup.com\/fr\/wp-json\/wp\/v2\/product\/1396","targetHints":{"allow":["GET"]}}],"collection":[{"href":"https:\/\/minghanggroup.com\/fr\/wp-json\/wp\/v2\/product"}],"about":[{"href":"https:\/\/minghanggroup.com\/fr\/wp-json\/wp\/v2\/types\/product"}],"wp:featuredmedia":[{"embeddable":true,"href":"https:\/\/minghanggroup.com\/fr\/wp-json\/wp\/v2\/media\/1398"}],"wp:attachment":[{"href":"https:\/\/minghanggroup.com\/fr\/wp-json\/wp\/v2\/media?parent=1396"}],"wp:term":[{"taxonomy":"product_brand","embeddable":true,"href":"https:\/\/minghanggroup.com\/fr\/wp-json\/wp\/v2\/product_brand?post=1396"},{"taxonomy":"product_cat","embeddable":true,"href":"https:\/\/minghanggroup.com\/fr\/wp-json\/wp\/v2\/product_cat?post=1396"},{"taxonomy":"product_tag","embeddable":true,"href":"https:\/\/minghanggroup.com\/fr\/wp-json\/wp\/v2\/product_tag?post=1396"}],"curies":[{"name":"wp","href":"https:\/\/api.w.org\/{rel}","templated":true}]}}