{"id":1331,"date":"2025-10-14T03:43:53","date_gmt":"2025-10-14T03:43:53","guid":{"rendered":"https:\/\/minghanggroup.com\/?post_type=product&#038;p=1331"},"modified":"2025-10-16T15:23:06","modified_gmt":"2025-10-16T07:23:06","slug":"wholesale-transparent-glass-oil-bottles-with-metal-pourers","status":"publish","type":"product","link":"https:\/\/minghanggroup.com\/fr\/produit\/wholesale-transparent-glass-oil-bottles-with-metal-pourers\/","title":{"rendered":"Bouteilles d&#039;huile en verre transparent en gros avec bec verseur en m\u00e9tal, 150 ml, 250 ml, 500 ml"},"content":{"rendered":"<p>Les flacons d&#039;huile en verre transparent arborent une \u00e9l\u00e9gante forme rectangulaire. Leur aspect raffin\u00e9 est rehauss\u00e9 par un goulot verseur en m\u00e9tal argent\u00e9, dor\u00e9 ou noir argent\u00e9. Disponibles en diff\u00e9rentes tailles, ces flacons allient praticit\u00e9 et esth\u00e9tique, offrant un \u00e9crin id\u00e9al pour les huiles pr\u00e9cieuses.<\/p>\n<h2>Caract\u00e9ristiques du produit<\/h2>\n<ul>\n<li><strong>Plusieurs options de bec verseur\u00a0:<\/strong> Cette gamme offre \u00e0 l&#039;utilisateur la libert\u00e9 de choisir un mod\u00e8le qui correspond \u00e0 son style et \u00e0 ses pr\u00e9f\u00e9rences. De plus, elle propose un syst\u00e8me de versement simple et une fermeture herm\u00e9tique.<\/li>\n<li><strong>Plusieurs tailles :<\/strong> Ces bouteilles sont fabriqu\u00e9es en trois tailles diff\u00e9rentes afin que les clients puissent choisir celle qui leur convient le mieux.<\/li>\n<li><strong>Rectangulaire transparent :<\/strong> Cette bouteille rectangulaire transparente et \u00e9l\u00e9gante en verre est une excellente solution pour gagner de la place dans votre cuisine.<\/li>\n<\/ul>\n<h2>Caract\u00e9ristiques principales<\/h2>\n<table style=\"border-collapse: collapse; margin-left: auto; margin-right: auto; width: 424.52pt;\" border=\"0\" width=\"566\" cellspacing=\"0\" cellpadding=\"0\">\n<tbody>\n<tr style=\"height: 13.50pt;\">\n<td style=\"height: 13.50pt; width: 109.50pt;\" width=\"146\" height=\"18\">Fonctionnalit\u00e9<\/td>\n<td style=\"width: 315.00pt;\" width=\"420\">Sp\u00e9cification<\/td>\n<\/tr>\n<tr style=\"height: 13.50pt;\">\n<td style=\"height: 13.50pt;\" height=\"18\">Dimensions<\/td>\n<td>4,8 \u00d7 4,8 \u00d7 15,8 cm, 4,7 \u00d7 4,7 \u00d7 21,0 cm, 5,8 \u00d7 5,8 \u00d7 26,1 cm<\/td>\n<\/tr>\n<tr style=\"height: 13.50pt;\">\n<td style=\"height: 13.50pt;\" height=\"18\">Capacit\u00e9<\/td>\n<td>100 ml, 250 ml, 500 ml<\/td>\n<\/tr>\n<tr style=\"height: 13.50pt;\">\n<td style=\"height: 13.50pt;\" height=\"18\">Mat\u00e9riel<\/td>\n<td>Corps en verre transparent, bec verseur en acier inoxydable et PP<\/td>\n<\/tr>\n<tr style=\"height: 13.50pt;\">\n<td style=\"height: 13.50pt;\" height=\"18\">Forme<\/td>\n<td>Bouteille carr\u00e9e en verre<\/td>\n<\/tr>\n<tr style=\"height: 13.50pt;\">\n<td style=\"height: 13.50pt;\" height=\"18\">Options de bec<\/td>\n<td>Argent, or, argent-noir (anti-goutte)<\/td>\n<\/tr>\n<tr style=\"height: 13.50pt;\">\n<td style=\"height: 13.50pt;\" height=\"18\">Id\u00e9al pour<\/td>\n<td>Huile d&#039;olive, vinaigre, huiles de cuisson, vinaigrettes<\/td>\n<\/tr>\n<tr style=\"height: 13.50pt;\">\n<td style=\"height: 13.50pt;\" height=\"18\">Utilisation id\u00e9ale<\/td>\n<td>Bouteilles d&#039;huile en verre, bouteilles de vinaigre<\/td>\n<\/tr>\n<\/tbody>\n<\/table>\n<h2>R\u00e9sultats concrets<\/h2>\n<p>Une marque d&#039;huile d&#039;olive nord-am\u00e9ricaine, confront\u00e9e \u00e0 des difficult\u00e9s de conditionnement, a opt\u00e9 pour nos bouteilles carr\u00e9es en verre de 500 ml avec bec verseur dor\u00e9 \u00e0 visser. Dans un premier temps, elle a pass\u00e9 une commande en gros de 1\u00a0200 bouteilles et s&#039;est montr\u00e9e tr\u00e8s satisfaite du r\u00e9sultat. Tout d&#039;abord, la pr\u00e9cision du bec verseur emp\u00eache les gouttes et, par cons\u00e9quent, r\u00e9duit le gaspillage de 28\u00a0%. Un client a m\u00eame affirm\u00e9 \u00e9conomiser l&#039;\u00e9quivalent de 90\u00a0$ d&#039;huile d&#039;olive par mois. Ensuite, la transparence du produit permet aux employ\u00e9s de contr\u00f4ler facilement les stocks et d&#039;\u00e9viter ainsi les allers-retours stressants aux magasins. Les retours clients ont \u00e9t\u00e9 si positifs que les ventes ont bondi de 30\u00a0% et, onze mois plus tard, une nouvelle commande de 300\u00a0000 bouteilles a \u00e9t\u00e9 pass\u00e9e.<\/p>\n<h2>Personnalisation des bouteilles d&#039;huile en verre<\/h2>\n<ul>\n<li>Logos grav\u00e9s au laser\u00a0: cr\u00e9ez un effet unique en gravant votre logo sur le verre. C&#039;est permanent et de haute qualit\u00e9. De plus, le marquage reste intact m\u00eame apr\u00e8s lavage.<\/li>\n<li>Graduations givr\u00e9es\u00a0: petits chiffres gradu\u00e9s (par exemple, 50\u00a0mL, 100\u00a0mL, 250\u00a0mL) au lieu d\u2019une impression sur une surface en verre, afin que les utilisateurs puissent mesurer facilement et pr\u00e9cis\u00e9ment les huiles utilis\u00e9es pour la cuisson ou la p\u00e2tisserie.<\/li>\n<li>Finition mate pour verre\u00a0: Appliquer un rev\u00eatement mat sur un verre transparent permet de r\u00e9duire les traces de doigts, notamment dans une cuisine professionnelle o\u00f9 les bouteilles d\u2019huile sont souvent manipul\u00e9es par le personnel.<\/li>\n<li>Socle textur\u00e9 \u2013 Orn\u00e9 d&#039;anneaux m\u00e9talliques ou d&#039;un motif soleil, il offre une sensation de robustesse. On sent que le concepteur a pens\u00e9 \u00e0 l&#039;utilisateur lors de sa conception.<\/li>\n<\/ul>","protected":false},"excerpt":{"rendered":"<p>Ces \u00e9l\u00e9gantes bouteilles d&#039;huile en verre pr\u00e9sentent une forme rectangulaire et un bec verseur de haute qualit\u00e9. Livraison rapide, \u00e9chantillons gratuits, id\u00e9ales pour les marques d&#039;articles de cuisine.<\/p>","protected":false},"featured_media":1393,"template":"","meta":{"postBodyCss":"","postBodyMargin":[],"postBodyPadding":[],"postBodyBackground":{"backgroundType":"classic","gradient":""}},"product_brand":[],"product_cat":[15,16,18],"product_tag":[],"class_list":{"0":"post-1331","1":"product","2":"type-product","3":"status-publish","4":"has-post-thumbnail","6":"product_cat-glass-containers","7":"product_cat-glass-bottles","8":"product_cat-glass-oil-bottles","10":"first","11":"instock","12":"shipping-taxable","13":"product-type-simple"},"jetpack_sharing_enabled":true,"_links":{"self":[{"href":"https:\/\/minghanggroup.com\/fr\/wp-json\/wp\/v2\/product\/1331","targetHints":{"allow":["GET"]}}],"collection":[{"href":"https:\/\/minghanggroup.com\/fr\/wp-json\/wp\/v2\/product"}],"about":[{"href":"https:\/\/minghanggroup.com\/fr\/wp-json\/wp\/v2\/types\/product"}],"wp:featuredmedia":[{"embeddable":true,"href":"https:\/\/minghanggroup.com\/fr\/wp-json\/wp\/v2\/media\/1393"}],"wp:attachment":[{"href":"https:\/\/minghanggroup.com\/fr\/wp-json\/wp\/v2\/media?parent=1331"}],"wp:term":[{"taxonomy":"product_brand","embeddable":true,"href":"https:\/\/minghanggroup.com\/fr\/wp-json\/wp\/v2\/product_brand?post=1331"},{"taxonomy":"product_cat","embeddable":true,"href":"https:\/\/minghanggroup.com\/fr\/wp-json\/wp\/v2\/product_cat?post=1331"},{"taxonomy":"product_tag","embeddable":true,"href":"https:\/\/minghanggroup.com\/fr\/wp-json\/wp\/v2\/product_tag?post=1331"}],"curies":[{"name":"wp","href":"https:\/\/api.w.org\/{rel}","templated":true}]}}