{"id":1330,"date":"2025-10-14T09:43:39","date_gmt":"2025-10-14T09:43:39","guid":{"rendered":"https:\/\/minghanggroup.com\/?post_type=product&#038;p=1330"},"modified":"2026-01-20T14:30:11","modified_gmt":"2026-01-20T06:30:11","slug":"100-480ml-small-glass-mason-jars-with-aluminum-lids-for-honey-food-packaging","status":"publish","type":"product","link":"https:\/\/minghanggroup.com\/fr\/produit\/100-480ml-small-glass-mason-jars-with-aluminum-lids-for-honey-food-packaging\/","title":{"rendered":"Bocaux Mason en verre de 100 \u00e0 480 ml avec couvercles en aluminium pour l&#039;emballage du miel et des aliments"},"content":{"rendered":"<p>Votre miel m\u00e9rite d&#039;\u00eatre mis en valeur. Nous cr\u00e9ons de petits bocaux en verre transparent qui sublimeront votre produit. Ces contenants classiques allient un design intemporel \u00e0 une fonctionnalit\u00e9 optimale\u00a0: parfaits pour le miel, les sauces ou la fabrication de bougies. B\u00e9n\u00e9ficiez de couvercles herm\u00e9tiques et d&#039;options personnalis\u00e9es pour affirmer votre marque.<\/p>\n<p>Caract\u00e9ristiques du produit<\/p>\n<ol>\n<li><strong>Design droit classique :<\/strong>Des lignes \u00e9pur\u00e9es donnent \u00e0 votre miel une allure haut de gamme sur n&#039;importe quelle \u00e9tag\u00e8re \u2013 fini le plastique ennuyeux !<\/li>\n<li><strong>Bouchon \u00e0 vis de s\u00e9curit\u00e9\u00a0:<\/strong>Le couvercle \u00e0 ouverture standard du bocal Mason s&#039;adapte parfaitement aux couvercles \u00e0 ouverture standard. Vissez-le, rangez-le et finies les fuites\u00a0!<\/li>\n<li><strong>Verre \u00e9pais et transparent :<\/strong>Le verre \u00e9pais et transparent permet de conserver le miel frais plus longtemps \u2013 aucun produit chimique \u00e0 craindre.<\/li>\n<li><strong>Parfait pour tous vos projets :<\/strong>Des \u00e9chantillons de 100 ml au stockage en vrac de 480 ml, nous avons la solution id\u00e9ale pour vos pots Mason \u00e0 miel.<\/li>\n<\/ol>\n<h2>Caract\u00e9ristiques principales<\/h2>\n<table style=\"border-collapse: collapse; width: 80%; margin-left: auto; margin-right: auto;\" border=\"0\" width=\"288\" cellspacing=\"0\" cellpadding=\"0\">\n<tbody>\n<tr style=\"height: 13.50pt;\">\n<td class=\"et2\" style=\"height: 13.5pt; width: 54pt; text-align: center;\" width=\"72\" height=\"18\">Mod\u00e8le<\/td>\n<td style=\"width: 54pt; text-align: center;\" width=\"72\">Capacit\u00e9 (ml)<\/td>\n<td style=\"width: 54pt; text-align: center;\" width=\"72\">Dimensions (cm)<\/td>\n<td style=\"width: 54pt; text-align: center;\" width=\"72\">Forme<\/td>\n<\/tr>\n<tr style=\"height: 13.50pt;\">\n<td style=\"height: 13.5pt; text-align: center;\" align=\"right\" height=\"18\">63010050<\/td>\n<td style=\"text-align: center;\" align=\"right\">100<\/td>\n<td style=\"text-align: center;\">7.4&#215;4.2<\/td>\n<td class=\"et2\" style=\"text-align: center;\" rowspan=\"4\">Droit<\/td>\n<\/tr>\n<tr style=\"height: 13.50pt;\">\n<td style=\"height: 13.5pt; text-align: center;\" align=\"right\" height=\"18\">63028051<\/td>\n<td style=\"text-align: center;\" align=\"right\">280<\/td>\n<td style=\"text-align: center;\">7.4&#215;9.5<\/td>\n<\/tr>\n<tr style=\"height: 13.50pt;\">\n<td style=\"height: 13.5pt; text-align: center;\" align=\"right\" height=\"18\">63035052<\/td>\n<td style=\"text-align: center;\" align=\"right\">350<\/td>\n<td style=\"text-align: center;\">7.4&#215;12.0<\/td>\n<\/tr>\n<tr style=\"height: 13.50pt;\">\n<td style=\"height: 13.5pt; text-align: center;\" align=\"right\" height=\"18\">63048053<\/td>\n<td style=\"text-align: center;\" align=\"right\">480<\/td>\n<td style=\"text-align: center;\">7.4&#215;15.0<\/td>\n<\/tr>\n<\/tbody>\n<\/table>\n<h2>Cas de r\u00e9ussite<\/h2>\n<p>Une marque australienne de miel artisanal nous a contact\u00e9s pour am\u00e9liorer le conditionnement de sa gamme de miels d&#039;exception. Elle souhaitait un pot Mason qui mette en valeur la couleur dor\u00e9e naturelle de ses produits, pr\u00e9serve leur fra\u00eecheur et renforce son image de marque haut de gamme. Nous avons personnalis\u00e9 ces petits pots Mason en verre de 100 ml, fabriqu\u00e9s en verre alimentaire haute d\u00e9finition, con\u00e7us pour refl\u00e9ter parfaitement la couleur chaude du miel \u00e0 la lumi\u00e8re naturelle. Nous avons \u00e9galement choisi des couvercles m\u00e9talliques dor\u00e9s \u00e0 visser, munis de joints en silicone herm\u00e9tiques, afin de garantir la puret\u00e9 et la fra\u00eecheur du miel, tout en sublimant son esth\u00e9tique.<\/p>\n<p>Les ventes ont augment\u00e9 de 35 % dans les trois mois suivant la mise en place du nouvel emballage. La marque ach\u00e8te d\u00e9sormais en gros chaque mois des pots Mason personnalis\u00e9s pour le miel et propose d\u00e9sormais des mini-pots d&#039;\u00e9chantillons et des coffrets cadeaux pour les f\u00eates.<\/p>\n<h2>Vos conseils de personnalisation<\/h2>\n<p>Nos petits bocaux en verre transforment votre produit en un objet qui attire l&#039;attention sur n&#039;importe quel rayon. Vous souhaitez que votre pot de miel se d\u00e9marque\u00a0? Nous cr\u00e9ons des pots de miel personnalis\u00e9s avec votre logo, vos couleurs ou m\u00eame des motifs originaux sur le col. Besoin de flacons d&#039;\u00e9chantillons de 100\u00a0ml pour les march\u00e9s de producteurs\u00a0? Votre pot de miel n&#039;est pas qu&#039;un simple contenant\u00a0; c&#039;est le produit phare de votre prochain succ\u00e8s. Contactez-nous pour le concr\u00e9tiser.<\/p>","protected":false},"excerpt":{"rendered":"<p>Bocaux Mason en verre, petits et polyvalents, pour le miel et autres produits destin\u00e9s aux entreprises. Id\u00e9aux pour l&#039;alimentation, les loisirs cr\u00e9atifs, les cosm\u00e9tiques et le bricolage. Tarifs d\u00e9gressifs disponibles.<\/p>","protected":false},"featured_media":1384,"template":"","meta":{"postBodyCss":"","postBodyMargin":[],"postBodyPadding":[],"postBodyBackground":{"backgroundType":"classic","gradient":""}},"product_brand":[],"product_cat":[15,17,52],"product_tag":[80,65,72,69],"class_list":{"0":"post-1330","1":"product","2":"type-product","3":"status-publish","4":"has-post-thumbnail","6":"product_cat-glass-containers","7":"product_cat-glass-jars","8":"product_cat-glass-honey-jars","9":"product_tag-caviar-jars","10":"product_tag-glass-jam-jars","11":"product_tag-juice-bottles","12":"product_tag-storage-jars","14":"first","15":"instock","16":"shipping-taxable","17":"product-type-simple"},"jetpack_sharing_enabled":true,"_links":{"self":[{"href":"https:\/\/minghanggroup.com\/fr\/wp-json\/wp\/v2\/product\/1330","targetHints":{"allow":["GET"]}}],"collection":[{"href":"https:\/\/minghanggroup.com\/fr\/wp-json\/wp\/v2\/product"}],"about":[{"href":"https:\/\/minghanggroup.com\/fr\/wp-json\/wp\/v2\/types\/product"}],"wp:featuredmedia":[{"embeddable":true,"href":"https:\/\/minghanggroup.com\/fr\/wp-json\/wp\/v2\/media\/1384"}],"wp:attachment":[{"href":"https:\/\/minghanggroup.com\/fr\/wp-json\/wp\/v2\/media?parent=1330"}],"wp:term":[{"taxonomy":"product_brand","embeddable":true,"href":"https:\/\/minghanggroup.com\/fr\/wp-json\/wp\/v2\/product_brand?post=1330"},{"taxonomy":"product_cat","embeddable":true,"href":"https:\/\/minghanggroup.com\/fr\/wp-json\/wp\/v2\/product_cat?post=1330"},{"taxonomy":"product_tag","embeddable":true,"href":"https:\/\/minghanggroup.com\/fr\/wp-json\/wp\/v2\/product_tag?post=1330"}],"curies":[{"name":"wp","href":"https:\/\/api.w.org\/{rel}","templated":true}]}}