{"id":1325,"date":"2025-10-14T03:26:01","date_gmt":"2025-10-14T03:26:01","guid":{"rendered":"https:\/\/minghanggroup.com\/?post_type=product&#038;p=1325"},"modified":"2025-10-16T15:23:15","modified_gmt":"2025-10-16T07:23:15","slug":"wholesale-rectangular-green-olive-oil-bottles","status":"publish","type":"product","link":"https:\/\/minghanggroup.com\/fr\/produit\/wholesale-rectangular-green-olive-oil-bottles\/","title":{"rendered":"Bouteilles d&#039;huile d&#039;olive verte rectangulaires en gros\u00a0: 500\u00a0ml, 750\u00a0ml, 1\u00a0000\u00a0ml"},"content":{"rendered":"<p>Ces bouteilles d&#039;huile d&#039;olive en verre vert arborent un design rectangulaire \u00e9pur\u00e9, assorti \u00e0 des bouchons noirs, dor\u00e9s et verts. Disponibles en diff\u00e9rentes tailles, elles incarnent une parfaite harmonie entre \u00e9l\u00e9gance et simplicit\u00e9, et sauront embellir votre cuisine de leur pr\u00e9sence.<\/p>\n<h2>Caract\u00e9ristiques du produit<\/h2>\n<ul>\n<li><strong>Construction en verre vert durable :<\/strong> La fonction du verre vert est de filtrer les rayons UV qui peuvent alt\u00e9rer la qualit\u00e9 originale de l&#039;huile d&#039;olive, ce qui permet de conserver votre produit frais plus longtemps et de l&#039;adapter \u00e0 un espace de stockage et de pr\u00e9sentation optimal.<\/li>\n<li><strong>Conception carr\u00e9e\u00a0:<\/strong> Gr\u00e2ce \u00e0 leur forme rectangulaire, ces bouteilles s&#039;int\u00e8grent parfaitement et proprement aux autres ustensiles de cuisine et permettent un gain de place consid\u00e9rable puisqu&#039;elles peuvent \u00eatre empil\u00e9es les unes sur les autres une fois vides. Fini le gaspillage d&#039;espace sur le plan de travail ou dans les placards\u00a0!<\/li>\n<li><strong>Diff\u00e9rents styles de casquettes\u00a0:<\/strong> La disponibilit\u00e9 des bouchons en noir, or, vert et autres couleurs permet de r\u00e9pondre aux diff\u00e9rents styles et go\u00fbts de chacun tout en assurant la s\u00e9curit\u00e9 de la fermeture.<\/li>\n<\/ul>\n<h2>Caract\u00e9ristiques principales<\/h2>\n<table style=\"border-collapse: collapse; margin-left: auto; margin-right: auto; width: 477.77pt;\" border=\"0\" width=\"637\" cellspacing=\"0\" cellpadding=\"0\">\n<tbody>\n<tr style=\"height: 13.50pt;\">\n<td style=\"height: 13.50pt; width: 99.75pt;\" width=\"133\" height=\"18\">Fonctionnalit\u00e9<\/td>\n<td style=\"width: 378.00pt;\" width=\"504\">Sp\u00e9cification<\/td>\n<\/tr>\n<tr style=\"height: 13.50pt;\">\n<td style=\"height: 13.50pt;\" height=\"18\">Tailles<\/td>\n<td>5,8 \u00d7 5,8 \u00d7 26,4 cm, 6,5 \u00d7 6,5 \u00d7 30,2 cm, 7,4 \u00d7 7,4 \u00d7 30,0 cm<\/td>\n<\/tr>\n<tr style=\"height: 13.50pt;\">\n<td style=\"height: 13.50pt;\" height=\"18\">Tour de cou<\/td>\n<td>Filetage de 19\u00d730 mm<\/td>\n<\/tr>\n<tr style=\"height: 13.50pt;\">\n<td style=\"height: 13.50pt;\" height=\"18\">Mat\u00e9riel<\/td>\n<td>Corps en verre vert, couvercle en m\u00e9tal<\/td>\n<\/tr>\n<tr style=\"height: 13.50pt;\">\n<td style=\"height: 13.50pt;\" height=\"18\">Forme<\/td>\n<td>Bouteille carr\u00e9e en verre<\/td>\n<\/tr>\n<tr style=\"height: 13.50pt;\">\n<td style=\"height: 13.50pt;\" height=\"18\">Options de couvercle<\/td>\n<td>Noir, or, vert (plastique ou m\u00e9tal)<\/td>\n<\/tr>\n<tr style=\"height: 13.50pt;\">\n<td style=\"height: 13.50pt;\" height=\"18\">Id\u00e9al pour<\/td>\n<td>Huile d&#039;olive, vinaigre, huiles de cuisson, vinaigrettes<\/td>\n<\/tr>\n<tr style=\"height: 13.50pt;\">\n<td style=\"height: 13.50pt;\" height=\"18\">Utilisation id\u00e9ale<\/td>\n<td>Bouteille d&#039;huile verte, bouteilles de vinaigre, bouteilles d&#039;huile de cuisson<\/td>\n<\/tr>\n<\/tbody>\n<\/table>\n<h2>Impact pratique<\/h2>\n<p>Un producteur d&#039;huile d&#039;olive de luxe de la Napa Valley \u00e9tait confront\u00e9 \u00e0 un dilemme. Ses bouteilles en verre transparent, d\u00e9j\u00e0 en place, ne mettaient pas en valeur la qualit\u00e9 de son huile, et les consommateurs \u00e9taient de plus en plus sensibles \u00e0 l&#039;esth\u00e9tique des emballages. Il a donc opt\u00e9 pour notre nouvelle gamme de bouteilles d&#039;huile vertes en verre\u00a0: des bouteilles carr\u00e9es de 750\u00a0ml avec un bouchon \u00e0 vis dor\u00e9. D\u00e8s sa premi\u00e8re commande de 1\u00a0000\u00a0unit\u00e9s, l&#039;accueil a \u00e9t\u00e9 extr\u00eamement positif. Les ventes d&#039;huile d&#039;olive dans les magasins sp\u00e9cialis\u00e9s ont bondi de 38\u00a0%\u00a0: l&#039;esth\u00e9tique des bouteilles en verre vert a s\u00e9duit les consommateurs, qui \u00e9taient \u00e9galement rassur\u00e9s quant \u00e0 la conservation de l&#039;huile. Le bouchon herm\u00e9tique emp\u00eachait toute contamination apr\u00e8s ouverture, optimisant ainsi le stockage de 25\u00a0%. Cinq mois plus tard, le producteur a pass\u00e9 une nouvelle commande de 250\u00a0000\u00a0bouteilles.<\/p>\n<h2>Cr\u00e9ations personnalis\u00e9es de bouteilles d&#039;huile d&#039;olive en verre<\/h2>\n<ul>\n<li><strong>Marquages \u200b\u200bde remise de dipl\u00f4mes givr\u00e9s\u00a0:<\/strong> Facilitez la t\u00e2che aux consommateurs pour r\u00e9duire leur consommation d&#039;huile en cuisine ou en p\u00e2tisserie en gravant des lignes claires et pr\u00e9cises (par exemple, 100 ml, 250 ml, 500 ml) dans le verre.<\/li>\n<li><strong>Logo ou motif grav\u00e9 au laser\u00a0:<\/strong> Faites imprimer le nom de votre marque sur le verre pour affirmer votre identit\u00e9. Ce verre est \u00e9galement durable, \u00e9l\u00e9gant et compatible lave-vaisselle.<\/li>\n<li><strong>Vert fonc\u00e9 :<\/strong> Appliquez une teinte de vert plus intense ou plus fonc\u00e9e \u00e0 vos emballages en verre\u00a0; cela leur donnera non seulement un aspect plus charmant, mais renforcera \u00e9galement le niveau de protection contre les UV.<\/li>\n<li><strong>Marquages \u200b\u200bde volume en relief\u00a0:<\/strong> Le verre de la bouteille est gradu\u00e9 en \u00ab\u00a0750 ml\u00a0\u00bb ou \u00ab\u00a01 L\u00a0\u00bb. Cela met en valeur la bouteille et facilite la mise en bouteille.<\/li>\n<\/ul>\n<p>&nbsp;<\/p>","protected":false},"excerpt":{"rendered":"<p>Bouteilles d&#039;huile d&#039;olive en verre vert, de forme rectangulaire, disponibles en trois formats. Id\u00e9ales pour l&#039;huile d&#039;olive ou l&#039;huile de cuisson. Offre sp\u00e9ciale pour les achats en gros. \u00c9chantillons gratuits.<\/p>","protected":false},"featured_media":1329,"template":"","meta":{"postBodyCss":"","postBodyMargin":[],"postBodyPadding":[],"postBodyBackground":{"backgroundType":"classic","gradient":""}},"product_brand":[],"product_cat":[15,16,18],"product_tag":[],"class_list":{"0":"post-1325","1":"product","2":"type-product","3":"status-publish","4":"has-post-thumbnail","6":"product_cat-glass-containers","7":"product_cat-glass-bottles","8":"product_cat-glass-oil-bottles","10":"first","11":"instock","12":"shipping-taxable","13":"product-type-simple"},"jetpack_sharing_enabled":true,"_links":{"self":[{"href":"https:\/\/minghanggroup.com\/fr\/wp-json\/wp\/v2\/product\/1325","targetHints":{"allow":["GET"]}}],"collection":[{"href":"https:\/\/minghanggroup.com\/fr\/wp-json\/wp\/v2\/product"}],"about":[{"href":"https:\/\/minghanggroup.com\/fr\/wp-json\/wp\/v2\/types\/product"}],"wp:featuredmedia":[{"embeddable":true,"href":"https:\/\/minghanggroup.com\/fr\/wp-json\/wp\/v2\/media\/1329"}],"wp:attachment":[{"href":"https:\/\/minghanggroup.com\/fr\/wp-json\/wp\/v2\/media?parent=1325"}],"wp:term":[{"taxonomy":"product_brand","embeddable":true,"href":"https:\/\/minghanggroup.com\/fr\/wp-json\/wp\/v2\/product_brand?post=1325"},{"taxonomy":"product_cat","embeddable":true,"href":"https:\/\/minghanggroup.com\/fr\/wp-json\/wp\/v2\/product_cat?post=1325"},{"taxonomy":"product_tag","embeddable":true,"href":"https:\/\/minghanggroup.com\/fr\/wp-json\/wp\/v2\/product_tag?post=1325"}],"curies":[{"name":"wp","href":"https:\/\/api.w.org\/{rel}","templated":true}]}}