{"id":1317,"date":"2025-10-13T08:50:27","date_gmt":"2025-10-13T08:50:27","guid":{"rendered":"https:\/\/minghanggroup.com\/?post_type=product&#038;p=1317"},"modified":"2026-01-20T14:23:52","modified_gmt":"2026-01-20T06:23:52","slug":"wide-mouth-mason-jars-with-lids-custom-glass-containers-220-480ml","status":"publish","type":"product","link":"https:\/\/minghanggroup.com\/fr\/produit\/wide-mouth-mason-jars-with-lids-custom-glass-containers-220-480ml\/","title":{"rendered":"Bocaux Mason \u00e0 large ouverture avec couvercles \u2013 R\u00e9cipients en verre personnalis\u00e9s 220-480 ml"},"content":{"rendered":"<p>Ne laissez plus vos meilleurs produits se cacher dans des contenants banals\u00a0! Nos bocaux Mason \u00e0 large ouverture avec couvercle mettent en valeur miel, sauces et bougies. Alliant charme classique et fonctionnalit\u00e9, ces bocaux en verre sont parfaits pour votre prochain produit phare.<\/p>\n<h2>Caract\u00e9ristiques du produit<\/h2>\n<ol>\n<li><strong>Merveille \u00e0 grande bouche :<\/strong>Versez le miel sans en renverser\u00a0: sa large ouverture s\u2019adapte parfaitement \u00e0 tous les couvercles. Dites adieu aux garnitures qui coulent\u00a0!<\/li>\n<li><strong>Clart\u00e9 cristalline :<\/strong>Visualisez chaque d\u00e9tail de votre produit. Fini les emballages opaques qui dissimulent vos meilleures ventes.<\/li>\n<li><strong>Empiler et vendre :<\/strong>Son format compact et large permet un rangement facile sur les \u00e9tag\u00e8res. Id\u00e9al pour les \u00e9chantillons de 220 ml ou le stockage en vrac de 480 ml.<\/li>\n<\/ol>\n<h2>Caract\u00e9ristiques principales<\/h2>\n<table style=\"border-collapse: collapse; width: 80%; margin-left: auto; margin-right: auto;\" border=\"0\" width=\"288\" cellspacing=\"0\" cellpadding=\"0\">\n<tbody>\n<tr style=\"height: 13.50pt;\">\n<td style=\"height: 13.5pt; width: 54pt; text-align: center;\" width=\"72\" height=\"18\">Mod\u00e8le<\/td>\n<td style=\"width: 54pt; text-align: center;\" width=\"72\">Capacit\u00e9 (ml)<\/td>\n<td style=\"width: 54pt; text-align: center;\" width=\"72\">Dimensions (cm)<\/td>\n<td style=\"width: 54pt; text-align: center;\" width=\"72\">Forme<\/td>\n<\/tr>\n<tr style=\"height: 13.50pt;\">\n<td style=\"height: 13.5pt; text-align: center;\" align=\"right\" height=\"18\">63022046<\/td>\n<td style=\"text-align: center;\" align=\"right\">220<\/td>\n<td style=\"text-align: center;\">9.3&#215;5.2<\/td>\n<td class=\"et2\" style=\"text-align: center;\" rowspan=\"4\">Court droit<\/td>\n<\/tr>\n<tr style=\"height: 13.50pt;\">\n<td style=\"height: 13.5pt; text-align: center;\" align=\"right\" height=\"18\">63028047<\/td>\n<td style=\"text-align: center;\" align=\"right\">280<\/td>\n<td style=\"text-align: center;\">9.3&#215;6.6<\/td>\n<\/tr>\n<tr style=\"height: 13.50pt;\">\n<td style=\"height: 13.5pt; text-align: center;\" align=\"right\" height=\"18\">63037048<\/td>\n<td style=\"text-align: center;\" align=\"right\">370<\/td>\n<td style=\"text-align: center;\">9.3&#215;8.0<\/td>\n<\/tr>\n<tr style=\"height: 13.50pt;\">\n<td style=\"height: 13.5pt; text-align: center;\" align=\"right\" height=\"18\">63048049<\/td>\n<td style=\"text-align: center;\" align=\"right\">480<\/td>\n<td style=\"text-align: center;\">9.3&#215;9.6<\/td>\n<\/tr>\n<\/tbody>\n<\/table>\n<h2>Cas de r\u00e9ussite<\/h2>\n<p>La marque n\u00e9o-z\u00e9landaise de miel naturel haut de gamme nous a confi\u00e9 la cr\u00e9ation de bocaux Mason \u00e0 large ouverture personnalis\u00e9s. D&#039;une transparence cristalline, fabriqu\u00e9s en verre alimentaire, ils r\u00e9v\u00e8lent la riche teinte ambr\u00e9e de leur miel. Afin de renforcer la notori\u00e9t\u00e9 de la marque, nous avons grav\u00e9 un motif en nid d&#039;abeille sur le goulot du bocal, lui conf\u00e9rant une allure artisanale et authentique. Pour une fermeture herm\u00e9tique, le bocal est dot\u00e9 d&#039;une \u00e9tiquette m\u00e9tallique dor\u00e9e scell\u00e9e et de joints en silicone, pr\u00e9servant ainsi efficacement la fra\u00eecheur du miel et \u00e9vitant toute fuite. La transparence exceptionnelle et la qualit\u00e9 de la fermeture ont rapidement conquis le c\u0153ur des employ\u00e9s et des clients.<\/p>\n<p>Apr\u00e8s le lancement de la nouvelle conception, la beaut\u00e9 naturelle et la mise \u00e0 niveau du produit, principalement dues \u00e0 l&#039;appr\u00e9ciation des consommateurs pour les fichiers de qualit\u00e9 sup\u00e9rieure, ont augment\u00e9 de 42 % en deux mois.<\/p>\n<h2>Vos conseils de personnalisation<\/h2>\n<p>Nos bocaux Mason \u00e0 large ouverture et couvercle s&#039;empilent \u00e0 merveille sur les \u00e9tag\u00e8res. Besoin de petits pots de d\u00e9gustation de 220 ml pour les march\u00e9s de producteurs\u00a0? Nous exp\u00e9dions des bocaux Mason en verre personnalis\u00e9s avec couvercle. Envie d&#039;apposer votre logo sur des pots \u00e0 bougies de 480 ml\u00a0? D\u00e9crivez-le-nous, nous nous chargeons du reste. Le succ\u00e8s de votre marque commence par un pot qui attire l&#039;attention. Ensemble, cr\u00e9ons le pot id\u00e9al.<\/p>\n<p>&nbsp;<\/p>\n<p>&nbsp;<\/p>","protected":false},"excerpt":{"rendered":"<p>Bocaux Mason \u00e0 large ouverture avec couvercles, disponibles directement du fabricant en gros avec options personnalis\u00e9es et livraison rapide. Livraison internationale. Leur fermeture herm\u00e9tique et leur verre de haute qualit\u00e9 garantissent la fra\u00eecheur de vos aliments.<\/p>","protected":false},"featured_media":1318,"template":"","meta":{"postBodyCss":"","postBodyMargin":[],"postBodyPadding":[],"postBodyBackground":{"backgroundType":"classic","gradient":""}},"product_brand":[],"product_cat":[15,17,55],"product_tag":[65,71],"class_list":{"0":"post-1317","1":"product","2":"type-product","3":"status-publish","4":"has-post-thumbnail","6":"product_cat-glass-containers","7":"product_cat-glass-jars","8":"product_cat-pickle-jars","9":"product_tag-glass-jam-jars","10":"product_tag-honey-jars","12":"first","13":"instock","14":"shipping-taxable","15":"product-type-simple"},"jetpack_sharing_enabled":true,"_links":{"self":[{"href":"https:\/\/minghanggroup.com\/fr\/wp-json\/wp\/v2\/product\/1317","targetHints":{"allow":["GET"]}}],"collection":[{"href":"https:\/\/minghanggroup.com\/fr\/wp-json\/wp\/v2\/product"}],"about":[{"href":"https:\/\/minghanggroup.com\/fr\/wp-json\/wp\/v2\/types\/product"}],"wp:featuredmedia":[{"embeddable":true,"href":"https:\/\/minghanggroup.com\/fr\/wp-json\/wp\/v2\/media\/1318"}],"wp:attachment":[{"href":"https:\/\/minghanggroup.com\/fr\/wp-json\/wp\/v2\/media?parent=1317"}],"wp:term":[{"taxonomy":"product_brand","embeddable":true,"href":"https:\/\/minghanggroup.com\/fr\/wp-json\/wp\/v2\/product_brand?post=1317"},{"taxonomy":"product_cat","embeddable":true,"href":"https:\/\/minghanggroup.com\/fr\/wp-json\/wp\/v2\/product_cat?post=1317"},{"taxonomy":"product_tag","embeddable":true,"href":"https:\/\/minghanggroup.com\/fr\/wp-json\/wp\/v2\/product_tag?post=1317"}],"curies":[{"name":"wp","href":"https:\/\/api.w.org\/{rel}","templated":true}]}}