{"id":1307,"date":"2025-10-13T03:46:41","date_gmt":"2025-10-13T03:46:41","guid":{"rendered":"https:\/\/minghanggroup.com\/?post_type=product&#038;p=1307"},"modified":"2026-03-02T13:53:01","modified_gmt":"2026-03-02T05:53:01","slug":"embossed-glass-mason-jars-for-jam","status":"publish","type":"product","link":"https:\/\/minghanggroup.com\/fr\/produit\/embossed-glass-mason-jars-for-jam\/","title":{"rendered":"Bocaux Mason en verre gaufr\u00e9 \u2013 Contenants personnalis\u00e9s de 120 \u00e0 620 ml pour caviar, confiture, cornichons"},"content":{"rendered":"<p>Votre caviar m\u00e9rite cet \u00e9clat. Nous cr\u00e9ons des bocaux Mason en verre grav\u00e9s au diamant qui transforment le simple rangement en un objet de luxe. Ces bocaux Mason en verre pr\u00e9sentent un motif tactile, une \u00e9tanch\u00e9it\u00e9 optimale et une transparence cristalline \u2013 parfaits pour les marques alimentaires haut de gamme. Ne cachez plus vos meilleurs produits dans des bocaux ordinaires.<\/p>\n<h2>Caract\u00e9ristiques du produit<\/h2>\n<ol>\n<li><strong>Motif losange tactile :<\/strong>Vos doigts ne glisseront pas sur le verre textur\u00e9, et en plus, cela donne instantan\u00e9ment \u00e0 votre produit un aspect haut de gamme.<\/li>\n<li><strong>Protection en verre \u00e9pais\u00a0:<\/strong>Le verre \u00e9pais permet de conserver le caviar frais plus longtemps \u2013 fini les \u0153ufs de poisson tristes et rassis dans des r\u00e9cipients fragiles.<\/li>\n<li><strong>Sceller comme un pro :<\/strong>Le design \u00e0 ouverture standard des bocaux Mason s&#039;adapte parfaitement aux couvercles \u00e0 ouverture standard. Vissez, rangez, et fini les fuites\u00a0!<\/li>\n<li><strong>Votre marque, instantan\u00e9ment :<\/strong>Commandez des bocaux Mason en verre personnalis\u00e9s avec votre logo. Nous nous chargeons de l&#039;approvisionnement, de la fabrication et de la livraison, rapidement.<\/li>\n<\/ol>\n<h2>Caract\u00e9ristiques principales<\/h2>\n<table style=\"border-collapse: collapse; width: 80%; margin-left: auto; margin-right: auto;\" border=\"0\" width=\"288\" cellspacing=\"0\" cellpadding=\"0\">\n<tbody>\n<tr style=\"height: 13.50pt;\">\n<td style=\"height: 13.5pt; width: 54pt; text-align: center;\" width=\"72\" height=\"18\">Mod\u00e8le<\/td>\n<td style=\"width: 54pt; text-align: center;\" width=\"72\">Capacit\u00e9 (ml)<\/td>\n<td style=\"width: 54pt; text-align: center;\" width=\"72\">Dimensions (cm)<\/td>\n<td style=\"width: 54pt; text-align: center;\" width=\"72\">Conception<\/td>\n<\/tr>\n<tr style=\"height: 13.50pt;\">\n<td style=\"height: 13.5pt; text-align: center;\" align=\"right\" height=\"18\">63012026<\/td>\n<td style=\"text-align: center;\" align=\"right\">120<\/td>\n<td style=\"text-align: center;\">6.4&#215;5.5&#215;6.9<\/td>\n<td class=\"et2\" style=\"text-align: center;\" rowspan=\"7\">Motif en losange<\/td>\n<\/tr>\n<tr style=\"height: 13.50pt;\">\n<td style=\"height: 13.5pt; text-align: center;\" align=\"right\" height=\"18\">63020027<\/td>\n<td style=\"text-align: center;\" align=\"right\">200<\/td>\n<td style=\"text-align: center;\">6.5&#215;8.7&#215;6.9<\/td>\n<\/tr>\n<tr style=\"height: 13.50pt;\">\n<td style=\"height: 13.5pt; text-align: center;\" align=\"right\" height=\"18\">63027028<\/td>\n<td style=\"text-align: center;\" align=\"right\">270<\/td>\n<td style=\"text-align: center;\">7.5&#215;8.4&#215;8.5<\/td>\n<\/tr>\n<tr style=\"height: 13.50pt;\">\n<td style=\"height: 13.5pt; text-align: center;\" align=\"right\" height=\"18\">63050029<\/td>\n<td style=\"text-align: center;\" align=\"right\">430<\/td>\n<td style=\"text-align: center;\">7.3&#215;11.7&#215;8.5<\/td>\n<\/tr>\n<tr style=\"height: 13.50pt;\">\n<td style=\"height: 13.5pt; text-align: center;\" align=\"right\" height=\"18\">63025030<\/td>\n<td style=\"text-align: center;\" align=\"right\">250<\/td>\n<td style=\"text-align: center;\">6.3&#215;10.5&#215;6.9<\/td>\n<\/tr>\n<tr style=\"height: 13.50pt;\">\n<td style=\"height: 13.5pt; text-align: center;\" align=\"right\" height=\"18\">63035031<\/td>\n<td style=\"text-align: center;\" align=\"right\">350<\/td>\n<td style=\"text-align: center;\">6.6&#215;13.3&#215;6.9<\/td>\n<\/tr>\n<tr style=\"height: 13.50pt;\">\n<td style=\"height: 13.5pt; text-align: center;\" align=\"right\" height=\"18\">63062032<\/td>\n<td style=\"text-align: center;\" align=\"right\">620<\/td>\n<td style=\"text-align: center;\">7.7&#215;16.2&#215;8.5<\/td>\n<\/tr>\n<\/tbody>\n<\/table>\n<h2>Cas r\u00e9ussi<\/h2>\n<p>Une marque alimentaire am\u00e9ricaine nous a contact\u00e9s pour la cr\u00e9ation d&#039;un bocal Mason en verre \u00e0 motif diamant et cacahu\u00e8tes, personnalis\u00e9 pour sa nouvelle gamme de caviar. Pour parfaire l&#039;ensemble, nous avons ajout\u00e9 un couvercle plaqu\u00e9 or rose et un logo sur mesure au fond, en parfaite harmonie avec le style moderne et \u00e9l\u00e9gant de la marque.<\/p>\n<p>Ce design personnalis\u00e9 a non seulement valoris\u00e9 le produit en rayon, mais a \u00e9galement renforc\u00e9 l&#039;image haut de gamme de la marque. D\u00e8s leur lancement, les pots ont imm\u00e9diatement suscit\u00e9 l&#039;int\u00e9r\u00eat des clients en magasin et en ligne. En seulement trois mois, les ventes ont progress\u00e9 de 45 %, faisant de la gamme de vernis \u00e0 ongles en verre diamant\u00e9 son produit phare.<\/p>\n<h2>Vos conseils de personnalisation<\/h2>\n<p>Votre caviar m\u00e9rite cet \u00e9clat. Nous cr\u00e9ons des bocaux Mason en verre personnalis\u00e9s avec votre logo et des motifs en losange. Besoin de flacons d&#039;\u00e9chantillon de 120 ml pour vos coffrets de d\u00e9gustation\u00a0? Envie de bocaux Mason aux couleurs de votre marque\u00a0? D\u00e9crivez-nous votre projet, nous le r\u00e9alisons. Livraison rapide. Rendez votre prochain projet inoubliable.<\/p>\n<p>&nbsp;<\/p>","protected":false},"excerpt":{"rendered":"<p>Bocaux Mason en verre haut de gamme avec gravure diamant. Diff\u00e9rents mod\u00e8les pour caviar, sauces et cornichons. Vente en gros, couleurs personnalis\u00e9es. Commandez vos bocaux Mason d\u00e8s aujourd&#039;hui\u00a0!<\/p>","protected":false},"featured_media":1308,"template":"","meta":{"postBodyCss":"","postBodyMargin":[],"postBodyPadding":[],"postBodyBackground":{"backgroundType":"classic","gradient":""}},"product_brand":[],"product_cat":[15,17,19],"product_tag":[80,95,65,69],"class_list":{"0":"post-1307","1":"product","2":"type-product","3":"status-publish","4":"has-post-thumbnail","6":"product_cat-glass-containers","7":"product_cat-glass-jars","8":"product_cat-glass-mason-jars","9":"product_tag-caviar-jars","10":"product_tag-coffee-tumblers","11":"product_tag-glass-jam-jars","12":"product_tag-storage-jars","14":"first","15":"instock","16":"shipping-taxable","17":"product-type-simple"},"jetpack_sharing_enabled":true,"_links":{"self":[{"href":"https:\/\/minghanggroup.com\/fr\/wp-json\/wp\/v2\/product\/1307","targetHints":{"allow":["GET"]}}],"collection":[{"href":"https:\/\/minghanggroup.com\/fr\/wp-json\/wp\/v2\/product"}],"about":[{"href":"https:\/\/minghanggroup.com\/fr\/wp-json\/wp\/v2\/types\/product"}],"wp:featuredmedia":[{"embeddable":true,"href":"https:\/\/minghanggroup.com\/fr\/wp-json\/wp\/v2\/media\/1308"}],"wp:attachment":[{"href":"https:\/\/minghanggroup.com\/fr\/wp-json\/wp\/v2\/media?parent=1307"}],"wp:term":[{"taxonomy":"product_brand","embeddable":true,"href":"https:\/\/minghanggroup.com\/fr\/wp-json\/wp\/v2\/product_brand?post=1307"},{"taxonomy":"product_cat","embeddable":true,"href":"https:\/\/minghanggroup.com\/fr\/wp-json\/wp\/v2\/product_cat?post=1307"},{"taxonomy":"product_tag","embeddable":true,"href":"https:\/\/minghanggroup.com\/fr\/wp-json\/wp\/v2\/product_tag?post=1307"}],"curies":[{"name":"wp","href":"https:\/\/api.w.org\/{rel}","templated":true}]}}