{"id":1267,"date":"2025-10-11T09:35:59","date_gmt":"2025-10-11T09:35:59","guid":{"rendered":"https:\/\/minghanggroup.com\/?post_type=product&#038;p=1267"},"modified":"2026-01-20T14:28:13","modified_gmt":"2026-01-20T06:28:13","slug":"large-mason-jar-with-lid-custom-glass-containers-bulk","status":"publish","type":"product","link":"https:\/\/minghanggroup.com\/fr\/produit\/large-mason-jar-with-lid-custom-glass-containers-bulk\/","title":{"rendered":"Grand bocal Mason avec couvercle \u2013 R\u00e9cipients de 380 \u00e0 730 ml pour la conservation des aliments et la mise en conserve"},"content":{"rendered":"<p>N&#039;acceptez plus les emballages ordinaires ! Notre grand bocal Mason avec couvercle mettra en valeur votre caviar, vos sauces ou vos sirops d&#039;exception. Ces contenants en verre \u00e9pais allient \u00e9l\u00e9gance classique et fonctionnalit\u00e9 optimale\u00a0: le choix id\u00e9al pour votre prochain produit phare.<\/p>\n<h2>Caract\u00e9ristiques du produit<\/h2>\n<ul>\n<li><strong>Verre \u00e9pais, aucun compromis\u00a0: <\/strong>Notre verre robuste pr\u00e9serve la fra\u00eecheur du caviar plus longtemps \u2013 fini les \u0153ufs de poisson tristes et rassis dans des contenants fragiles.<\/li>\n<li><strong>Fermeture s\u00e9curis\u00e9e, \u00e0 chaque fois :\u00a0<\/strong>Le couvercle \u00e0 ouverture standard du bocal Mason s&#039;adapte parfaitement \u00e0 la plupart des couvercles de bocaux Mason. Vissez-le, rangez-le et finies les fuites\u00a0!<\/li>\n<li><strong>Un concentr\u00e9 de puissance peu encombrant :\u00a0<\/strong>Sa forme compacte et large permet un rangement facile sur les \u00e9tag\u00e8res. Id\u00e9al pour les kits de d\u00e9gustation de 230 ml ou les projets de stockage en vrac de 730 ml.<\/li>\n<\/ul>\n<h2>Caract\u00e9ristiques principales<\/h2>\n<table style=\"border-collapse: collapse; width: 80%; margin-left: auto; margin-right: auto;\" border=\"0\" width=\"360\" cellspacing=\"0\" cellpadding=\"0\">\n<tbody>\n<tr style=\"height: 13.50pt;\">\n<td style=\"height: 13.5pt; width: 54pt; text-align: center;\" width=\"72\" height=\"18\">Mod\u00e8le<\/td>\n<td style=\"width: 54pt; text-align: center;\" width=\"72\">Capacit\u00e9 (ml)<\/td>\n<td style=\"width: 54pt; text-align: center;\" width=\"72\">Dimensions (cm)<\/td>\n<td style=\"width: 54pt; text-align: center;\" width=\"72\">Mat\u00e9riel<\/td>\n<td style=\"width: 54pt; text-align: center;\" width=\"72\">Couleur<\/td>\n<\/tr>\n<tr style=\"height: 13.50pt;\">\n<td style=\"height: 13.5pt; text-align: center;\" align=\"right\" height=\"18\">63038020<\/td>\n<td style=\"text-align: center;\" align=\"right\">380<\/td>\n<td style=\"text-align: center;\">7,3 \u00d7 11,0 \u00d7 8,5<\/td>\n<td class=\"et2\" style=\"text-align: center;\" rowspan=\"6\">Verre<\/td>\n<td class=\"et2\" style=\"text-align: center;\" rowspan=\"6\">Clair ou personnalis\u00e9<\/td>\n<\/tr>\n<tr style=\"height: 13.50pt;\">\n<td style=\"height: 13.5pt; text-align: center;\" align=\"right\" height=\"18\">63047021<\/td>\n<td style=\"text-align: center;\" align=\"right\">470<\/td>\n<td style=\"text-align: center;\">7.6&#215;11.8&#215;8.5<\/td>\n<\/tr>\n<tr style=\"height: 13.50pt;\">\n<td style=\"height: 13.5pt; text-align: center;\" align=\"right\" height=\"18\">63023022<\/td>\n<td style=\"text-align: center;\" align=\"right\">230<\/td>\n<td style=\"text-align: center;\">6.0&#215;10.2&#215;8.5<\/td>\n<\/tr>\n<tr style=\"height: 13.50pt;\">\n<td style=\"height: 13.5pt; text-align: center;\" align=\"right\" height=\"18\">63035023<\/td>\n<td style=\"text-align: center;\" align=\"right\">350<\/td>\n<td style=\"text-align: center;\">6.6&#215;13.5&#215;7.1<\/td>\n<\/tr>\n<tr style=\"height: 13.50pt;\">\n<td style=\"height: 13.5pt; text-align: center;\" align=\"right\" height=\"18\">63062024<\/td>\n<td style=\"text-align: center;\" align=\"right\">620<\/td>\n<td style=\"text-align: center;\">7,6 \u00d7 16,0 \u00d7 8,5<\/td>\n<\/tr>\n<tr style=\"height: 13.50pt;\">\n<td style=\"height: 13.5pt; text-align: center;\" align=\"right\" height=\"18\">63073025<\/td>\n<td style=\"text-align: center;\" align=\"right\">730<\/td>\n<td style=\"text-align: center;\">&#8211;<\/td>\n<\/tr>\n<\/tbody>\n<\/table>\n<h2>Histoire \u00e0 succ\u00e8s<\/h2>\n<p>Une entreprise agroalimentaire britannique a utilis\u00e9 nos bocaux Mason de 230 ml avec couvercle pour sa nouvelle gamme de caviar. Le goulot et le couvercle s&#039;adaptent parfaitement, mais le verre \u00e9pais conf\u00e8re au produit une allure luxueuse. Le design transparent a rencontr\u00e9 un vif succ\u00e8s aupr\u00e8s des clients\u00a0: les ventes ont augment\u00e9 de 50\u00a0% en seulement deux mois.<\/p>\n<h2>Vos conseils de personnalisation<\/h2>\n<p>Votre caviar m\u00e9rite d&#039;\u00eatre mis en valeur. Nous cr\u00e9ons un bocal en verre sur mesure, dot\u00e9 d&#039;un large couvercle en verre massif avec des encoches pour votre logo, vos couleurs ou un remplissage facile. Tarifs de gros disponibles\u00a0? Nous nous chargeons de la livraison. Faites de votre bocal en verre massif avec encoches le fleuron de votre emballage.<\/p>","protected":false},"excerpt":{"rendered":"<p>Grand bocal Mason avec couvercle pour la vente en gros. Bocaux en verre pour caviar, sauces et sirops. Couleurs personnalis\u00e9es, exp\u00e9dition le jour m\u00eame. Trouvez vos produits phares d\u00e8s maintenant\u00a0!<\/p>","protected":false},"featured_media":1305,"template":"","meta":{"postBodyCss":"","postBodyMargin":[],"postBodyPadding":[],"postBodyBackground":{"backgroundType":"classic","gradient":""}},"product_brand":[],"product_cat":[15,17,19],"product_tag":[80,65,69],"class_list":{"0":"post-1267","1":"product","2":"type-product","3":"status-publish","4":"has-post-thumbnail","6":"product_cat-glass-containers","7":"product_cat-glass-jars","8":"product_cat-glass-mason-jars","9":"product_tag-caviar-jars","10":"product_tag-glass-jam-jars","11":"product_tag-storage-jars","13":"first","14":"instock","15":"shipping-taxable","16":"product-type-simple"},"jetpack_sharing_enabled":true,"_links":{"self":[{"href":"https:\/\/minghanggroup.com\/fr\/wp-json\/wp\/v2\/product\/1267","targetHints":{"allow":["GET"]}}],"collection":[{"href":"https:\/\/minghanggroup.com\/fr\/wp-json\/wp\/v2\/product"}],"about":[{"href":"https:\/\/minghanggroup.com\/fr\/wp-json\/wp\/v2\/types\/product"}],"wp:featuredmedia":[{"embeddable":true,"href":"https:\/\/minghanggroup.com\/fr\/wp-json\/wp\/v2\/media\/1305"}],"wp:attachment":[{"href":"https:\/\/minghanggroup.com\/fr\/wp-json\/wp\/v2\/media?parent=1267"}],"wp:term":[{"taxonomy":"product_brand","embeddable":true,"href":"https:\/\/minghanggroup.com\/fr\/wp-json\/wp\/v2\/product_brand?post=1267"},{"taxonomy":"product_cat","embeddable":true,"href":"https:\/\/minghanggroup.com\/fr\/wp-json\/wp\/v2\/product_cat?post=1267"},{"taxonomy":"product_tag","embeddable":true,"href":"https:\/\/minghanggroup.com\/fr\/wp-json\/wp\/v2\/product_tag?post=1267"}],"curies":[{"name":"wp","href":"https:\/\/api.w.org\/{rel}","templated":true}]}}