{"id":1146,"date":"2025-10-09T09:55:31","date_gmt":"2025-10-09T09:55:31","guid":{"rendered":"https:\/\/minghanggroup.com\/?post_type=product&#038;p=1146"},"modified":"2026-01-20T14:27:03","modified_gmt":"2026-01-20T06:27:03","slug":"the-mason-jar-with-lid-glass-storage","status":"publish","type":"product","link":"https:\/\/minghanggroup.com\/fr\/produit\/the-mason-jar-with-lid-glass-storage\/","title":{"rendered":"Bocal Mason avec couvercle \u2013 70-280 ml, r\u00e9cipient en verre pour conserver le caviar et la confiture."},"content":{"rendered":"<p>Finies les pr\u00e9sentations ternes\u00a0! Nos bocaux en verre haut de gamme sont votre atout charme. Ces bocaux Mason, dot\u00e9s d&#039;une \u00e9tiquette d&#039;identification, allient modernit\u00e9 et fonctionnalit\u00e9\u00a0: la solution id\u00e9ale pour mettre en valeur vos meilleurs produits. Chaque bocal est con\u00e7u pour sublimer vos sauces, sirops et boissons alcoolis\u00e9es.<\/p>\n<h2>Caract\u00e9ristiques du produit<\/h2>\n<ol>\n<li><strong>Petit pot, grand impact :<\/strong>Vos \u0153ufs de poisson ou votre sauce de qualit\u00e9 sup\u00e9rieure brillent \u00e0 travers notre verre \u2013 aucun plastique opaque ne masque votre meilleur produit.<\/li>\n<li><strong>Sceller comme un pro :<\/strong>Le format standard des bocaux Mason s&#039;adapte parfaitement aux couvercles de bocaux classiques. Vissez-les, rangez-les et finies les fuites\u00a0!<\/li>\n<li><strong>Empilez et vendez sans effort\u00a0:<\/strong>Son format compact et large permet une pr\u00e9sentation optimale. Id\u00e9al pour les kits d&#039;\u00e9chantillons de 70 ml ou les projets de stockage en vrac de 280 ml.<\/li>\n<\/ol>\n<h2>Caract\u00e9ristiques principales<\/h2>\n<p>&nbsp;<\/p>\n<table style=\"border-collapse: collapse; width: 80%; margin-left: auto; margin-right: auto;\" border=\"0\" width=\"366\" cellspacing=\"0\" cellpadding=\"0\">\n<tbody>\n<tr style=\"height: 13.50pt;\">\n<td class=\"et2\" style=\"height: 13.5pt; width: 56.25pt; text-align: center;\" width=\"75\" height=\"18\">Mod\u00e8le<\/td>\n<td class=\"et2\" style=\"width: 56.25pt; text-align: center;\" width=\"75\">Capacit\u00e9 (ml)<\/td>\n<td class=\"et2\" style=\"width: 54.00pt; text-align: center;\" width=\"72\">Dimensions (cm)<\/td>\n<td class=\"et2\" style=\"width: 54.00pt; text-align: center;\" width=\"72\">Mat\u00e9riel<\/td>\n<td class=\"et2\" style=\"width: 54.00pt; text-align: center;\" width=\"72\">Couleur<\/td>\n<\/tr>\n<tr style=\"height: 13.50pt;\">\n<td class=\"et2\" style=\"height: 13.5pt; text-align: center;\" height=\"18\">63007014<\/td>\n<td class=\"et2\" style=\"text-align: center;\">70<\/td>\n<td class=\"et2\" style=\"text-align: center;\">4.7&#215;4.5&#215;6.7<\/td>\n<td class=\"et2\" style=\"text-align: center;\" rowspan=\"6\">Verre<\/td>\n<td class=\"et2\" style=\"text-align: center;\" rowspan=\"6\">Clair ou personnalis\u00e9<\/td>\n<\/tr>\n<tr style=\"height: 13.50pt;\">\n<td class=\"et2\" style=\"height: 13.50pt; text-align: center;\" height=\"18\">63007015<\/td>\n<td class=\"et2\" style=\"text-align: center;\">70<\/td>\n<td class=\"et2\" style=\"text-align: center;\">6.5&#215;4.5&#215;6.7<\/td>\n<\/tr>\n<tr style=\"height: 13.50pt;\">\n<td class=\"et2\" style=\"height: 13.50pt; text-align: center;\" height=\"18\">63012016<\/td>\n<td class=\"et2\" style=\"text-align: center;\">120<\/td>\n<td class=\"et2\" style=\"text-align: center;\">5.4&#215;6.15&#215;6.6<\/td>\n<\/tr>\n<tr style=\"height: 13.50pt;\">\n<td class=\"et2\" style=\"height: 13.50pt; text-align: center;\" height=\"18\">63012517<\/td>\n<td class=\"et2\" style=\"text-align: center;\">125<\/td>\n<td class=\"et2\" style=\"text-align: center;\">6.3&#215;5.6&#215;6.9<\/td>\n<\/tr>\n<tr style=\"height: 13.50pt;\">\n<td class=\"et2\" style=\"height: 13.50pt; text-align: center;\" height=\"18\">63020018<\/td>\n<td class=\"et2\" style=\"text-align: center;\">200<\/td>\n<td class=\"et2\" style=\"text-align: center;\">6.0&#215;8.6&#215;6.9<\/td>\n<\/tr>\n<tr style=\"height: 13.50pt;\">\n<td class=\"et2\" style=\"height: 13.50pt; text-align: center;\" height=\"18\">63028019<\/td>\n<td class=\"et2\" style=\"text-align: center;\">280<\/td>\n<td class=\"et2\" style=\"text-align: center;\">7.5&#215;8.4&#215;8.5<\/td>\n<\/tr>\n<\/tbody>\n<\/table>\n<h2>Cas de r\u00e9ussite<\/h2>\n<p>Une marque de condiments a utilis\u00e9 nos bocaux Mason de 125 ml avec couvercle pour sa nouvelle gamme de sauces gourmandes. Le col standard s&#039;accordait parfaitement avec les couvercles, et les clients ont ador\u00e9 les couleurs vives. Les ventes ont bondi de 40 %, et c&#039;est d\u00e9sormais leur cat\u00e9gorie la plus vendue.<\/p>\n<h2>Conseils de personnalisation<\/h2>\n<p>Envie de rendre votre produit inoubliable\u00a0? Nous vous aidons \u00e0 trouver des bocaux en verre personnalis\u00e9s avec votre logo, vos couleurs ou m\u00eame des ouvertures originales. Besoin de bocaux Mason pour un remplissage facile\u00a0? Nous avons ce qu&#039;il vous faut. Commandez en gros par lot de 12 et b\u00e9n\u00e9ficiez d&#039;une livraison rapide, sans minimum de commande. Pour vos cr\u00e9ations de bougies, nos bocaux Mason \u00e0 ouverture standard sont la solution id\u00e9ale.<\/p>","protected":false},"excerpt":{"rendered":"<p>Bocal Mason avec couvercle, id\u00e9al pour les emballages gourmands. Parfait pour les sauces, les sirops et les \u0153ufs de poisson. Vente en gros, sans minimum de commande. Livraison rapide pour valoriser votre marque\u00a0!<\/p>","protected":false},"featured_media":1186,"template":"","meta":{"postBodyCss":"","postBodyMargin":[],"postBodyPadding":[],"postBodyBackground":{"backgroundType":"classic","gradient":""}},"product_brand":[],"product_cat":[15,17,19],"product_tag":[80,65,69],"class_list":{"0":"post-1146","1":"product","2":"type-product","3":"status-publish","4":"has-post-thumbnail","6":"product_cat-glass-containers","7":"product_cat-glass-jars","8":"product_cat-glass-mason-jars","9":"product_tag-caviar-jars","10":"product_tag-glass-jam-jars","11":"product_tag-storage-jars","13":"first","14":"instock","15":"shipping-taxable","16":"product-type-simple"},"jetpack_sharing_enabled":true,"_links":{"self":[{"href":"https:\/\/minghanggroup.com\/fr\/wp-json\/wp\/v2\/product\/1146","targetHints":{"allow":["GET"]}}],"collection":[{"href":"https:\/\/minghanggroup.com\/fr\/wp-json\/wp\/v2\/product"}],"about":[{"href":"https:\/\/minghanggroup.com\/fr\/wp-json\/wp\/v2\/types\/product"}],"wp:featuredmedia":[{"embeddable":true,"href":"https:\/\/minghanggroup.com\/fr\/wp-json\/wp\/v2\/media\/1186"}],"wp:attachment":[{"href":"https:\/\/minghanggroup.com\/fr\/wp-json\/wp\/v2\/media?parent=1146"}],"wp:term":[{"taxonomy":"product_brand","embeddable":true,"href":"https:\/\/minghanggroup.com\/fr\/wp-json\/wp\/v2\/product_brand?post=1146"},{"taxonomy":"product_cat","embeddable":true,"href":"https:\/\/minghanggroup.com\/fr\/wp-json\/wp\/v2\/product_cat?post=1146"},{"taxonomy":"product_tag","embeddable":true,"href":"https:\/\/minghanggroup.com\/fr\/wp-json\/wp\/v2\/product_tag?post=1146"}],"curies":[{"name":"wp","href":"https:\/\/api.w.org\/{rel}","templated":true}]}}