{"id":1075,"date":"2025-10-09T09:54:59","date_gmt":"2025-10-09T09:54:59","guid":{"rendered":"https:\/\/minghanggroup.com\/?post_type=product&#038;p=1075"},"modified":"2026-03-02T13:49:19","modified_gmt":"2026-03-02T05:49:19","slug":"mason-jar-storage-canning-container","status":"publish","type":"product","link":"https:\/\/minghanggroup.com\/fr\/produit\/mason-jar-storage-canning-container\/","title":{"rendered":"Bocaux Mason en verre pour la conservation \u2013 Contenants de conserve r\u00e9utilisables de 150 \u00e0 1000 ml pour diff\u00e9rentes marques"},"content":{"rendered":"<p>Marques d\u00e9charg\u00e9es\u00a0: D\u00e9couvrez pourquoi nos bocaux Mason sont le choix id\u00e9al pour leurs besoins d\u2019emballage. Ces contenants polyvalents allient un design intemporel \u00e0 une efficacit\u00e9 moderne, ce qui en fait le choix parfait pour la mise en valeur et la pr\u00e9sentation de votre marque.<\/p>\n<h2>Caract\u00e9ristiques du produit<\/h2>\n<ol>\n<li><strong>Verre cristallin :<\/strong>Admirez chaque d\u00e9tail de votre produit gr\u00e2ce \u00e0 notre verre haute transparence. Id\u00e9al pour pr\u00e9senter sirops, cornichons et bien plus encore.<\/li>\n<li><strong>Conception de filetage standard\u00a0:<\/strong>Compatible avec les couvercles et bagues des bocaux Mason \u00e0 ouverture standard pour une fermeture parfaite. Fini les fuites et les d\u00e9versements !<\/li>\n<li><strong>Plusieurs tailles pour tous les besoins :<\/strong>Des \u00e9chantillons de 150 ml au stockage en vrac de 1000 ml, nous avons la taille adapt\u00e9e \u00e0 votre gamme de produits.<\/li>\n<li><strong>Options de personnalisation de marque\u00a0:<\/strong>Faites ressortir votre marque gr\u00e2ce \u00e0 des couleurs, des tailles et un logo personnalis\u00e9s. Nous vous aiderons \u00e0 cr\u00e9er la solution d&#039;emballage id\u00e9ale.<\/li>\n<\/ol>\n<h2>Caract\u00e9ristiques principales<\/h2>\n<p>&nbsp;<\/p>\n<table style=\"border-collapse: collapse; width: 80%; margin-left: auto; margin-right: auto;\" border=\"0\" width=\"435\" cellspacing=\"0\" cellpadding=\"0\">\n<tbody>\n<tr style=\"height: 13.50pt;\">\n<td class=\"et2\" style=\"height: 13.5pt; width: 56.25pt; text-align: center;\" width=\"75\" height=\"18\">Produit<\/td>\n<td class=\"et2\" style=\"width: 54pt; text-align: center;\" width=\"72\">Capacit\u00e9 (ml)<\/td>\n<td class=\"et2\" style=\"width: 54pt; text-align: center;\" width=\"72\">Poids (g)<\/td>\n<td class=\"et2\" style=\"width: 54pt; text-align: center;\" width=\"72\">Dimensions (cm)<\/td>\n<td class=\"et2\" style=\"width: 54pt; text-align: center;\" width=\"72\">Mat\u00e9riel<\/td>\n<td style=\"width: 54pt; text-align: center;\" width=\"72\">Couleur<\/td>\n<\/tr>\n<tr style=\"height: 13.50pt;\">\n<td class=\"et2\" style=\"height: 13.5pt; text-align: center;\" height=\"18\">63015001<\/td>\n<td class=\"et2\" style=\"text-align: center;\">150<\/td>\n<td class=\"et2\" style=\"text-align: center;\">126<\/td>\n<td class=\"et2\" style=\"text-align: center;\">7.8&#215;7.8&#215;5.1<\/td>\n<td class=\"et2\" style=\"text-align: center;\" rowspan=\"7\">Verre<\/td>\n<td class=\"et2\" style=\"text-align: center;\" rowspan=\"7\">Clair ou personnalis\u00e9<\/td>\n<\/tr>\n<tr style=\"height: 13.50pt;\">\n<td class=\"et2\" style=\"height: 13.50pt; text-align: center;\" height=\"18\">63025002<\/td>\n<td class=\"et2\" style=\"text-align: center;\">250<\/td>\n<td class=\"et2\" style=\"text-align: center;\">152<\/td>\n<td class=\"et2\" style=\"text-align: center;\">7.8&#215;7.8&#215;8<\/td>\n<\/tr>\n<tr style=\"height: 13.50pt;\">\n<td class=\"et2\" style=\"height: 13.50pt; text-align: center;\" height=\"18\">63038003<\/td>\n<td class=\"et2\" style=\"text-align: center;\">380<\/td>\n<td class=\"et2\" style=\"text-align: center;\">207<\/td>\n<td class=\"et2\" style=\"text-align: center;\">7.5&#215;7.5&#215;12<\/td>\n<\/tr>\n<tr style=\"height: 13.50pt;\">\n<td class=\"et2\" style=\"height: 13.50pt; text-align: center;\" height=\"18\">63050004<\/td>\n<td class=\"et2\" style=\"text-align: center;\">500<\/td>\n<td class=\"et2\" style=\"text-align: center;\">255<\/td>\n<td class=\"et2\" style=\"text-align: center;\">8.2&#215;8.2&#215;12.7<\/td>\n<\/tr>\n<tr style=\"height: 13.50pt;\">\n<td class=\"et2\" style=\"height: 13.50pt; text-align: center;\" height=\"18\">63075005<\/td>\n<td class=\"et2\" style=\"text-align: center;\">750<\/td>\n<td class=\"et2\" style=\"text-align: center;\">356<\/td>\n<td class=\"et2\" style=\"text-align: center;\">8.6&#215;8.6&#215;16.3<\/td>\n<\/tr>\n<tr style=\"height: 13.50pt;\">\n<td class=\"et2\" style=\"height: 13.50pt; text-align: center;\" height=\"18\">63085006<\/td>\n<td class=\"et2\" style=\"text-align: center;\">850<\/td>\n<td class=\"et2\" style=\"text-align: center;\">&#8211;<\/td>\n<td class=\"et2\" style=\"text-align: center;\">&#8211;<\/td>\n<\/tr>\n<tr style=\"height: 13.50pt;\">\n<td class=\"et2\" style=\"height: 13.50pt; text-align: center;\" height=\"18\">63100007<\/td>\n<td class=\"et2\" style=\"text-align: center;\">1000<\/td>\n<td class=\"et2\" style=\"text-align: center;\">405<\/td>\n<td class=\"et2\" style=\"text-align: center;\">9.7&#215;9.7&#215;17.5<\/td>\n<\/tr>\n<\/tbody>\n<\/table>\n<h2>Histoire \u00e0 succ\u00e8s<\/h2>\n<p>La marque de caf\u00e9 a choisi nos bocaux Mason de 250 ml \u00e0 ouverture standard pour sa nouvelle gamme de sirops. Le verre transparent met en valeur leurs couleurs \u00e9clatantes, et le format standard du bocal facilite la fermeture et le rangement. Depuis qu&#039;ils utilisent nos bocaux Mason, leurs ventes ont augment\u00e9 de 30 % !<\/p>\n<h2>Conseils de personnalisation pour votre marque<\/h2>\n<p>Vous souhaitez que votre produit se d\u00e9marque\u00a0? Nous proposons des bocaux Mason personnalis\u00e9s avec diff\u00e9rentes couleurs, tailles et logos. Que vous conditionniez des cornichons ou des sauces, notre usine peut cr\u00e9er la solution de conservation id\u00e9ale pour votre marque. Nous avons d\u00e9j\u00e0 aid\u00e9 des dizaines de marques \u00e0 transformer leurs emballages gr\u00e2ce \u00e0 nos bocaux Mason en verre personnalis\u00e9s.<\/p>\n<p>&nbsp;<\/p>","protected":false},"excerpt":{"rendered":"<p>D\u00e9couvrez nos solutions de conservation haut de gamme en bocaux Mason. Vente en gros de bocaux en verre Mason personnalis\u00e9s pour aliments, bougies, sirops et bien plus encore. Sans BPA, durables et polyvalents.<\/p>","protected":false},"featured_media":1092,"template":"","meta":{"postBodyCss":"","postBodyMargin":[],"postBodyPadding":[],"postBodyBackground":{"backgroundType":"classic","gradient":""}},"product_brand":[],"product_cat":[15,17,19],"product_tag":[94],"class_list":{"0":"post-1075","1":"product","2":"type-product","3":"status-publish","4":"has-post-thumbnail","6":"product_cat-glass-containers","7":"product_cat-glass-jars","8":"product_cat-glass-mason-jars","9":"product_tag-glass-decoration-bottles","11":"first","12":"instock","13":"shipping-taxable","14":"product-type-simple"},"jetpack_sharing_enabled":true,"_links":{"self":[{"href":"https:\/\/minghanggroup.com\/fr\/wp-json\/wp\/v2\/product\/1075","targetHints":{"allow":["GET"]}}],"collection":[{"href":"https:\/\/minghanggroup.com\/fr\/wp-json\/wp\/v2\/product"}],"about":[{"href":"https:\/\/minghanggroup.com\/fr\/wp-json\/wp\/v2\/types\/product"}],"wp:featuredmedia":[{"embeddable":true,"href":"https:\/\/minghanggroup.com\/fr\/wp-json\/wp\/v2\/media\/1092"}],"wp:attachment":[{"href":"https:\/\/minghanggroup.com\/fr\/wp-json\/wp\/v2\/media?parent=1075"}],"wp:term":[{"taxonomy":"product_brand","embeddable":true,"href":"https:\/\/minghanggroup.com\/fr\/wp-json\/wp\/v2\/product_brand?post=1075"},{"taxonomy":"product_cat","embeddable":true,"href":"https:\/\/minghanggroup.com\/fr\/wp-json\/wp\/v2\/product_cat?post=1075"},{"taxonomy":"product_tag","embeddable":true,"href":"https:\/\/minghanggroup.com\/fr\/wp-json\/wp\/v2\/product_tag?post=1075"}],"curies":[{"name":"wp","href":"https:\/\/api.w.org\/{rel}","templated":true}]}}