{"id":3,"date":"2025-09-30T08:00:50","date_gmt":"2025-09-30T08:00:50","guid":{"rendered":"https:\/\/minghanggroup.com\/?page_id=3"},"modified":"2025-11-18T17:56:17","modified_gmt":"2025-11-18T09:56:17","slug":"privacy-policy","status":"publish","type":"page","link":"https:\/\/minghanggroup.com\/fr\/privacy-policy\/","title":{"rendered":"politique de confidentialit\u00e9"},"content":{"rendered":"<div data-elementor-type=\"wp-page\" data-elementor-id=\"3\" class=\"elementor elementor-3\" data-elementor-settings=\"{&quot;ha_cmc_init_switcher&quot;:&quot;no&quot;}\" data-elementor-post-type=\"page\">\n\t\t\t\t<div class=\"elementor-element elementor-element-2f9d824 e-flex e-con-boxed e-con e-parent\" data-id=\"2f9d824\" data-element_type=\"container\" data-e-type=\"container\" data-settings=\"{&quot;_ha_eqh_enable&quot;:false}\">\n\t\t\t\t\t<div class=\"e-con-inner\">\n\t\t\t\t<div class=\"elementor-element elementor-element-e8bd613 elementor-widget elementor-widget-woocommerce-breadcrumb\" data-id=\"e8bd613\" data-element_type=\"widget\" data-e-type=\"widget\" data-widget_type=\"woocommerce-breadcrumb.default\">\n\t\t\t\t\t<nav class=\"woocommerce-breadcrumb\" aria-label=\"Breadcrumb\" data-no-translation=\"\" data-trp-gettext=\"\">Accueil<\/nav>\t\t\t\t<\/div>\n\t\t\t\t\t<\/div>\n\t\t\t\t<\/div>\n\t\t<div class=\"elementor-element elementor-element-4f0cf1d e-flex e-con-boxed e-con e-parent\" data-id=\"4f0cf1d\" data-element_type=\"container\" data-e-type=\"container\" data-settings=\"{&quot;_ha_eqh_enable&quot;:false}\">\n\t\t\t\t\t<div class=\"e-con-inner\">\n\t\t\t\t<div class=\"elementor-element elementor-element-c2230c6 elementor-widget elementor-widget-heading\" data-id=\"c2230c6\" data-element_type=\"widget\" data-e-type=\"widget\" data-widget_type=\"heading.default\">\n\t\t\t\t\t<h1 class=\"elementor-heading-title elementor-size-default\">politique de confidentialit\u00e9<\/h1>\t\t\t\t<\/div>\n\t\t\t\t\t<\/div>\n\t\t\t\t<\/div>\n\t\t<div class=\"elementor-element elementor-element-18ba6889 e-flex e-con-boxed e-con e-parent\" data-id=\"18ba6889\" data-element_type=\"container\" data-e-type=\"container\" data-settings=\"{&quot;_ha_eqh_enable&quot;:false}\">\n\t\t\t\t\t<div class=\"e-con-inner\">\n\t\t\t\t<div class=\"elementor-element elementor-element-68856f25 elementor-widget elementor-widget-text-editor\" data-id=\"68856f25\" data-element_type=\"widget\" data-e-type=\"widget\" data-widget_type=\"text-editor.default\">\n\t\t\t\t\t\t\t\t\t<h2>Quelles informations collectons-nous ?<\/h2>\n<p>Nous recueillons des informations vous concernant lorsque vous vous inscrivez sur le site, passez une commande, participez \u00e0 un concours ou \u00e0 un tirage au sort, r\u00e9pondez \u00e0 un sondage ou \u00e0 une communication (comme un courriel), ou utilisez une autre fonctionnalit\u00e9 du site. Lors d&#039;une commande ou d&#039;une inscription, nous pouvons vous demander votre nom, votre adresse courriel, votre adresse postale, votre num\u00e9ro de t\u00e9l\u00e9phone, vos informations de carte de cr\u00e9dit ou d&#039;autres informations. Vous pouvez toutefois visiter notre site de mani\u00e8re anonyme. Nous recueillons \u00e9galement des informations sur les destinataires de cadeaux afin de pouvoir traiter les commandes. Ces informations ne sont pas utilis\u00e9es \u00e0 des fins marketing. Comme de nombreux sites web, nous utilisons des \u00ab\u00a0cookies\u00a0\u00bb pour am\u00e9liorer votre exp\u00e9rience et recueillir des informations sur les visiteurs et leurs visites. Veuillez consulter la section \u00ab\u00a0Utilisons-nous des cookies\u00a0?\u00a0\u00bb ci-dessous pour en savoir plus sur les cookies et leur utilisation.<\/p>\n<h2>Comment utilisons-nous vos informations ?<\/h2>\n<p>Nous pouvons utiliser les informations que nous recueillons lorsque vous vous inscrivez, achetez des produits, participez \u00e0 un concours ou une promotion, r\u00e9pondez \u00e0 un sondage ou \u00e0 une communication marketing, naviguez sur le site web ou utilisez certaines autres fonctionnalit\u00e9s, afin de\u00a0: personnaliser votre exp\u00e9rience sur le site et vous proposer des contenus et des offres de produits susceptibles de vous int\u00e9resser\u00a0; mieux r\u00e9pondre \u00e0 vos demandes de service client\u00a0; traiter rapidement vos transactions\u00a0; administrer un concours, une promotion, un sondage ou toute autre fonctionnalit\u00e9 du site. Si vous avez choisi de recevoir notre newsletter par e-mail, nous pourrons vous envoyer des e-mails p\u00e9riodiques. Si vous ne souhaitez plus recevoir d&#039;e-mails promotionnels de notre part, veuillez consulter la section \u00ab\u00a0Retrait de votre consentement\u00a0\u00bb ci-dessous. Si vous n&#039;avez pas choisi de recevoir la newsletter par e-mail, vous ne recevrez pas ces e-mails. Les visiteurs qui s&#039;inscrivent ou participent \u00e0 d&#039;autres fonctionnalit\u00e9s du site, telles que les programmes marketing et les contenus r\u00e9serv\u00e9s aux membres, auront la possibilit\u00e9 de choisir de figurer ou non sur notre liste de diffusion et de recevoir des communications par e-mail de notre part.<\/p>\n<h2>Comment prot\u00e9geons-nous les informations des visiteurs\u00a0?<\/h2>\n<p>Nous mettons en \u0153uvre diverses mesures de s\u00e9curit\u00e9 pour prot\u00e9ger vos informations personnelles. Vos informations personnelles sont stock\u00e9es sur des r\u00e9seaux s\u00e9curis\u00e9s et ne sont accessibles qu&#039;\u00e0 un nombre limit\u00e9 de personnes disposant d&#039;autorisations sp\u00e9ciales et tenues \u00e0 la confidentialit\u00e9. Lorsque vous passez commande ou acc\u00e9dez \u00e0 vos informations personnelles, nous vous proposons d&#039;utiliser un serveur s\u00e9curis\u00e9. Toutes les informations sensibles\/bancaires que vous fournissez sont transmises via le protocole SSL (Secure Socket Layer) puis chiffr\u00e9es dans nos bases de donn\u00e9es et accessibles uniquement dans les conditions d\u00e9crites ci-dessus.<\/p>\n<h2>Utilisons-nous des \u00ab cookies \u00bb ?<\/h2>\n<p>Oui. Les cookies sont de petits fichiers qu&#039;un site web ou son fournisseur de services transf\u00e8re sur le disque dur de votre ordinateur via votre navigateur (si vous l&#039;autorisez). Ils permettent au site ou au fournisseur de services de reconna\u00eetre votre navigateur et de m\u00e9moriser certaines informations. Par exemple, nous utilisons des cookies pour m\u00e9moriser et traiter les articles de votre panier. Ils nous aident \u00e9galement \u00e0 comprendre vos pr\u00e9f\u00e9rences en fonction de votre activit\u00e9 sur le site, ce qui nous permet de vous offrir des services am\u00e9lior\u00e9s. Nous utilisons aussi des cookies pour compiler des donn\u00e9es agr\u00e9g\u00e9es sur le trafic et l&#039;interaction sur le site afin d&#039;am\u00e9liorer votre exp\u00e9rience et nos outils. Nous pouvons faire appel \u00e0 des prestataires de services tiers pour mieux comprendre nos visiteurs. Ces prestataires ne sont pas autoris\u00e9s \u00e0 utiliser les informations collect\u00e9es pour notre compte, sauf pour nous aider \u00e0 mener et \u00e0 am\u00e9liorer nos activit\u00e9s. Vous pouvez configurer votre ordinateur pour qu&#039;il vous avertisse \u00e0 chaque fois qu&#039;un cookie est envoy\u00e9, ou vous pouvez d\u00e9sactiver tous les cookies. Pour cela, consultez les param\u00e8tres de votre navigateur (Google Chrome, Microsoft Edge ou Safari, par exemple). Chaque navigateur \u00e9tant l\u00e9g\u00e8rement diff\u00e9rent, consultez le menu \u00ab\u00a0Aide\u00a0\u00bb de votre navigateur pour savoir comment modifier vos cookies. Si vous d\u00e9sactivez les cookies, vous n&#039;aurez pas acc\u00e8s \u00e0 de nombreuses fonctionnalit\u00e9s qui optimisent votre navigation sur notre site et certains de nos services ne fonctionneront pas correctement. Vous pourrez toutefois passer commande par t\u00e9l\u00e9phone en contactant notre service client.<\/p>\n<h2>Divulguons-nous les informations que nous recueillons \u00e0 des tiers\u00a0?<\/h2>\n<p>Nous ne vendons, n&#039;\u00e9changeons ni ne transf\u00e9rons vos informations personnelles \u00e0 des tiers sans vous en informer au pr\u00e9alable, sauf dans les cas d\u00e9crits ci-dessous. Le terme \u00ab\u00a0tiers\u00a0\u00bb n&#039;inclut pas notre entreprise. Il n&#039;inclut pas non plus nos partenaires d&#039;h\u00e9bergement web ni les autres prestataires qui nous aident \u00e0 exploiter notre site web, \u00e0 g\u00e9rer notre activit\u00e9 ou \u00e0 vous fournir des services, \u00e0 condition que ces parties s&#039;engagent \u00e0 pr\u00e9server la confidentialit\u00e9 de ces informations. Nous pouvons \u00e9galement divulguer vos informations si nous estimons que cela est n\u00e9cessaire pour nous conformer \u00e0 la loi, appliquer nos politiques de site ou prot\u00e9ger nos droits, nos biens ou notre s\u00e9curit\u00e9, ou ceux d&#039;autrui. Cependant, les informations non personnelles relatives aux visiteurs peuvent \u00eatre communiqu\u00e9es \u00e0 des tiers \u00e0 des fins de marketing, de publicit\u00e9 ou autres. Comment pouvez-vous vous d\u00e9sinscrire, supprimer ou modifier les informations que vous nous avez fournies\u00a0? Pour modifier vos abonnements par e-mail, veuillez modifier vos pr\u00e9f\u00e9rences dans la section \u00ab\u00a0Mon compte\u00a0\u00bb. Veuillez noter qu&#039;en raison des d\u00e9lais de production des e-mails, vous pourriez recevoir des e-mails d\u00e9j\u00e0 en cours de traitement. Pour supprimer toutes les informations de votre compte en ligne de notre base de donn\u00e9es, connectez-vous \u00e0 la section \u00ab\u00a0Mon compte\u00a0\u00bb de notre site et supprimez vos adresses de livraison, de facturation et vos informations de paiement. Veuillez noter que nous pouvons conserver des informations relatives \u00e0 une transaction de vente individuelle afin d&#039;assurer le suivi de cette transaction et \u00e0 des fins d&#039;archivage. Afin de vous offrir un service plus complet, nous pouvons inclure des liens vers des sites tiers sur notre site. Ces sites li\u00e9s ont des politiques de confidentialit\u00e9 distinctes et ind\u00e9pendantes. Par cons\u00e9quent, nous d\u00e9clinons toute responsabilit\u00e9 quant au contenu et aux activit\u00e9s de ces sites. N\u00e9anmoins, nous veillons \u00e0 l&#039;int\u00e9grit\u00e9 de notre site et appr\u00e9cions tout commentaire concernant ces liens (notamment si un lien est d\u00e9fectueux). Toute modification de notre politique de confidentialit\u00e9 sera publi\u00e9e sur cette page. Ces modifications s&#039;appliqueront uniquement aux informations collect\u00e9es apr\u00e8s la date de la modification.<\/p>\n<h2>Questions et commentaires<\/h2>\n<p>Vos questions, commentaires et pr\u00e9occupations concernant la protection de la vie priv\u00e9e sont les bienvenus. N&#039;h\u00e9sitez pas \u00e0 nous faire part de vos commentaires sur la protection de la vie priv\u00e9e ou tout autre sujet. Politique en ligne uniquement. Cette politique de confidentialit\u00e9 en ligne s&#039;applique uniquement aux informations collect\u00e9es via notre site web et non aux informations collect\u00e9es hors ligne.<\/p>\n<h2>Votre consentement<\/h2>\n<p>En effectuant un achat sur notre site web ou en soumettant une demande de devis, un paiement ou une livraison, en y incluant des informations personnelles ou professionnelles, vous consentez \u00e0 ce que nous collections, conservions et utilisions ces informations \u00e0 votre avantage et\/ou pour am\u00e9liorer nos services. Ce faisant, vous consentez \u00e9galement \u00e0 ce que nous mentionnions votre statut de client Yeboda et \u00e0 ce que nous utilisions le nom, le logo et l&#039;emballage de votre entreprise pour pr\u00e9senter nos produits et services, sauf indication contraire.<\/p>\n<h2>En retirant votre consentement<\/h2>\n<p>Vous pouvez \u00e0 tout moment retirer votre consentement \u00e0 la collecte, \u00e0 l&#039;utilisation ou \u00e0 la divulgation de vos informations par Yeboda, en nous contactant. Yeboda se r\u00e9serve le droit de conserver les informations collect\u00e9es afin d&#039;honorer les commandes ou de r\u00e9soudre les litiges et enqu\u00eates. Lors de votre visite sur notre site web, nous recevons automatiquement l&#039;adresse IP de votre appareil, votre r\u00e9gion g\u00e9ographique approximative et d&#039;autres informations de base concernant votre navigateur et votre syst\u00e8me d&#039;exploitation, ce qui nous permet de mieux vous assister et de vous offrir une exp\u00e9rience plus personnalis\u00e9e.<\/p>\t\t\t\t\t\t\t\t<\/div>\n\t\t\t\t\t<\/div>\n\t\t\t\t<\/div>\n\t\t<div class=\"elementor-element elementor-element-3e7fb34 e-flex e-con-boxed e-con e-parent\" data-id=\"3e7fb34\" data-element_type=\"container\" data-e-type=\"container\" data-settings=\"{&quot;_ha_eqh_enable&quot;:false}\">\n\t\t\t\t\t<div class=\"e-con-inner\">\n\t\t\t\t<div class=\"elementor-element elementor-element-2dd4414 elementor-widget elementor-widget-heading\" data-id=\"2dd4414\" data-element_type=\"widget\" data-e-type=\"widget\" data-widget_type=\"heading.default\">\n\t\t\t\t\t<h2 class=\"elementor-heading-title elementor-size-default\">D\u00e9marrez votre aventure dans le domaine de l&#039;emballage en verre avec Minghang<\/h2>\t\t\t\t<\/div>\n\t\t\t\t<div class=\"elementor-element elementor-element-f0c79fe elementor-widget elementor-widget-heading\" data-id=\"f0c79fe\" data-element_type=\"widget\" data-e-type=\"widget\" data-widget_type=\"heading.default\">\n\t\t\t\t\t<p class=\"elementor-heading-title elementor-size-default\">Contactez d\u00e8s maintenant notre sp\u00e9cialiste produit.<\/p>\t\t\t\t<\/div>\n\t\t\t\t<div class=\"elementor-element elementor-element-0be3d28 elementor-align-center elementor-widget elementor-widget-button\" data-id=\"0be3d28\" data-element_type=\"widget\" data-e-type=\"widget\" data-widget_type=\"button.default\">\n\t\t\t\t\t\t\t\t\t\t<a class=\"elementor-button elementor-button-link elementor-size-sm\" href=\"#elementor-action%3Aaction%3Dpopup%3Aopen%26settings%3DeyJpZCI6IjE3NDYiLCJ0b2dnbGUiOmZhbHNlfQ%3D%3D\">\n\t\t\t\t\t\t<span class=\"elementor-button-content-wrapper\">\n\t\t\t\t\t\t\t\t\t<span class=\"elementor-button-text\">Commencer<\/span>\n\t\t\t\t\t<\/span>\n\t\t\t\t\t<\/a>\n\t\t\t\t\t\t\t\t<\/div>\n\t\t\t\t\t<\/div>\n\t\t\t\t<\/div>\n\t\t\t\t<\/div>","protected":false},"excerpt":{"rendered":"<p>Privacy Policy What information do we collect? We collect information from you when you register on the site, place an order, enter a contest or sweepstakes, respond to a survey or communication such as e-mail, or participate in another site feature. When ordering or registering, we may ask you for your name, e-mail address, mailing [\u2026]<\/p>","protected":false},"author":1,"featured_media":0,"parent":0,"menu_order":0,"comment_status":"closed","ping_status":"closed","template":"","meta":{"postBodyCss":"","postBodyMargin":[],"postBodyPadding":[],"postBodyBackground":{"backgroundType":"classic","gradient":""},"footnotes":""},"class_list":["post-3","page","type-page","status-publish","hentry"],"blocksy_meta":[],"jetpack_sharing_enabled":true,"_links":{"self":[{"href":"https:\/\/minghanggroup.com\/fr\/wp-json\/wp\/v2\/pages\/3","targetHints":{"allow":["GET"]}}],"collection":[{"href":"https:\/\/minghanggroup.com\/fr\/wp-json\/wp\/v2\/pages"}],"about":[{"href":"https:\/\/minghanggroup.com\/fr\/wp-json\/wp\/v2\/types\/page"}],"author":[{"embeddable":true,"href":"https:\/\/minghanggroup.com\/fr\/wp-json\/wp\/v2\/users\/1"}],"replies":[{"embeddable":true,"href":"https:\/\/minghanggroup.com\/fr\/wp-json\/wp\/v2\/comments?post=3"}],"version-history":[{"count":5,"href":"https:\/\/minghanggroup.com\/fr\/wp-json\/wp\/v2\/pages\/3\/revisions"}],"predecessor-version":[{"id":3354,"href":"https:\/\/minghanggroup.com\/fr\/wp-json\/wp\/v2\/pages\/3\/revisions\/3354"}],"wp:attachment":[{"href":"https:\/\/minghanggroup.com\/fr\/wp-json\/wp\/v2\/media?parent=3"}],"curies":[{"name":"wp","href":"https:\/\/api.w.org\/{rel}","templated":true}]}}