{"id":6399,"date":"2026-04-15T16:25:04","date_gmt":"2026-04-15T08:25:04","guid":{"rendered":"https:\/\/minghanggroup.com\/?post_type=product&#038;p=6399"},"modified":"2026-04-15T16:25:05","modified_gmt":"2026-04-15T08:25:05","slug":"tapered-gel-nail-polish-bottles-empty-wholesale","status":"publish","type":"product","link":"https:\/\/minghanggroup.com\/es\/producto\/tapered-gel-nail-polish-bottles-empty-wholesale\/","title":{"rendered":"Frascos c\u00f3nicos vac\u00edos de esmalte de u\u00f1as en gel de 5 ml, 8 ml y 15 ml al por mayor"},"content":{"rendered":"<p>Los frascos de esmalte de u\u00f1as vac\u00edos muestran un dise\u00f1o con partes ligeramente c\u00f3nicas y una sutil curvatura, ya que su cuerpo transparente permite a los clientes ver los colores reales del esmalte en gel. La base reforzada proporciona una estabilidad excepcional, manteniendo el frasco en posici\u00f3n vertical durante la exhibici\u00f3n en tiendas y su uso en salones de belleza. Cada frasco incluye una tapa de rosca (disponible en negro, blanco o en colores personalizados) y un aplicador de pincel integrado para una aplicaci\u00f3n precisa y sin esfuerzo. Los frascos de esmalte de u\u00f1as en gel ofrecen a los mayoristas y propietarios de boutiques m\u00faltiples opciones gracias a su capacidad de personalizaci\u00f3n, ya que pueden utilizarse tanto para servicios profesionales de manicura como para publicidad de marcas minoristas.<\/p>\n<h2>Caracter\u00edsticas del producto<\/h2>\n<ul>\n<li><strong>Forma ergon\u00f3mica contorneada:<\/strong> El dise\u00f1o de la botella incluye una forma curvada que se estrecha hacia la parte superior para proporcionar a los usuarios un mejor agarre y permitirles controlar la presi\u00f3n del cepillo de forma m\u00e1s eficaz.<\/li>\n<li><strong>Estructura de sellado lisa:<\/strong> El cuello de la botella y las roscas encajan a la perfecci\u00f3n, creando un cierre herm\u00e9tico que reduce eficazmente la evaporaci\u00f3n del producto.<\/li>\n<li><strong>Vers\u00e1til para la marca:<\/strong> La botella tiene una superficie lisa y plana que resulta perfecta para la serigraf\u00eda y el etiquetado, ya que permite mostrar logotipos e informaci\u00f3n sobre el tono del color.<\/li>\n<\/ul>\n<h2>Especificaciones clave<\/h2>\n<table style=\"border-collapse: collapse; width: 80%; margin-left: auto; margin-right: auto;\" border=\"0\" width=\"288\" cellspacing=\"0\" cellpadding=\"0\">\n<tbody>\n<tr style=\"height: 13.50pt;\">\n<td style=\"height: 13.5pt; width: 54pt; text-align: center;\" width=\"72\" height=\"18\">Especificaci\u00f3n (ml)<\/td>\n<td style=\"width: 54pt; text-align: center;\" align=\"right\" width=\"72\">5<\/td>\n<td style=\"width: 54pt; text-align: center;\" align=\"right\" width=\"72\">8<\/td>\n<td style=\"width: 54pt; text-align: center;\" align=\"right\" width=\"72\">15<\/td>\n<\/tr>\n<tr style=\"height: 13.50pt;\">\n<td style=\"height: 13.5pt; text-align: center;\" height=\"18\">Tama\u00f1o (cm)<\/td>\n<td style=\"text-align: center;\">2.1 * 5.9<\/td>\n<td style=\"text-align: center;\">2.5 * 6.3<\/td>\n<td style=\"text-align: center;\">3 * 7.3<\/td>\n<\/tr>\n<tr style=\"height: 13.50pt;\">\n<td style=\"height: 13.5pt; text-align: center;\" height=\"18\">Forma<\/td>\n<td class=\"et2\" style=\"text-align: center;\" colspan=\"3\">Cono c\u00f3nico<\/td>\n<\/tr>\n<tr style=\"height: 13.50pt;\">\n<td style=\"height: 13.5pt; text-align: center;\" height=\"18\">Inclusiones<\/td>\n<td class=\"et2\" style=\"text-align: center;\" colspan=\"3\">Cepillo + Tapa<\/td>\n<\/tr>\n<\/tbody>\n<\/table>\n<h2>Historia de \u00e9xito<\/h2>\n<p>La marca de belleza brit\u00e1nica seleccion\u00f3 nuestros frascos de esmalte de u\u00f1as en gel como base para su nueva colecci\u00f3n. La marca requer\u00eda dise\u00f1os que reflejaran su imagen de marca premium, por lo que opt\u00f3 por un acabado mate esmerilado para los frascos y un dise\u00f1o negro brillante para las tapas. El logotipo de la marca y el c\u00f3digo de color se imprimieron en todos los frascos mediante serigraf\u00eda, utilizando la superficie plana del frontal.<\/p>\n<p>La l\u00ednea de productos logr\u00f3 un incremento de ventas del 30 por ciento durante sus dos primeros meses de funcionamiento. Tras observar los excelentes resultados del mercado, la marca realiz\u00f3 un pedido adicional que le permiti\u00f3 ampliar su gama de productos con nuevas opciones de color.<\/p>\n<h2>Sugerencias de personalizaci\u00f3n<\/h2>\n<ol>\n<li><strong>Marca del panel frontal:<\/strong> La superficie plana de la botella proporciona un \u00e1rea de impresi\u00f3n que permite la serigraf\u00eda de logotipos, c\u00f3digos de color y nombres de series para mostrar detalles esenciales que permanecen visibles en los puntos de venta.<\/li>\n<li><strong>Opciones de capacidad:<\/strong> El producto ofrece tama\u00f1os est\u00e1ndar junto con opciones de menor capacidad que los fabricantes utilizan como muestras de prueba y conjuntos de productos.<\/li>\n<li><strong>Grabado o codificaci\u00f3n en la parte inferior:<\/strong> La base de la botella incorpora elementos de grabado en relieve y codificaci\u00f3n por lotes que ayudan a las empresas a rastrear sus productos y gestionar su inventario.<\/li>\n<\/ol>","protected":false},"excerpt":{"rendered":"<p>Frascos de esmalte de u\u00f1as premium vac\u00edos con tapa de vidrio transparente y pincel. Ideales para esmaltes de u\u00f1as en gel. Venta directa de f\u00e1brica, personalizaci\u00f3n al por mayor, muestras gratuitas disponibles.<\/p>","protected":false},"featured_media":6403,"template":"","meta":{"postBodyCss":"","postBodyMargin":[],"postBodyPadding":[],"postBodyBackground":{"backgroundType":"classic","gradient":""}},"product_brand":[],"product_cat":[113,15,16],"product_tag":[],"class_list":{"0":"post-6399","1":"product","2":"type-product","3":"status-publish","4":"has-post-thumbnail","6":"product_cat-nail-polish-bottles","7":"product_cat-glass-containers","8":"product_cat-glass-bottles","10":"first","11":"instock","12":"shipping-taxable","13":"product-type-simple"},"jetpack_sharing_enabled":true,"_links":{"self":[{"href":"https:\/\/minghanggroup.com\/es\/wp-json\/wp\/v2\/product\/6399","targetHints":{"allow":["GET"]}}],"collection":[{"href":"https:\/\/minghanggroup.com\/es\/wp-json\/wp\/v2\/product"}],"about":[{"href":"https:\/\/minghanggroup.com\/es\/wp-json\/wp\/v2\/types\/product"}],"wp:featuredmedia":[{"embeddable":true,"href":"https:\/\/minghanggroup.com\/es\/wp-json\/wp\/v2\/media\/6403"}],"wp:attachment":[{"href":"https:\/\/minghanggroup.com\/es\/wp-json\/wp\/v2\/media?parent=6399"}],"wp:term":[{"taxonomy":"product_brand","embeddable":true,"href":"https:\/\/minghanggroup.com\/es\/wp-json\/wp\/v2\/product_brand?post=6399"},{"taxonomy":"product_cat","embeddable":true,"href":"https:\/\/minghanggroup.com\/es\/wp-json\/wp\/v2\/product_cat?post=6399"},{"taxonomy":"product_tag","embeddable":true,"href":"https:\/\/minghanggroup.com\/es\/wp-json\/wp\/v2\/product_tag?post=6399"}],"curies":[{"name":"wp","href":"https:\/\/api.w.org\/{rel}","templated":true}]}}