{"id":6385,"date":"2026-04-15T13:23:49","date_gmt":"2026-04-15T05:23:49","guid":{"rendered":"https:\/\/minghanggroup.com\/?post_type=product&#038;p=6385"},"modified":"2026-04-15T16:42:51","modified_gmt":"2026-04-15T08:42:51","slug":"test-tubes-borosilicate-glass-with-cork-bulk","status":"publish","type":"product","link":"https:\/\/minghanggroup.com\/es\/producto\/test-tubes-borosilicate-glass-with-cork-bulk\/","title":{"rendered":"Tubos de ensayo de vidrio borosilicato con tap\u00f3n de corcho, de 10 ml a 30 ml (a granel)"},"content":{"rendered":"<p>Los tubos de ensayo, fabricados con vidrio de borosilicato, presentan un dise\u00f1o cil\u00edndrico y est\u00e1n construidos con vidrio de borosilicato ultratransparente apto para uso alimentario, que ofrece una claridad \u00f3ptica excepcional y una gran resistencia t\u00e9rmica. El tap\u00f3n de corcho natural sirve como mecanismo de cierre.<\/p>\n<h2>Caracter\u00edsticas del producto<\/h2>\n<ul>\n<li><strong>Material de vidrio de borosilicato:<\/strong> El uso de vidrio de borosilicato de alta calidad en estos tubos les permite resistir choques t\u00e9rmicos y facilita la limpieza, manteniendo al mismo tiempo su car\u00e1cter reutilizable.<\/li>\n<li><strong>Sello de corcho natural:<\/strong> El tap\u00f3n de corcho natural proporciona un excelente sellado, evitando eficazmente la entrada de humedad e insectos.<\/li>\n<li><strong>M\u00faltiples capacidades disponibles:<\/strong> Los tubos, que vienen en diferentes longitudes y capacidades, tienen m\u00faltiples usos, entre ellos la dispensaci\u00f3n de muestras y el almacenamiento de productos secos.<\/li>\n<\/ul>\n<h2 style=\"text-align: left;\">Especificaciones clave<\/h2>\n<table class=\"aligncenter\" style=\"border-collapse: collapse; width: 551.27pt;\" border=\"0\" width=\"735\" cellspacing=\"0\" cellpadding=\"0\">\n<tbody>\n<tr style=\"height: 13.50pt;\">\n<td style=\"height: 13.50pt; width: 120.00pt;\" width=\"160\" height=\"18\">Atributo<\/td>\n<td style=\"width: 431.25pt;\" width=\"575\">Detalles<\/td>\n<\/tr>\n<tr style=\"height: 13.50pt;\">\n<td style=\"height: 13.50pt;\" height=\"18\">Tama\u00f1o y capacidad<\/td>\n<td>1,5\u00d710 cm (10 ml), 1,5\u00d712 cm (13 ml), 1,5\u00d722,5 cm (28 ml), 1,6\u00d722 cm (30 ml)<\/td>\n<\/tr>\n<tr style=\"height: 13.50pt;\">\n<td style=\"height: 13.50pt;\" height=\"18\">Material<\/td>\n<td>Tap\u00f3n de corcho natural y cristal de borosilicato transparente.<\/td>\n<\/tr>\n<tr style=\"height: 13.50pt;\">\n<td style=\"height: 13.50pt;\" height=\"18\">Forma de tubo<\/td>\n<td>Cilindro de paredes rectas<\/td>\n<\/tr>\n<tr style=\"height: 13.50pt;\">\n<td style=\"height: 13.50pt;\" height=\"18\">Gama de personalizaci\u00f3n<\/td>\n<td>Color, tipo de corcho, tama\u00f1o, relieve\/impresi\u00f3n<\/td>\n<\/tr>\n<tr style=\"height: 13.50pt;\">\n<td style=\"height: 13.50pt;\" height=\"18\">Artesan\u00eda<\/td>\n<td>Estirado\/tubo de vidrio de borosilicato<\/td>\n<\/tr>\n<tr style=\"height: 13.50pt;\">\n<td style=\"height: 13.50pt;\" height=\"18\">Uso principal<\/td>\n<td>Tubos de vidrio con corcho, tubos de ensayo de vidrio<\/td>\n<\/tr>\n<tr style=\"height: 13.50pt;\">\n<td style=\"height: 13.50pt;\" height=\"18\">Industrias objetivo<\/td>\n<td>Laboratorios, proveedores educativos, manualidades y bricolaje.<\/td>\n<\/tr>\n<\/tbody>\n<\/table>\n<h2>Caso de \u00e9xito: Un pedido personalizado de una importante tienda de art\u00edculos de artesan\u00eda.<\/h2>\n<p>Una importante cadena estadounidense de art\u00edculos para manualidades y florister\u00eda seleccion\u00f3 nuestros tubos de vidrio con corcho, que incluyen un tap\u00f3n de corcho de color personalizado y un acabado de vidrio esmerilado. El producto personalizado tuvo un \u00e9xito rotundo, ya que su dise\u00f1o cient\u00edfico impuls\u00f3 un crecimiento del 500 % en las ventas online en la categor\u00eda \u00abFarmac\u00e9utico Vintage\u00bb y se vendi\u00f3 el 98 % del stock en tiendas durante el primer trimestre. El proveedor realiz\u00f3 un pedido adicional de 480 000 tubos de vidrio debido a que la respuesta del mercado super\u00f3 todas las expectativas.<\/p>\n<h2>Tubos de vidrio con opciones de personalizaci\u00f3n de corcho.<\/h2>\n<ul>\n<li>Tipos de corcho: Las opciones disponibles incluyen corcho natural, corcho de color, corcho encerado y corchos sint\u00e9ticos, junto con tapones decorativos opcionales.<\/li>\n<li>Serigraf\u00eda: Esta tecnolog\u00eda permite la aplicaci\u00f3n directa de graduaciones, logotipos y dise\u00f1os decorativos sobre superficies de vidrio.<\/li>\n<li>Tapones perforados precortados: El producto incluye tapones perforados previamente que permiten a los usuarios insertar un tallo de flor, convirtiendo as\u00ed el tubo en un jarr\u00f3n esencial.<\/li>\n<\/ul>","protected":false},"excerpt":{"rendered":"<p>Tubos de ensayo de vidrio borosilicato con acabado transparente y tap\u00f3n de corcho. Tubos de vidrio con corcho ideales para muestras, especias y regalos. Muestras gratuitas disponibles hoy.<\/p>","protected":false},"featured_media":6390,"template":"","meta":{"postBodyCss":"","postBodyMargin":[],"postBodyPadding":[],"postBodyBackground":{"backgroundType":"classic","gradient":""}},"product_brand":[],"product_cat":[117,15,16],"product_tag":[],"class_list":{"0":"post-6385","1":"product","2":"type-product","3":"status-publish","4":"has-post-thumbnail","6":"product_cat-glass-tubes","7":"product_cat-glass-containers","8":"product_cat-glass-bottles","10":"first","11":"instock","12":"shipping-taxable","13":"product-type-simple"},"jetpack_sharing_enabled":true,"_links":{"self":[{"href":"https:\/\/minghanggroup.com\/es\/wp-json\/wp\/v2\/product\/6385","targetHints":{"allow":["GET"]}}],"collection":[{"href":"https:\/\/minghanggroup.com\/es\/wp-json\/wp\/v2\/product"}],"about":[{"href":"https:\/\/minghanggroup.com\/es\/wp-json\/wp\/v2\/types\/product"}],"wp:featuredmedia":[{"embeddable":true,"href":"https:\/\/minghanggroup.com\/es\/wp-json\/wp\/v2\/media\/6390"}],"wp:attachment":[{"href":"https:\/\/minghanggroup.com\/es\/wp-json\/wp\/v2\/media?parent=6385"}],"wp:term":[{"taxonomy":"product_brand","embeddable":true,"href":"https:\/\/minghanggroup.com\/es\/wp-json\/wp\/v2\/product_brand?post=6385"},{"taxonomy":"product_cat","embeddable":true,"href":"https:\/\/minghanggroup.com\/es\/wp-json\/wp\/v2\/product_cat?post=6385"},{"taxonomy":"product_tag","embeddable":true,"href":"https:\/\/minghanggroup.com\/es\/wp-json\/wp\/v2\/product_tag?post=6385"}],"curies":[{"name":"wp","href":"https:\/\/api.w.org\/{rel}","templated":true}]}}