{"id":6384,"date":"2026-04-15T14:09:23","date_gmt":"2026-04-15T06:09:23","guid":{"rendered":"https:\/\/minghanggroup.com\/?post_type=product&#038;p=6384"},"modified":"2026-04-15T14:09:25","modified_gmt":"2026-04-15T06:09:25","slug":"apple-shaped-empty-nail-polish-bottles-bulk","status":"publish","type":"product","link":"https:\/\/minghanggroup.com\/es\/producto\/apple-shaped-empty-nail-polish-bottles-bulk\/","title":{"rendered":"Frascos vac\u00edos de esmalte de u\u00f1as con forma de manzana de 5 ml y 10 ml (venta al por mayor)"},"content":{"rendered":"<p>Los frascos de esmalte de u\u00f1as de vidrio presentan un dise\u00f1o moderno con forma de manzana, un dise\u00f1o reconocible para todos. El envase transparente permite apreciar los colores del esmalte, creando un atractivo efecto visual. Cada frasco cuenta con una tapa de rosca herm\u00e9tica, disponible en blanco y negro, e incluye un aplicador de pincel integrado para una aplicaci\u00f3n precisa y sencilla. Ofrecemos dos tama\u00f1os: 5 ml y 10 ml, para adaptarnos a sus diversas necesidades de suministro, tanto para venta minorista como mayorista. El producto ofrece opciones de personalizaci\u00f3n completas que le permitir\u00e1n crear una identidad de marca \u00fanica que impulsar\u00e1 el \u00e9xito de su empresa.<\/p>\n<h2>Caracter\u00edsticas del producto<\/h2>\n<ul>\n<li><strong>Forma esculpida \u00fanica:<\/strong> La botella presenta una forma inusual que crea una apariencia distintiva gracias a la combinaci\u00f3n de sus diversas curvas. Este dise\u00f1o permite que el empaque de su marca alcance la m\u00e1xima visibilidad, ya que genera un efecto visual \u00fanico.<\/li>\n<li><strong>Base estable y gruesa:<\/strong> La base gruesa de la botella le proporciona una estabilidad excepcional, ya que se mantiene de pie sin apoyo y conserva su equilibrio. Este producto es una excelente opci\u00f3n tanto para el uso diario como para la exhibici\u00f3n en tiendas.<\/li>\n<li><strong>Capacidad compacta:<\/strong> La botella utiliza una capacidad m\u00ednima de l\u00edquido porque sirve como envase de tama\u00f1o de prueba, lo que la convierte en un producto ideal para viajar y que contiene art\u00edculos de varios colores.<\/li>\n<\/ul>\n<h2>Especificaciones clave<\/h2>\n<table style=\"border-collapse: collapse; width: 80%; margin-left: auto; margin-right: auto;\" border=\"0\" width=\"216\" cellspacing=\"0\" cellpadding=\"0\">\n<tbody>\n<tr style=\"height: 13.50pt;\">\n<td style=\"height: 13.5pt; width: 54pt; text-align: center;\" width=\"72\" height=\"18\">Especificaci\u00f3n (ml)<\/td>\n<td style=\"width: 54pt; text-align: center;\" width=\"72\">5<\/td>\n<td style=\"width: 54pt; text-align: center;\" width=\"72\">10<\/td>\n<\/tr>\n<tr style=\"height: 13.50pt;\">\n<td style=\"height: 13.5pt; text-align: center;\" height=\"18\">Tama\u00f1o (cm)<\/td>\n<td style=\"text-align: center;\">3 x 6<\/td>\n<td style=\"text-align: center;\">3,9 x 6,4<\/td>\n<\/tr>\n<tr style=\"height: 13.50pt;\">\n<td style=\"height: 13.5pt; text-align: center;\" height=\"18\">Forma<\/td>\n<td class=\"et2\" style=\"text-align: center;\" colspan=\"2\">con forma de manzana<\/td>\n<\/tr>\n<tr style=\"height: 13.50pt;\">\n<td style=\"height: 13.5pt; text-align: center;\" height=\"18\">Cierre<\/td>\n<td class=\"et2\" style=\"text-align: center;\" colspan=\"2\">Tap\u00f3n de rosca (negro\/blanco\/personalizado)<\/td>\n<\/tr>\n<tr style=\"height: 13.50pt;\">\n<td style=\"height: 13.5pt; text-align: center;\" height=\"18\">Inclusiones<\/td>\n<td class=\"et2\" style=\"text-align: center;\" colspan=\"2\">Cepillo + Tapa<\/td>\n<\/tr>\n<\/tbody>\n<\/table>\n<h2>Historia de \u00e9xito<\/h2>\n<p>Una marca francesa de belleza de lujo encarg\u00f3 un lote de frascos de esmalte de u\u00f1as. La marca cre\u00f3 un dise\u00f1o personalizado con vidrio tintado como material principal, un tap\u00f3n blanco de alto brillo y un aplicador de pincel dise\u00f1ado para una aplicaci\u00f3n precisa y sencilla. El tap\u00f3n de cada tono incluye peque\u00f1os detalles de color que ayudan a las usuarias a reconocer y distinguir los diferentes tonos.<\/p>\n<p>El producto experiment\u00f3 un aumento inicial de ventas del 40 % en tan solo tres meses gracias al dise\u00f1o \u00fanico de su envase, que result\u00f3 atractivo para los consumidores. La marca respondi\u00f3 al entusiasmo del mercado realizando inmediatamente m\u00e1s pedidos y lanzando nuevos tonos de edici\u00f3n limitada para su colecci\u00f3n de temporada.<\/p>\n<h2>Sugerencias de personalizaci\u00f3n<\/h2>\n<ol>\n<li><strong>Opciones de color de vidrio:<\/strong> El producto ofrece tres opciones de acabado de vidrio, que incluyen vidrio transparente, vidrio esmerilado semitransparente y acabados en aerosol ligeramente tintados, como rosa nude, gris ahumado y morado p\u00e1lido.<\/li>\n<li><strong>Selecci\u00f3n de estilo de gorra:<\/strong> Las tapas b\u00e1sicas en blanco y negro sirven como punto de partida para los usuarios que desean crear dise\u00f1os personalizados mediante galvanoplastia, acabados degradados y pintura mate de tacto suave, lo que mejorar\u00e1 su atractivo visual general.<\/li>\n<li><strong>Decoraci\u00f3n de superficies:<\/strong> El perfil curvado de la botella permite la serigraf\u00eda de logotipos b\u00e1sicos y aplicaciones de estampado en caliente selectivas, mientras que el etiquetado con recubrimiento UV selectivo puede utilizarse para resaltar aspectos particulares de la marca.<\/li>\n<\/ol>","protected":false},"excerpt":{"rendered":"<p>Realza tu marca con estos ic\u00f3nicos frascos vac\u00edos de esmalte de u\u00f1as con forma de manzana. Personaliza logotipos, tapas y etiquetas. Ideales para la venta al por mayor de esmaltes de u\u00f1as. \u00a1Solicita muestras ahora!<\/p>","protected":false},"featured_media":6398,"template":"","meta":{"postBodyCss":"","postBodyMargin":[],"postBodyPadding":[],"postBodyBackground":{"backgroundType":"classic","gradient":""}},"product_brand":[],"product_cat":[113,15,16],"product_tag":[],"class_list":{"0":"post-6384","1":"product","2":"type-product","3":"status-publish","4":"has-post-thumbnail","6":"product_cat-nail-polish-bottles","7":"product_cat-glass-containers","8":"product_cat-glass-bottles","10":"first","11":"instock","12":"shipping-taxable","13":"product-type-simple"},"jetpack_sharing_enabled":true,"_links":{"self":[{"href":"https:\/\/minghanggroup.com\/es\/wp-json\/wp\/v2\/product\/6384","targetHints":{"allow":["GET"]}}],"collection":[{"href":"https:\/\/minghanggroup.com\/es\/wp-json\/wp\/v2\/product"}],"about":[{"href":"https:\/\/minghanggroup.com\/es\/wp-json\/wp\/v2\/types\/product"}],"wp:featuredmedia":[{"embeddable":true,"href":"https:\/\/minghanggroup.com\/es\/wp-json\/wp\/v2\/media\/6398"}],"wp:attachment":[{"href":"https:\/\/minghanggroup.com\/es\/wp-json\/wp\/v2\/media?parent=6384"}],"wp:term":[{"taxonomy":"product_brand","embeddable":true,"href":"https:\/\/minghanggroup.com\/es\/wp-json\/wp\/v2\/product_brand?post=6384"},{"taxonomy":"product_cat","embeddable":true,"href":"https:\/\/minghanggroup.com\/es\/wp-json\/wp\/v2\/product_cat?post=6384"},{"taxonomy":"product_tag","embeddable":true,"href":"https:\/\/minghanggroup.com\/es\/wp-json\/wp\/v2\/product_tag?post=6384"}],"curies":[{"name":"wp","href":"https:\/\/api.w.org\/{rel}","templated":true}]}}