{"id":6379,"date":"2026-04-15T08:56:32","date_gmt":"2026-04-15T00:56:32","guid":{"rendered":"https:\/\/minghanggroup.com\/?post_type=product&#038;p=6379"},"modified":"2026-04-15T13:46:23","modified_gmt":"2026-04-15T05:46:23","slug":"small-borosilicate-glass-tubes-with-metal-lids-bulk","status":"publish","type":"product","link":"https:\/\/minghanggroup.com\/es\/producto\/small-borosilicate-glass-tubes-with-metal-lids-bulk\/","title":{"rendered":"Tubos peque\u00f1os de vidrio de borosilicato de 10 ml, 15 ml y 20 ml con tapas met\u00e1licas (venta al por mayor)"},"content":{"rendered":"<p>Estos tubos de vidrio presentan un dise\u00f1o moderno que utiliza una construcci\u00f3n de tubo recto y vidrio de borosilicato de alta calidad para proporcionar una excelente transmisi\u00f3n de luz y protecci\u00f3n t\u00e9rmica. El tubo de vidrio cuenta con una conexi\u00f3n roscada est\u00e1ndar que sella el recipiente mediante una tapa de rosca met\u00e1lica plateada en la parte superior.<\/p>\n<h2>Caracter\u00edsticas del producto<\/h2>\n<ul>\n<li><strong>Dise\u00f1o sencillo de tubo recto:<\/strong> Su cl\u00e1sica apariencia de tubo recto desprende un sofisticado estilo de laboratorio.<\/li>\n<li><strong>Vidrio de borosilicato de alta transparencia:<\/strong> Los tubos fabricados con vidrio de borosilicato de alta transparencia y sin plomo demuestran una gran durabilidad y una apariencia transparente que protege contra el choque t\u00e9rmico.<\/li>\n<li><strong>Varios tama\u00f1os disponibles:<\/strong> Las tres capacidades exactas (10 ml, 15 ml y 20 ml) comparten un di\u00e1metro com\u00fan que permite un muestreo y an\u00e1lisis organizados.<\/li>\n<\/ul>\n<h2 style=\"text-align: left;\">Especificaciones clave<\/h2>\n<table class=\"aligncenter\" style=\"border-collapse: collapse; width: 494.27pt;\" border=\"0\" width=\"659\" cellspacing=\"0\" cellpadding=\"0\">\n<tbody>\n<tr style=\"height: 13.50pt;\">\n<td style=\"height: 13.50pt; width: 138.75pt;\" width=\"185\" height=\"18\">Especificaci\u00f3n<\/td>\n<td style=\"width: 355.50pt;\" width=\"474\">Detalles<\/td>\n<\/tr>\n<tr style=\"height: 13.50pt;\">\n<td style=\"height: 13.50pt;\" height=\"18\">Dimensiones y capacidad<\/td>\n<td>10 ml: 3\u00d73 cm, 15 ml: 3\u00d74 cm, 20 ml: 3\u00d75 cm<\/td>\n<\/tr>\n<tr style=\"height: 13.50pt;\">\n<td style=\"height: 13.50pt;\" height=\"18\">Material<\/td>\n<td>Vidrio de borosilicato de alta calidad, tapa met\u00e1lica.<\/td>\n<\/tr>\n<tr style=\"height: 13.50pt;\">\n<td style=\"height: 13.50pt;\" height=\"18\">Forma de tubo<\/td>\n<td>Cilindro de paredes rectas<\/td>\n<\/tr>\n<tr style=\"height: 13.50pt;\">\n<td style=\"height: 13.50pt;\" height=\"18\">Alcance de personalizaci\u00f3n<\/td>\n<td>Color, tapas, acabado, revestimiento interno, tama\u00f1o<\/td>\n<\/tr>\n<tr style=\"height: 13.50pt;\">\n<td style=\"height: 13.50pt;\" height=\"18\">Artesan\u00eda<\/td>\n<td>Tubos y corte de vidrio de precisi\u00f3n<\/td>\n<\/tr>\n<tr style=\"height: 13.50pt;\">\n<td style=\"height: 13.50pt;\" height=\"18\">Prop\u00f3sito del producto<\/td>\n<td>Tubos de vidrio de borosilicato, viales para aromaterapia y aceites esenciales.<\/td>\n<\/tr>\n<tr style=\"height: 13.50pt;\">\n<td style=\"height: 13.50pt;\" height=\"18\">Industrias adecuadas<\/td>\n<td>Laboratorios, Aromaterapia y Perfumer\u00eda, Productos Farmac\u00e9uticos<\/td>\n<\/tr>\n<\/tbody>\n<\/table>\n<h2>Caso de \u00e9xito: Pedido personalizado de un laboratorio de fragancias suizo.<\/h2>\n<p>Nuestros tubos de vidrio de 15 ml fueron elegidos por un prestigioso laboratorio suizo de investigaci\u00f3n de fragancias, que solicit\u00f3 una personalizaci\u00f3n espec\u00edfica de los tapones con revestimiento de PTFE y las graduaciones impresas. Los tubos dise\u00f1ados a medida tuvieron un rendimiento excepcional: las graduaciones precisas redujeron los errores de medici\u00f3n de la mezcla en un 0,5 %, y adem\u00e1s aumentaron su capacidad de procesamiento de muestras en un 40 %. Posteriormente, realizaron un nuevo pedido de 500 000 viales, necesarios para envasar sus nuevos sets de mezclas de fragancias junto con sus aceites esenciales concentrados.<\/p>\n<h2>Opciones de personalizaci\u00f3n<\/h2>\n<ul>\n<li>Tapones personalizados: Nuestra empresa ofrece a los clientes diversas opciones de tapones que incluyen revestimientos espec\u00edficos de silicona o caucho, as\u00ed como diferentes colores y caracter\u00edsticas de seguridad infantil o a prueba de manipulaciones.<\/li>\n<li>Capacidad: Los tubos de vidrio est\u00e1n disponibles en varias capacidades de 5 ml, 30 ml, 50 ml y 100 ml.<\/li>\n<li>Recubrimiento interior: El tubo de vidrio utiliza recubrimientos interiores especiales que lo protegen contra sustancias reactivas y adhesivas.<\/li>\n<\/ul>","protected":false},"excerpt":{"rendered":"<p>Tubos de vidrio de alta calidad con una resistente construcci\u00f3n de vidrio de borosilicato y tapas met\u00e1licas. El tubo de vidrio de borosilicato garantiza resistencia al calor. Env\u00edo r\u00e1pido a todo el mundo.<\/p>","protected":false},"featured_media":6382,"template":"","meta":{"postBodyCss":"","postBodyMargin":[],"postBodyPadding":[],"postBodyBackground":{"backgroundType":"classic","gradient":""}},"product_brand":[],"product_cat":[117,15,16],"product_tag":[],"class_list":{"0":"post-6379","1":"product","2":"type-product","3":"status-publish","4":"has-post-thumbnail","6":"product_cat-glass-tubes","7":"product_cat-glass-containers","8":"product_cat-glass-bottles","10":"first","11":"instock","12":"shipping-taxable","13":"product-type-simple"},"jetpack_sharing_enabled":true,"_links":{"self":[{"href":"https:\/\/minghanggroup.com\/es\/wp-json\/wp\/v2\/product\/6379","targetHints":{"allow":["GET"]}}],"collection":[{"href":"https:\/\/minghanggroup.com\/es\/wp-json\/wp\/v2\/product"}],"about":[{"href":"https:\/\/minghanggroup.com\/es\/wp-json\/wp\/v2\/types\/product"}],"wp:featuredmedia":[{"embeddable":true,"href":"https:\/\/minghanggroup.com\/es\/wp-json\/wp\/v2\/media\/6382"}],"wp:attachment":[{"href":"https:\/\/minghanggroup.com\/es\/wp-json\/wp\/v2\/media?parent=6379"}],"wp:term":[{"taxonomy":"product_brand","embeddable":true,"href":"https:\/\/minghanggroup.com\/es\/wp-json\/wp\/v2\/product_brand?post=6379"},{"taxonomy":"product_cat","embeddable":true,"href":"https:\/\/minghanggroup.com\/es\/wp-json\/wp\/v2\/product_cat?post=6379"},{"taxonomy":"product_tag","embeddable":true,"href":"https:\/\/minghanggroup.com\/es\/wp-json\/wp\/v2\/product_tag?post=6379"}],"curies":[{"name":"wp","href":"https:\/\/api.w.org\/{rel}","templated":true}]}}