{"id":6334,"date":"2026-04-14T15:13:03","date_gmt":"2026-04-14T07:13:03","guid":{"rendered":"https:\/\/minghanggroup.com\/?post_type=product&#038;p=6334"},"modified":"2026-04-14T15:13:05","modified_gmt":"2026-04-14T07:13:05","slug":"glass-mini-nail-polish-bottles-for-brands-bulk","status":"publish","type":"product","link":"https:\/\/minghanggroup.com\/es\/producto\/glass-mini-nail-polish-bottles-for-brands-bulk\/","title":{"rendered":"Frascos de vidrio para esmalte de u\u00f1as de 5 ml, 10 ml y 15 ml para marcas (venta al por mayor)"},"content":{"rendered":"<p>Los mini frascos de esmalte de u\u00f1as presentan un dise\u00f1o cl\u00e1sico que conserva su atractivo a la vez que ofrece gran practicidad. El frasco cuenta con paredes gruesas que protegen su contenido gracias a su resistente vidrio. Cada frasco incluye una tapa de rosca (disponible en negro o blanco) y un pincel aplicador integrado, que permite una aplicaci\u00f3n precisa y sencilla. Ofrecemos tres capacidades diferentes: 5 ml, 10 ml y 15 ml, para satisfacer sus diversas necesidades de envasado. Este envase multiusos es ideal para esmaltes de u\u00f1as, geles y lacas, y resulta pr\u00e1ctico tanto para marcas como para mayoristas.<\/p>\n<h2>Caracter\u00edsticas del producto<\/h2>\n<ul>\n<li><strong>Dise\u00f1o redondo y compacto:<\/strong> El dise\u00f1o incluye un peque\u00f1o cuerpo cil\u00edndrico que requiere poco espacio para su almacenamiento y transporte, lo que lo hace adecuado para viajes o envases de tama\u00f1o de prueba.<\/li>\n<li><strong>Aplicador de brocha incorporado:<\/strong> La punta de pincel que viene con el producto permite a los usuarios lograr una aplicaci\u00f3n uniforme al tiempo que aplican la cantidad correcta de color, lo que se traduce en un mejor rendimiento general.<\/li>\n<li><strong>Tap\u00f3n de rosca a prueba de fugas:<\/strong> El tap\u00f3n de rosca crea un cierre herm\u00e9tico que evita tanto la evaporaci\u00f3n como las fugas, manteniendo as\u00ed la calidad del producto.<\/li>\n<\/ul>\n<h2>Especificaciones clave<\/h2>\n<table style=\"border-collapse: collapse; width: 80%; margin-left: auto; margin-right: auto;\" border=\"0\" width=\"288\" cellspacing=\"0\" cellpadding=\"0\">\n<tbody>\n<tr style=\"height: 13.50pt;\">\n<td style=\"height: 13.5pt; width: 54pt; text-align: center;\" width=\"72\" height=\"18\">Capacidad (ml)<\/td>\n<td style=\"width: 54pt; text-align: center;\" width=\"72\">5<\/td>\n<td style=\"width: 54pt; text-align: center;\" width=\"72\">10<\/td>\n<td style=\"width: 54pt; text-align: center;\" width=\"72\">15<\/td>\n<\/tr>\n<tr style=\"height: 13.50pt;\">\n<td style=\"height: 13.5pt; text-align: center;\" height=\"18\">Dimensiones (cm)<\/td>\n<td style=\"text-align: center;\">2,3 x 5,5<\/td>\n<td style=\"text-align: center;\">2,8 x 6,8<\/td>\n<td style=\"text-align: center;\">3,3 x 7,8<\/td>\n<\/tr>\n<tr style=\"height: 13.50pt;\">\n<td style=\"height: 13.5pt; text-align: center;\" height=\"18\">Forma<\/td>\n<td class=\"et2\" style=\"text-align: center;\" colspan=\"3\">Redondo<\/td>\n<\/tr>\n<tr style=\"height: 13.50pt;\">\n<td style=\"height: 13.5pt; text-align: center;\" height=\"18\">Cierre<\/td>\n<td class=\"et2\" style=\"text-align: center;\" colspan=\"3\">Tap\u00f3n de rosca<\/td>\n<\/tr>\n<tr style=\"height: 13.50pt;\">\n<td style=\"height: 13.5pt; text-align: center;\" height=\"18\">Inclusiones<\/td>\n<td class=\"et2\" style=\"text-align: center;\" colspan=\"3\">Cepillo + Tapa<\/td>\n<\/tr>\n<\/tbody>\n<\/table>\n<h2>Historia de \u00e9xito<\/h2>\n<p>La marca de belleza italiana adquiri\u00f3 nuestros frascos de esmalte de u\u00f1as de 15 ml a trav\u00e9s de un distribuidor mayorista para el pr\u00f3ximo lanzamiento de su l\u00ednea de esmaltes de edici\u00f3n limitada, que constituir\u00e1 su primera nueva l\u00ednea de productos. El cliente utiliz\u00f3 serigraf\u00eda para estampar el logotipo de su marca en cada frasco y aplic\u00f3 etiquetas con c\u00f3digos de color que permitieron a los consumidores identificar los diferentes tonos de un vistazo.<\/p>\n<p>La nueva colecci\u00f3n experiment\u00f3 un aumento del 35 % en las ventas durante el primer trimestre posterior a su lanzamiento. El cliente realiz\u00f3 varios pedidos adicionales al por mayor que inclu\u00edan diversas gamas de colores para ampliar su cartera de productos existente.<\/p>\n<h2>Sugerencias de personalizaci\u00f3n<\/h2>\n<ol>\n<li><strong>Personalizaci\u00f3n del acabado de la tapa:<\/strong> Los clientes pueden elegir entre tapas negras y blancas, que vienen con tres opciones de acabado diferentes: brillante, mate, con recubrimiento UV y con efectos de goma, que mejoran las caracter\u00edsticas t\u00e1ctiles a la vez que combinan con el dise\u00f1o de su marca.<\/li>\n<li><strong>Opciones de decoraci\u00f3n del logotipo:<\/strong> El sistema admite m\u00faltiples m\u00e9todos de decoraci\u00f3n, entre los que se incluyen la serigraf\u00eda y el estampado en caliente con oro o plata, as\u00ed como el etiquetado para mostrar logotipos de marca y diferentes colores de producto.<\/li>\n<li><strong>Personalizaci\u00f3n del color de la botella:<\/strong> El producto ofrece vidrio transparente como opci\u00f3n b\u00e1sica, mientras que los clientes pueden elegir entre acabados personalizados que incluyen pintura en aerosol mate transl\u00facida y degradada, as\u00ed como opciones de recubrimiento de color s\u00f3lido que incluyen varios tonos de rosa y nude.<\/li>\n<\/ol>","protected":false},"excerpt":{"rendered":"<p>Crea tu propia marca de u\u00f1as con nuestros mini frascos de esmalte. Elige entre frascos de 5 ml, 10 ml o 15 ml con opciones de personalizaci\u00f3n y suministro directo de f\u00e1brica. \u00a1Solicita una muestra hoy mismo!<\/p>","protected":false},"featured_media":6377,"template":"","meta":{"postBodyCss":"","postBodyMargin":[],"postBodyPadding":[],"postBodyBackground":{"backgroundType":"classic","gradient":""}},"product_brand":[],"product_cat":[113,15,16],"product_tag":[],"class_list":{"0":"post-6334","1":"product","2":"type-product","3":"status-publish","4":"has-post-thumbnail","6":"product_cat-nail-polish-bottles","7":"product_cat-glass-containers","8":"product_cat-glass-bottles","10":"first","11":"instock","12":"shipping-taxable","13":"product-type-simple"},"jetpack_sharing_enabled":true,"_links":{"self":[{"href":"https:\/\/minghanggroup.com\/es\/wp-json\/wp\/v2\/product\/6334","targetHints":{"allow":["GET"]}}],"collection":[{"href":"https:\/\/minghanggroup.com\/es\/wp-json\/wp\/v2\/product"}],"about":[{"href":"https:\/\/minghanggroup.com\/es\/wp-json\/wp\/v2\/types\/product"}],"wp:featuredmedia":[{"embeddable":true,"href":"https:\/\/minghanggroup.com\/es\/wp-json\/wp\/v2\/media\/6377"}],"wp:attachment":[{"href":"https:\/\/minghanggroup.com\/es\/wp-json\/wp\/v2\/media?parent=6334"}],"wp:term":[{"taxonomy":"product_brand","embeddable":true,"href":"https:\/\/minghanggroup.com\/es\/wp-json\/wp\/v2\/product_brand?post=6334"},{"taxonomy":"product_cat","embeddable":true,"href":"https:\/\/minghanggroup.com\/es\/wp-json\/wp\/v2\/product_cat?post=6334"},{"taxonomy":"product_tag","embeddable":true,"href":"https:\/\/minghanggroup.com\/es\/wp-json\/wp\/v2\/product_tag?post=6334"}],"curies":[{"name":"wp","href":"https:\/\/api.w.org\/{rel}","templated":true}]}}