{"id":6257,"date":"2026-04-09T11:18:55","date_gmt":"2026-04-09T03:18:55","guid":{"rendered":"https:\/\/minghanggroup.com\/?post_type=product&#038;p=6257"},"modified":"2026-04-09T11:41:37","modified_gmt":"2026-04-09T03:41:37","slug":"personalized-liquor-bottles-with-mountain-base-bulk","status":"publish","type":"product","link":"https:\/\/minghanggroup.com\/es\/producto\/personalized-liquor-bottles-with-mountain-base-bulk\/","title":{"rendered":"Botellas de licor personalizadas de 250 ml y 500 ml con base de monta\u00f1a (venta al por mayor)"},"content":{"rendered":"<p>Las botellas de licor personalizadas presentan un cuerpo de vidrio cil\u00edndrico con facetas verticales. Fabricadas con vidrio ultratransparente de paredes gruesas, las botellas tienen una base con forma de monta\u00f1a.<\/p>\n<h2>Caracter\u00edsticas del producto<\/h2>\n<ul>\n<li><strong>Base de monta\u00f1a esculpida:<\/strong> La base de cristal presenta m\u00faltiples facetas que crean una poderosa presencia visual a la vez que proporcionan una estabilidad excepcional al dise\u00f1o.<\/li>\n<li><strong>Surco vertical en el centro:<\/strong> La botella cuenta con una profunda ranura vertical que permite a los usuarios sujetarla con seguridad, a la vez que mejora su aspecto visual y sus capacidades de refracci\u00f3n de la luz.<\/li>\n<li><strong>Cuerpo cil\u00edndrico grueso y cristalino:<\/strong> El cuerpo principal de la botella est\u00e1 fabricado con vidrio grueso y transparente, lo que permite apreciar completamente el color y la claridad del licor.<\/li>\n<\/ul>\n<h2 style=\"text-align: left;\">Especificaciones clave<\/h2>\n<table class=\"aligncenter\" style=\"border-collapse: collapse; width: 462.02pt;\" border=\"0\" width=\"616\" cellspacing=\"0\" cellpadding=\"0\">\n<tbody>\n<tr style=\"height: 13.50pt;\">\n<td style=\"height: 13.50pt; width: 117.75pt;\" width=\"157\" height=\"18\">Atributo<\/td>\n<td style=\"width: 344.25pt;\" width=\"459\">Detalles<\/td>\n<\/tr>\n<tr style=\"height: 13.50pt;\">\n<td style=\"height: 13.50pt;\" height=\"18\">Tama\u00f1o y capacidad<\/td>\n<td>7,2 \u00d7 15 cm (250 ml), 9 \u00d7 18,3 cm (500 ml)<\/td>\n<\/tr>\n<tr style=\"height: 13.50pt;\">\n<td style=\"height: 13.50pt;\" height=\"18\">Material<\/td>\n<td>Cristal grueso y transparente<\/td>\n<\/tr>\n<tr style=\"height: 13.50pt;\">\n<td style=\"height: 13.50pt;\" height=\"18\">Forma de la botella<\/td>\n<td>Cilindro<\/td>\n<\/tr>\n<tr style=\"height: 13.50pt;\">\n<td style=\"height: 13.50pt;\" height=\"18\">Gama de personalizaci\u00f3n<\/td>\n<td>Color, dise\u00f1o del corte de la base, tapas, tama\u00f1o<\/td>\n<\/tr>\n<tr style=\"height: 13.50pt;\">\n<td style=\"height: 13.50pt;\" height=\"18\">Uso principal<\/td>\n<td>Botellas de licor de lujo de alta gama, botellas de licor personalizadas<\/td>\n<\/tr>\n<tr style=\"height: 13.50pt;\">\n<td style=\"height: 13.50pt;\" height=\"18\">Industrias objetivo<\/td>\n<td>Marcas de licores de ultra alta gama, estuches de regalo de lujo<\/td>\n<\/tr>\n<\/tbody>\n<\/table>\n<h2>Caso de \u00e9xito: Pedido personalizado de una de las mejores marcas de whisky escoc\u00e9s.<\/h2>\n<p>Una destiler\u00eda escocesa seleccion\u00f3 nuestras elegantes botellas de licor de 500 ml, las cuales personaliz\u00f3 en un color exclusivo denominado \u00abazul glacial intenso\u00bb. El dise\u00f1o cre\u00f3 un elemento ic\u00f3nico gracias a la forma esculpida de la base. El whisky de edici\u00f3n limitada se agot\u00f3 en tan solo 72 horas. El peso de la botella y su excepcional artesan\u00eda justificaron su elevado precio, tres veces superior al de nuestros productos de lujo est\u00e1ndar. Tras el \u00e9xito de su pedido inicial, la empresa decidi\u00f3 adquirir 380\u00a0000 botellas adicionales para respaldar el lanzamiento de su nueva l\u00ednea \u00abCastle Strength\u00bb.<\/p>\n<h2>Sugerencias para personalizar botellas de licor elegantes<\/h2>\n<ul>\n<li>Dise\u00f1o de bases personalizadas: Se ofrece una amplia gama de opciones de dise\u00f1o de bases, que incluyen monta\u00f1as, diamantes, geodas, icebergs e incluso formas armoniosas dise\u00f1adas a medida.<\/li>\n<li>Adornos met\u00e1licos: Los componentes de vidrio y la base de la escultura reciben collares de metales preciosos, placas con nombres e incrustaciones de alambre como elementos decorativos.<\/li>\n<li>Opciones de tapa: La colecci\u00f3n incluye diversas opciones de tapas de alta calidad, entre las que se incluyen tapones de vidrio, combinaciones de tapones de madera y corcho, y dise\u00f1os con tapa de rosca met\u00e1lica.<\/li>\n<\/ul>","protected":false},"excerpt":{"rendered":"<p>Elegantes botellas de licor de cristal con base de monta\u00f1a y tap\u00f3n de cristal. Botellas personalizadas para el envasado de licores. Muestras gratuitas disponibles.<\/p>","protected":false},"featured_media":6267,"template":"","meta":{"postBodyCss":"","postBodyMargin":[],"postBodyPadding":[],"postBodyBackground":{"backgroundType":"classic","gradient":""}},"product_brand":[],"product_cat":[108,15,16],"product_tag":[],"class_list":{"0":"post-6257","1":"product","2":"type-product","3":"status-publish","4":"has-post-thumbnail","6":"product_cat-liquor-bottles","7":"product_cat-glass-containers","8":"product_cat-glass-bottles","10":"first","11":"instock","12":"shipping-taxable","13":"product-type-simple"},"jetpack_sharing_enabled":true,"_links":{"self":[{"href":"https:\/\/minghanggroup.com\/es\/wp-json\/wp\/v2\/product\/6257","targetHints":{"allow":["GET"]}}],"collection":[{"href":"https:\/\/minghanggroup.com\/es\/wp-json\/wp\/v2\/product"}],"about":[{"href":"https:\/\/minghanggroup.com\/es\/wp-json\/wp\/v2\/types\/product"}],"wp:featuredmedia":[{"embeddable":true,"href":"https:\/\/minghanggroup.com\/es\/wp-json\/wp\/v2\/media\/6267"}],"wp:attachment":[{"href":"https:\/\/minghanggroup.com\/es\/wp-json\/wp\/v2\/media?parent=6257"}],"wp:term":[{"taxonomy":"product_brand","embeddable":true,"href":"https:\/\/minghanggroup.com\/es\/wp-json\/wp\/v2\/product_brand?post=6257"},{"taxonomy":"product_cat","embeddable":true,"href":"https:\/\/minghanggroup.com\/es\/wp-json\/wp\/v2\/product_cat?post=6257"},{"taxonomy":"product_tag","embeddable":true,"href":"https:\/\/minghanggroup.com\/es\/wp-json\/wp\/v2\/product_tag?post=6257"}],"curies":[{"name":"wp","href":"https:\/\/api.w.org\/{rel}","templated":true}]}}