{"id":6251,"date":"2026-04-08T13:52:44","date_gmt":"2026-04-08T05:52:44","guid":{"rendered":"https:\/\/minghanggroup.com\/?post_type=product&#038;p=6251"},"modified":"2026-04-08T16:20:36","modified_gmt":"2026-04-08T08:20:36","slug":"square-small-liquor-bottles-with-cork-bulk","status":"publish","type":"product","link":"https:\/\/minghanggroup.com\/es\/producto\/square-small-liquor-bottles-with-cork-bulk\/","title":{"rendered":"Botellas peque\u00f1as cuadradas de licor de 100 ml con corcho (a granel)"},"content":{"rendered":"<p>Las peque\u00f1as botellas de licor tienen un dise\u00f1o compacto de forma rectangular redondeada, est\u00e1n fabricadas con vidrio de alta calidad y vienen en dos elegantes opciones: transparente y mate esmerilado. Los tapones son de corcho natural, lo que las hace ideales para muestras, botellas peque\u00f1as y botellas de tama\u00f1o viaje.<\/p>\n<h2>Caracter\u00edsticas del producto<\/h2>\n<ul>\n<li><strong>Cuerpo peque\u00f1o, cuadrado y redondeado:<\/strong> Su forma cuadrada cerrada con esquinas redondeadas garantiza que los usuarios puedan sujetar el objeto de forma segura, a la vez que mantiene una apariencia atractiva.<\/li>\n<li><strong>Tap\u00f3n de corcho natural:<\/strong> El corcho natural ofrece una soluci\u00f3n de sellado respetuosa con el medio ambiente que, adem\u00e1s, aporta una est\u00e9tica natural al producto.<\/li>\n<li><strong>Tama\u00f1o mini de 100 ml:<\/strong> Su peque\u00f1o tama\u00f1o resulta ideal para productos que necesitan ser degustados, servidos en porciones individuales, envasados \u200b\u200ben botellas de viaje o lanzados como art\u00edculos de edici\u00f3n especial.<\/li>\n<\/ul>\n<h2 style=\"text-align: left;\">Especificaciones clave<\/h2>\n<table class=\"aligncenter\" style=\"border-collapse: collapse; width: 400.52pt;\" border=\"0\" width=\"534\" cellspacing=\"0\" cellpadding=\"0\">\n<tbody>\n<tr style=\"height: 13.50pt;\">\n<td style=\"height: 13.50pt; width: 117.75pt;\" width=\"157\" height=\"18\">Atributo<\/td>\n<td style=\"width: 282.75pt;\" width=\"377\">Detalles<\/td>\n<\/tr>\n<tr style=\"height: 13.50pt;\">\n<td style=\"height: 13.50pt;\" height=\"18\">Tama\u00f1o y capacidad<\/td>\n<td>5\u00d712cm (100ml)<\/td>\n<\/tr>\n<tr style=\"height: 13.50pt;\">\n<td style=\"height: 13.50pt;\" height=\"18\">Material<\/td>\n<td>Vidrio transparente o esmerilado, corcho de madera natural<\/td>\n<\/tr>\n<tr style=\"height: 13.50pt;\">\n<td style=\"height: 13.50pt;\" height=\"18\">Forma de la botella<\/td>\n<td>Columna cuadrada con esquinas redondeadas<\/td>\n<\/tr>\n<tr style=\"height: 13.50pt;\">\n<td style=\"height: 13.50pt;\" height=\"18\">Gama de personalizaci\u00f3n<\/td>\n<td>Color, acabado, corcho, tama\u00f1o<\/td>\n<\/tr>\n<tr style=\"height: 13.50pt;\">\n<td style=\"height: 13.50pt;\" height=\"18\">Artesan\u00eda<\/td>\n<td>Moldeo de vidrio, aplicaci\u00f3n de acabado<\/td>\n<\/tr>\n<tr style=\"height: 13.50pt;\">\n<td style=\"height: 13.50pt;\" height=\"18\">Uso principal<\/td>\n<td>Botellas peque\u00f1as de licor, muestras de botellas de licor<\/td>\n<\/tr>\n<tr style=\"height: 13.50pt;\">\n<td style=\"height: 13.50pt;\" height=\"18\">Industrias objetivo<\/td>\n<td>Destiler\u00edas artesanales, cajas de suscripci\u00f3n<\/td>\n<\/tr>\n<\/tbody>\n<\/table>\n<h2>Historia de \u00e9xito: Un pedido personalizado de una caja de suscripci\u00f3n nacional de licores artesanales.<\/h2>\n<p>Un servicio estadounidense de suscripci\u00f3n de licores artesanales seleccion\u00f3 nuestras peque\u00f1as botellas cuadradas esmeriladas y las personaliz\u00f3 con un tap\u00f3n de corcho sellado con cera y un cuerpo de vidriera. Los resultados fueron asombrosos: el dise\u00f1o \u00fanico de la botella cuadrada aument\u00f3 en un 400 % las veces que los miembros compartieron sus experiencias de desempaquetado en redes sociales, y el dise\u00f1o personalizado les ayud\u00f3 a establecer alianzas con 50 nuevas cervecer\u00edas artesanales. Tras este \u00e9xito inicial, la empresa realiz\u00f3 un pedido adicional de 480 000 botellas.<\/p>\n<h2>Opciones de personalizaci\u00f3n de botellas peque\u00f1as de licor<\/h2>\n<ul>\n<li>Colores y tonalidades del vidrio: El producto est\u00e1 disponible en cuatro opciones de vidrio: \u00e1mbar, verde, azul y ahumado. Tambi\u00e9n ofrece dos opciones de vidrio: transparente y esmerilado.<\/li>\n<li>Tipos de corcho: El sistema ofrece cuatro opciones de corcho, que incluyen corcho natural, corcho de color, corcho sint\u00e9tico y corcho impregnado de cera, junto con opciones para imprimir logotipos.<\/li>\n<li>Adornos de cuero o cuerda: Los clientes pueden optar por a\u00f1adir una correa de cuero o un adorno de cuerda al cuello de la botella junto con un dise\u00f1o de etiqueta para crear una apariencia r\u00fastica en el regalo.<\/li>\n<\/ul>","protected":false},"excerpt":{"rendered":"<p>Botellas peque\u00f1as de licor de 100 ml con vidrio transparente y esmerilado. Botellas peque\u00f1as con tap\u00f3n de corcho para licores o aceites. Muestras gratuitas disponibles.<\/p>","protected":false},"featured_media":6253,"template":"","meta":{"postBodyCss":"","postBodyMargin":[],"postBodyPadding":[],"postBodyBackground":{"backgroundType":"classic","gradient":""}},"product_brand":[],"product_cat":[108,15,16],"product_tag":[],"class_list":{"0":"post-6251","1":"product","2":"type-product","3":"status-publish","4":"has-post-thumbnail","6":"product_cat-liquor-bottles","7":"product_cat-glass-containers","8":"product_cat-glass-bottles","10":"first","11":"instock","12":"shipping-taxable","13":"product-type-simple"},"jetpack_sharing_enabled":true,"_links":{"self":[{"href":"https:\/\/minghanggroup.com\/es\/wp-json\/wp\/v2\/product\/6251","targetHints":{"allow":["GET"]}}],"collection":[{"href":"https:\/\/minghanggroup.com\/es\/wp-json\/wp\/v2\/product"}],"about":[{"href":"https:\/\/minghanggroup.com\/es\/wp-json\/wp\/v2\/types\/product"}],"wp:featuredmedia":[{"embeddable":true,"href":"https:\/\/minghanggroup.com\/es\/wp-json\/wp\/v2\/media\/6253"}],"wp:attachment":[{"href":"https:\/\/minghanggroup.com\/es\/wp-json\/wp\/v2\/media?parent=6251"}],"wp:term":[{"taxonomy":"product_brand","embeddable":true,"href":"https:\/\/minghanggroup.com\/es\/wp-json\/wp\/v2\/product_brand?post=6251"},{"taxonomy":"product_cat","embeddable":true,"href":"https:\/\/minghanggroup.com\/es\/wp-json\/wp\/v2\/product_cat?post=6251"},{"taxonomy":"product_tag","embeddable":true,"href":"https:\/\/minghanggroup.com\/es\/wp-json\/wp\/v2\/product_tag?post=6251"}],"curies":[{"name":"wp","href":"https:\/\/api.w.org\/{rel}","templated":true}]}}