{"id":6240,"date":"2026-04-08T09:10:27","date_gmt":"2026-04-08T01:10:27","guid":{"rendered":"https:\/\/minghanggroup.com\/?post_type=product&#038;p=6240"},"modified":"2026-04-08T13:03:36","modified_gmt":"2026-04-08T05:03:36","slug":"empty-liquor-bottle-glassware-with-gold-lids-bulk","status":"publish","type":"product","link":"https:\/\/minghanggroup.com\/es\/producto\/empty-liquor-bottle-glassware-with-gold-lids-bulk\/","title":{"rendered":"Botellas de licor vac\u00edas de 500 ml con tapas doradas (venta al por mayor)"},"content":{"rendered":"<p>La cristaler\u00eda para botellas de licor presenta un dise\u00f1o tradicional en forma de l\u00e1grima o con forma de cintura, elaborada con vidrio ultratransparente de alta calidad. El producto incluye un tap\u00f3n dorado. Est\u00e1 disponible en dise\u00f1os decorativos sencillos y elaborados.<\/p>\n<h2>Caracter\u00edsticas del producto<\/h2>\n<ul>\n<li><strong>Dise\u00f1o cl\u00e1sico de botella con cintura estrecha:<\/strong> Su elegante forma de l\u00e1grima, con la cintura estrecha, exhibe curvas gr\u00e1ciles que reflejan las tradiciones establecidas en el dise\u00f1o de envases para bebidas espirituosas.<\/li>\n<li><strong>Material de vidrio de alta claridad:<\/strong> El material consiste en vidrio incoloro de alta claridad que permite apreciar completamente el color de la bebida gracias a sus propiedades transparentes.<\/li>\n<li><strong>Opciones de tapas de oro de lujo:<\/strong> Puedes elegir entre una tapa dorada con un elaborado relieve o una sencilla tapa dorada plana para representar la identidad de tu marca.<\/li>\n<\/ul>\n<h2 style=\"text-align: left;\">Especificaciones clave<\/h2>\n<table class=\"aligncenter\" style=\"border-collapse: collapse; width: 400.52pt;\" border=\"0\" width=\"534\" cellspacing=\"0\" cellpadding=\"0\">\n<tbody>\n<tr style=\"height: 13.50pt;\">\n<td style=\"height: 13.50pt; width: 117.75pt;\" width=\"157\" height=\"18\">Atributo<\/td>\n<td style=\"width: 282.75pt;\" width=\"377\">Detalles<\/td>\n<\/tr>\n<tr style=\"height: 13.50pt;\">\n<td style=\"height: 13.50pt;\" height=\"18\">Tama\u00f1o y capacidad<\/td>\n<td>Dos variantes de 500 ml: 7,1 \u00d7 27,3 cm y 6,7 \u00d7 25,7 cm.<\/td>\n<\/tr>\n<tr style=\"height: 13.50pt;\">\n<td style=\"height: 13.50pt;\" height=\"18\">Material<\/td>\n<td>Vidrio transparente<\/td>\n<\/tr>\n<tr style=\"height: 13.50pt;\">\n<td style=\"height: 13.50pt;\" height=\"18\">Forma de la botella<\/td>\n<td>l\u00e1grima de cintura<\/td>\n<\/tr>\n<tr style=\"height: 13.50pt;\">\n<td style=\"height: 13.50pt;\" height=\"18\">Gama de personalizaci\u00f3n<\/td>\n<td>Color, acabado, tama\u00f1o de las tapas<\/td>\n<\/tr>\n<tr style=\"height: 13.50pt;\">\n<td style=\"height: 13.50pt;\" height=\"18\">Uso principal<\/td>\n<td>Botellas de licor vac\u00edas al por mayor, botellas de licor<\/td>\n<\/tr>\n<tr style=\"height: 13.50pt;\">\n<td style=\"height: 13.50pt;\" height=\"18\">Industrias objetivo<\/td>\n<td>Destiler\u00edas artesanales, marcas de licores premium<\/td>\n<\/tr>\n<\/tbody>\n<\/table>\n<h2>Caso de \u00e9xito: Lanzamiento global de una marca de bebidas espirituosas asi\u00e1ticas.<\/h2>\n<p>Nuestra empresa suministr\u00f3 a la marca asi\u00e1tica de licores botellas de 500 ml de vidrio, las cuales personalizaron con un dise\u00f1o de drag\u00f3n en relieve y un tap\u00f3n dorado. La forma cl\u00e1sica de la botella aument\u00f3 el reconocimiento de la marca en los estantes y el prestigio en un 60%, mientras que el tap\u00f3n dorado de alta calidad increment\u00f3 el precio de cada botella en 20 d\u00f3lares. La marca obtuvo un gran \u00e9xito, ya que encarg\u00f3 500\u00a0000 botellas adicionales para el lanzamiento de sus nuevos licores con sabor y art\u00edculos especiales de colecci\u00f3n.<\/p>\n<h2>Opciones de personalizaci\u00f3n al por mayor de botellas de licor vac\u00edas<\/h2>\n<ul>\n<li>Dise\u00f1o y acabado de la tapa: El producto ofrece tres opciones de acabado que incluyen oro, plata y cobre para tapas lisas, onduladas y finamente grabadas.<\/li>\n<li>Relieve\/Grabado en relieve: El hombro y la base de la botella permiten a\u00f1adir detalles de dise\u00f1o, como m\u00faltiples patrones, logotipos y motivos culturales.<\/li>\n<li>Medidas a prueba de manipulaciones: El producto ofrece envoltura retr\u00e1ctil personalizada, sellos de cera y tapas fr\u00e1giles como medidas de seguridad para la protecci\u00f3n del producto.<\/li>\n<\/ul>","protected":false},"excerpt":{"rendered":"<p>Botellas de licor vac\u00edas al por mayor con elegante forma de l\u00e1grima y tapones dorados. Cristaler\u00eda ideal para licores. Se admiten opciones de personalizaci\u00f3n de marca.<\/p>","protected":false},"featured_media":6245,"template":"","meta":{"postBodyCss":"","postBodyMargin":[],"postBodyPadding":[],"postBodyBackground":{"backgroundType":"classic","gradient":""}},"product_brand":[],"product_cat":[108,15,16],"product_tag":[],"class_list":{"0":"post-6240","1":"product","2":"type-product","3":"status-publish","4":"has-post-thumbnail","6":"product_cat-liquor-bottles","7":"product_cat-glass-containers","8":"product_cat-glass-bottles","10":"first","11":"instock","12":"shipping-taxable","13":"product-type-simple"},"jetpack_sharing_enabled":true,"_links":{"self":[{"href":"https:\/\/minghanggroup.com\/es\/wp-json\/wp\/v2\/product\/6240","targetHints":{"allow":["GET"]}}],"collection":[{"href":"https:\/\/minghanggroup.com\/es\/wp-json\/wp\/v2\/product"}],"about":[{"href":"https:\/\/minghanggroup.com\/es\/wp-json\/wp\/v2\/types\/product"}],"wp:featuredmedia":[{"embeddable":true,"href":"https:\/\/minghanggroup.com\/es\/wp-json\/wp\/v2\/media\/6245"}],"wp:attachment":[{"href":"https:\/\/minghanggroup.com\/es\/wp-json\/wp\/v2\/media?parent=6240"}],"wp:term":[{"taxonomy":"product_brand","embeddable":true,"href":"https:\/\/minghanggroup.com\/es\/wp-json\/wp\/v2\/product_brand?post=6240"},{"taxonomy":"product_cat","embeddable":true,"href":"https:\/\/minghanggroup.com\/es\/wp-json\/wp\/v2\/product_cat?post=6240"},{"taxonomy":"product_tag","embeddable":true,"href":"https:\/\/minghanggroup.com\/es\/wp-json\/wp\/v2\/product_tag?post=6240"}],"curies":[{"name":"wp","href":"https:\/\/api.w.org\/{rel}","templated":true}]}}