{"id":6223,"date":"2026-04-07T13:40:10","date_gmt":"2026-04-07T05:40:10","guid":{"rendered":"https:\/\/minghanggroup.com\/?post_type=product&#038;p=6223"},"modified":"2026-04-07T13:40:11","modified_gmt":"2026-04-07T05:40:11","slug":"clear-liquor-bottles-with-glass-stopper-bulk","status":"publish","type":"product","link":"https:\/\/minghanggroup.com\/es\/producto\/clear-liquor-bottles-with-glass-stopper-bulk\/","title":{"rendered":"Botellas de licor transparentes de 100 ml a 1000 ml con tap\u00f3n de vidrio (venta al por mayor)"},"content":{"rendered":"<p>El dise\u00f1o de nuestras botellas de licor transparentes presenta una forma robusta que se extiende hasta un cuello alto y delgado. Su borde plano permite una conexi\u00f3n perfecta con el tap\u00f3n de vidrio incluido. Este dise\u00f1o realzar\u00e1 el valor de su producto, ya que utiliza vidrio de alta transparencia para mostrar el color dorado del whisky premium o su acabado esmerilado para crear una profundidad misteriosa.<\/p>\n<h2>Caracter\u00edsticas del producto<\/h2>\n<ul>\n<li><strong>Forma compacta y redondeada:<\/strong> Esta botella presenta una forma muy distintiva, &#034;redondeada y regordeta&#034;, con l\u00edneas elegantes y proporciones adecuadas que, en conjunto, dan como resultado una apariencia muy agradable y encantadora.<\/li>\n<li><strong>Calidad de materiales de alta gama:<\/strong> Fabricadas con vidrio de primera calidad, estas botellas ofrecen una considerable resistencia a la rotura, incluso cuando se someten a un manejo brusco durante las entregas de larga distancia.<\/li>\n<li><strong>Sello de vidrio a prueba de fugas:<\/strong> La zona del cuello de la botella est\u00e1 equipada con un borde plano que garantiza un ajuste ideal y uniforme con los tapones o tapas de vidrio, lo que la hace perfecta para preservar la frescura y el sabor originales de sus licores sin fugas.<\/li>\n<\/ul>\n<h2>Especificaciones clave<\/h2>\n<table style=\"border-collapse: collapse; width: 80%; margin-left: auto; margin-right: auto;\" border=\"0\" width=\"144\" cellspacing=\"0\" cellpadding=\"0\">\n<tbody>\n<tr style=\"height: 13.50pt;\">\n<td style=\"height: 13.5pt; width: 54pt; text-align: center;\" width=\"72\" height=\"18\">Caracter\u00edstica<\/td>\n<td style=\"width: 54pt; text-align: center;\" width=\"72\">Detalles<\/td>\n<\/tr>\n<tr style=\"height: 13.50pt;\">\n<td style=\"height: 13.5pt; text-align: center;\" height=\"18\">Capacidad (ml)<\/td>\n<td style=\"text-align: center;\">100 250 500 1000<\/td>\n<\/tr>\n<tr style=\"height: 13.50pt;\">\n<td style=\"height: 13.5pt; text-align: center;\" height=\"18\">Acabado del m\u00e1stil<\/td>\n<td style=\"text-align: center;\">Boca plana (para tap\u00f3n de corcho\/corcho de vidrio)<\/td>\n<\/tr>\n<tr style=\"height: 13.50pt;\">\n<td style=\"height: 13.5pt; text-align: center;\" height=\"18\">Solicitud<\/td>\n<td style=\"text-align: center;\">Licores, bebidas espirituosas, vino, aceite de oliva<\/td>\n<\/tr>\n<tr style=\"height: 13.50pt;\">\n<td style=\"height: 13.5pt; text-align: center;\" height=\"18\">Manipulaci\u00f3n de superficies<\/td>\n<td style=\"text-align: center;\">Pulido, Esmerilado, Calcoman\u00eda, Etiquetado<\/td>\n<\/tr>\n<\/tbody>\n<\/table>\n<h2>Historia de \u00e9xito<\/h2>\n<p>Iniciamos una nueva colaboraci\u00f3n con una destiler\u00eda australiana de whisky, una destiler\u00eda boutique. La empresa seleccion\u00f3 nuestra botella de licor de 375 ml como soluci\u00f3n de envasado. El cliente opt\u00f3 por un envase personalizado para realzar el valor del whisky, ya que deseaba mostrar la calidad de su bebida con una botella de vidrio transparente. La empresa utiliz\u00f3 serigraf\u00eda para crear un logotipo con efecto esmerilado que se exhibi\u00f3 como una textura en relieve en la botella. La empresa logr\u00f3 un aumento del 40 % en las ventas durante sus primeros tres meses de operaci\u00f3n. Tres meses despu\u00e9s, realiz\u00f3 un pedido grande para abastecerse para la pr\u00f3xima temporada navide\u00f1a.<\/p>\n<h2>Consejos de personalizaci\u00f3n<\/h2>\n<ol>\n<li><strong>Fabricaci\u00f3n de botellas:<\/strong> Se puede esmerilar el vidrio (para obtener un efecto mate), serigrafiar (si se desea colocar el logotipo de la empresa o un dise\u00f1o) o incluso estampar en caliente con l\u00e1mina de oro o plata para quienes buscan un toque de lujo. Adem\u00e1s, el barniz UV selectivo es ideal para resaltar ciertas partes del dise\u00f1o y, por lo tanto, aumentar el reconocimiento de la marca de la botella.<\/li>\n<li><strong>Etiquetas y embalaje:<\/strong> Puedes utilizar etiquetas personalizadas (de papel o PVC impermeable), cajas de regalo (para una o varias botellas), cordones ajustables o sellos de cera para crear una experiencia de marca completa, de adentro hacia afuera, lo que hace que el producto sea especialmente adecuado para el mercado de regalos.<\/li>\n<li><strong>T\u00e9cnicas decorativas especiales:<\/strong> Por ejemplo, se puede grabar un patr\u00f3n de marca casi invisible en la base de la botella o utilizar una textura antideslizante en el cuerpo (para mejorar el manejo), de modo que incluso los peque\u00f1os detalles sirvan como factor diferenciador.<\/li>\n<\/ol>","protected":false},"excerpt":{"rendered":"<p>Botellas de licor transparentes con forma redondeada y tap\u00f3n de vidrio. Perfectas para licores, nuestra botella de 375 ml es ideal para promocionar su marca. Env\u00edo r\u00e1pido.<\/p>","protected":false},"featured_media":6231,"template":"","meta":{"postBodyCss":"","postBodyMargin":[],"postBodyPadding":[],"postBodyBackground":{"backgroundType":"classic","gradient":""}},"product_brand":[],"product_cat":[15,108,16],"product_tag":[],"class_list":{"0":"post-6223","1":"product","2":"type-product","3":"status-publish","4":"has-post-thumbnail","6":"product_cat-glass-containers","7":"product_cat-liquor-bottles","8":"product_cat-glass-bottles","10":"first","11":"instock","12":"shipping-taxable","13":"product-type-simple"},"jetpack_sharing_enabled":true,"_links":{"self":[{"href":"https:\/\/minghanggroup.com\/es\/wp-json\/wp\/v2\/product\/6223","targetHints":{"allow":["GET"]}}],"collection":[{"href":"https:\/\/minghanggroup.com\/es\/wp-json\/wp\/v2\/product"}],"about":[{"href":"https:\/\/minghanggroup.com\/es\/wp-json\/wp\/v2\/types\/product"}],"wp:featuredmedia":[{"embeddable":true,"href":"https:\/\/minghanggroup.com\/es\/wp-json\/wp\/v2\/media\/6231"}],"wp:attachment":[{"href":"https:\/\/minghanggroup.com\/es\/wp-json\/wp\/v2\/media?parent=6223"}],"wp:term":[{"taxonomy":"product_brand","embeddable":true,"href":"https:\/\/minghanggroup.com\/es\/wp-json\/wp\/v2\/product_brand?post=6223"},{"taxonomy":"product_cat","embeddable":true,"href":"https:\/\/minghanggroup.com\/es\/wp-json\/wp\/v2\/product_cat?post=6223"},{"taxonomy":"product_tag","embeddable":true,"href":"https:\/\/minghanggroup.com\/es\/wp-json\/wp\/v2\/product_tag?post=6223"}],"curies":[{"name":"wp","href":"https:\/\/api.w.org\/{rel}","templated":true}]}}