{"id":6218,"date":"2026-04-07T10:57:04","date_gmt":"2026-04-07T02:57:04","guid":{"rendered":"https:\/\/minghanggroup.com\/?post_type=product&#038;p=6218"},"modified":"2026-04-07T10:57:06","modified_gmt":"2026-04-07T02:57:06","slug":"custom-glass-liquor-bottles-with-lids-for-packaging-bulk","status":"publish","type":"product","link":"https:\/\/minghanggroup.com\/es\/producto\/custom-glass-liquor-bottles-with-lids-for-packaging-bulk\/","title":{"rendered":"Botellas de vidrio personalizadas para licores de 100 ml a 1000 ml con tapa para envasado a granel."},"content":{"rendered":"<p>Las botellas de licor de vidrio exhiben su s\u00f3lida construcci\u00f3n a trav\u00e9s de su dise\u00f1o que combina una forma cil\u00edndrica suave con un cuello estrecho para crear un atractivo est\u00e9tico duradero que resulta atractivo para los clientes modernos. Puede elegir entre acabados transparentes y esmerilados que le ayudar\u00e1n a crear la identidad de marca deseada. Las botellas de licor personalizadas vienen con tapones de rosca o planos de madera o aluminio, lo que garantiza un cierre seguro en cada vertido. Los productos vienen en varios tama\u00f1os que van desde 100 ml hasta 1000 ml, lo que los hace adecuados para almacenar whisky, vodka y otros tipos de licores. Nuestras botellas ofrecen calidad y m\u00faltiples usos para destiler\u00edas que necesitan introducir nuevos productos y para comerciantes que necesitan comprar grandes cantidades.<\/p>\n<h2>Caracter\u00edsticas del producto<\/h2>\n<ul>\n<li><strong>Acabado de primera calidad:<\/strong> Ofrecer acabados transparentes y arenados permite a las marcas tener un mayor atractivo visual y consolidar su identidad.<\/li>\n<li><strong>Cierre seguro:<\/strong> El almacenamiento a prueba de fugas est\u00e1 garantizado con tapas de rosca y planas combinadas con tapas de madera o aluminio.<\/li>\n<li><strong>Dise\u00f1o de base engrosada:<\/strong> Una base reforzada no solo contribuye a que el producto sea m\u00e1s pesado y estable, sino que tambi\u00e9n ayuda a realzar su presencia en el lineal y a transmitir la idea de alta calidad.<\/li>\n<\/ul>\n<h2>Especificaciones clave<\/h2>\n<table style=\"border-collapse: collapse; width: 80%; margin-left: auto; margin-right: auto;\" border=\"0\" width=\"144\" cellspacing=\"0\" cellpadding=\"0\">\n<tbody>\n<tr style=\"height: 13.50pt;\">\n<td style=\"height: 13.5pt; width: 54pt; text-align: center;\" width=\"72\" height=\"18\">Categor\u00eda<\/td>\n<td style=\"width: 54pt; text-align: center;\" width=\"72\">Detalles<\/td>\n<\/tr>\n<tr style=\"height: 13.50pt;\">\n<td style=\"height: 13.5pt; text-align: center;\" height=\"18\">Capacidades<\/td>\n<td style=\"text-align: center;\">100, 200, 375, 500, 750, 1000 ml<\/td>\n<\/tr>\n<tr style=\"height: 13.50pt;\">\n<td style=\"height: 13.5pt; text-align: center;\" height=\"18\">Acabado de vidrio<\/td>\n<td style=\"text-align: center;\">Transparente, esmerilado<\/td>\n<\/tr>\n<tr style=\"height: 13.50pt;\">\n<td style=\"height: 13.5pt; text-align: center;\" height=\"18\">Tipo de cuello<\/td>\n<td style=\"text-align: center;\">Delgado, cil\u00edndrico<\/td>\n<\/tr>\n<tr style=\"height: 13.50pt;\">\n<td style=\"height: 13.5pt; text-align: center;\" height=\"18\">Opciones de tapa<\/td>\n<td style=\"text-align: center;\">Tap\u00f3n de rosca, tapa plana<\/td>\n<\/tr>\n<tr style=\"height: 13.50pt;\">\n<td style=\"height: 13.5pt; text-align: center;\" height=\"18\">Materiales de la tapa<\/td>\n<td style=\"text-align: center;\">Madera, aluminio<\/td>\n<\/tr>\n<tr style=\"height: 13.50pt;\">\n<td style=\"height: 13.5pt; text-align: center;\" height=\"18\">Casos de uso<\/td>\n<td style=\"text-align: center;\">Whisky, vodka, ron, licores artesanales<\/td>\n<\/tr>\n<\/tbody>\n<\/table>\n<h2>Historia de \u00e9xito<\/h2>\n<p>Una marca italiana de licores de alta gama se preparaba para lanzar una nueva l\u00ednea de licores artesanales. Tras una evaluaci\u00f3n comparativa, eligieron nuestras botellas de licor de vidrio esmerilado de 750 ml. El cliente opt\u00f3 por un tap\u00f3n de corcho con detalles de madera natural y requiri\u00f3 un tap\u00f3n interior a medida para garantizar un sellado \u00f3ptimo durante el env\u00edo. Combinamos la serigraf\u00eda con t\u00e9cnicas de relieve para crear un dise\u00f1o visual sofisticado con una est\u00e9tica minimalista.<\/p>\n<p>El producto logr\u00f3 un impresionante crecimiento de ventas del 35 % en sus dos primeros trimestres tras su lanzamiento al mercado. El cliente realiz\u00f3 pedidos adicionales debido a la buena acogida por parte de los distribuidores y a la continua demanda de los clientes.<\/p>\n<h2>Consejos de personalizaci\u00f3n<\/h2>\n<ol>\n<li><strong>Personalizaci\u00f3n del cierre:<\/strong> Puede elegir entre tres opciones de cierre, que incluyen corcho con tap\u00f3n sint\u00e9tico de madera y tapa de rosca de aluminio. Los usuarios pueden personalizar tanto la forma como el color de la tapa.<\/li>\n<li><strong>Logotipo y decoraci\u00f3n:<\/strong> La personalizaci\u00f3n de la marca se puede lograr mediante serigraf\u00eda, estampado en caliente, relieve\/bajorrelieve y etiquetado con calcoman\u00edas, lo que crea m\u00faltiples capas de efectos visuales.<\/li>\n<li><strong>Variaciones de capacidad:<\/strong> La empresa ofrece varias opciones de tama\u00f1o de botella, que incluyen 200 ml, 375 ml, 500 ml y 700 ml, tanto para estuches de regalo como para diversos canales de venta.<\/li>\n<\/ol>","protected":false},"excerpt":{"rendered":"<p>Botellas de vidrio para licores con acabado transparente o esmerilado. Ideales para envasar bebidas espirituosas. Botellas personalizadas con suministro directo de f\u00e1brica, muestras gratuitas y pedidos al por mayor.<\/p>","protected":false},"featured_media":6222,"template":"","meta":{"postBodyCss":"","postBodyMargin":[],"postBodyPadding":[],"postBodyBackground":{"backgroundType":"classic","gradient":""}},"product_brand":[],"product_cat":[108,15,16],"product_tag":[],"class_list":{"0":"post-6218","1":"product","2":"type-product","3":"status-publish","4":"has-post-thumbnail","6":"product_cat-liquor-bottles","7":"product_cat-glass-containers","8":"product_cat-glass-bottles","10":"first","11":"instock","12":"shipping-taxable","13":"product-type-simple"},"jetpack_sharing_enabled":true,"_links":{"self":[{"href":"https:\/\/minghanggroup.com\/es\/wp-json\/wp\/v2\/product\/6218","targetHints":{"allow":["GET"]}}],"collection":[{"href":"https:\/\/minghanggroup.com\/es\/wp-json\/wp\/v2\/product"}],"about":[{"href":"https:\/\/minghanggroup.com\/es\/wp-json\/wp\/v2\/types\/product"}],"wp:featuredmedia":[{"embeddable":true,"href":"https:\/\/minghanggroup.com\/es\/wp-json\/wp\/v2\/media\/6222"}],"wp:attachment":[{"href":"https:\/\/minghanggroup.com\/es\/wp-json\/wp\/v2\/media?parent=6218"}],"wp:term":[{"taxonomy":"product_brand","embeddable":true,"href":"https:\/\/minghanggroup.com\/es\/wp-json\/wp\/v2\/product_brand?post=6218"},{"taxonomy":"product_cat","embeddable":true,"href":"https:\/\/minghanggroup.com\/es\/wp-json\/wp\/v2\/product_cat?post=6218"},{"taxonomy":"product_tag","embeddable":true,"href":"https:\/\/minghanggroup.com\/es\/wp-json\/wp\/v2\/product_tag?post=6218"}],"curies":[{"name":"wp","href":"https:\/\/api.w.org\/{rel}","templated":true}]}}