{"id":6216,"date":"2026-04-07T09:09:06","date_gmt":"2026-04-07T01:09:06","guid":{"rendered":"https:\/\/minghanggroup.com\/?post_type=product&#038;p=6216"},"modified":"2026-04-07T16:38:05","modified_gmt":"2026-04-07T08:38:05","slug":"square-empty-liquor-bottles-wholesale","status":"publish","type":"product","link":"https:\/\/minghanggroup.com\/es\/producto\/square-empty-liquor-bottles-wholesale\/","title":{"rendered":"Botellas de licor cuadradas vac\u00edas de 250 ml y 500 ml al por mayor"},"content":{"rendered":"<p>Las botellas de licor vac\u00edas presentan un moderno dise\u00f1o cuadrado con vidrio ultratransparente. Est\u00e1n disponibles en dos tama\u00f1os e incluyen un tap\u00f3n de vidrio transparente a juego.<\/p>\n<h2>Caracter\u00edsticas del producto<\/h2>\n<ul>\n<li><strong>Dise\u00f1o de columna cuadrada:<\/strong> El elemento de dise\u00f1o presenta una forma cuadrada con esquinas redondeadas que proporciona resistencia y permite un f\u00e1cil manejo, al tiempo que presenta un dise\u00f1o contempor\u00e1neo que sigue principios minimalistas.<\/li>\n<li><strong>Vidrio grueso:<\/strong> La botella de vidrio contiene vidrio grueso que proporciona una alta visibilidad para ver la bebida en su interior, al tiempo que mantiene su alta calidad y resistencia duradera.<\/li>\n<li><strong>Varios tama\u00f1os disponibles:<\/strong> El producto ofrece dos opciones de tama\u00f1o distintas que permiten a los usuarios elegir entre diferentes capacidades de reenvasado de vino.<\/li>\n<\/ul>\n<h2 style=\"text-align: left;\">Especificaciones clave<\/h2>\n<table class=\"aligncenter\" style=\"border-collapse: collapse; width: 384.77pt;\" border=\"0\" width=\"513\" cellspacing=\"0\" cellpadding=\"0\">\n<tbody>\n<tr style=\"height: 13.50pt;\">\n<td style=\"height: 13.50pt; width: 142.50pt;\" width=\"190\" height=\"18\">Especificaci\u00f3n<\/td>\n<td style=\"width: 242.25pt;\" width=\"323\">Detalles<\/td>\n<\/tr>\n<tr style=\"height: 13.50pt;\">\n<td style=\"height: 13.50pt;\" height=\"18\">Dimensiones y capacidad<\/td>\n<td>250 ml: 7,5 \u00d7 12 cm, 500 ml: 9,4 \u00d7 14,3 cm<\/td>\n<\/tr>\n<tr style=\"height: 13.50pt;\">\n<td style=\"height: 13.50pt;\" height=\"18\">Material<\/td>\n<td>Vidrio transparente de paredes gruesas<\/td>\n<\/tr>\n<tr style=\"height: 13.50pt;\">\n<td style=\"height: 13.50pt;\" height=\"18\">Forma de la botella<\/td>\n<td>Prisma cuadrado plano con esquinas redondeadas<\/td>\n<\/tr>\n<tr style=\"height: 13.50pt;\">\n<td style=\"height: 13.50pt;\" height=\"18\">Alcance de personalizaci\u00f3n<\/td>\n<td>Color, forma, tapas, tama\u00f1o<\/td>\n<\/tr>\n<tr style=\"height: 13.50pt;\">\n<td style=\"height: 13.50pt;\" height=\"18\">Artesan\u00eda<\/td>\n<td>Formaci\u00f3n de vidrio de paredes gruesas<\/td>\n<\/tr>\n<tr style=\"height: 13.50pt;\">\n<td style=\"height: 13.50pt;\" height=\"18\">Prop\u00f3sito del producto<\/td>\n<td>Licores artesanales, botellas de licores infusionados<\/td>\n<\/tr>\n<tr style=\"height: 13.50pt;\">\n<td style=\"height: 13.50pt;\" height=\"18\">Industrias adecuadas<\/td>\n<td>Destiler\u00edas artesanales, bodegas boutique<\/td>\n<\/tr>\n<\/tbody>\n<\/table>\n<h2>Historia de \u00e9xito<\/h2>\n<p>La cervecer\u00eda artesanal de Oreg\u00f3n encarg\u00f3 nuestra botella cuadrada de licor de 500 ml con una etiqueta frontal personalizada grabada con chorro de arena y un tap\u00f3n de corcho natural. La textura del vidrio grueso cre\u00f3 un producto impresionante que justific\u00f3 el aumento de precio de 5 d\u00f3lares por botella, mientras que la forma cuadrada \u00fanica de la botella increment\u00f3 la visibilidad de la marca en los estantes de las tiendas en un 40 %. Debido a su exitosa experiencia, la empresa realiz\u00f3 otro pedido de 500 000 botellas.<\/p>\n<h2>Opciones de personalizaci\u00f3n de botellas de licor vac\u00edas<\/h2>\n<ul>\n<li>Opciones de tapa: El producto ofrece tres opciones diferentes de tapa, que incluyen corchos naturales y corchos sint\u00e9ticos.<\/li>\n<li>Variaciones de tama\u00f1o: La botella cuadrada ofrece dos opciones de dimensiones que permiten a los usuarios modificar sus caracter\u00edsticas de altura y anchura para satisfacer las necesidades del producto y los requisitos de presentaci\u00f3n.<\/li>\n<li>Protecci\u00f3n contra manipulaciones: La combinaci\u00f3n de film retr\u00e1ctil y sello de cera crea un sistema a prueba de manipulaciones que garantiza la seguridad.<\/li>\n<\/ul>","protected":false},"excerpt":{"rendered":"<p>Botellas de licor vac\u00edas de dise\u00f1o cuadrado transparente con vidrio grueso y tap\u00f3n. Botella cuadrada perfecta para whisky o vodka. Env\u00edo r\u00e1pido a todo el mundo.<\/p>","protected":false},"featured_media":6224,"template":"","meta":{"postBodyCss":"","postBodyMargin":[],"postBodyPadding":[],"postBodyBackground":{"backgroundType":"classic","gradient":""}},"product_brand":[],"product_cat":[108,15,16],"product_tag":[],"class_list":{"0":"post-6216","1":"product","2":"type-product","3":"status-publish","4":"has-post-thumbnail","6":"product_cat-liquor-bottles","7":"product_cat-glass-containers","8":"product_cat-glass-bottles","10":"first","11":"instock","12":"shipping-taxable","13":"product-type-simple"},"jetpack_sharing_enabled":true,"_links":{"self":[{"href":"https:\/\/minghanggroup.com\/es\/wp-json\/wp\/v2\/product\/6216","targetHints":{"allow":["GET"]}}],"collection":[{"href":"https:\/\/minghanggroup.com\/es\/wp-json\/wp\/v2\/product"}],"about":[{"href":"https:\/\/minghanggroup.com\/es\/wp-json\/wp\/v2\/types\/product"}],"wp:featuredmedia":[{"embeddable":true,"href":"https:\/\/minghanggroup.com\/es\/wp-json\/wp\/v2\/media\/6224"}],"wp:attachment":[{"href":"https:\/\/minghanggroup.com\/es\/wp-json\/wp\/v2\/media?parent=6216"}],"wp:term":[{"taxonomy":"product_brand","embeddable":true,"href":"https:\/\/minghanggroup.com\/es\/wp-json\/wp\/v2\/product_brand?post=6216"},{"taxonomy":"product_cat","embeddable":true,"href":"https:\/\/minghanggroup.com\/es\/wp-json\/wp\/v2\/product_cat?post=6216"},{"taxonomy":"product_tag","embeddable":true,"href":"https:\/\/minghanggroup.com\/es\/wp-json\/wp\/v2\/product_tag?post=6216"}],"curies":[{"name":"wp","href":"https:\/\/api.w.org\/{rel}","templated":true}]}}