{"id":6204,"date":"2026-04-06T10:12:26","date_gmt":"2026-04-06T02:12:26","guid":{"rendered":"https:\/\/minghanggroup.com\/?post_type=product&#038;p=6204"},"modified":"2026-04-06T13:23:17","modified_gmt":"2026-04-06T05:23:17","slug":"square-transparent-flower-vases-wholesale","status":"publish","type":"product","link":"https:\/\/minghanggroup.com\/es\/producto\/square-transparent-flower-vases-wholesale\/","title":{"rendered":"Jarrones cuadrados transparentes para flores de 750 ml, 800 ml y 1100 ml al por mayor"},"content":{"rendered":"<p>Estos jarrones cuadrados de cristal exhiben un dise\u00f1o moderno gracias a su forma cuadrada, creada por artistas con vidrio cristalino que muestra profundas estr\u00edas verticales a lo largo de su superficie. El producto est\u00e1 disponible en cuatro tama\u00f1os diferentes.<\/p>\n<h2>Caracter\u00edsticas del producto<\/h2>\n<ul>\n<li><strong>Columna cuadrada simple:<\/strong> Su forma cuadrada, n\u00edtida y geom\u00e9trica, crea una silueta arquitect\u00f3nica moderna que complementa a la perfecci\u00f3n los espacios contempor\u00e1neos.<\/li>\n<li><strong>Costillas verticales de cobertura total:<\/strong> Las profundas nervaduras verticales que se extienden por todos los lados del objeto crean un atractivo patr\u00f3n visual, a la vez que proporcionan mayor resistencia y producen impresionantes efectos de luz y sombra.<\/li>\n<li><strong>Base s\u00f3lida y redondeada:<\/strong> La base de cristal, de forma redonda y gruesa, ofrece una estabilidad excepcional a la vez que crea una apariencia de alta gama.<\/li>\n<\/ul>\n<h2 style=\"text-align: left;\">Especificaciones clave<\/h2>\n<table class=\"aligncenter\" style=\"border-collapse: collapse; width: 445.52pt;\" border=\"0\" width=\"594\" cellspacing=\"0\" cellpadding=\"0\">\n<tbody>\n<tr style=\"height: 13.50pt;\">\n<td style=\"height: 13.50pt; width: 119.25pt;\" width=\"159\" height=\"18\">Atributo<\/td>\n<td style=\"width: 326.25pt;\" width=\"435\">Detalles<\/td>\n<\/tr>\n<tr style=\"height: 13.50pt;\">\n<td style=\"height: 13.50pt;\" height=\"18\">Tama\u00f1o (alto) y capacidad<\/td>\n<td>10\u00d710 cm (750 ml), 10\u00d712 cm (800 ml), 10\u00d715 cm (1100 ml)<\/td>\n<\/tr>\n<tr style=\"height: 13.50pt;\">\n<td style=\"height: 13.50pt;\" height=\"18\">Material<\/td>\n<td>Cristal transparente<\/td>\n<\/tr>\n<tr style=\"height: 13.50pt;\">\n<td style=\"height: 13.50pt;\" height=\"18\">Forma de jarr\u00f3n<\/td>\n<td>Columna cuadrada con nervaduras verticales<\/td>\n<\/tr>\n<tr style=\"height: 13.50pt;\">\n<td style=\"height: 13.50pt;\" height=\"18\">Gama de personalizaci\u00f3n<\/td>\n<td>Color, ancho\/profundidad de las nervaduras, tama\u00f1o, forma<\/td>\n<\/tr>\n<tr style=\"height: 13.50pt;\">\n<td style=\"height: 13.50pt;\" height=\"18\">Artesan\u00eda<\/td>\n<td>Vidrio moldeado de alta calidad, con forma cuadrada precisa.<\/td>\n<\/tr>\n<tr style=\"height: 13.50pt;\">\n<td style=\"height: 13.50pt;\" height=\"18\">Uso principal<\/td>\n<td>Jarr\u00f3n moderno transparente para arreglos florales<\/td>\n<\/tr>\n<tr style=\"height: 13.50pt;\">\n<td style=\"height: 13.50pt;\" height=\"18\">Industrias objetivo<\/td>\n<td>Tiendas de decoraci\u00f3n para el hogar, florister\u00edas modernas<\/td>\n<\/tr>\n<\/tbody>\n<\/table>\n<h2>Caso de \u00e9xito: Exhibici\u00f3n emblem\u00e1tica en el vest\u00edbulo de una marca de hoteles de lujo<\/h2>\n<p>La prestigiosa cadena hotelera internacional nos encarg\u00f3 la creaci\u00f3n de un jarr\u00f3n transparente con ranuras cuadradas, personalizado con un color gris ahumado claro y un logotipo grabado con chorro de arena. El dise\u00f1o del jarr\u00f3n gener\u00f3 un aumento del 500 % en las ventas online de la categor\u00eda \u00abjarr\u00f3n moderno\u00bb durante su lanzamiento inicial, alcanzando una tasa de venta del 98 % en el primer trimestre. El \u00e9xito fue tal que la marca realiz\u00f3 un pedido adicional de 480 000 jarrones para su nuevo hotel y su exclusiva colecci\u00f3n online para el hogar.<\/p>\n<h2>Opciones de personalizaci\u00f3n para jarrones de vidrio cuadrados<\/h2>\n<ul>\n<li>Textura de ranuras: Los patrones de ranuras ofrecen m\u00faltiples opciones de dise\u00f1o que incluyen ranuras horizontales, acolchado de rombos y una superficie lisa y pulida.<\/li>\n<li>Detalles del m\u00e1stil: Los detalles disponibles para el m\u00e1stil incluyen un acabado liso y pulido, bordes biselados e incrustaciones met\u00e1licas delicadas.<\/li>\n<li>Personalizaci\u00f3n de la base: La base se puede personalizar mediante la adici\u00f3n de almohadillas de fieltro, bases empotradas y patrones decorativos grabados.<\/li>\n<\/ul>","protected":false},"excerpt":{"rendered":"<p>Elegantes jarrones cuadrados de cristal con dise\u00f1o de textura vertical. Jarr\u00f3n transparente ideal para la decoraci\u00f3n del hogar y eventos. Env\u00edo r\u00e1pido a todo el mundo.<\/p>","protected":false},"featured_media":6212,"template":"","meta":{"postBodyCss":"","postBodyMargin":[],"postBodyPadding":[],"postBodyBackground":{"backgroundType":"classic","gradient":""}},"product_brand":[],"product_cat":[107,15,16],"product_tag":[],"class_list":{"0":"post-6204","1":"product","2":"type-product","3":"status-publish","4":"has-post-thumbnail","6":"product_cat-glass-bud-vases","7":"product_cat-glass-containers","8":"product_cat-glass-bottles","10":"first","11":"instock","12":"shipping-taxable","13":"product-type-simple"},"jetpack_sharing_enabled":true,"_links":{"self":[{"href":"https:\/\/minghanggroup.com\/es\/wp-json\/wp\/v2\/product\/6204","targetHints":{"allow":["GET"]}}],"collection":[{"href":"https:\/\/minghanggroup.com\/es\/wp-json\/wp\/v2\/product"}],"about":[{"href":"https:\/\/minghanggroup.com\/es\/wp-json\/wp\/v2\/types\/product"}],"wp:featuredmedia":[{"embeddable":true,"href":"https:\/\/minghanggroup.com\/es\/wp-json\/wp\/v2\/media\/6212"}],"wp:attachment":[{"href":"https:\/\/minghanggroup.com\/es\/wp-json\/wp\/v2\/media?parent=6204"}],"wp:term":[{"taxonomy":"product_brand","embeddable":true,"href":"https:\/\/minghanggroup.com\/es\/wp-json\/wp\/v2\/product_brand?post=6204"},{"taxonomy":"product_cat","embeddable":true,"href":"https:\/\/minghanggroup.com\/es\/wp-json\/wp\/v2\/product_cat?post=6204"},{"taxonomy":"product_tag","embeddable":true,"href":"https:\/\/minghanggroup.com\/es\/wp-json\/wp\/v2\/product_tag?post=6204"}],"curies":[{"name":"wp","href":"https:\/\/api.w.org\/{rel}","templated":true}]}}