{"id":6194,"date":"2026-04-03T16:06:14","date_gmt":"2026-04-03T08:06:14","guid":{"rendered":"https:\/\/minghanggroup.com\/?post_type=product&#038;p=6194"},"modified":"2026-04-03T16:25:50","modified_gmt":"2026-04-03T08:25:50","slug":"textured-glass-tall-flower-vases-for-display-bulk","status":"publish","type":"product","link":"https:\/\/minghanggroup.com\/es\/producto\/textured-glass-tall-flower-vases-for-display-bulk\/","title":{"rendered":"Jarrones altos de vidrio texturizado para exhibici\u00f3n (venta al por mayor)"},"content":{"rendered":"<p>Los cilindros se presentan como estructuras altas gracias a su construcci\u00f3n con vidrio de colores transparente y transl\u00facido. El jarr\u00f3n exhibe texturas verticales irregulares que crean un efecto de flujo similar al del agua, generando hermosas refracciones de luz y profundidad visual. El dise\u00f1o ofrece cuatro opciones de color: azules elegantes, grises suaves, \u00e1mbar c\u00e1lido y acabados cristalinos, para crear diferentes efectos est\u00e9ticos. La abertura recta con bordes definidos facilita la disposici\u00f3n de las flores, desde un solo tallo hasta un ramos abundantes y colgantes.<\/p>\n<h2>Caracter\u00edsticas del producto<\/h2>\n<ul>\n<li><strong>Dise\u00f1o arquitect\u00f3nico:<\/strong> Los cilindros altos presentan ondulaciones verticales texturizadas que crean elementos visualmente atractivos desde cualquier \u00e1ngulo.<\/li>\n<li><strong>Paletas vers\u00e1tiles:<\/strong> Las tres opciones de color, azul y gris, y \u00e1mbar y transparente, crean una armon\u00eda est\u00e9tica que se adapta tanto a los estilos de dise\u00f1o de interiores modernos como a los tradicionales.<\/li>\n<li><strong>Organizaci\u00f3n sin esfuerzo:<\/strong> El sistema permite a los usuarios crear arreglos florales gracias a sus aberturas rectas, lo que simplifica el proceso de colocar tallos individuales y ramos completos.<\/li>\n<\/ul>\n<h2>Especificaciones clave<\/h2>\n<table style=\"border-collapse: collapse; width: 80%; margin-left: auto; margin-right: auto;\" border=\"0\" width=\"144\" cellspacing=\"0\" cellpadding=\"0\">\n<tbody>\n<tr style=\"height: 13.50pt;\">\n<td style=\"height: 13.5pt; width: 54pt; text-align: center;\" width=\"72\" height=\"18\">Atributo<\/td>\n<td style=\"width: 54pt; text-align: center;\" width=\"72\">Detalle<\/td>\n<\/tr>\n<tr style=\"height: 13.50pt;\">\n<td style=\"height: 13.5pt; text-align: center;\" height=\"18\">Forma<\/td>\n<td style=\"text-align: center;\">Cil\u00edndrico<\/td>\n<\/tr>\n<tr style=\"height: 13.50pt;\">\n<td style=\"height: 13.5pt; text-align: center;\" height=\"18\">Material<\/td>\n<td style=\"text-align: center;\">Vidrio transparente<\/td>\n<\/tr>\n<tr style=\"height: 13.50pt;\">\n<td style=\"height: 13.5pt; text-align: center;\" height=\"18\">Alturas<\/td>\n<td style=\"text-align: center;\">19 cm, 24 cm<\/td>\n<\/tr>\n<tr style=\"height: 13.50pt;\">\n<td style=\"height: 13.5pt; text-align: center;\" height=\"18\">Di\u00e1metros<\/td>\n<td style=\"text-align: center;\">7,5 cm, 9 cm<\/td>\n<\/tr>\n<tr style=\"height: 13.50pt;\">\n<td style=\"height: 13.5pt; text-align: center;\" height=\"18\">Superficie<\/td>\n<td style=\"text-align: center;\">Textura c\u00f3ncava y convexa<\/td>\n<\/tr>\n<\/tbody>\n<\/table>\n<h2>Historia de \u00e9xito<\/h2>\n<p>Una marca alemana de estilo de vida buscaba realzar su colecci\u00f3n de decoraci\u00f3n de temporada y seleccion\u00f3 nuestros jarrones altos para flores. El cliente solicit\u00f3 una paleta de colores completa que inclu\u00eda azules suaves, grises ahumados, \u00e1mbar claro y acabados transparentes para crear un elemento de dise\u00f1o que combinara con diferentes estilos de interiorismo. Para la presentaci\u00f3n de la marca, utilizamos grabado l\u00e1ser para crear un logotipo oculto que aplicamos en la base de cada jarr\u00f3n.<\/p>\n<p>Tras su lanzamiento, la colecci\u00f3n logr\u00f3 un aumento del 30 % en las ventas totales de la categor\u00eda de productos en tan solo dos meses. El cliente realiza importantes pedidos trimestrales debido al fuerte inter\u00e9s del mercado y a la continua demanda de nuestros productos por parte de los consumidores.<\/p>\n<h2>Consejos para la personalizaci\u00f3n al por mayor de jarrones de vidrio<\/h2>\n<ol>\n<li><strong>Desarrollo de la serie de colores:<\/strong> Adem\u00e1s de los actuales colores azul, gris y \u00e1mbar, las nuevas opciones podr\u00edan incluir paletas de colores tipo Morandi o efectos degradados, lo que otorgar\u00eda a toda la gama de productos un aspecto visual armonioso pero con m\u00faltiples capas.<\/li>\n<li><strong>Opciones de acabado de superficie:<\/strong> Para adaptarse a los diferentes estilos de marca (moderno, natural o de lujo discreto), se puede elegir entre una gama de acabados que van desde un brillo muy transparente hasta un acabado parcialmente mate o totalmente esmerilado.<\/li>\n<li><strong>Personalizaci\u00f3n de la identidad de marca:<\/strong> Ofrecemos diversas t\u00e9cnicas de personalizaci\u00f3n, como el grabado l\u00e1ser en la base de la botella, la serigraf\u00eda en los laterales o el etiquetado discreto, para lograr la combinaci\u00f3n perfecta de atractivo y visibilidad de la marca.<\/li>\n<\/ol>","protected":false},"excerpt":{"rendered":"<p>Jarrones altos con acabado de vidrio texturizado. Ideales para decoraci\u00f3n o eventos. Venta al por mayor, directo de f\u00e1brica, muestras gratuitas, opciones personalizadas disponibles.<\/p>","protected":false},"featured_media":6198,"template":"","meta":{"postBodyCss":"","postBodyMargin":[],"postBodyPadding":[],"postBodyBackground":{"backgroundType":"classic","gradient":""}},"product_brand":[],"product_cat":[107,15,16],"product_tag":[],"class_list":{"0":"post-6194","1":"product","2":"type-product","3":"status-publish","4":"has-post-thumbnail","6":"product_cat-glass-bud-vases","7":"product_cat-glass-containers","8":"product_cat-glass-bottles","10":"first","11":"instock","12":"shipping-taxable","13":"product-type-simple"},"jetpack_sharing_enabled":true,"_links":{"self":[{"href":"https:\/\/minghanggroup.com\/es\/wp-json\/wp\/v2\/product\/6194","targetHints":{"allow":["GET"]}}],"collection":[{"href":"https:\/\/minghanggroup.com\/es\/wp-json\/wp\/v2\/product"}],"about":[{"href":"https:\/\/minghanggroup.com\/es\/wp-json\/wp\/v2\/types\/product"}],"wp:featuredmedia":[{"embeddable":true,"href":"https:\/\/minghanggroup.com\/es\/wp-json\/wp\/v2\/media\/6198"}],"wp:attachment":[{"href":"https:\/\/minghanggroup.com\/es\/wp-json\/wp\/v2\/media?parent=6194"}],"wp:term":[{"taxonomy":"product_brand","embeddable":true,"href":"https:\/\/minghanggroup.com\/es\/wp-json\/wp\/v2\/product_brand?post=6194"},{"taxonomy":"product_cat","embeddable":true,"href":"https:\/\/minghanggroup.com\/es\/wp-json\/wp\/v2\/product_cat?post=6194"},{"taxonomy":"product_tag","embeddable":true,"href":"https:\/\/minghanggroup.com\/es\/wp-json\/wp\/v2\/product_tag?post=6194"}],"curies":[{"name":"wp","href":"https:\/\/api.w.org\/{rel}","templated":true}]}}